{"id":51306,"date":"2025-07-07T13:49:01","date_gmt":"2025-07-07T11:49:01","guid":{"rendered":"https:\/\/new.cetris.cz\/?page_id=51306"},"modified":"2025-09-28T20:29:24","modified_gmt":"2025-09-28T18:29:24","slug":"homepage-novy-slider","status":"publish","type":"page","link":"https:\/\/new.cetris.cz\/pl\/homepage-novy-slider\/","title":{"rendered":"Homepage nov\u00fd slider"},"content":{"rendered":"<div data-elementor-type=\"wp-page\" data-elementor-id=\"51306\" class=\"elementor elementor-51306\" data-elementor-post-type=\"page\">\n\t\t\t\t<div class=\"elementor-element elementor-element-1e39613 e-con-full e-flex e-con e-parent\" data-id=\"1e39613\" data-element_type=\"container\">\n\t\t<div class=\"elementor-element elementor-element-72c9f65 e-con-full e-flex e-con e-child\" data-id=\"72c9f65\" data-element_type=\"container\" data-settings=\"{&quot;background_background&quot;:&quot;classic&quot;}\">\n\t\t\t\t<div class=\"elementor-element elementor-element-54014b1 elementor-widget elementor-widget-heading\" data-id=\"54014b1\" data-element_type=\"widget\" data-widget_type=\"heading.default\">\n\t\t\t\t<div class=\"elementor-widget-container\">\n\t\t\t\t\t<h2 class=\"elementor-heading-title elementor-size-default\">Wn\u0119trze<\/h2>\t\t\t\t<\/div>\n\t\t\t\t<\/div>\n\t\t\t\t<div class=\"elementor-element elementor-element-0a5cb15 elementor-widget elementor-widget-the7_button_widget\" data-id=\"0a5cb15\" data-element_type=\"widget\" data-widget_type=\"the7_button_widget.default\">\n\t\t\t\t<div class=\"elementor-widget-container\">\n\t\t\t\t\t<div class=\"elementor-button-wrapper\"><a href=\"https:\/\/new.cetris.cz\/product-category\/interierove-pouziti\/\" class=\"box-button elementor-button elementor-size-lg\">Wy\u015bwietl opcje<\/a><\/div>\t\t\t\t<\/div>\n\t\t\t\t<\/div>\n\t\t\t\t<\/div>\n\t\t<div class=\"elementor-element elementor-element-0f59408 e-con-full e-flex e-con e-child\" data-id=\"0f59408\" data-element_type=\"container\" data-settings=\"{&quot;background_background&quot;:&quot;classic&quot;}\">\n\t\t\t\t<div class=\"elementor-element elementor-element-2cb09be elementor-widget elementor-widget-heading\" data-id=\"2cb09be\" data-element_type=\"widget\" data-widget_type=\"heading.default\">\n\t\t\t\t<div class=\"elementor-widget-container\">\n\t\t\t\t\t<h2 class=\"elementor-heading-title elementor-size-default\">Na zewn\u0105trz<\/h2>\t\t\t\t<\/div>\n\t\t\t\t<\/div>\n\t\t\t\t<div class=\"elementor-element elementor-element-62416f4 elementor-widget elementor-widget-the7_button_widget\" data-id=\"62416f4\" data-element_type=\"widget\" data-widget_type=\"the7_button_widget.default\">\n\t\t\t\t<div class=\"elementor-widget-container\">\n\t\t\t\t\t<div class=\"elementor-button-wrapper\"><a href=\"https:\/\/new.cetris.cz\/product-category\/exterierove-pouziti\/\" class=\"box-button elementor-button elementor-size-lg\">Wy\u015bwietl opcje<\/a><\/div>\t\t\t\t<\/div>\n\t\t\t\t<\/div>\n\t\t\t\t<\/div>\n\t\t<div class=\"elementor-element elementor-element-d604535 e-con-full e-flex e-con e-child\" data-id=\"d604535\" data-element_type=\"container\" data-settings=\"{&quot;background_background&quot;:&quot;classic&quot;}\">\n\t\t\t\t<div class=\"elementor-element elementor-element-913373c elementor-widget elementor-widget-heading\" data-id=\"913373c\" data-element_type=\"widget\" data-widget_type=\"heading.default\">\n\t\t\t\t<div class=\"elementor-widget-container\">\n\t\t\t\t\t<h2 class=\"elementor-heading-title elementor-size-default\">BIM<\/h2>\t\t\t\t<\/div>\n\t\t\t\t<\/div>\n\t\t<div class=\"elementor-element elementor-element-fcac6ec e-con-full e-flex e-con e-child\" data-id=\"fcac6ec\" data-element_type=\"container\">\n\t\t\t\t<div class=\"elementor-element elementor-element-b69d1ec elementor-widget elementor-widget-the7_button_widget\" data-id=\"b69d1ec\" data-element_type=\"widget\" data-widget_type=\"the7_button_widget.default\">\n\t\t\t\t<div class=\"elementor-widget-container\">\n\t\t\t\t\t<div class=\"elementor-button-wrapper\"><a href=\"https:\/\/new.cetris.cz\/cetis-bim\/bim-deksoft\/\" class=\"box-button elementor-button elementor-size-lg\">BIM DEKSOFT<\/a><\/div>\t\t\t\t<\/div>\n\t\t\t\t<\/div>\n\t\t\t\t<div class=\"elementor-element elementor-element-cf0cc54 elementor-widget elementor-widget-the7_button_widget\" data-id=\"cf0cc54\" data-element_type=\"widget\" data-widget_type=\"the7_button_widget.default\">\n\t\t\t\t<div class=\"elementor-widget-container\">\n\t\t\t\t\t<div class=\"elementor-button-wrapper\"><a href=\"https:\/\/new.cetris.cz\/cetis-bim\/bimproject-cloud\/\" class=\"box-button elementor-button elementor-size-lg\">bimproject.cloud<\/a><\/div>\t\t\t\t<\/div>\n\t\t\t\t<\/div>\n\t\t\t\t<\/div>\n\t\t\t\t<\/div>\n\t\t\t\t<\/div>\n\t\t\t\t<\/div>","protected":false},"excerpt":{"rendered":"<p>Interi\u00e9r Zobrazit mo\u017enosti Exteri\u00e9r Zobrazit mo\u017enosti BIM BIM DEKSOFT bimproject.cloud<\/p>","protected":false},"author":1,"featured_media":0,"parent":0,"menu_order":2,"comment_status":"closed","ping_status":"closed","template":"elementor_header_footer","meta":{"_acf_changed":false,"footnotes":""},"class_list":["post-51306","page","type-page","status-publish","hentry"],"acf":[],"_links":{"self":[{"href":"https:\/\/new.cetris.cz\/pl\/wp-json\/wp\/v2\/pages\/51306","targetHints":{"allow":["GET"]}}],"collection":[{"href":"https:\/\/new.cetris.cz\/pl\/wp-json\/wp\/v2\/pages"}],"about":[{"href":"https:\/\/new.cetris.cz\/pl\/wp-json\/wp\/v2\/types\/page"}],"author":[{"embeddable":true,"href":"https:\/\/new.cetris.cz\/pl\/wp-json\/wp\/v2\/users\/1"}],"replies":[{"embeddable":true,"href":"https:\/\/new.cetris.cz\/pl\/wp-json\/wp\/v2\/comments?post=51306"}],"version-history":[{"count":10,"href":"https:\/\/new.cetris.cz\/pl\/wp-json\/wp\/v2\/pages\/51306\/revisions"}],"predecessor-version":[{"id":53319,"href":"https:\/\/new.cetris.cz\/pl\/wp-json\/wp\/v2\/pages\/51306\/revisions\/53319"}],"wp:attachment":[{"href":"https:\/\/new.cetris.cz\/pl\/wp-json\/wp\/v2\/media?parent=51306"}],"curies":[{"name":"wp","href":"https:\/\/api.w.org\/{rel}","templated":true}]}}