{"id":51074,"date":"2025-07-04T11:06:31","date_gmt":"2025-07-04T09:06:31","guid":{"rendered":"https:\/\/new.cetris.cz\/?page_id=51074"},"modified":"2025-09-04T17:50:11","modified_gmt":"2025-09-04T15:50:11","slug":"montazni-firmy-ceska-republika","status":"publish","type":"page","link":"https:\/\/new.cetris.cz\/pl\/kontakty\/montazni-firmy\/montazni-firmy-ceska-republika\/","title":{"rendered":"Mont\u00e1\u017en\u00ed firmy &#8211; \u010cesk\u00e1 republika"},"content":{"rendered":"<div data-elementor-type=\"wp-page\" data-elementor-id=\"51074\" class=\"elementor elementor-51074\" data-elementor-post-type=\"page\">\n\t\t\t\t<div class=\"elementor-element elementor-element-15c4ff0 e-flex e-con-boxed e-con e-parent\" data-id=\"15c4ff0\" data-element_type=\"container\">\n\t\t\t\t\t<div class=\"e-con-inner\">\n\t\t<div class=\"elementor-element elementor-element-80cef30 e-con-full e-flex e-con e-child\" data-id=\"80cef30\" data-element_type=\"container\">\n\t\t\t\t<div class=\"elementor-element elementor-element-fe47b0b elementor-widget elementor-widget-heading\" data-id=\"fe47b0b\" data-element_type=\"widget\" data-widget_type=\"heading.default\">\n\t\t\t\t<div class=\"elementor-widget-container\">\n\t\t\t\t\t<h2 class=\"elementor-heading-title elementor-size-default\">Kontakt<\/h2>\t\t\t\t<\/div>\n\t\t\t\t<\/div>\n\t\t\t\t<div class=\"elementor-element elementor-element-05fd734 widget-divider-yes elementor-widget-tablet__width-inherit dt-nav-menu_align-left dt-sub-menu_align-left elementor-widget elementor-widget-the7_nav-menu\" data-id=\"05fd734\" data-element_type=\"widget\" data-settings=\"{&quot;submenu_display&quot;:&quot;always&quot;}\" data-widget_type=\"the7_nav-menu.default\">\n\t\t\t\t<div class=\"elementor-widget-container\">\n\t\t\t\t\t<nav class=\"dt-nav-menu--main dt-nav-menu__container dt-sub-menu-display-always dt-icon-align- dt-icon-position- dt-sub-icon-position- dt-sub-icon-align-\"><ul class=\"dt-nav-menu\"><li class=\"menu-item menu-item-type-post_type menu-item-object-page menu-item-49802 first depth-0\"><a href='https:\/\/new.cetris.cz\/pl\/kontakty\/' data-level='1'><span class=\"item-content\"><span class=\"menu-item-text\"><span class=\"menu-text\">S\u00eddlo a faktura\u010dn\u00ed adresa<\/span><\/span><\/span><span class=\"\" data-icon = \"\"> <\/span><\/a><\/li> <li class=\"menu-item menu-item-type-post_type menu-item-object-page menu-item-49806 depth-0\"><a href='https:\/\/new.cetris.cz\/pl\/kontakty\/kontaktni-osoby\/' data-level='1'><span class=\"item-content\"><span class=\"menu-item-text\"><span class=\"menu-text\">Kontaktn\u00ed osoby<\/span><\/span><\/span><span class=\"\" data-icon = \"\"> <\/span><\/a><\/li> <li class=\"menu-item menu-item-type-post_type menu-item-object-page menu-item-49805 depth-0\"><a href='https:\/\/new.cetris.cz\/pl\/kontakty\/prodejni-mista\/' data-level='1'><span class=\"item-content\"><span class=\"menu-item-text\"><span class=\"menu-text\">Prodejn\u00ed m\u00edsta<\/span><\/span><\/span><span class=\"\" data-icon = \"\"> <\/span><\/a><\/li> <li class=\"menu-item menu-item-type-post_type menu-item-object-page menu-item-52448 last depth-0\"><a href='https:\/\/new.cetris.cz\/pl\/kontakty\/montazni-mista-filtr\/' data-level='1'><span class=\"item-content\"><span class=\"menu-item-text\"><span class=\"menu-text\">Mont\u00e1\u017en\u00ed firmy<\/span><\/span><\/span><span class=\"\" data-icon = \"\"> <\/span><\/a><\/li> <\/ul><\/nav>\t\t\t\t<\/div>\n\t\t\t\t<\/div>\n\t\t\t\t<\/div>\n\t\t<div class=\"elementor-element elementor-element-b23ed40 e-con-full e-flex e-con e-child\" data-id=\"b23ed40\" data-element_type=\"container\">\n\t\t<div class=\"elementor-element elementor-element-9e156ff e-con-full e-flex e-con e-child\" data-id=\"9e156ff\" data-element_type=\"container\">\n\t\t\t\t<div class=\"elementor-element elementor-element-dc37797 elementor-widget elementor-widget-text-editor\" data-id=\"dc37797\" data-element_type=\"widget\" data-widget_type=\"text-editor.default\">\n\t\t\t\t<div class=\"elementor-widget-container\">\n\t\t\t\t\t\t\t\t\t<div class=\"row\"><div class=\"col-md-12\"><h4>Mont\u00e1\u017en\u00ed firmy &#8211; \u010cesk\u00e1 republika<\/h4><\/div><\/div>\t\t\t\t\t\t\t\t<\/div>\n\t\t\t\t<\/div>\n\t\t<div class=\"elementor-element elementor-element-c32abe4 e-con-full e-flex e-con e-child\" data-id=\"c32abe4\" data-element_type=\"container\">\n\t\t\t\t<div class=\"elementor-element elementor-element-50c755b elementor-widget elementor-widget-text-editor\" data-id=\"50c755b\" data-element_type=\"widget\" id=\"praha\" data-widget_type=\"text-editor.default\">\n\t\t\t\t<div class=\"elementor-widget-container\">\n\t\t\t\t\t\t\t\t\t<div class=\"row\"><p class=\"bold\"><strong>Hlavn\u00ed m\u011bsto Praha<\/strong><\/p><\/div>\t\t\t\t\t\t\t\t<\/div>\n\t\t\t\t<\/div>\n\t\t\t\t<\/div>\n\t\t\t\t<\/div>\n\t\t<div class=\"elementor-element elementor-element-40660fb e-grid e-con-full e-con e-child\" data-id=\"40660fb\" data-element_type=\"container\">\n\t\t\t\t<div class=\"elementor-element elementor-element-2630d43 elementor-widget elementor-widget-text-editor\" data-id=\"2630d43\" data-element_type=\"widget\" data-widget_type=\"text-editor.default\">\n\t\t\t\t<div class=\"elementor-widget-container\">\n\t\t\t\t\t\t\t\t\t<p><strong>\u010cECH, s.r.o.<\/strong><\/p><p>K Surdoku 9, 080 01 Pre\u0161ov<\/p><p>Telefon: +421 915 969 639<\/p><p>Email: info@cechsro.sk<\/p>\t\t\t\t\t\t\t\t<\/div>\n\t\t\t\t<\/div>\n\t\t\t\t<div class=\"elementor-element elementor-element-cd5a133 elementor-widget elementor-widget-text-editor\" data-id=\"cd5a133\" data-element_type=\"widget\" data-widget_type=\"text-editor.default\">\n\t\t\t\t<div class=\"elementor-widget-container\">\n\t\t\t\t\t\t\t\t\t<p><strong>JZ-STYL, s.r.o.<\/strong><\/p><p>Jablo\u0148ov\u00e1 31, 082 56 Pe\u010dovsk\u00e1 Nov\u00e1 Ves<\/p><p>Telefon: +421 905 033 523<\/p><p>Email: jz.styl@gmail.com<\/p>\t\t\t\t\t\t\t\t<\/div>\n\t\t\t\t<\/div>\n\t\t\t\t<div class=\"elementor-element elementor-element-f001f08 elementor-widget elementor-widget-text-editor\" data-id=\"f001f08\" data-element_type=\"widget\" data-widget_type=\"text-editor.default\">\n\t\t\t\t<div class=\"elementor-widget-container\">\n\t\t\t\t\t\t\t\t\t<p><strong>JZ-STYL, s.r.o.<\/strong><\/p><p>Jablo\u0148ov\u00e1 31, 082 56 Pe\u010dovsk\u00e1 Nov\u00e1 Ves<\/p><p>Telefon: +421 905 033 523<\/p><p>Email: jz.styl@gmail.com<\/p>\t\t\t\t\t\t\t\t<\/div>\n\t\t\t\t<\/div>\n\t\t\t\t<div class=\"elementor-element elementor-element-b6abc61 elementor-widget elementor-widget-text-editor\" data-id=\"b6abc61\" data-element_type=\"widget\" data-widget_type=\"text-editor.default\">\n\t\t\t\t<div class=\"elementor-widget-container\">\n\t\t\t\t\t\t\t\t\t<p><strong>JZ-STYL, s.r.o.<\/strong><\/p><p>Jablo\u0148ov\u00e1 31, 082 56 Pe\u010dovsk\u00e1 Nov\u00e1 Ves<\/p><p>Telefon: +421 905 033 523<\/p><p>Email: jz.styl@gmail.com<\/p>\t\t\t\t\t\t\t\t<\/div>\n\t\t\t\t<\/div>\n\t\t\t\t<\/div>\n\t\t<div class=\"elementor-element elementor-element-67bdc03 e-con-full e-flex e-con e-child\" data-id=\"67bdc03\" data-element_type=\"container\">\n\t\t\t\t<div class=\"elementor-element elementor-element-08f3d08 elementor-widget elementor-widget-text-editor\" data-id=\"08f3d08\" data-element_type=\"widget\" id=\"stredocesky\" data-widget_type=\"text-editor.default\">\n\t\t\t\t<div class=\"elementor-widget-container\">\n\t\t\t\t\t\t\t\t\t<div class=\"row\"><div class=\"col-md-12\"><p class=\"bold\"><strong>St\u0159edo\u010desk\u00fd kraj<\/strong><\/p><\/div><\/div>\t\t\t\t\t\t\t\t<\/div>\n\t\t\t\t<\/div>\n\t\t\t\t<\/div>\n\t\t<div class=\"elementor-element elementor-element-60227fc e-grid e-con-full e-con e-child\" data-id=\"60227fc\" data-element_type=\"container\">\n\t\t\t\t<div class=\"elementor-element elementor-element-0e69c29 elementor-widget elementor-widget-text-editor\" data-id=\"0e69c29\" data-element_type=\"widget\" data-widget_type=\"text-editor.default\">\n\t\t\t\t<div class=\"elementor-widget-container\">\n\t\t\t\t\t\t\t\t\t<p><strong>Desa\u0165, s.r.o.<\/strong><\/p><p>Z\u00e1hradn\u00e1 543\/19, 059 52 Ve\u013ek\u00e1 Lomnica<\/p><p>Telefon: 0421 903 575 153<\/p><p>Email: duchnicky@desat.sk<\/p>\t\t\t\t\t\t\t\t<\/div>\n\t\t\t\t<\/div>\n\t\t\t\t<\/div>\n\t\t<div class=\"elementor-element elementor-element-e7f49a1 e-con-full e-flex e-con e-child\" data-id=\"e7f49a1\" data-element_type=\"container\">\n\t\t\t\t<div class=\"elementor-element elementor-element-c41173c elementor-widget elementor-widget-text-editor\" data-id=\"c41173c\" data-element_type=\"widget\" id=\"jihocesky\" data-widget_type=\"text-editor.default\">\n\t\t\t\t<div class=\"elementor-widget-container\">\n\t\t\t\t\t\t\t\t\t<div class=\"row\"><div class=\"col-md-12\"><p class=\"bold\"><strong>Jiho\u010desk\u00fd kraj<\/strong><\/p><\/div><\/div>\t\t\t\t\t\t\t\t<\/div>\n\t\t\t\t<\/div>\n\t\t<div class=\"elementor-element elementor-element-fcdf794 e-grid e-con-full e-con e-child\" data-id=\"fcdf794\" data-element_type=\"container\">\n\t\t\t\t<div class=\"elementor-element elementor-element-4594e57 elementor-widget elementor-widget-text-editor\" data-id=\"4594e57\" data-element_type=\"widget\" data-widget_type=\"text-editor.default\">\n\t\t\t\t<div class=\"elementor-widget-container\">\n\t\t\t\t\t\t\t\t\t<p><strong>Desa\u0165, s.r.o.<\/strong><\/p><p>Z\u00e1hradn\u00e1 543\/19, 059 52 Ve\u013ek\u00e1 Lomnica<\/p><p>Telefon: 0421 903 575 153<\/p><p>Email: duchnicky@desat.sk<\/p>\t\t\t\t\t\t\t\t<\/div>\n\t\t\t\t<\/div>\n\t\t\t\t<\/div>\n\t\t\t\t<\/div>\n\t\t<div class=\"elementor-element elementor-element-659996a e-con-full e-flex e-con e-child\" data-id=\"659996a\" data-element_type=\"container\">\n\t\t\t\t<div class=\"elementor-element elementor-element-d627da0 elementor-widget elementor-widget-text-editor\" data-id=\"d627da0\" data-element_type=\"widget\" id=\"plzensky\" data-widget_type=\"text-editor.default\">\n\t\t\t\t<div class=\"elementor-widget-container\">\n\t\t\t\t\t\t\t\t\t<div class=\"row\"><div class=\"col-md-12\"><p class=\"bold\"><strong>Plze\u0148sk\u00fd kraj<\/strong><\/p><\/div><\/div>\t\t\t\t\t\t\t\t<\/div>\n\t\t\t\t<\/div>\n\t\t<div class=\"elementor-element elementor-element-70167fd e-grid e-con-full e-con e-child\" data-id=\"70167fd\" data-element_type=\"container\">\n\t\t\t\t<div class=\"elementor-element elementor-element-6f1cfc9 elementor-widget elementor-widget-text-editor\" data-id=\"6f1cfc9\" data-element_type=\"widget\" data-widget_type=\"text-editor.default\">\n\t\t\t\t<div class=\"elementor-widget-container\">\n\t\t\t\t\t\t\t\t\t<p><strong>Desa\u0165, s.r.o.<\/strong><\/p><p>Z\u00e1hradn\u00e1 543\/19, 059 52 Ve\u013ek\u00e1 Lomnica<\/p><p>Telefon: 0421 903 575 153<\/p><p>Email: duchnicky@desat.sk<\/p>\t\t\t\t\t\t\t\t<\/div>\n\t\t\t\t<\/div>\n\t\t\t\t<\/div>\n\t\t\t\t<\/div>\n\t\t<div class=\"elementor-element elementor-element-0cb37ff e-con-full e-flex e-con e-child\" data-id=\"0cb37ff\" data-element_type=\"container\">\n\t\t\t\t<div class=\"elementor-element elementor-element-930126d elementor-widget elementor-widget-text-editor\" data-id=\"930126d\" data-element_type=\"widget\" id=\"karlovarsky\" data-widget_type=\"text-editor.default\">\n\t\t\t\t<div class=\"elementor-widget-container\">\n\t\t\t\t\t\t\t\t\t<div class=\"row\"><div class=\"col-md-12\"><p class=\"bold\"><strong>Karlovarsk\u00fd kraj<\/strong><\/p><\/div><\/div>\t\t\t\t\t\t\t\t<\/div>\n\t\t\t\t<\/div>\n\t\t<div class=\"elementor-element elementor-element-f91a86d e-grid e-con-full e-con e-child\" data-id=\"f91a86d\" data-element_type=\"container\">\n\t\t\t\t<div class=\"elementor-element elementor-element-579e983 elementor-widget elementor-widget-text-editor\" data-id=\"579e983\" data-element_type=\"widget\" data-widget_type=\"text-editor.default\">\n\t\t\t\t<div class=\"elementor-widget-container\">\n\t\t\t\t\t\t\t\t\t<p><strong>Desa\u0165, s.r.o.<\/strong><\/p><p>Z\u00e1hradn\u00e1 543\/19, 059 52 Ve\u013ek\u00e1 Lomnica<\/p><p>Telefon: 0421 903 575 153<\/p><p>Email: duchnicky@desat.sk<\/p>\t\t\t\t\t\t\t\t<\/div>\n\t\t\t\t<\/div>\n\t\t\t\t<\/div>\n\t\t\t\t<\/div>\n\t\t<div class=\"elementor-element elementor-element-7c44641 e-con-full e-flex e-con e-child\" data-id=\"7c44641\" data-element_type=\"container\">\n\t\t\t\t<div class=\"elementor-element elementor-element-49246ff elementor-widget elementor-widget-text-editor\" data-id=\"49246ff\" data-element_type=\"widget\" id=\"ustecky\" data-widget_type=\"text-editor.default\">\n\t\t\t\t<div class=\"elementor-widget-container\">\n\t\t\t\t\t\t\t\t\t<div class=\"row\"><div class=\"col-md-12\"><p class=\"bold\"><strong>\u00dasteck\u00fd kraj<\/strong><\/p><\/div><\/div>\t\t\t\t\t\t\t\t<\/div>\n\t\t\t\t<\/div>\n\t\t<div class=\"elementor-element elementor-element-8944bb2 e-grid e-con-full e-con e-child\" data-id=\"8944bb2\" data-element_type=\"container\">\n\t\t\t\t<div class=\"elementor-element elementor-element-b9eea10 elementor-widget elementor-widget-text-editor\" data-id=\"b9eea10\" data-element_type=\"widget\" data-widget_type=\"text-editor.default\">\n\t\t\t\t<div class=\"elementor-widget-container\">\n\t\t\t\t\t\t\t\t\t<p><strong>Desa\u0165, s.r.o.<\/strong><\/p><p>Z\u00e1hradn\u00e1 543\/19, 059 52 Ve\u013ek\u00e1 Lomnica<\/p><p>Telefon: 0421 903 575 153<\/p><p>Email: duchnicky@desat.sk<\/p>\t\t\t\t\t\t\t\t<\/div>\n\t\t\t\t<\/div>\n\t\t\t\t<\/div>\n\t\t\t\t<\/div>\n\t\t<div class=\"elementor-element elementor-element-f3e1d21 e-con-full e-flex e-con e-child\" data-id=\"f3e1d21\" data-element_type=\"container\">\n\t\t\t\t<div class=\"elementor-element elementor-element-627ddc3 elementor-widget elementor-widget-text-editor\" data-id=\"627ddc3\" data-element_type=\"widget\" id=\"liberecky\" data-widget_type=\"text-editor.default\">\n\t\t\t\t<div class=\"elementor-widget-container\">\n\t\t\t\t\t\t\t\t\t<div class=\"row\"><div class=\"col-md-12\"><p class=\"bold\"><strong>Libereck\u00fd kraj<\/strong><\/p><\/div><\/div>\t\t\t\t\t\t\t\t<\/div>\n\t\t\t\t<\/div>\n\t\t<div class=\"elementor-element elementor-element-be79f48 e-grid e-con-full e-con e-child\" data-id=\"be79f48\" data-element_type=\"container\">\n\t\t\t\t<div class=\"elementor-element elementor-element-74b5d14 elementor-widget elementor-widget-text-editor\" data-id=\"74b5d14\" data-element_type=\"widget\" data-widget_type=\"text-editor.default\">\n\t\t\t\t<div class=\"elementor-widget-container\">\n\t\t\t\t\t\t\t\t\t<p><strong>Desa\u0165, s.r.o.<\/strong><\/p><p>Z\u00e1hradn\u00e1 543\/19, 059 52 Ve\u013ek\u00e1 Lomnica<\/p><p>Telefon: 0421 903 575 153<\/p><p>Email: duchnicky@desat.sk<\/p>\t\t\t\t\t\t\t\t<\/div>\n\t\t\t\t<\/div>\n\t\t\t\t<\/div>\n\t\t\t\t<\/div>\n\t\t<div class=\"elementor-element elementor-element-06a89ec e-con-full e-flex e-con e-child\" data-id=\"06a89ec\" data-element_type=\"container\">\n\t\t\t\t<div class=\"elementor-element elementor-element-6a7d05a elementor-widget elementor-widget-text-editor\" data-id=\"6a7d05a\" data-element_type=\"widget\" id=\"kralovehradecky\" data-widget_type=\"text-editor.default\">\n\t\t\t\t<div class=\"elementor-widget-container\">\n\t\t\t\t\t\t\t\t\t<div class=\"row\"><div class=\"col-md-12\"><p class=\"bold\"><strong>Kr\u00e1lovehradeck\u00fd kraj<\/strong><\/p><\/div><\/div>\t\t\t\t\t\t\t\t<\/div>\n\t\t\t\t<\/div>\n\t\t<div class=\"elementor-element elementor-element-f2a8191 e-grid e-con-full e-con e-child\" data-id=\"f2a8191\" data-element_type=\"container\">\n\t\t\t\t<div class=\"elementor-element elementor-element-31663c1 elementor-widget elementor-widget-text-editor\" data-id=\"31663c1\" data-element_type=\"widget\" data-widget_type=\"text-editor.default\">\n\t\t\t\t<div class=\"elementor-widget-container\">\n\t\t\t\t\t\t\t\t\t<p><strong>Desa\u0165, s.r.o.<\/strong><\/p><p>Z\u00e1hradn\u00e1 543\/19, 059 52 Ve\u013ek\u00e1 Lomnica<\/p><p>Telefon: 0421 903 575 153<\/p><p>Email: duchnicky@desat.sk<\/p>\t\t\t\t\t\t\t\t<\/div>\n\t\t\t\t<\/div>\n\t\t\t\t<\/div>\n\t\t\t\t<\/div>\n\t\t<div class=\"elementor-element elementor-element-05fbb40 e-con-full e-flex e-con e-child\" data-id=\"05fbb40\" data-element_type=\"container\">\n\t\t\t\t<div class=\"elementor-element elementor-element-b1ead14 elementor-widget elementor-widget-text-editor\" data-id=\"b1ead14\" data-element_type=\"widget\" id=\"pardubicky\" data-widget_type=\"text-editor.default\">\n\t\t\t\t<div class=\"elementor-widget-container\">\n\t\t\t\t\t\t\t\t\t<div class=\"row\"><div class=\"col-md-12\"><p class=\"bold\"><strong>Pardubick\u00fd kraj<\/strong><\/p><\/div><\/div>\t\t\t\t\t\t\t\t<\/div>\n\t\t\t\t<\/div>\n\t\t<div class=\"elementor-element elementor-element-7f71df6 e-grid e-con-full e-con e-child\" data-id=\"7f71df6\" data-element_type=\"container\">\n\t\t\t\t<div class=\"elementor-element elementor-element-c53db30 elementor-widget elementor-widget-text-editor\" data-id=\"c53db30\" data-element_type=\"widget\" data-widget_type=\"text-editor.default\">\n\t\t\t\t<div class=\"elementor-widget-container\">\n\t\t\t\t\t\t\t\t\t<p><strong>Desa\u0165, s.r.o.<\/strong><\/p><p>Z\u00e1hradn\u00e1 543\/19, 059 52 Ve\u013ek\u00e1 Lomnica<\/p><p>Telefon: 0421 903 575 153<\/p><p>Email: duchnicky@desat.sk<\/p>\t\t\t\t\t\t\t\t<\/div>\n\t\t\t\t<\/div>\n\t\t\t\t<\/div>\n\t\t\t\t<\/div>\n\t\t<div class=\"elementor-element elementor-element-746777f e-con-full e-flex e-con e-child\" data-id=\"746777f\" data-element_type=\"container\">\n\t\t\t\t<div class=\"elementor-element elementor-element-624eb36 elementor-widget elementor-widget-text-editor\" data-id=\"624eb36\" data-element_type=\"widget\" id=\"vysocina\" data-widget_type=\"text-editor.default\">\n\t\t\t\t<div class=\"elementor-widget-container\">\n\t\t\t\t\t\t\t\t\t<div class=\"row\"><div class=\"col-md-12\"><p class=\"bold\"><strong>Kraj Vyso\u010dina<\/strong><\/p><\/div><\/div>\t\t\t\t\t\t\t\t<\/div>\n\t\t\t\t<\/div>\n\t\t<div class=\"elementor-element elementor-element-178e469 e-grid e-con-full e-con e-child\" data-id=\"178e469\" data-element_type=\"container\">\n\t\t\t\t<div class=\"elementor-element elementor-element-6d28451 elementor-widget elementor-widget-text-editor\" data-id=\"6d28451\" data-element_type=\"widget\" data-widget_type=\"text-editor.default\">\n\t\t\t\t<div class=\"elementor-widget-container\">\n\t\t\t\t\t\t\t\t\t<p><strong>Desa\u0165, s.r.o.<\/strong><\/p><p>Z\u00e1hradn\u00e1 543\/19, 059 52 Ve\u013ek\u00e1 Lomnica<\/p><p>Telefon: 0421 903 575 153<\/p><p>Email: duchnicky@desat.sk<\/p>\t\t\t\t\t\t\t\t<\/div>\n\t\t\t\t<\/div>\n\t\t\t\t<\/div>\n\t\t\t\t<\/div>\n\t\t<div class=\"elementor-element elementor-element-0991102 e-con-full e-flex e-con e-child\" data-id=\"0991102\" data-element_type=\"container\">\n\t\t\t\t<div class=\"elementor-element elementor-element-fd3d76d elementor-widget elementor-widget-text-editor\" data-id=\"fd3d76d\" data-element_type=\"widget\" id=\"jihomoravsky\" data-widget_type=\"text-editor.default\">\n\t\t\t\t<div class=\"elementor-widget-container\">\n\t\t\t\t\t\t\t\t\t<div class=\"row\"><div class=\"col-md-12\"><p class=\"bold\"><strong>Jihomoravsk\u00fd kraj<\/strong><\/p><\/div><\/div>\t\t\t\t\t\t\t\t<\/div>\n\t\t\t\t<\/div>\n\t\t<div class=\"elementor-element elementor-element-e73c130 e-grid e-con-full e-con e-child\" data-id=\"e73c130\" data-element_type=\"container\">\n\t\t\t\t<div class=\"elementor-element elementor-element-a00fcd4 elementor-widget elementor-widget-text-editor\" data-id=\"a00fcd4\" data-element_type=\"widget\" data-widget_type=\"text-editor.default\">\n\t\t\t\t<div class=\"elementor-widget-container\">\n\t\t\t\t\t\t\t\t\t<p><strong>Desa\u0165, s.r.o.<\/strong><\/p><p>Z\u00e1hradn\u00e1 543\/19, 059 52 Ve\u013ek\u00e1 Lomnica<\/p><p>Telefon: 0421 903 575 153<\/p><p>Email: duchnicky@desat.sk<\/p>\t\t\t\t\t\t\t\t<\/div>\n\t\t\t\t<\/div>\n\t\t\t\t<\/div>\n\t\t\t\t<\/div>\n\t\t<div class=\"elementor-element elementor-element-5fb02c3 e-con-full e-flex e-con e-child\" data-id=\"5fb02c3\" data-element_type=\"container\">\n\t\t\t\t<div class=\"elementor-element elementor-element-6434f46 elementor-widget elementor-widget-text-editor\" data-id=\"6434f46\" data-element_type=\"widget\" id=\"olomoucky\" data-widget_type=\"text-editor.default\">\n\t\t\t\t<div class=\"elementor-widget-container\">\n\t\t\t\t\t\t\t\t\t<div class=\"row\"><div class=\"col-md-12\"><p class=\"bold\"><strong>Olomouck\u00fd kraj<\/strong><\/p><\/div><\/div>\t\t\t\t\t\t\t\t<\/div>\n\t\t\t\t<\/div>\n\t\t<div class=\"elementor-element elementor-element-fcd7d6d e-grid e-con-full e-con e-child\" data-id=\"fcd7d6d\" data-element_type=\"container\">\n\t\t\t\t<div class=\"elementor-element elementor-element-ae650ed elementor-widget elementor-widget-text-editor\" data-id=\"ae650ed\" data-element_type=\"widget\" data-widget_type=\"text-editor.default\">\n\t\t\t\t<div class=\"elementor-widget-container\">\n\t\t\t\t\t\t\t\t\t<p><strong>Desa\u0165, s.r.o.<\/strong><\/p><p>Z\u00e1hradn\u00e1 543\/19, 059 52 Ve\u013ek\u00e1 Lomnica<\/p><p>Telefon: 0421 903 575 153<\/p><p>Email: duchnicky@desat.sk<\/p>\t\t\t\t\t\t\t\t<\/div>\n\t\t\t\t<\/div>\n\t\t\t\t<\/div>\n\t\t\t\t<\/div>\n\t\t<div class=\"elementor-element elementor-element-7c33d5c e-con-full e-flex e-con e-child\" data-id=\"7c33d5c\" data-element_type=\"container\">\n\t\t\t\t<div class=\"elementor-element elementor-element-19287f8 elementor-widget elementor-widget-text-editor\" data-id=\"19287f8\" data-element_type=\"widget\" id=\"zlinsky\" data-widget_type=\"text-editor.default\">\n\t\t\t\t<div class=\"elementor-widget-container\">\n\t\t\t\t\t\t\t\t\t<div class=\"row\"><div class=\"col-md-12\"><p class=\"bold\"><strong>Zl\u00ednsk\u00fd kraj<\/strong><\/p><\/div><\/div>\t\t\t\t\t\t\t\t<\/div>\n\t\t\t\t<\/div>\n\t\t<div class=\"elementor-element elementor-element-0816759 e-grid e-con-full e-con e-child\" data-id=\"0816759\" data-element_type=\"container\">\n\t\t\t\t<div class=\"elementor-element elementor-element-94ecb34 elementor-widget elementor-widget-text-editor\" data-id=\"94ecb34\" data-element_type=\"widget\" data-widget_type=\"text-editor.default\">\n\t\t\t\t<div class=\"elementor-widget-container\">\n\t\t\t\t\t\t\t\t\t<p><strong>Desa\u0165, s.r.o.<\/strong><\/p><p>Z\u00e1hradn\u00e1 543\/19, 059 52 Ve\u013ek\u00e1 Lomnica<\/p><p>Telefon: 0421 903 575 153<\/p><p>Email: duchnicky@desat.sk<\/p>\t\t\t\t\t\t\t\t<\/div>\n\t\t\t\t<\/div>\n\t\t\t\t<\/div>\n\t\t\t\t<\/div>\n\t\t<div class=\"elementor-element elementor-element-a3f5c96 e-con-full e-flex e-con e-child\" data-id=\"a3f5c96\" data-element_type=\"container\">\n\t\t\t\t<div class=\"elementor-element elementor-element-4f6db03 elementor-widget elementor-widget-text-editor\" data-id=\"4f6db03\" data-element_type=\"widget\" id=\"moravskoslezsky\" data-widget_type=\"text-editor.default\">\n\t\t\t\t<div class=\"elementor-widget-container\">\n\t\t\t\t\t\t\t\t\t<div class=\"row\"><div class=\"col-md-12\"><p class=\"bold\"><strong>Moravskoslezsk\u00fd kraj<\/strong><\/p><\/div><\/div>\t\t\t\t\t\t\t\t<\/div>\n\t\t\t\t<\/div>\n\t\t<div class=\"elementor-element elementor-element-4032969 e-grid e-con-full e-con e-child\" data-id=\"4032969\" data-element_type=\"container\">\n\t\t\t\t<div class=\"elementor-element elementor-element-a129f4a elementor-widget elementor-widget-text-editor\" data-id=\"a129f4a\" data-element_type=\"widget\" data-widget_type=\"text-editor.default\">\n\t\t\t\t<div class=\"elementor-widget-container\">\n\t\t\t\t\t\t\t\t\t<p><strong>Desa\u0165, s.r.o.<\/strong><\/p><p>Z\u00e1hradn\u00e1 543\/19, 059 52 Ve\u013ek\u00e1 Lomnica<\/p><p>Telefon: 0421 903 575 153<\/p><p>Email: duchnicky@desat.sk<\/p>\t\t\t\t\t\t\t\t<\/div>\n\t\t\t\t<\/div>\n\t\t\t\t<\/div>\n\t\t\t\t<\/div>\n\t\t\t\t<\/div>\n\t\t\t\t\t<\/div>\n\t\t\t\t<\/div>\n\t\t\t\t<\/div>","protected":false},"excerpt":{"rendered":"<p>Kontakty Mont\u00e1\u017en\u00ed firmy &#8211; \u010cesk\u00e1 republika Hlavn\u00ed m\u011bsto Praha \u010cECH, s.r.o. K Surdoku 9, 080 01 Pre\u0161ov Telefon: +421 915 969 639 Email: info@cechsro.sk JZ-STYL, s.r.o. Jablo\u0148ov\u00e1 31, 082 56 Pe\u010dovsk\u00e1 Nov\u00e1 Ves Telefon: +421 905 033 523 Email: jz.styl@gmail.com JZ-STYL, s.r.o. Jablo\u0148ov\u00e1 31, 082 56 Pe\u010dovsk\u00e1 Nov\u00e1 Ves Telefon: +421 905 033 523 Email:&hellip;<\/p>","protected":false},"author":1,"featured_media":0,"parent":49169,"menu_order":0,"comment_status":"closed","ping_status":"closed","template":"","meta":{"_acf_changed":false,"footnotes":""},"class_list":["post-51074","page","type-page","status-publish","hentry"],"acf":[],"_links":{"self":[{"href":"https:\/\/new.cetris.cz\/pl\/wp-json\/wp\/v2\/pages\/51074","targetHints":{"allow":["GET"]}}],"collection":[{"href":"https:\/\/new.cetris.cz\/pl\/wp-json\/wp\/v2\/pages"}],"about":[{"href":"https:\/\/new.cetris.cz\/pl\/wp-json\/wp\/v2\/types\/page"}],"author":[{"embeddable":true,"href":"https:\/\/new.cetris.cz\/pl\/wp-json\/wp\/v2\/users\/1"}],"replies":[{"embeddable":true,"href":"https:\/\/new.cetris.cz\/pl\/wp-json\/wp\/v2\/comments?post=51074"}],"version-history":[{"count":8,"href":"https:\/\/new.cetris.cz\/pl\/wp-json\/wp\/v2\/pages\/51074\/revisions"}],"predecessor-version":[{"id":52166,"href":"https:\/\/new.cetris.cz\/pl\/wp-json\/wp\/v2\/pages\/51074\/revisions\/52166"}],"up":[{"embeddable":true,"href":"https:\/\/new.cetris.cz\/pl\/wp-json\/wp\/v2\/pages\/49169"}],"wp:attachment":[{"href":"https:\/\/new.cetris.cz\/pl\/wp-json\/wp\/v2\/media?parent=51074"}],"curies":[{"name":"wp","href":"https:\/\/api.w.org\/{rel}","templated":true}]}}