{"id":50425,"date":"2025-06-17T13:25:45","date_gmt":"2025-06-17T11:25:45","guid":{"rendered":"https:\/\/new.cetris.cz\/?page_id=50425"},"modified":"2025-09-04T15:42:46","modified_gmt":"2025-09-04T13:42:46","slug":"pruvodce-strechy","status":"publish","type":"page","link":"https:\/\/new.cetris.cz\/pl\/interaktivni-pruvodci\/pruvodce-strechy\/","title":{"rendered":"Pr\u016fvodce &#8211; st\u0159echy"},"content":{"rendered":"<div data-elementor-type=\"wp-page\" data-elementor-id=\"50425\" class=\"elementor elementor-50425\" data-elementor-post-type=\"page\">\n\t\t\t\t<div class=\"elementor-element elementor-element-7ad1244 e-flex e-con-boxed e-con e-parent\" data-id=\"7ad1244\" data-element_type=\"container\">\n\t\t\t\t\t<div class=\"e-con-inner\">\n\t\t<div class=\"elementor-element elementor-element-ec2dda6 e-con-full elementor-hidden-tablet elementor-hidden-mobile e-flex e-con e-child\" data-id=\"ec2dda6\" data-element_type=\"container\">\n\t\t\t\t<div class=\"elementor-element elementor-element-3f17ac9 elementor-hidden-tablet elementor-hidden-mobile elementor-widget elementor-widget-heading\" data-id=\"3f17ac9\" data-element_type=\"widget\" data-widget_type=\"heading.default\">\n\t\t\t\t<div class=\"elementor-widget-container\">\n\t\t\t\t\t<h2 class=\"elementor-heading-title elementor-size-default\">Interaktivn\u00ed pr\u016fvodci<\/h2>\t\t\t\t<\/div>\n\t\t\t\t<\/div>\n\t\t\t\t<div class=\"elementor-element elementor-element-effd2a5 widget-divider-yes elementor-widget-tablet__width-inherit elementor-hidden-tablet elementor-hidden-mobile dt-nav-menu_align-left dt-sub-menu_align-left elementor-widget elementor-widget-the7_nav-menu\" data-id=\"effd2a5\" data-element_type=\"widget\" data-settings=\"{&quot;submenu_display&quot;:&quot;always&quot;}\" data-widget_type=\"the7_nav-menu.default\">\n\t\t\t\t<div class=\"elementor-widget-container\">\n\t\t\t\t\t<nav class=\"dt-nav-menu--main dt-nav-menu__container dt-sub-menu-display-always dt-icon-align- dt-icon-position- dt-sub-icon-position- dt-sub-icon-align-\"><ul class=\"dt-nav-menu\"><li class=\"menu-item menu-item-type-post_type menu-item-object-page menu-item-50482 first depth-0\"><a href='https:\/\/new.cetris.cz\/pl\/interaktivni-pruvodci\/pruvodce-strechy\/' data-level='1'><span class=\"item-content\"><span class=\"menu-item-text\"><span class=\"menu-text\">Pr\u016fvodce \u2013 St\u0159echy<\/span><\/span><\/span><span class=\"\" data-icon = \"\"> <\/span><\/a><\/li> <li class=\"menu-item menu-item-type-post_type menu-item-object-page menu-item-50481 depth-0\"><a href='https:\/\/new.cetris.cz\/pl\/interaktivni-pruvodci\/pruvodce-balkony\/' data-level='1'><span class=\"item-content\"><span class=\"menu-item-text\"><span class=\"menu-text\">Pr\u016fvodce \u2013 Balk\u00f3ny<\/span><\/span><\/span><span class=\"\" data-icon = \"\"> <\/span><\/a><\/li> <li class=\"menu-item menu-item-type-post_type menu-item-object-page menu-item-50480 depth-0\"><a href='https:\/\/new.cetris.cz\/pl\/interaktivni-pruvodci\/pruvodce-fasady\/' data-level='1'><span class=\"item-content\"><span class=\"menu-item-text\"><span class=\"menu-text\">Pr\u016fvodce \u2013 Fas\u00e1dy<\/span><\/span><\/span><span class=\"\" data-icon = \"\"> <\/span><\/a><\/li> <li class=\"menu-item menu-item-type-post_type menu-item-object-page menu-item-50479 depth-0\"><a href='https:\/\/new.cetris.cz\/pl\/interaktivni-pruvodci\/pruvodce-podhledy-a-sokly\/' data-level='1'><span class=\"item-content\"><span class=\"menu-item-text\"><span class=\"menu-text\">Pr\u016fvodce \u2013 Podhledy a sokly<\/span><\/span><\/span><span class=\"\" data-icon = \"\"> <\/span><\/a><\/li> <li class=\"menu-item menu-item-type-post_type menu-item-object-page menu-item-50478 depth-0\"><a href='https:\/\/new.cetris.cz\/pl\/interaktivni-pruvodci\/pruvodce-podlahy\/' data-level='1'><span class=\"item-content\"><span class=\"menu-item-text\"><span class=\"menu-text\">Pr\u016fvodce \u2013 Podlahy<\/span><\/span><\/span><span class=\"\" data-icon = \"\"> <\/span><\/a><\/li> <li class=\"menu-item menu-item-type-post_type menu-item-object-page menu-item-50477 depth-0\"><a href='https:\/\/new.cetris.cz\/pl\/interaktivni-pruvodci\/pruvodce-pozarni-systemy\/' data-level='1'><span class=\"item-content\"><span class=\"menu-item-text\"><span class=\"menu-text\">Pr\u016fvodce \u2013 Po\u017e\u00e1rn\u00ed syst\u00e9my<\/span><\/span><\/span><span class=\"\" data-icon = \"\"> <\/span><\/a><\/li> <li class=\"menu-item menu-item-type-post_type menu-item-object-page menu-item-50476 last depth-0\"><a href='https:\/\/new.cetris.cz\/pl\/interaktivni-pruvodci\/pruvodce-steny\/' data-level='1'><span class=\"item-content\"><span class=\"menu-item-text\"><span class=\"menu-text\">Pr\u016fvodce \u2013 St\u011bny<\/span><\/span><\/span><span class=\"\" data-icon = \"\"> <\/span><\/a><\/li> <\/ul><\/nav>\t\t\t\t<\/div>\n\t\t\t\t<\/div>\n\t\t\t\t<\/div>\n\t\t<div class=\"elementor-element elementor-element-024877b e-con-full e-flex e-con e-child\" data-id=\"024877b\" data-element_type=\"container\">\n\t\t\t\t<div class=\"elementor-element elementor-element-e9578ae elementor-widget elementor-widget-heading\" data-id=\"e9578ae\" data-element_type=\"widget\" data-widget_type=\"heading.default\">\n\t\t\t\t<div class=\"elementor-widget-container\">\n\t\t\t\t\t<h2 class=\"elementor-heading-title elementor-size-default\">Typ st\u0159echy?<\/h2>\t\t\t\t<\/div>\n\t\t\t\t<\/div>\n\t\t<div class=\"elementor-element elementor-element-3b967e7 e-con-full e-flex e-con e-child\" data-id=\"3b967e7\" data-element_type=\"container\">\n\t\t<div class=\"elementor-element elementor-element-6852a2f e-con-full e-flex e-con e-child\" data-id=\"6852a2f\" data-element_type=\"container\">\n\t\t\t\t<div class=\"elementor-element elementor-element-eb879f9 elementor-widget elementor-widget-heading\" data-id=\"eb879f9\" data-element_type=\"widget\" data-widget_type=\"heading.default\">\n\t\t\t\t<div class=\"elementor-widget-container\">\n\t\t\t\t\t<h4 class=\"elementor-heading-title elementor-size-default\">Kliknut\u00edm na jednu polo\u017eku n\u00ed\u017ee vyberte typ st\u0159echy.<\/h4>\t\t\t\t<\/div>\n\t\t\t\t<\/div>\n\t\t\t\t<div class=\"elementor-element elementor-element-c3468d6 elementor-widget elementor-widget-spacer\" data-id=\"c3468d6\" data-element_type=\"widget\" data-widget_type=\"spacer.default\">\n\t\t\t\t<div class=\"elementor-widget-container\">\n\t\t\t\t\t\t\t<div class=\"elementor-spacer\">\n\t\t\t<div class=\"elementor-spacer-inner\"><\/div>\n\t\t<\/div>\n\t\t\t\t\t\t<\/div>\n\t\t\t\t<\/div>\n\t\t\t\t<div class=\"elementor-element elementor-element-0878e56 elementor-widget elementor-widget-html\" data-id=\"0878e56\" data-element_type=\"widget\" data-widget_type=\"html.default\">\n\t\t\t\t<div class=\"elementor-widget-container\">\n\t\t\t\t\t<div id=\"roof-options\">\n  <label class=\"radio-option\"><input type=\"radio\" name=\"roof\" value=\"sikma\"> \u0160ikm\u00e1 st\u0159echa \u2013 krov<\/label>\n  <label class=\"radio-option\"><input type=\"radio\" name=\"roof\" value=\"plochakrov\"> Ploch\u00e1 st\u0159echa \u2013 krov<\/label>\n  <label class=\"radio-option\"><input type=\"radio\" name=\"roof\" value=\"plochaplech\"> Ploch\u00e1 st\u0159echa \u2013 trap\u00e9zov\u00fd plech<\/label>\n<\/div>\t\t\t\t<\/div>\n\t\t\t\t<\/div>\n\t\t\t\t<div class=\"elementor-element elementor-element-afdacf9 elementor-widget elementor-widget-spacer\" data-id=\"afdacf9\" data-element_type=\"widget\" data-widget_type=\"spacer.default\">\n\t\t\t\t<div class=\"elementor-widget-container\">\n\t\t\t\t\t\t\t<div class=\"elementor-spacer\">\n\t\t\t<div class=\"elementor-spacer-inner\"><\/div>\n\t\t<\/div>\n\t\t\t\t\t\t<\/div>\n\t\t\t\t<\/div>\n\t\t\t\t<div class=\"elementor-element elementor-element-1384165 elementor-widget elementor-widget-html\" data-id=\"1384165\" data-element_type=\"widget\" data-widget_type=\"html.default\">\n\t\t\t\t<div class=\"elementor-widget-container\">\n\t\t\t\t\t<div id=\"product-results\">\n  <div class=\"document\" data-show=\"sikma plochakrov\" style=\"display:none;\">\n    <div class=\"elementor-button-wrapper\">\n                                                  <div><center><h5>Technologick\u00fd postup mont\u00e1\u017ee si m\u016f\u017eete st\u00e1hnout v .PDF<\/h5><\/center><\/div><div><center>                          <a href=\"https:\/\/new.cetris.cz\/wp-content\/uploads\/2025\/09\/tp_strechy-02_krov.pdf\" class=\"box-button elementor-button elementor-size-xl\">Pobierz<\/a><\/div><\/center>\n                                                                        <\/div>\n  <\/div>\n  <div class=\"document\" data-show=\"plochaplech\" style=\"display:none;\">\n    <div class=\"elementor-button-wrapper\">\n                                                  <div><center><h5>Technologick\u00fd postup mont\u00e1\u017ee si m\u016f\u017eete st\u00e1hnout v .PDF<\/h5><\/center><\/div><div><center>                          <a href=\"https:\/\/new.cetris.cz\/wp-content\/uploads\/2025\/09\/tp_strechy-01_trapez.pdf\" class=\"box-button elementor-button elementor-size-xl\">Pobierz<\/a><\/div><\/center>\n                                                                        <\/div>\n  <\/div>\n  \n  \n<\/div>\n\n<script>\ndocument.addEventListener('DOMContentLoaded', () => {\n  const radios = document.querySelectorAll('#roof-options input[type=\"radio\"]');\n  const docs   = document.querySelectorAll('#product-results .document');\n  const box    = document.getElementById('product-results'); \/\/ voliteln\u00e9\n\n  \/\/ Start: schovat v\u0161e\n  docs.forEach(el => el.style.display = 'none');\n  \/\/ box.style.display = 'none'; \/\/ voliteln\u00e9: schovej i cel\u00fd blok, dokud nen\u00ed vybr\u00e1no\n\n  function updateDocuments() {\n    const selected = [...radios].find(r => r.checked)?.value || null;\n    let anyShown = false;\n\n    docs.forEach(el => {\n      const showFor = (el.dataset.show || '').trim().split(\/\\s+\/);\n      const match   = selected && showFor.includes(selected);\n      el.style.display = match ? 'block' : 'none';\n      if (match) anyShown = true;\n    });\n\n    \/\/ voliteln\u00e9: zobraz \/ skryj cel\u00fd blok s dokumenty\n    \/\/ box.style.display = anyShown ? '' : 'none';\n  }\n\n  radios.forEach(r => r.addEventListener('change', updateDocuments));\n});\n<\/script>\n\n\n\n\t\t\t\t<\/div>\n\t\t\t\t<\/div>\n\t\t\t\t<\/div>\n\t\t<div class=\"elementor-element elementor-element-fbc084f e-con-full e-flex e-con e-child\" data-id=\"fbc084f\" data-element_type=\"container\">\n\t\t\t\t<div class=\"elementor-element elementor-element-684266a elementor-widget elementor-widget-heading\" data-id=\"684266a\" data-element_type=\"widget\" data-widget_type=\"heading.default\">\n\t\t\t\t<div class=\"elementor-widget-container\">\n\t\t\t\t\t<h4 class=\"elementor-heading-title elementor-size-default\">Desky odpov\u00eddaj\u00edc\u00ed va\u0161emu v\u00fdb\u011bru:<\/h4>\t\t\t\t<\/div>\n\t\t\t\t<\/div>\n\t\t\t\t<div class=\"elementor-element elementor-element-5886334 elementor-widget elementor-widget-spacer\" data-id=\"5886334\" data-element_type=\"widget\" data-widget_type=\"spacer.default\">\n\t\t\t\t<div class=\"elementor-widget-container\">\n\t\t\t\t\t\t\t<div class=\"elementor-spacer\">\n\t\t\t<div class=\"elementor-spacer-inner\"><\/div>\n\t\t<\/div>\n\t\t\t\t\t\t<\/div>\n\t\t\t\t<\/div>\n\t\t\t\t<div class=\"elementor-element elementor-element-e24a5a5 elementor-widget elementor-widget-html\" data-id=\"e24a5a5\" data-element_type=\"widget\" data-widget_type=\"html.default\">\n\t\t\t\t<div class=\"elementor-widget-container\">\n\t\t\t\t\t<div id=\"product-results\">\n  <div class=\"product\" data-show=\"sikma plochakrov plochaplech\" style=\"display:none;\">\n    <a href=\"https:\/\/new.cetris.cz\/produkt\/cetris-basic\/\">CETRIS<sup>\u00ae<\/sup> PODSTAWOWY<\/a>\n  <\/div>\n  <div class=\"product\" data-show=\"sikma plochakrov plochaplech\" style=\"display:none;\">\n    <a href=\"https:\/\/new.cetris.cz\/cz\/produkt\/cetris-eco-basic\/\">CETRIS<sup>\u00ae<\/sup> ECO BASIC<\/a>\n  <div class=\"product\" data-show=\"sikma plochakrov plochaplech\" style=\"display:none;\">\n    <a href=\"https:\/\/new.cetris.cz\/produkt\/cetris-pd-2\/\">CETRIS<sup>\u00ae<\/sup> PD<\/a>\n  <\/div>\n<\/div>\n\n<script>\n  document.addEventListener(\"DOMContentLoaded\", function () {\n    const checkboxes = document.querySelectorAll('#roof-options input[type=\"radio\"]');\n    const products = document.querySelectorAll('.product');\n\n    function updateProducts() {\n      const selected = Array.from(checkboxes)\n        .filter(cb => cb.checked)\n        .map(cb => cb.value);\n\n      products.forEach(product => {\n        const showFor = product.dataset.show.split(' ');\n        const shouldShow = selected.length === 0 || showFor.some(val => selected.includes(val));\nproduct.style.display = shouldShow ? 'block' : 'none';\n      });\n    }\n\n    \/\/ Inicializace\n    updateProducts();\n\n    \/\/ Eventy\n    checkboxes.forEach(cb => cb.addEventListener('change', updateProducts));\n  });\n<\/script>\t\t\t\t<\/div>\n\t\t\t\t<\/div>\n\t\t\t\t<\/div>\n\t\t\t\t<\/div>\n\t\t\t\t<\/div>\n\t\t\t\t\t<\/div>\n\t\t\t\t<\/div>\n\t\t\t\t<\/div>","protected":false},"excerpt":{"rendered":"<p>Interaktivn\u00ed pr\u016fvodci Typ st\u0159echy? Kliknut\u00edm na jednu polo\u017eku n\u00ed\u017ee vyberte typ st\u0159echy. \u0160ikm\u00e1 st\u0159echa \u2013 krov Ploch\u00e1 st\u0159echa \u2013 krov Ploch\u00e1 st\u0159echa \u2013 trap\u00e9zov\u00fd plech Technologick\u00fd postup mont\u00e1\u017ee si m\u016f\u017eete st\u00e1hnout v .PDF St\u00e1hnout Technologick\u00fd postup mont\u00e1\u017ee si m\u016f\u017eete st\u00e1hnout v .PDF St\u00e1hnout Desky odpov\u00eddaj\u00edc\u00ed va\u0161emu v\u00fdb\u011bru: CETRIS\u00ae BASIC CETRIS\u00ae ECO BASIC CETRIS\u00ae PD<\/p>","protected":false},"author":1,"featured_media":0,"parent":49171,"menu_order":0,"comment_status":"closed","ping_status":"closed","template":"","meta":{"_acf_changed":false,"footnotes":""},"class_list":["post-50425","page","type-page","status-publish","hentry"],"acf":[],"_links":{"self":[{"href":"https:\/\/new.cetris.cz\/pl\/wp-json\/wp\/v2\/pages\/50425","targetHints":{"allow":["GET"]}}],"collection":[{"href":"https:\/\/new.cetris.cz\/pl\/wp-json\/wp\/v2\/pages"}],"about":[{"href":"https:\/\/new.cetris.cz\/pl\/wp-json\/wp\/v2\/types\/page"}],"author":[{"embeddable":true,"href":"https:\/\/new.cetris.cz\/pl\/wp-json\/wp\/v2\/users\/1"}],"replies":[{"embeddable":true,"href":"https:\/\/new.cetris.cz\/pl\/wp-json\/wp\/v2\/comments?post=50425"}],"version-history":[{"count":49,"href":"https:\/\/new.cetris.cz\/pl\/wp-json\/wp\/v2\/pages\/50425\/revisions"}],"predecessor-version":[{"id":52096,"href":"https:\/\/new.cetris.cz\/pl\/wp-json\/wp\/v2\/pages\/50425\/revisions\/52096"}],"up":[{"embeddable":true,"href":"https:\/\/new.cetris.cz\/pl\/wp-json\/wp\/v2\/pages\/49171"}],"wp:attachment":[{"href":"https:\/\/new.cetris.cz\/pl\/wp-json\/wp\/v2\/media?parent=50425"}],"curies":[{"name":"wp","href":"https:\/\/api.w.org\/{rel}","templated":true}]}}