{"id":49795,"date":"2025-05-12T13:56:01","date_gmt":"2025-05-12T11:56:01","guid":{"rendered":"https:\/\/new.cetris.cz\/?page_id=49795"},"modified":"2025-07-04T11:32:58","modified_gmt":"2025-07-04T09:32:58","slug":"kontakty","status":"publish","type":"page","link":"https:\/\/new.cetris.cz\/pl\/kontakty\/","title":{"rendered":"Kontakt"},"content":{"rendered":"<div data-elementor-type=\"wp-page\" data-elementor-id=\"49795\" class=\"elementor elementor-49795\" data-elementor-post-type=\"page\">\n\t\t\t\t<div class=\"elementor-element elementor-element-ec0e312 e-flex e-con-boxed e-con e-parent\" data-id=\"ec0e312\" data-element_type=\"container\">\n\t\t\t\t\t<div class=\"e-con-inner\">\n\t\t<div class=\"elementor-element elementor-element-f9fd4d1 e-con-full e-flex e-con e-child\" data-id=\"f9fd4d1\" data-element_type=\"container\">\n\t\t\t\t<div class=\"elementor-element elementor-element-427551c elementor-widget elementor-widget-heading\" data-id=\"427551c\" data-element_type=\"widget\" data-widget_type=\"heading.default\">\n\t\t\t\t<div class=\"elementor-widget-container\">\n\t\t\t\t\t<h2 class=\"elementor-heading-title elementor-size-default\">Kontakt<\/h2>\t\t\t\t<\/div>\n\t\t\t\t<\/div>\n\t\t\t\t<div class=\"elementor-element elementor-element-0a60aa5 widget-divider-yes elementor-widget-tablet__width-inherit dt-nav-menu_align-left dt-sub-menu_align-left elementor-widget elementor-widget-the7_nav-menu\" data-id=\"0a60aa5\" data-element_type=\"widget\" data-settings=\"{&quot;submenu_display&quot;:&quot;always&quot;}\" data-widget_type=\"the7_nav-menu.default\">\n\t\t\t\t<div class=\"elementor-widget-container\">\n\t\t\t\t\t<nav class=\"dt-nav-menu--main dt-nav-menu__container dt-sub-menu-display-always dt-icon-align- dt-icon-position- dt-sub-icon-position- dt-sub-icon-align-\"><ul class=\"dt-nav-menu\"><li class=\"menu-item menu-item-type-post_type menu-item-object-page menu-item-49802 first depth-0\"><a href='https:\/\/new.cetris.cz\/pl\/kontakty\/' data-level='1'><span class=\"item-content\"><span class=\"menu-item-text\"><span class=\"menu-text\">S\u00eddlo a faktura\u010dn\u00ed adresa<\/span><\/span><\/span><span class=\"\" data-icon = \"\"> <\/span><\/a><\/li> <li class=\"menu-item menu-item-type-post_type menu-item-object-page menu-item-49806 depth-0\"><a href='https:\/\/new.cetris.cz\/pl\/kontakty\/kontaktni-osoby\/' data-level='1'><span class=\"item-content\"><span class=\"menu-item-text\"><span class=\"menu-text\">Kontaktn\u00ed osoby<\/span><\/span><\/span><span class=\"\" data-icon = \"\"> <\/span><\/a><\/li> <li class=\"menu-item menu-item-type-post_type menu-item-object-page menu-item-49805 depth-0\"><a href='https:\/\/new.cetris.cz\/pl\/kontakty\/prodejni-mista\/' data-level='1'><span class=\"item-content\"><span class=\"menu-item-text\"><span class=\"menu-text\">Prodejn\u00ed m\u00edsta<\/span><\/span><\/span><span class=\"\" data-icon = \"\"> <\/span><\/a><\/li> <li class=\"menu-item menu-item-type-post_type menu-item-object-page menu-item-52448 last depth-0\"><a href='https:\/\/new.cetris.cz\/pl\/kontakty\/montazni-mista-filtr\/' data-level='1'><span class=\"item-content\"><span class=\"menu-item-text\"><span class=\"menu-text\">Mont\u00e1\u017en\u00ed firmy<\/span><\/span><\/span><span class=\"\" data-icon = \"\"> <\/span><\/a><\/li> <\/ul><\/nav>\t\t\t\t<\/div>\n\t\t\t\t<\/div>\n\t\t\t\t<\/div>\n\t\t<div class=\"elementor-element elementor-element-a0f7cef e-con-full e-flex e-con e-child\" data-id=\"a0f7cef\" data-element_type=\"container\">\n\t\t\t\t<div class=\"elementor-element elementor-element-69eeadc elementor-widget elementor-widget-heading\" data-id=\"69eeadc\" data-element_type=\"widget\" data-widget_type=\"heading.default\">\n\t\t\t\t<div class=\"elementor-widget-container\">\n\t\t\t\t\t<h2 class=\"elementor-heading-title elementor-size-default\">S\u00eddlo a faktura\u010dn\u00ed adresa<\/h2>\t\t\t\t<\/div>\n\t\t\t\t<\/div>\n\t\t<div class=\"elementor-element elementor-element-6a4fc68 e-grid e-con-full e-con e-child\" data-id=\"6a4fc68\" data-element_type=\"container\">\n\t\t\t\t<div class=\"elementor-element elementor-element-d310584 elementor-widget elementor-widget-text-editor\" data-id=\"d310584\" data-element_type=\"widget\" data-widget_type=\"text-editor.default\">\n\t\t\t\t<div class=\"elementor-widget-container\">\n\t\t\t\t\t\t\t\t\t<h4>Kontaktn\u00ed adresa a s\u00eddlo<\/h4><p class=\"bold\"><strong>Nowy 223<\/strong><\/p><p class=\"bold\"><strong>753 01 Hranice l &#8211; M\u011bsto<\/strong><\/p><p class=\"bold\"><strong>Republika Czeska<\/strong><\/p><p>E-mail: <a title=\"CETRIS email\" href=\"mailto:cetris@cetris.cz\">cetris@cetris.cz<\/a><\/p><h5>Informacje biznesowe<\/h5><p><span class=\"elementor-icon-list-text\">+420 602 772 714<\/span><\/p><h5>Informacje techniczne<\/h5><p><span class=\"elementor-icon-list-text\">+420 724 200 163<\/span><\/p><p><span class=\"elementor-icon-list-text\">+420 602 513 325<\/span><\/p><h5>Zam\u00f3wienia, kalkulacje, fakturowanie<\/h5><p><span class=\"elementor-icon-list-text\">+420 721 852 923<\/span><\/p><p><span class=\"elementor-icon-list-text\">+420 602 513 325<\/span><\/p><h5>Sklad o\u0159ez\u016f CETRIS HOBBY<\/h5><p><span class=\"elementor-icon-list-text\">+420 604 734 084<\/span><\/p>\t\t\t\t\t\t\t\t<\/div>\n\t\t\t\t<\/div>\n\t\t\t\t<div class=\"elementor-element elementor-element-f73128b elementor-widget elementor-widget-text-editor\" data-id=\"f73128b\" data-element_type=\"widget\" data-widget_type=\"text-editor.default\">\n\t\t\t\t<div class=\"elementor-widget-container\">\n\t\t\t\t\t\t\t\t\t<h4>Faktura\u010dn\u00ed adresa<\/h4><p class=\"bold\"><strong>CIDEM Hranice, a.s.<\/strong><\/p><p>divize CETRIS<\/p><p>Skaln\u00ed 1088<\/p><p>753 01 Hranice l &#8211; M\u011bsto<\/p><p class=\"bold\"><strong>Republika Czeska<\/strong><\/p><p>I\u010c: 14617081<\/p><p>DI\u010c: CZ14617081<\/p><p class=\"text-small\">Obchodn\u00ed rejst\u0159\u00edk: veden\u00fd Krajsk\u00fdm soudem v Ostrav\u011b, odd\u00edl B, vlo\u017eka 148<\/p>\t\t\t\t\t\t\t\t<\/div>\n\t\t\t\t<\/div>\n\t\t\t\t<div class=\"elementor-element elementor-element-d9c740f elementor-widget elementor-widget-image\" data-id=\"d9c740f\" data-element_type=\"widget\" data-widget_type=\"image.default\">\n\t\t\t\t<div class=\"elementor-widget-container\">\n\t\t\t\t\t\t\t\t\t\t\t\t\t\t\t<img decoding=\"async\" width=\"200\" height=\"196\" src=\"https:\/\/new.cetris.cz\/wp-content\/uploads\/2025\/05\/qr-code.png\" class=\"attachment-large size-large wp-image-49809\" alt=\"\" \/>\t\t\t\t\t\t\t\t\t\t\t\t\t\t\t<\/div>\n\t\t\t\t<\/div>\n\t\t\t\t<\/div>\n\t\t\t\t<\/div>\n\t\t\t\t\t<\/div>\n\t\t\t\t<\/div>\n\t\t<div class=\"elementor-element elementor-element-2914851 e-con-full e-flex e-con e-parent\" data-id=\"2914851\" data-element_type=\"container\">\n\t\t\t\t<div class=\"elementor-element elementor-element-861798f elementor-widget elementor-widget-google_maps\" data-id=\"861798f\" data-element_type=\"widget\" data-widget_type=\"google_maps.default\">\n\t\t\t\t<div class=\"elementor-widget-container\">\n\t\t\t\t\t\t\t<div class=\"elementor-custom-embed\">\n\t\t\t<iframe loading=\"lazy\"\n\t\t\t\t\tsrc=\"https:\/\/maps.google.com\/maps?q=cetris%2C%20nov%C3%A1%20223%2C%20hranice&#038;t=m&#038;z=14&#038;output=embed&#038;iwloc=near\"\n\t\t\t\t\ttitle=\"cetris, nov\u00e1 223, hranice\"\n\t\t\t\t\taria-label=\"cetris, nov\u00e1 223, hranice\"\n\t\t\t><\/iframe>\n\t\t<\/div>\n\t\t\t\t\t\t<\/div>\n\t\t\t\t<\/div>\n\t\t\t\t<\/div>\n\t\t\t\t<\/div>","protected":false},"excerpt":{"rendered":"<p>Kontakty S\u00eddlo a faktura\u010dn\u00ed adresa Kontaktn\u00ed adresa a s\u00eddlo Nov\u00e1 223 753 01 Hranice l &#8211; M\u011bsto \u010cesk\u00e1 republika E-mail: cetris@cetris.cz Obchodn\u00ed informace +420 602 772 714 Technick\u00e9 informace +420 724 200 163 +420 602 513 325 Objedn\u00e1vky, kalkulace, fakturace +420 721 852 923 +420 602 513 325 Sklad o\u0159ez\u016f CETRIS HOBBY +420 604 734&hellip;<\/p>","protected":false},"author":1,"featured_media":0,"parent":0,"menu_order":0,"comment_status":"closed","ping_status":"closed","template":"","meta":{"_acf_changed":false,"footnotes":""},"class_list":["post-49795","page","type-page","status-publish","hentry"],"acf":[],"_links":{"self":[{"href":"https:\/\/new.cetris.cz\/pl\/wp-json\/wp\/v2\/pages\/49795","targetHints":{"allow":["GET"]}}],"collection":[{"href":"https:\/\/new.cetris.cz\/pl\/wp-json\/wp\/v2\/pages"}],"about":[{"href":"https:\/\/new.cetris.cz\/pl\/wp-json\/wp\/v2\/types\/page"}],"author":[{"embeddable":true,"href":"https:\/\/new.cetris.cz\/pl\/wp-json\/wp\/v2\/users\/1"}],"replies":[{"embeddable":true,"href":"https:\/\/new.cetris.cz\/pl\/wp-json\/wp\/v2\/comments?post=49795"}],"version-history":[{"count":16,"href":"https:\/\/new.cetris.cz\/pl\/wp-json\/wp\/v2\/pages\/49795\/revisions"}],"predecessor-version":[{"id":51106,"href":"https:\/\/new.cetris.cz\/pl\/wp-json\/wp\/v2\/pages\/49795\/revisions\/51106"}],"wp:attachment":[{"href":"https:\/\/new.cetris.cz\/pl\/wp-json\/wp\/v2\/media?parent=49795"}],"curies":[{"name":"wp","href":"https:\/\/api.w.org\/{rel}","templated":true}]}}