{"id":49177,"date":"2025-03-11T13:15:13","date_gmt":"2025-03-11T12:15:13","guid":{"rendered":"https:\/\/new.cetris.cz\/?page_id=49177"},"modified":"2025-04-22T12:20:34","modified_gmt":"2025-04-22T10:20:34","slug":"bim-deksoft","status":"publish","type":"page","link":"https:\/\/new.cetris.cz\/pl\/cetis-bim\/bim-deksoft\/","title":{"rendered":"BIM DEKSOFT"},"content":{"rendered":"<div data-elementor-type=\"wp-page\" data-elementor-id=\"49177\" class=\"elementor elementor-49177\" data-elementor-post-type=\"page\">\n\t\t\t\t<div class=\"elementor-element elementor-element-211d8c0 e-flex e-con-boxed e-con e-parent\" data-id=\"211d8c0\" data-element_type=\"container\">\n\t\t\t\t\t<div class=\"e-con-inner\">\n\t\t<div class=\"elementor-element elementor-element-526d776 e-con-full elementor-hidden-tablet elementor-hidden-mobile e-flex e-con e-child\" data-id=\"526d776\" data-element_type=\"container\">\n\t\t\t\t<div class=\"elementor-element elementor-element-456d28f elementor-hidden-tablet elementor-hidden-mobile elementor-widget elementor-widget-heading\" data-id=\"456d28f\" data-element_type=\"widget\" data-widget_type=\"heading.default\">\n\t\t\t\t<div class=\"elementor-widget-container\">\n\t\t\t\t\t<h2 class=\"elementor-heading-title elementor-size-default\">BIM<\/h2>\t\t\t\t<\/div>\n\t\t\t\t<\/div>\n\t\t\t\t<div class=\"elementor-element elementor-element-aab7612 widget-divider-yes elementor-widget-tablet__width-inherit elementor-hidden-tablet elementor-hidden-mobile dt-nav-menu_align-left dt-sub-menu_align-left elementor-widget elementor-widget-the7_nav-menu\" data-id=\"aab7612\" data-element_type=\"widget\" data-settings=\"{&quot;submenu_display&quot;:&quot;always&quot;}\" data-widget_type=\"the7_nav-menu.default\">\n\t\t\t\t<div class=\"elementor-widget-container\">\n\t\t\t\t\t<nav class=\"dt-nav-menu--main dt-nav-menu__container dt-sub-menu-display-always dt-icon-align- dt-icon-position- dt-sub-icon-position- dt-sub-icon-align-\"><ul class=\"dt-nav-menu\"><li class=\"menu-item menu-item-type-post_type menu-item-object-page menu-item-49665 first depth-0\"><a href='https:\/\/new.cetris.cz\/pl\/cetis-bim\/bim-deksoft\/' data-level='1'><span class=\"item-content\"><span class=\"menu-item-text\"><span class=\"menu-text\">BIM DEKSOFT<\/span><\/span><\/span><span class=\"\" data-icon = \"\"> <\/span><\/a><\/li> <li class=\"menu-item menu-item-type-post_type menu-item-object-page menu-item-49664 last depth-0\"><a href='https:\/\/new.cetris.cz\/pl\/cetis-bim\/bimproject-cloud\/' data-level='1'><span class=\"item-content\"><span class=\"menu-item-text\"><span class=\"menu-text\">bimproject.cloud<\/span><\/span><\/span><span class=\"\" data-icon = \"\"> <\/span><\/a><\/li> <\/ul><\/nav>\t\t\t\t<\/div>\n\t\t\t\t<\/div>\n\t\t\t\t<\/div>\n\t\t<div class=\"elementor-element elementor-element-f1f8103 e-con-full e-flex e-con e-child\" data-id=\"f1f8103\" data-element_type=\"container\">\n\t\t\t\t<div class=\"elementor-element elementor-element-6be0f36 elementor-widget elementor-widget-text-editor\" data-id=\"6be0f36\" data-element_type=\"widget\" data-widget_type=\"text-editor.default\">\n\t\t\t\t<div class=\"elementor-widget-container\">\n\t\t\t\t\t\t\t\t\t<div class=\"row\"><div class=\"col-md-9 col-md-offset-3\"><h2>Elektronick\u00fd katalog pro ArchiCAD a REVIT<\/h2><\/div><\/div><div class=\"row\"><div class=\"col-md-9 col-md-push-3\"><h3>PODPORA PRO PROJEKTANTY A ARCHITEKTY<\/h3><h4 class=\" translation-block\">Snaz\u0161\u00ed navrhov\u00e1n\u00ed konstrukc\u00ed s cementot\u0159\u00edskov\u00fdmi deskami CETRIS<sup class=\"reg\">\u00ae<\/sup><\/h4><p class=\" translation-block\">Pro usnadn\u011bn\u00ed pr\u00e1ce jsme pro V\u00e1s p\u0159ipravili kompletn\u00ed sortiment na\u0161ich v\u00fdrobk\u016f zpracovan\u00fd do podoby elektronick\u00e9ho katalogu 3D prvk\u016f s naprogramovan\u00fdmi parametry a funkcemi. Elektronick\u00e1 knihovna konstrukc\u00ed pro BIM p\u0159edstavuje digit\u00e1ln\u00ed podobu technick\u00e9ho katalogu CETRIS<sup class=\"reg\">\u00ae<\/sup> Podklady pro projektrov\u00e1n\u00ed a realizaci staveb. D\u00edky jej\u00ed implementaci do prost\u0159ed\u00ed ArchiCAD, REVIT nebo ALLPLAN odpad\u00e1 architekt\u016fm a projektant\u016fm slo\u017eit\u00e9 vyhled\u00e1v\u00e1n\u00ed p\u0159i pou\u017eit\u00ed konstrukc\u00ed s cementot\u0159\u00edskov\u00fdmi deskami CETRIS<sup class=\"reg\">\u00ae<\/sup>. Tato knihovna tak umo\u017e\u0148uje velmi efektivn\u00ed vyu\u017eit\u00ed v projektu pou\u017eit\u00fdch prvk\u016f a velmi usnadn\u00ed pr\u00e1ci p\u0159i tvorb\u011b p\u0159esn\u00fdch v\u00fdkaz\u016f.<\/p><p class=\" translation-block\">Elektronick\u00fd katalog CETRIS<sup class=\"reg\">\u00ae<\/sup> je dopln\u011bk pro ArchiCAD, REVIT nebo ALLPLAN a pro jeho pou\u017eit\u00ed je t\u0159eba st\u00e1hnout a spustit instal\u00e1tor, kter\u00fd d\u00e1 u\u017eivateli na v\u00fdb\u011br, pro kter\u00e9 verze CAD programu chce tento dopln\u011bk pou\u017e\u00edvat. K dispozici je \u010desk\u00e1 a anglick\u00e1 verze. Po nainstalov\u00e1n\u00ed lze n\u00e1stroj nal\u00e9zt v menu pod \u201eDEKSOFT\u201c \u2013 \u201eCETRIS\u201c. Pou\u017eit\u00ed cementot\u0159\u00edskov\u00fdch desek CETRIS<sup class=\"reg\">\u00ae<\/sup> je r\u016fzn\u00e9 . Proto dopln\u011bk nab\u00edz\u00ed n\u011bkolik variant pou\u017eit\u00ed tohoto sortimentu, kter\u00fd \u0161et\u0159\u00ed \u010das u\u017eivatel\u016fm.<\/p><p class=\" translation-block\">BIM dopln\u011bk v\u00fdrazn\u011b usnad\u0148uje vytvo\u0159en\u00ed sendvi\u010dov\u00e9 konstrukce z desek CETRIS<sup class=\"reg\">\u00ae<\/sup> pro st\u011bny, podlahy, podhledy a fas\u00e1dy. Pro v\u00fdb\u011br, jakou konstrukci u\u017eivatel pot\u0159ebuje pou\u017e\u00edt, slou\u017e\u00ed n\u011bkolik filtr\u016f, kde lze zvolit parametry po\u017eadovan\u00e9 konstrukce \u2013 nap\u0159\u00edklad po\u017e\u00e1rn\u00ed odolnost, tlou\u0161\u0165ka konstrukce, akustick\u00e9 vlastnosti, maxim\u00e1ln\u00ed hmotnost nebo maxim\u00e1ln\u00ed v\u00fd\u0161ka.<\/p><p>Kompletn\u00ed stavebn\u00ed knihovnu materi\u00e1l\u016f a skladeb si m\u016f\u017eete voln\u011b bez nutnosti pou\u017e\u00edv\u00e1n\u00ed CAD program\u016f prohl\u00e9dnout zde. Mimo v\u00fdb\u011bru vhodn\u00fdch skladeb v datab\u00e1zi m\u016f\u017eete zdarma vyu\u017e\u00edt i nadstavbov\u00e9 programy pro specialisty (TEPELN\u00c1 TECHNIKA 1D, AKUSTIKA a STANDARDY MATERI\u00c1L\u016e). Pokud ji\u017e m\u00e1te sv\u016fj \u00fa\u010det na webu DEKSOFT, p\u0159\u00edmo se p\u0159ihl\u00e1s\u00edte. Pro doposud neregistrovan\u00e9 je k p\u0159\u00edstupu zapot\u0159eb\u00ed pouze jednoduch\u00e1 registrace. Po dokon\u010den\u00ed registrace V\u00e1m bude automaticky nastavena licence k program\u016fm.<\/p><p>Dopln\u011bk je kompatibiln\u00ed pro programy Allplan 2019 &#8211; 2023, Archicad 19 &#8211; 26, Archicad SE 2016 &#8211; 2021, CADKON+ 2019 &#8211; 2022, Revit 2021 &#8211; 2024.<\/p><p>Instal\u00e1tory jsou spole\u010dn\u00e9 pro v\u0161echny software, li\u0161\u00ed se pouze pou\u017e\u00edvan\u00fdm opera\u010dn\u00edm syst\u00e9mem:<\/p><ul><li>pro Windows<\/li><li>pro macOS<\/li><\/ul><div class=\"separator\">\u00a0<\/div><h3>Soubory ke sta\u017een\u00ed<\/h3><h4><span class=\"title\">Elektronick\u00fd katalog CETRIS pro ArchiCAD, REVIT, ALLPLAN a CADKON<\/span><\/h4><\/div><\/div>\t\t\t\t\t\t\t\t<\/div>\n\t\t\t\t<\/div>\n\t\t\t\t<div class=\"elementor-element elementor-element-d1bc49e elementor-icon-list--layout-traditional elementor-list-item-link-full_width elementor-widget elementor-widget-icon-list\" data-id=\"d1bc49e\" data-element_type=\"widget\" data-widget_type=\"icon-list.default\">\n\t\t\t\t<div class=\"elementor-widget-container\">\n\t\t\t\t\t\t\t<ul class=\"elementor-icon-list-items\">\n\t\t\t\t\t\t\t<li class=\"elementor-icon-list-item\">\n\t\t\t\t\t\t\t\t\t\t\t<a href=\"https:\/\/www.cetris.cz\/pagedata_cz\/download\/812_deksoft-bim-plugin-cetris-v2-rev7-26-09-24-setup.exe?1728301776\">\n\n\t\t\t\t\t\t\t\t\t\t\t\t<span class=\"elementor-icon-list-icon\">\n\t\t\t\t\t\t\t<svg aria-hidden=\"true\" class=\"e-font-icon-svg e-fas-file-download\" viewbox=\"0 0 384 512\" xmlns=\"http:\/\/www.w3.org\/2000\/svg\"><path d=\"M224 136V0H24C10.7 0 0 10.7 0 24v464c0 13.3 10.7 24 24 24h336c13.3 0 24-10.7 24-24V160H248c-13.2 0-24-10.8-24-24zm76.45 211.36l-96.42 95.7c-6.65 6.61-17.39 6.61-24.04 0l-96.42-95.7C73.42 337.29 80.54 320 94.82 320H160v-80c0-8.84 7.16-16 16-16h32c8.84 0 16 7.16 16 16v80h65.18c14.28 0 21.4 17.29 11.27 27.36zM377 105L279.1 7c-4.5-4.5-10.6-7-17-7H256v128h128v-6.1c0-6.3-2.5-12.4-7-16.9z\"><\/path><\/svg>\t\t\t\t\t\t<\/span>\n\t\t\t\t\t\t\t\t\t\t<span class=\"elementor-icon-list-text\">Instala\u010dn\u00ed soubor pro ArchiCAD, REVIT, ALLPLAN a CADKON 2024 - Dopln\u011bk je kompatibiln\u00ed pro programy Allplan 2019 - 2024, Archicad 21 - 28, Archicad SE 2016 - 2023, CADKON+ 2019 - 2022, Revit 2021 - 2025 pro windows (EXE, 77.02 MB)<\/span>\n\t\t\t\t\t\t\t\t\t\t\t<\/a>\n\t\t\t\t\t\t\t\t\t<\/li>\n\t\t\t\t\t\t\t\t<li class=\"elementor-icon-list-item\">\n\t\t\t\t\t\t\t\t\t\t\t<a href=\"https:\/\/www.cetris.cz\/pagedata_cz\/download\/813_doplnek-deksoft-bim-v2-rev7-notarized.pkg?1728301839\">\n\n\t\t\t\t\t\t\t\t\t\t\t\t<span class=\"elementor-icon-list-icon\">\n\t\t\t\t\t\t\t<svg aria-hidden=\"true\" class=\"e-font-icon-svg e-fas-file-download\" viewbox=\"0 0 384 512\" xmlns=\"http:\/\/www.w3.org\/2000\/svg\"><path d=\"M224 136V0H24C10.7 0 0 10.7 0 24v464c0 13.3 10.7 24 24 24h336c13.3 0 24-10.7 24-24V160H248c-13.2 0-24-10.8-24-24zm76.45 211.36l-96.42 95.7c-6.65 6.61-17.39 6.61-24.04 0l-96.42-95.7C73.42 337.29 80.54 320 94.82 320H160v-80c0-8.84 7.16-16 16-16h32c8.84 0 16 7.16 16 16v80h65.18c14.28 0 21.4 17.29 11.27 27.36zM377 105L279.1 7c-4.5-4.5-10.6-7-17-7H256v128h128v-6.1c0-6.3-2.5-12.4-7-16.9z\"><\/path><\/svg>\t\t\t\t\t\t<\/span>\n\t\t\t\t\t\t\t\t\t\t<span class=\"elementor-icon-list-text\">Instala\u010dn\u00ed soubor pro ArchiCAD 2024 - Dopln\u011bk je kompatibiln\u00ed pro programy Archicad 26 - 28 pro macOS. (PKG, 114.97 MB)<\/span>\n\t\t\t\t\t\t\t\t\t\t\t<\/a>\n\t\t\t\t\t\t\t\t\t<\/li>\n\t\t\t\t\t\t<\/ul>\n\t\t\t\t\t\t<\/div>\n\t\t\t\t<\/div>\n\t\t\t\t<div class=\"elementor-element elementor-element-b2b1c65 elementor-widget elementor-widget-spacer\" data-id=\"b2b1c65\" data-element_type=\"widget\" data-widget_type=\"spacer.default\">\n\t\t\t\t<div class=\"elementor-widget-container\">\n\t\t\t\t\t\t\t<div class=\"elementor-spacer\">\n\t\t\t<div class=\"elementor-spacer-inner\"><\/div>\n\t\t<\/div>\n\t\t\t\t\t\t<\/div>\n\t\t\t\t<\/div>\n\t\t\t\t<div class=\"elementor-element elementor-element-0759b8a gallery-spacing-custom elementor-widget elementor-widget-image-gallery\" data-id=\"0759b8a\" data-element_type=\"widget\" data-widget_type=\"image-gallery.default\">\n\t\t\t\t<div class=\"elementor-widget-container\">\n\t\t\t\t\t\t\t<div class=\"elementor-image-gallery\">\n\t\t\t\n\t\t<style>\n\t\t\t#gallery-1 {\n\t\t\t\tmargin: auto;\n\t\t\t}\n\t\t\t#gallery-1 .gallery-item {\n\t\t\t\tfloat: left;\n\t\t\t\tmargin-top: 10px;\n\t\t\t\ttext-align: center;\n\t\t\t\twidth: 50%;\n\t\t\t}\n\t\t\t#gallery-1 img {\n\t\t\t\tborder: 2px solid #cfcfcf;\n\t\t\t}\n\t\t\t#gallery-1 .gallery-caption {\n\t\t\t\tmargin-left: 0;\n\t\t\t}\n\t\t\t\/* see gallery_shortcode() in wp-includes\/media.php *\/\n\t\t<\/style>\n\t\t<div id='gallery-1' class='gallery galleryid-49177 gallery-columns-2 gallery-size-full'><dl class='gallery-item'>\n\t\t\t<dt class='gallery-icon landscape'>\n\t\t\t\t<a data-elementor-open-lightbox=\"yes\" data-elementor-lightbox-slideshow=\"0759b8a\" data-e-action-hash=\"#elementor-action%3Aaction%3Dlightbox%26settings%3DeyJpZCI6NDk2NjcsInVybCI6Imh0dHBzOlwvXC9uZXcuY2V0cmlzLmN6XC93cC1jb250ZW50XC91cGxvYWRzXC8yMDI1XC8wNFwvcmV2aXQtMDEuanBnIiwic2xpZGVzaG93IjoiMDc1OWI4YSJ9\" href='https:\/\/new.cetris.cz\/wp-content\/uploads\/2025\/04\/revit-01.jpg'><img fetchpriority=\"high\" decoding=\"async\" width=\"1663\" height=\"1044\" src=\"https:\/\/new.cetris.cz\/wp-content\/uploads\/2025\/04\/revit-01.jpg\" class=\"attachment-full size-full\" alt=\"\" srcset=\"https:\/\/new.cetris.cz\/wp-content\/uploads\/2025\/04\/revit-01.jpg 1663w, https:\/\/new.cetris.cz\/wp-content\/uploads\/2025\/04\/revit-01-300x188.jpg 300w, https:\/\/new.cetris.cz\/wp-content\/uploads\/2025\/04\/revit-01-1024x643.jpg 1024w, https:\/\/new.cetris.cz\/wp-content\/uploads\/2025\/04\/revit-01-768x482.jpg 768w, https:\/\/new.cetris.cz\/wp-content\/uploads\/2025\/04\/revit-01-1536x964.jpg 1536w, https:\/\/new.cetris.cz\/wp-content\/uploads\/2025\/04\/revit-01-1200x753.jpg 1200w\" sizes=\"(max-width: 1663px) 100vw, 1663px\" \/><\/a>\n\t\t\t<\/dt><\/dl><dl class='gallery-item'>\n\t\t\t<dt class='gallery-icon landscape'>\n\t\t\t\t<a data-elementor-open-lightbox=\"yes\" data-elementor-lightbox-slideshow=\"0759b8a\" data-e-action-hash=\"#elementor-action%3Aaction%3Dlightbox%26settings%3DeyJpZCI6NDk2NjgsInVybCI6Imh0dHBzOlwvXC9uZXcuY2V0cmlzLmN6XC93cC1jb250ZW50XC91cGxvYWRzXC8yMDI1XC8wNFwvcmV2aXQtMDIucG5nIiwic2xpZGVzaG93IjoiMDc1OWI4YSJ9\" href='https:\/\/new.cetris.cz\/wp-content\/uploads\/2025\/04\/revit-02.png'><img decoding=\"async\" width=\"1920\" height=\"1048\" src=\"https:\/\/new.cetris.cz\/wp-content\/uploads\/2025\/04\/revit-02.png\" class=\"attachment-full size-full\" alt=\"\" srcset=\"https:\/\/new.cetris.cz\/wp-content\/uploads\/2025\/04\/revit-02.png 1920w, https:\/\/new.cetris.cz\/wp-content\/uploads\/2025\/04\/revit-02-300x164.png 300w, https:\/\/new.cetris.cz\/wp-content\/uploads\/2025\/04\/revit-02-1024x559.png 1024w, https:\/\/new.cetris.cz\/wp-content\/uploads\/2025\/04\/revit-02-768x419.png 768w, https:\/\/new.cetris.cz\/wp-content\/uploads\/2025\/04\/revit-02-1536x838.png 1536w, https:\/\/new.cetris.cz\/wp-content\/uploads\/2025\/04\/revit-02-1200x655.png 1200w\" sizes=\"(max-width: 1920px) 100vw, 1920px\" \/><\/a>\n\t\t\t<\/dt><\/dl><br style=\"clear: both\" \/><dl class='gallery-item'>\n\t\t\t<dt class='gallery-icon landscape'>\n\t\t\t\t<a data-elementor-open-lightbox=\"yes\" data-elementor-lightbox-slideshow=\"0759b8a\" data-e-action-hash=\"#elementor-action%3Aaction%3Dlightbox%26settings%3DeyJpZCI6NDk2NjksInVybCI6Imh0dHBzOlwvXC9uZXcuY2V0cmlzLmN6XC93cC1jb250ZW50XC91cGxvYWRzXC8yMDI1XC8wNFwvYXJjaGljYWQtYmltLTUuanBnIiwic2xpZGVzaG93IjoiMDc1OWI4YSJ9\" href='https:\/\/new.cetris.cz\/wp-content\/uploads\/2025\/04\/archicad-bim-5.jpg'><img decoding=\"async\" width=\"1920\" height=\"1080\" src=\"https:\/\/new.cetris.cz\/wp-content\/uploads\/2025\/04\/archicad-bim-5.jpg\" class=\"attachment-full size-full\" alt=\"\" srcset=\"https:\/\/new.cetris.cz\/wp-content\/uploads\/2025\/04\/archicad-bim-5.jpg 1920w, https:\/\/new.cetris.cz\/wp-content\/uploads\/2025\/04\/archicad-bim-5-300x169.jpg 300w, https:\/\/new.cetris.cz\/wp-content\/uploads\/2025\/04\/archicad-bim-5-1024x576.jpg 1024w, https:\/\/new.cetris.cz\/wp-content\/uploads\/2025\/04\/archicad-bim-5-768x432.jpg 768w, https:\/\/new.cetris.cz\/wp-content\/uploads\/2025\/04\/archicad-bim-5-1536x864.jpg 1536w, https:\/\/new.cetris.cz\/wp-content\/uploads\/2025\/04\/archicad-bim-5-1200x675.jpg 1200w\" sizes=\"(max-width: 1920px) 100vw, 1920px\" \/><\/a>\n\t\t\t<\/dt><\/dl><dl class='gallery-item'>\n\t\t\t<dt class='gallery-icon landscape'>\n\t\t\t\t<a data-elementor-open-lightbox=\"yes\" data-elementor-lightbox-slideshow=\"0759b8a\" data-e-action-hash=\"#elementor-action%3Aaction%3Dlightbox%26settings%3DeyJpZCI6NDk2NzAsInVybCI6Imh0dHBzOlwvXC9uZXcuY2V0cmlzLmN6XC93cC1jb250ZW50XC91cGxvYWRzXC8yMDI1XC8wNFwvYXJjaGljYWQtYmltLTIuanBnIiwic2xpZGVzaG93IjoiMDc1OWI4YSJ9\" href='https:\/\/new.cetris.cz\/wp-content\/uploads\/2025\/04\/archicad-bim-2.jpg'><img loading=\"lazy\" decoding=\"async\" width=\"1920\" height=\"1080\" src=\"https:\/\/new.cetris.cz\/wp-content\/uploads\/2025\/04\/archicad-bim-2.jpg\" class=\"attachment-full size-full\" alt=\"\" srcset=\"https:\/\/new.cetris.cz\/wp-content\/uploads\/2025\/04\/archicad-bim-2.jpg 1920w, https:\/\/new.cetris.cz\/wp-content\/uploads\/2025\/04\/archicad-bim-2-300x169.jpg 300w, https:\/\/new.cetris.cz\/wp-content\/uploads\/2025\/04\/archicad-bim-2-1024x576.jpg 1024w, https:\/\/new.cetris.cz\/wp-content\/uploads\/2025\/04\/archicad-bim-2-768x432.jpg 768w, https:\/\/new.cetris.cz\/wp-content\/uploads\/2025\/04\/archicad-bim-2-1536x864.jpg 1536w, https:\/\/new.cetris.cz\/wp-content\/uploads\/2025\/04\/archicad-bim-2-1200x675.jpg 1200w\" sizes=\"(max-width: 1920px) 100vw, 1920px\" \/><\/a>\n\t\t\t<\/dt><\/dl><br style=\"clear: both\" \/>\n\t\t<\/div>\n\t\t<\/div>\n\t\t\t\t\t\t<\/div>\n\t\t\t\t<\/div>\n\t\t\t\t<\/div>\n\t\t\t\t\t<\/div>\n\t\t\t\t<\/div>\n\t\t\t\t<\/div>","protected":false},"excerpt":{"rendered":"<p>BIM Elektronick\u00fd katalog pro ArchiCAD a REVIT PODPORA PRO PROJEKTANTY A ARCHITEKTY Snaz\u0161\u00ed navrhov\u00e1n\u00ed konstrukc\u00ed s cementot\u0159\u00edskov\u00fdmi deskami CETRIS\u00ae Pro usnadn\u011bn\u00ed pr\u00e1ce jsme pro V\u00e1s p\u0159ipravili kompletn\u00ed sortiment na\u0161ich v\u00fdrobk\u016f zpracovan\u00fd do podoby elektronick\u00e9ho katalogu 3D prvk\u016f s naprogramovan\u00fdmi parametry a funkcemi. Elektronick\u00e1 knihovna konstrukc\u00ed pro BIM p\u0159edstavuje digit\u00e1ln\u00ed podobu technick\u00e9ho katalogu CETRIS\u00ae Podklady pro&hellip;<\/p>","protected":false},"author":1,"featured_media":0,"parent":49175,"menu_order":0,"comment_status":"closed","ping_status":"closed","template":"","meta":{"_acf_changed":false,"footnotes":""},"class_list":["post-49177","page","type-page","status-publish","hentry"],"acf":[],"_links":{"self":[{"href":"https:\/\/new.cetris.cz\/pl\/wp-json\/wp\/v2\/pages\/49177","targetHints":{"allow":["GET"]}}],"collection":[{"href":"https:\/\/new.cetris.cz\/pl\/wp-json\/wp\/v2\/pages"}],"about":[{"href":"https:\/\/new.cetris.cz\/pl\/wp-json\/wp\/v2\/types\/page"}],"author":[{"embeddable":true,"href":"https:\/\/new.cetris.cz\/pl\/wp-json\/wp\/v2\/users\/1"}],"replies":[{"embeddable":true,"href":"https:\/\/new.cetris.cz\/pl\/wp-json\/wp\/v2\/comments?post=49177"}],"version-history":[{"count":7,"href":"https:\/\/new.cetris.cz\/pl\/wp-json\/wp\/v2\/pages\/49177\/revisions"}],"predecessor-version":[{"id":49676,"href":"https:\/\/new.cetris.cz\/pl\/wp-json\/wp\/v2\/pages\/49177\/revisions\/49676"}],"up":[{"embeddable":true,"href":"https:\/\/new.cetris.cz\/pl\/wp-json\/wp\/v2\/pages\/49175"}],"wp:attachment":[{"href":"https:\/\/new.cetris.cz\/pl\/wp-json\/wp\/v2\/media?parent=49177"}],"curies":[{"name":"wp","href":"https:\/\/api.w.org\/{rel}","templated":true}]}}