{"id":49143,"date":"2025-03-11T13:11:30","date_gmt":"2025-03-11T12:11:30","guid":{"rendered":"https:\/\/new.cetris.cz\/?page_id=49143"},"modified":"2025-03-11T13:11:30","modified_gmt":"2025-03-11T12:11:30","slug":"baleni-skladovani-manipulace-a-parametry-expedovanych-desek-cetris","status":"publish","type":"page","link":"https:\/\/new.cetris.cz\/pl\/baleni-skladovani-manipulace-a-parametry-expedovanych-desek-cetris\/","title":{"rendered":"Pakowanie, przechowywanie, obs\u0142uga i parametry wysy\u0142anych p\u0142yt CETRIS"},"content":{"rendered":"","protected":false},"excerpt":{"rendered":"","protected":false},"author":1,"featured_media":0,"parent":0,"menu_order":0,"comment_status":"closed","ping_status":"closed","template":"","meta":{"_acf_changed":false,"footnotes":""},"class_list":["post-49143","page","type-page","status-publish","hentry","description-off"],"acf":[],"_links":{"self":[{"href":"https:\/\/new.cetris.cz\/pl\/wp-json\/wp\/v2\/pages\/49143","targetHints":{"allow":["GET"]}}],"collection":[{"href":"https:\/\/new.cetris.cz\/pl\/wp-json\/wp\/v2\/pages"}],"about":[{"href":"https:\/\/new.cetris.cz\/pl\/wp-json\/wp\/v2\/types\/page"}],"author":[{"embeddable":true,"href":"https:\/\/new.cetris.cz\/pl\/wp-json\/wp\/v2\/users\/1"}],"replies":[{"embeddable":true,"href":"https:\/\/new.cetris.cz\/pl\/wp-json\/wp\/v2\/comments?post=49143"}],"version-history":[{"count":1,"href":"https:\/\/new.cetris.cz\/pl\/wp-json\/wp\/v2\/pages\/49143\/revisions"}],"predecessor-version":[{"id":49144,"href":"https:\/\/new.cetris.cz\/pl\/wp-json\/wp\/v2\/pages\/49143\/revisions\/49144"}],"wp:attachment":[{"href":"https:\/\/new.cetris.cz\/pl\/wp-json\/wp\/v2\/media?parent=49143"}],"curies":[{"name":"wp","href":"https:\/\/api.w.org\/{rel}","templated":true}]}}