{"id":48359,"date":"2024-09-29T20:46:30","date_gmt":"2024-09-29T20:46:30","guid":{"rendered":"https:\/\/new.cetris.cz\/?page_id=48359"},"modified":"2024-09-29T20:48:23","modified_gmt":"2024-09-29T20:48:23","slug":"produkt-page-mb","status":"publish","type":"page","link":"https:\/\/new.cetris.cz\/pl\/produkt-page-mb\/","title":{"rendered":"Produkt page MB"},"content":{"rendered":"<div data-elementor-type=\"wp-page\" data-elementor-id=\"48359\" class=\"elementor elementor-48359\" data-elementor-post-type=\"page\">\n\t\t\t\t<div class=\"elementor-element elementor-element-24880cfb e-con-full e-flex e-con e-parent\" data-id=\"24880cfb\" data-element_type=\"container\" data-settings=\"{&quot;background_background&quot;:&quot;slideshow&quot;,&quot;background_slideshow_gallery&quot;:[{&quot;id&quot;:48072,&quot;url&quot;:&quot;https:\\\/\\\/new.cetris.cz\\\/wp-content\\\/uploads\\\/2024\\\/09\\\/akustic.jpg&quot;},{&quot;id&quot;:48163,&quot;url&quot;:&quot;https:\\\/\\\/new.cetris.cz\\\/wp-content\\\/uploads\\\/2024\\\/09\\\/celkov7_pohled_800x533.jpg&quot;},{&quot;id&quot;:47930,&quot;url&quot;:&quot;https:\\\/\\\/new.cetris.cz\\\/wp-content\\\/uploads\\\/2023\\\/01\\\/akustic-finish.jpg&quot;},{&quot;id&quot;:48071,&quot;url&quot;:&quot;https:\\\/\\\/new.cetris.cz\\\/wp-content\\\/uploads\\\/2024\\\/09\\\/akustic-incol.jpg&quot;}],&quot;background_slideshow_slide_duration&quot;:1000,&quot;background_slideshow_loop&quot;:&quot;yes&quot;,&quot;background_slideshow_slide_transition&quot;:&quot;fade&quot;,&quot;background_slideshow_transition_duration&quot;:500}\">\n\t\t<div class=\"elementor-element elementor-element-b7464c8 e-con-full e-flex e-con e-child\" data-id=\"b7464c8\" data-element_type=\"container\">\n\t\t\t\t<div class=\"elementor-element elementor-element-79d3d1f elementor-widget elementor-widget-heading\" data-id=\"79d3d1f\" data-element_type=\"widget\" data-widget_type=\"heading.default\">\n\t\t\t\t<div class=\"elementor-widget-container\">\n\t\t\t\t\t<h2 class=\"elementor-heading-title elementor-size-default\">CETRIS\u00ae ACOUSTIC<\/h2>\t\t\t\t<\/div>\n\t\t\t\t<\/div>\n\t\t\t\t<div class=\"elementor-element elementor-element-f9f87ec elementor-widget elementor-widget-text-editor\" data-id=\"f9f87ec\" data-element_type=\"widget\" data-widget_type=\"text-editor.default\">\n\t\t\t\t<div class=\"elementor-widget-container\">\n\t\t\t\t\t\t\t\t\t<p>je cementot\u0159\u00edskov\u00e1 deska s p\u0159edvrtan\u00fdmi \/ vyfr\u00e9zovan\u00fdmi otvory a hladk\u00fdm cementov\u00fdm povrchem<\/p>\t\t\t\t\t\t\t\t<\/div>\n\t\t\t\t<\/div>\n\t\t\t\t<div class=\"elementor-element elementor-element-167af50 elementor-widget elementor-widget-button\" data-id=\"167af50\" data-element_type=\"widget\" data-widget_type=\"button.default\">\n\t\t\t\t<div class=\"elementor-widget-container\">\n\t\t\t\t\t\t\t\t\t<div class=\"elementor-button-wrapper\">\n\t\t\t\t\t<a class=\"elementor-button elementor-button-link elementor-size-sm\" href=\"#\">\n\t\t\t\t\t\t<span class=\"elementor-button-content-wrapper\">\n\t\t\t\t\t\t<span class=\"elementor-button-icon\">\n\t\t\t\t<svg aria-hidden=\"true\" class=\"e-font-icon-svg e-fas-file-download\" viewbox=\"0 0 384 512\" xmlns=\"http:\/\/www.w3.org\/2000\/svg\"><path d=\"M224 136V0H24C10.7 0 0 10.7 0 24v464c0 13.3 10.7 24 24 24h336c13.3 0 24-10.7 24-24V160H248c-13.2 0-24-10.8-24-24zm76.45 211.36l-96.42 95.7c-6.65 6.61-17.39 6.61-24.04 0l-96.42-95.7C73.42 337.29 80.54 320 94.82 320H160v-80c0-8.84 7.16-16 16-16h32c8.84 0 16 7.16 16 16v80h65.18c14.28 0 21.4 17.29 11.27 27.36zM377 105L279.1 7c-4.5-4.5-10.6-7-17-7H256v128h128v-6.1c0-6.3-2.5-12.4-7-16.9z\"><\/path><\/svg>\t\t\t<\/span>\n\t\t\t\t\t\t\t\t\t<span class=\"elementor-button-text\">Technick\u00fd list<\/span>\n\t\t\t\t\t<\/span>\n\t\t\t\t\t<\/a>\n\t\t\t\t<\/div>\n\t\t\t\t\t\t\t\t<\/div>\n\t\t\t\t<\/div>\n\t\t\t\t<\/div>\n\t\t\t\t<div class=\"elementor-element elementor-element-523c3ae elementor-widget elementor-widget-text-editor\" data-id=\"523c3ae\" data-element_type=\"widget\" data-widget_type=\"text-editor.default\">\n\t\t\t\t<div class=\"elementor-widget-container\">\n\t\t\t\t\t\t\t\t\t\n<p><\/p>\n\n\n\n<p><\/p>\n\t\t\t\t\t\t\t\t<\/div>\n\t\t\t\t<\/div>\n\t\t\t\t<\/div>\n\t\t<div class=\"elementor-element elementor-element-45eacbd e-flex e-con-boxed e-con e-parent\" data-id=\"45eacbd\" data-element_type=\"container\">\n\t\t\t\t\t<div class=\"e-con-inner\">\n\t\t\t\t<div class=\"elementor-element elementor-element-91d145e elementor-tabs-view-horizontal elementor-widget elementor-widget-tabs\" data-id=\"91d145e\" data-element_type=\"widget\" data-widget_type=\"tabs.default\">\n\t\t\t\t<div class=\"elementor-widget-container\">\n\t\t\t\t\t\t\t<div class=\"elementor-tabs\">\n\t\t\t<div class=\"elementor-tabs-wrapper\" role=\"tablist\" >\n\t\t\t\t\t\t\t\t\t<div id=\"elementor-tab-title-1521\" class=\"elementor-tab-title elementor-tab-desktop-title\" aria-selected=\"true\" data-tab=\"1\" role=\"tab\" tabindex=\"0\" aria-controls=\"elementor-tab-content-1521\" aria-expanded=\"false\">Opis<\/div>\n\t\t\t\t\t\t\t\t\t<div id=\"elementor-tab-title-1522\" class=\"elementor-tab-title elementor-tab-desktop-title\" aria-selected=\"false\" data-tab=\"2\" role=\"tab\" tabindex=\"-1\" aria-controls=\"elementor-tab-content-1522\" aria-expanded=\"false\">Cen\u00edk desek CETRIS\u00ae AKUSTIC<\/div>\n\t\t\t\t\t\t\t\t\t<div id=\"elementor-tab-title-1523\" class=\"elementor-tab-title elementor-tab-desktop-title\" aria-selected=\"false\" data-tab=\"3\" role=\"tab\" tabindex=\"-1\" aria-controls=\"elementor-tab-content-1523\" aria-expanded=\"false\">Cechy<\/div>\n\t\t\t\t\t\t\t\t\t<div id=\"elementor-tab-title-1524\" class=\"elementor-tab-title elementor-tab-desktop-title\" aria-selected=\"false\" data-tab=\"4\" role=\"tab\" tabindex=\"-1\" aria-controls=\"elementor-tab-content-1524\" aria-expanded=\"false\">Slu\u017eby<\/div>\n\t\t\t\t\t\t\t\t\t<div id=\"elementor-tab-title-1525\" class=\"elementor-tab-title elementor-tab-desktop-title\" aria-selected=\"false\" data-tab=\"5\" role=\"tab\" tabindex=\"-1\" aria-controls=\"elementor-tab-content-1525\" aria-expanded=\"false\">Balen\u00ed<\/div>\n\t\t\t\t\t\t\t<\/div>\n\t\t\t<div class=\"elementor-tabs-content-wrapper\" role=\"tablist\" aria-orientation=\"vertical\">\n\t\t\t\t\t\t\t\t\t<div class=\"elementor-tab-title elementor-tab-mobile-title\" aria-selected=\"true\" data-tab=\"1\" role=\"tab\" tabindex=\"0\" aria-controls=\"elementor-tab-content-1521\" aria-expanded=\"false\">Opis<\/div>\n\t\t\t\t\t<div id=\"elementor-tab-content-1521\" class=\"elementor-tab-content elementor-clearfix\" data-tab=\"1\" role=\"tabpanel\" aria-labelledby=\"elementor-tab-title-1521\" tabindex=\"0\" hidden=\"false\"><\/div>\n\t\t\t\t\t\t\t\t\t<div class=\"elementor-tab-title elementor-tab-mobile-title\" aria-selected=\"false\" data-tab=\"2\" role=\"tab\" tabindex=\"-1\" aria-controls=\"elementor-tab-content-1522\" aria-expanded=\"false\">Cen\u00edk desek CETRIS\u00ae AKUSTIC<\/div>\n\t\t\t\t\t<div id=\"elementor-tab-content-1522\" class=\"elementor-tab-content elementor-clearfix\" data-tab=\"2\" role=\"tabpanel\" aria-labelledby=\"elementor-tab-title-1522\" tabindex=\"0\" hidden=\"hidden\">Lorem ipsum dolor sit amet, consectetur adipiscing elit. Ut elit tellus, luctus nec ullamcorper mattis, pulvinar dapibus leo.<\/div>\n\t\t\t\t\t\t\t\t\t<div class=\"elementor-tab-title elementor-tab-mobile-title\" aria-selected=\"false\" data-tab=\"3\" role=\"tab\" tabindex=\"-1\" aria-controls=\"elementor-tab-content-1523\" aria-expanded=\"false\">Cechy<\/div>\n\t\t\t\t\t<div id=\"elementor-tab-content-1523\" class=\"elementor-tab-content elementor-clearfix\" data-tab=\"3\" role=\"tabpanel\" aria-labelledby=\"elementor-tab-title-1523\" tabindex=\"0\" hidden=\"hidden\">Tre\u015b\u0107 Zak\u0142adki<\/div>\n\t\t\t\t\t\t\t\t\t<div class=\"elementor-tab-title elementor-tab-mobile-title\" aria-selected=\"false\" data-tab=\"4\" role=\"tab\" tabindex=\"-1\" aria-controls=\"elementor-tab-content-1524\" aria-expanded=\"false\">Slu\u017eby<\/div>\n\t\t\t\t\t<div id=\"elementor-tab-content-1524\" class=\"elementor-tab-content elementor-clearfix\" data-tab=\"4\" role=\"tabpanel\" aria-labelledby=\"elementor-tab-title-1524\" tabindex=\"0\" hidden=\"hidden\">Tre\u015b\u0107 Zak\u0142adki<\/div>\n\t\t\t\t\t\t\t\t\t<div class=\"elementor-tab-title elementor-tab-mobile-title\" aria-selected=\"false\" data-tab=\"5\" role=\"tab\" tabindex=\"-1\" aria-controls=\"elementor-tab-content-1525\" aria-expanded=\"false\">Balen\u00ed<\/div>\n\t\t\t\t\t<div id=\"elementor-tab-content-1525\" class=\"elementor-tab-content elementor-clearfix\" data-tab=\"5\" role=\"tabpanel\" aria-labelledby=\"elementor-tab-title-1525\" tabindex=\"0\" hidden=\"hidden\">Tre\u015b\u0107 Zak\u0142adki<\/div>\n\t\t\t\t\t\t\t<\/div>\n\t\t<\/div>\n\t\t\t\t\t\t<\/div>\n\t\t\t\t<\/div>\n\t\t\t\t\t<\/div>\n\t\t\t\t<\/div>\n\t\t\t\t<\/div>","protected":false},"excerpt":{"rendered":"<p>CETRIS\u00ae AKUSTIC je cementot\u0159\u00edskov\u00e1 deska s p\u0159edvrtan\u00fdmi \/ vyfr\u00e9zovan\u00fdmi otvory a hladk\u00fdm cementov\u00fdm povrchem Technick\u00fd list Popis Cen\u00edk desek CETRIS\u00ae AKUSTIC Vlastnosti Slu\u017eby Balen\u00ed Popis Cen\u00edk desek CETRIS\u00ae AKUSTIC Lorem ipsum dolor sit amet, consectetur adipiscing elit. Ut elit tellus, luctus nec ullamcorper mattis, pulvinar dapibus leo. Vlastnosti Obsah z\u00e1lo\u017eky Slu\u017eby Obsah z\u00e1lo\u017eky Balen\u00ed Obsah&hellip;<\/p>","protected":false},"author":1,"featured_media":0,"parent":0,"menu_order":0,"comment_status":"closed","ping_status":"closed","template":"","meta":{"_acf_changed":false,"footnotes":""},"class_list":["post-48359","page","type-page","status-publish","hentry"],"acf":[],"_links":{"self":[{"href":"https:\/\/new.cetris.cz\/pl\/wp-json\/wp\/v2\/pages\/48359","targetHints":{"allow":["GET"]}}],"collection":[{"href":"https:\/\/new.cetris.cz\/pl\/wp-json\/wp\/v2\/pages"}],"about":[{"href":"https:\/\/new.cetris.cz\/pl\/wp-json\/wp\/v2\/types\/page"}],"author":[{"embeddable":true,"href":"https:\/\/new.cetris.cz\/pl\/wp-json\/wp\/v2\/users\/1"}],"replies":[{"embeddable":true,"href":"https:\/\/new.cetris.cz\/pl\/wp-json\/wp\/v2\/comments?post=48359"}],"version-history":[{"count":5,"href":"https:\/\/new.cetris.cz\/pl\/wp-json\/wp\/v2\/pages\/48359\/revisions"}],"predecessor-version":[{"id":48364,"href":"https:\/\/new.cetris.cz\/pl\/wp-json\/wp\/v2\/pages\/48359\/revisions\/48364"}],"wp:attachment":[{"href":"https:\/\/new.cetris.cz\/pl\/wp-json\/wp\/v2\/media?parent=48359"}],"curies":[{"name":"wp","href":"https:\/\/api.w.org\/{rel}","templated":true}]}}