{"id":51862,"date":"2025-08-31T15:46:39","date_gmt":"2025-08-31T13:46:39","guid":{"rendered":"https:\/\/new.cetris.cz\/?page_id=51862"},"modified":"2025-08-31T15:49:18","modified_gmt":"2025-08-31T13:49:18","slug":"montazni-firmy-slovensko-bratislavsky-kraj","status":"publish","type":"page","link":"https:\/\/new.cetris.cz\/it\/kontakty\/montazni-firmy\/montazni-firmy-slovensko-bratislavsky-kraj\/","title":{"rendered":"Mont\u00e1\u017en\u00ed firmy &#8211; Slovensko &#8211; Bratislavsk\u00fd kraj"},"content":{"rendered":"<div data-elementor-type=\"wp-page\" data-elementor-id=\"51862\" class=\"elementor elementor-51862\" data-elementor-post-type=\"page\">\n\t\t\t\t<div class=\"elementor-element elementor-element-fa9fefb e-flex e-con-boxed e-con e-parent\" data-id=\"fa9fefb\" data-element_type=\"container\">\n\t\t\t\t\t<div class=\"e-con-inner\">\n\t\t<div class=\"elementor-element elementor-element-48bccf3 e-con-full e-flex e-con e-child\" data-id=\"48bccf3\" data-element_type=\"container\">\n\t\t\t\t<div class=\"elementor-element elementor-element-e77ff89 elementor-widget elementor-widget-heading\" data-id=\"e77ff89\" data-element_type=\"widget\" data-widget_type=\"heading.default\">\n\t\t\t\t<div class=\"elementor-widget-container\">\n\t\t\t\t\t<h2 class=\"elementor-heading-title elementor-size-default\">Contatto<\/h2>\t\t\t\t<\/div>\n\t\t\t\t<\/div>\n\t\t\t\t<div class=\"elementor-element elementor-element-e0c6354 widget-divider-yes elementor-widget-tablet__width-inherit dt-nav-menu_align-left dt-sub-menu_align-left elementor-widget elementor-widget-the7_nav-menu\" data-id=\"e0c6354\" data-element_type=\"widget\" data-settings=\"{&quot;submenu_display&quot;:&quot;always&quot;}\" data-widget_type=\"the7_nav-menu.default\">\n\t\t\t\t<div class=\"elementor-widget-container\">\n\t\t\t\t\t<nav class=\"dt-nav-menu--main dt-nav-menu__container dt-sub-menu-display-always dt-icon-align- dt-icon-position- dt-sub-icon-position- dt-sub-icon-align-\"><ul class=\"dt-nav-menu\"><li class=\"menu-item menu-item-type-post_type menu-item-object-page menu-item-49802 first depth-0\"><a href='https:\/\/new.cetris.cz\/it\/kontakty\/' data-level='1'><span class=\"item-content\"><span class=\"menu-item-text\"><span class=\"menu-text\">S\u00eddlo a faktura\u010dn\u00ed adresa<\/span><\/span><\/span><span class=\"\" data-icon = \"\"> <\/span><\/a><\/li> <li class=\"menu-item menu-item-type-post_type menu-item-object-page menu-item-49806 depth-0\"><a href='https:\/\/new.cetris.cz\/it\/kontakty\/kontaktni-osoby\/' data-level='1'><span class=\"item-content\"><span class=\"menu-item-text\"><span class=\"menu-text\">Kontaktn\u00ed osoby<\/span><\/span><\/span><span class=\"\" data-icon = \"\"> <\/span><\/a><\/li> <li class=\"menu-item menu-item-type-post_type menu-item-object-page menu-item-49805 depth-0\"><a href='https:\/\/new.cetris.cz\/it\/kontakty\/prodejni-mista\/' data-level='1'><span class=\"item-content\"><span class=\"menu-item-text\"><span class=\"menu-text\">Prodejn\u00ed m\u00edsta<\/span><\/span><\/span><span class=\"\" data-icon = \"\"> <\/span><\/a><\/li> <li class=\"menu-item menu-item-type-post_type menu-item-object-page menu-item-52448 last depth-0\"><a href='https:\/\/new.cetris.cz\/it\/kontakty\/montazni-mista-filtr\/' data-level='1'><span class=\"item-content\"><span class=\"menu-item-text\"><span class=\"menu-text\">Mont\u00e1\u017en\u00ed firmy<\/span><\/span><\/span><span class=\"\" data-icon = \"\"> <\/span><\/a><\/li> <\/ul><\/nav>\t\t\t\t<\/div>\n\t\t\t\t<\/div>\n\t\t\t\t<\/div>\n\t\t<div class=\"elementor-element elementor-element-7cec6a0 e-con-full e-flex e-con e-child\" data-id=\"7cec6a0\" data-element_type=\"container\">\n\t\t<div class=\"elementor-element elementor-element-c280b93 e-con-full e-flex e-con e-child\" data-id=\"c280b93\" data-element_type=\"container\">\n\t\t\t\t<div class=\"elementor-element elementor-element-86416c8 elementor-widget elementor-widget-text-editor\" data-id=\"86416c8\" data-element_type=\"widget\" data-widget_type=\"text-editor.default\">\n\t\t\t\t<div class=\"elementor-widget-container\">\n\t\t\t\t\t\t\t\t\t<div class=\"row\"><div class=\"col-md-12\"><h4>Po\u017e\u00e1rn\u00ed aplikace<\/h4><p class=\"bold\"><strong>Firmy \u0161kolen\u00e9 v roce 2025<\/strong><\/p><\/div><\/div>\t\t\t\t\t\t\t\t<\/div>\n\t\t\t\t<\/div>\n\t\t\t\t<\/div>\n\t\t<div class=\"elementor-element elementor-element-751710e e-grid e-con-full e-con e-child\" data-id=\"751710e\" data-element_type=\"container\">\n\t\t\t\t<div class=\"elementor-element elementor-element-2104b9f elementor-widget elementor-widget-text-editor\" data-id=\"2104b9f\" data-element_type=\"widget\" data-widget_type=\"text-editor.default\">\n\t\t\t\t<div class=\"elementor-widget-container\">\n\t\t\t\t\t\t\t\t\t<p><strong>FINAL BA, s.r.o.<\/strong><\/p><p>Est\u00f3nska 3\/A, 821 06 Bratislava<\/p><p>Telefon: +421 905 969 214<\/p><p>Email: doktor@final.sk<\/p>\t\t\t\t\t\t\t\t<\/div>\n\t\t\t\t<\/div>\n\t\t\t\t<div class=\"elementor-element elementor-element-6217dc7 elementor-widget elementor-widget-text-editor\" data-id=\"6217dc7\" data-element_type=\"widget\" data-widget_type=\"text-editor.default\">\n\t\t\t\t<div class=\"elementor-widget-container\">\n\t\t\t\t\t\t\t\t\t<p><strong>TURAY PLUS, s.r.o.<\/strong><\/p><p>R\u016f\u017eov\u00e1 531\/4, 900 89 \u010cast\u00e1<\/p><p>Telefon: +421 902 635 262<\/p><p>Email: plus@stavebninycasta.sk<\/p>\t\t\t\t\t\t\t\t<\/div>\n\t\t\t\t<\/div>\n\t\t\t\t<\/div>\n\t\t\t\t<\/div>\n\t\t\t\t\t<\/div>\n\t\t\t\t<\/div>\n\t\t\t\t<\/div>","protected":false},"excerpt":{"rendered":"<p>Kontakty Po\u017e\u00e1rn\u00ed aplikace Firmy \u0161kolen\u00e9 v roce 2025 FINAL BA, s.r.o. Est\u00f3nska 3\/A, 821 06 Bratislava Telefon: +421 905 969 214 Email: doktor@final.sk TURAY PLUS, s.r.o. R\u016f\u017eov\u00e1 531\/4, 900 89 \u010cast\u00e1 Telefon: +421 902 635 262 Email: plus@stavebninycasta.sk<\/p>","protected":false},"author":1,"featured_media":0,"parent":49169,"menu_order":0,"comment_status":"closed","ping_status":"closed","template":"","meta":{"_acf_changed":false,"footnotes":""},"class_list":["post-51862","page","type-page","status-publish","hentry"],"acf":[],"_links":{"self":[{"href":"https:\/\/new.cetris.cz\/it\/wp-json\/wp\/v2\/pages\/51862","targetHints":{"allow":["GET"]}}],"collection":[{"href":"https:\/\/new.cetris.cz\/it\/wp-json\/wp\/v2\/pages"}],"about":[{"href":"https:\/\/new.cetris.cz\/it\/wp-json\/wp\/v2\/types\/page"}],"author":[{"embeddable":true,"href":"https:\/\/new.cetris.cz\/it\/wp-json\/wp\/v2\/users\/1"}],"replies":[{"embeddable":true,"href":"https:\/\/new.cetris.cz\/it\/wp-json\/wp\/v2\/comments?post=51862"}],"version-history":[{"count":4,"href":"https:\/\/new.cetris.cz\/it\/wp-json\/wp\/v2\/pages\/51862\/revisions"}],"predecessor-version":[{"id":51866,"href":"https:\/\/new.cetris.cz\/it\/wp-json\/wp\/v2\/pages\/51862\/revisions\/51866"}],"up":[{"embeddable":true,"href":"https:\/\/new.cetris.cz\/it\/wp-json\/wp\/v2\/pages\/49169"}],"wp:attachment":[{"href":"https:\/\/new.cetris.cz\/it\/wp-json\/wp\/v2\/media?parent=51862"}],"curies":[{"name":"wp","href":"https:\/\/api.w.org\/{rel}","templated":true}]}}