{"id":49274,"date":"2025-03-22T20:59:54","date_gmt":"2025-03-22T19:59:54","guid":{"rendered":"https:\/\/new.cetris.cz\/?page_id=49274"},"modified":"2026-03-30T10:56:22","modified_gmt":"2026-03-30T08:56:22","slug":"balkonove-aplikace","status":"publish","type":"page","link":"https:\/\/new.cetris.cz\/it\/systemy\/balkonove-aplikace\/","title":{"rendered":"Riempimento dei balconi"},"content":{"rendered":"<div data-elementor-type=\"wp-page\" data-elementor-id=\"49274\" class=\"elementor elementor-49274\" data-elementor-post-type=\"page\">\n\t\t\t\t<div class=\"elementor-element elementor-element-643012b3 elementor-hidden-tablet elementor-hidden-mobile e-flex e-con-boxed e-con e-parent\" data-id=\"643012b3\" data-element_type=\"container\" data-settings=\"{&quot;background_background&quot;:&quot;slideshow&quot;,&quot;background_slideshow_gallery&quot;:[{&quot;id&quot;:49230,&quot;url&quot;:&quot;https:\\\/\\\/new.cetris.cz\\\/wp-content\\\/uploads\\\/2025\\\/03\\\/balkony.jpg&quot;}],&quot;background_slideshow_loop&quot;:&quot;yes&quot;,&quot;background_slideshow_slide_duration&quot;:5000,&quot;background_slideshow_slide_transition&quot;:&quot;fade&quot;,&quot;background_slideshow_transition_duration&quot;:500}\">\n\t\t\t\t\t<div class=\"e-con-inner\">\n\t\t<div class=\"elementor-element elementor-element-60e70e4 e-con-full e-flex e-con e-child\" data-id=\"60e70e4\" data-element_type=\"container\" data-settings=\"{&quot;background_background&quot;:&quot;classic&quot;}\">\n\t\t<div class=\"elementor-element elementor-element-1a8363ba e-con-full e-flex e-con e-child\" data-id=\"1a8363ba\" data-element_type=\"container\">\n\t\t\t\t<\/div>\n\t\t<div class=\"elementor-element elementor-element-73b4fe50 e-con-full e-flex e-con e-child\" data-id=\"73b4fe50\" data-element_type=\"container\">\n\t\t\t\t<div class=\"elementor-element elementor-element-67f081c elementor-widget elementor-widget-image\" data-id=\"67f081c\" data-element_type=\"widget\" data-widget_type=\"image.default\">\n\t\t\t\t<div class=\"elementor-widget-container\">\n\t\t\t\t\t\t\t\t\t\t\t\t\t\t\t\t<a href=\"https:\/\/new.cetris.cz\/reference\/pouziti-balkonove-vyplne\/\">\n\t\t\t\t\t\t\t<img decoding=\"async\" src=\"https:\/\/new.cetris.cz\/wp-content\/uploads\/elementor\/thumbs\/ukazky-cetris-r2wjkhils1h0k0seetscmox37z394rqr7hdnhsqnk4.jpg\" title=\"ukazky-cetris\" alt=\"ukazky-cetris\" loading=\"lazy\" \/>\t\t\t\t\t\t\t\t<\/a>\n\t\t\t\t\t\t\t\t\t\t\t\t\t\t\t<\/div>\n\t\t\t\t<\/div>\n\t\t\t\t<div class=\"elementor-element elementor-element-613b586 elementor-hidden-tablet elementor-hidden-mobile elementor-grid-3 elementor-grid-tablet-2 elementor-grid-mobile-1 elementor-widget elementor-widget-portfolio\" data-id=\"613b586\" data-element_type=\"widget\" data-settings=\"{&quot;item_ratio&quot;:{&quot;unit&quot;:&quot;px&quot;,&quot;size&quot;:0.98,&quot;sizes&quot;:[]},&quot;row_gap&quot;:{&quot;unit&quot;:&quot;px&quot;,&quot;size&quot;:0,&quot;sizes&quot;:[]},&quot;columns&quot;:&quot;3&quot;,&quot;columns_tablet&quot;:&quot;2&quot;,&quot;columns_mobile&quot;:&quot;1&quot;,&quot;item_gap&quot;:{&quot;unit&quot;:&quot;px&quot;,&quot;size&quot;:&quot;&quot;,&quot;sizes&quot;:[]}}\" data-widget_type=\"portfolio.default\">\n\t\t\t\t<div class=\"elementor-widget-container\">\n\t\t\t\t\t\t\t<div class=\"elementor-portfolio elementor-grid elementor-posts-container\" role=\"list\">\n\t\t\t\t<article class=\"elementor-portfolio-item elementor-post  post-55208 post type-post status-publish format-standard has-post-thumbnail hentry category-cetris-balkonove-vyplne category-cetris-basic category-reference pouziti-balkonove-vyplne typ-desky-cetris-basic zeme-ceska-republika\" role=\"listitem\">\n\t\t\t<a class=\"elementor-post__thumbnail__link\" href=\"https:\/\/new.cetris.cz\/it\/pozarni-obklad-unikoveho-schodiste-interna-novy-bydzov-2\/\">\n\t\t\t\t<div class=\"elementor-portfolio-item__img elementor-post__thumbnail\">\n\t\t\t<img decoding=\"async\" width=\"200\" height=\"200\" src=\"https:\/\/new.cetris.cz\/wp-content\/uploads\/2025\/11\/IMG_20251113_124750-200x200.jpg\" class=\"attachment-woocommerce_gallery_thumbnail size-woocommerce_gallery_thumbnail wp-image-55199\" alt=\"\" srcset=\"https:\/\/new.cetris.cz\/wp-content\/uploads\/2025\/11\/IMG_20251113_124750-200x200.jpg 200w, https:\/\/new.cetris.cz\/wp-content\/uploads\/2025\/11\/IMG_20251113_124750-150x150.jpg 150w\" sizes=\"(max-width: 200px) 100vw, 200px\" \/>\t\t<\/div>\n\t\t\t\t<div class=\"elementor-portfolio-item__overlay\">\n\t\t\t\t<\/div>\n\t\t\t\t<\/a>\n\t\t<\/article>\n\t\t\t\t<article class=\"elementor-portfolio-item elementor-post  post-53186 post type-post status-publish format-standard has-post-thumbnail hentry category-cetris-balkonove-vyplne category-cetris-finish category-reference pouziti-balkonove-vyplne typ-desky-cetris-finish zeme-slovenska-republika\" role=\"listitem\">\n\t\t\t<a class=\"elementor-post__thumbnail__link\" href=\"https:\/\/new.cetris.cz\/it\/bytovy-dum-barevne-balkonove-vyplne\/\">\n\t\t\t\t<div class=\"elementor-portfolio-item__img elementor-post__thumbnail\">\n\t\t\t<img decoding=\"async\" width=\"200\" height=\"200\" src=\"https:\/\/new.cetris.cz\/wp-content\/uploads\/2025\/09\/644-200x200.jpg\" class=\"attachment-woocommerce_gallery_thumbnail size-woocommerce_gallery_thumbnail wp-image-53190\" alt=\"\" srcset=\"https:\/\/new.cetris.cz\/wp-content\/uploads\/2025\/09\/644-200x200.jpg 200w, https:\/\/new.cetris.cz\/wp-content\/uploads\/2025\/09\/644-300x300.jpg 300w, https:\/\/new.cetris.cz\/wp-content\/uploads\/2025\/09\/644-150x150.jpg 150w, https:\/\/new.cetris.cz\/wp-content\/uploads\/2025\/09\/644-12x12.jpg 12w, https:\/\/new.cetris.cz\/wp-content\/uploads\/2025\/09\/644.jpg 450w\" sizes=\"(max-width: 200px) 100vw, 200px\" \/>\t\t<\/div>\n\t\t\t\t<div class=\"elementor-portfolio-item__overlay\">\n\t\t\t\t<\/div>\n\t\t\t\t<\/a>\n\t\t<\/article>\n\t\t\t\t<article class=\"elementor-portfolio-item elementor-post  post-53020 post type-post status-publish format-standard has-post-thumbnail hentry category-cetris-balkonove-vyplne category-cetris-finish category-reference pouziti-balkonove-vyplne typ-desky-cetris-finish zeme-ceska-republika\" role=\"listitem\">\n\t\t\t<a class=\"elementor-post__thumbnail__link\" href=\"https:\/\/new.cetris.cz\/it\/zabradli-na-balkonech\/\">\n\t\t\t\t<div class=\"elementor-portfolio-item__img elementor-post__thumbnail\">\n\t\t\t<img decoding=\"async\" width=\"200\" height=\"200\" src=\"https:\/\/new.cetris.cz\/wp-content\/uploads\/2025\/09\/1090-sam6060-200x200.jpg\" class=\"attachment-woocommerce_gallery_thumbnail size-woocommerce_gallery_thumbnail wp-image-53027\" alt=\"\" srcset=\"https:\/\/new.cetris.cz\/wp-content\/uploads\/2025\/09\/1090-sam6060-200x200.jpg 200w, https:\/\/new.cetris.cz\/wp-content\/uploads\/2025\/09\/1090-sam6060-150x150.jpg 150w\" sizes=\"(max-width: 200px) 100vw, 200px\" \/>\t\t<\/div>\n\t\t\t\t<div class=\"elementor-portfolio-item__overlay\">\n\t\t\t\t<\/div>\n\t\t\t\t<\/a>\n\t\t<\/article>\n\t\t\t\t<\/div>\n\t\t\t\t\t\t<\/div>\n\t\t\t\t<\/div>\n\t\t\t\t<\/div>\n\t\t\t\t<\/div>\n\t\t\t\t\t<\/div>\n\t\t\t\t<\/div>\n\t\t<div class=\"elementor-element elementor-element-320a0770 elementor-hidden-desktop e-flex e-con-boxed e-con e-parent\" data-id=\"320a0770\" data-element_type=\"container\" data-settings=\"{&quot;background_background&quot;:&quot;slideshow&quot;,&quot;background_slideshow_gallery&quot;:[{&quot;id&quot;:49230,&quot;url&quot;:&quot;https:\\\/\\\/new.cetris.cz\\\/wp-content\\\/uploads\\\/2025\\\/03\\\/balkony.jpg&quot;}],&quot;background_slideshow_loop&quot;:&quot;yes&quot;,&quot;background_slideshow_slide_duration&quot;:5000,&quot;background_slideshow_slide_transition&quot;:&quot;fade&quot;,&quot;background_slideshow_transition_duration&quot;:500}\">\n\t\t\t\t\t<div class=\"e-con-inner\">\n\t\t<div class=\"elementor-element elementor-element-bfc6030 e-con-full e-flex e-con e-child\" data-id=\"bfc6030\" data-element_type=\"container\" data-settings=\"{&quot;background_background&quot;:&quot;classic&quot;}\">\n\t\t<div class=\"elementor-element elementor-element-49eee82e e-flex e-con-boxed e-con e-child\" data-id=\"49eee82e\" data-element_type=\"container\">\n\t\t\t\t\t<div class=\"e-con-inner\">\n\t\t\t\t\t<\/div>\n\t\t\t\t<\/div>\n\t\t<div class=\"elementor-element elementor-element-3219233d e-con-full e-flex e-con e-child\" data-id=\"3219233d\" data-element_type=\"container\" data-settings=\"{&quot;background_background&quot;:&quot;classic&quot;}\">\n\t\t\t\t<div class=\"elementor-element elementor-element-178c5c17 elementor-mobile-align-justify elementor-widget-mobile__width-inherit elementor-tablet-align-justify elementor-widget elementor-widget-the7_button_widget\" data-id=\"178c5c17\" data-element_type=\"widget\" data-widget_type=\"the7_button_widget.default\">\n\t\t\t\t<div class=\"elementor-widget-container\">\n\t\t\t\t\t<div class=\"elementor-button-wrapper\"><button class=\"box-button elementor-button elementor-size-xl\">Uk\u00e1zky aplikac\u00ed<svg xmlns:xlink=\"http:\/\/www.w3.org\/1999\/xlink\" xmlns=\"http:\/\/www.w3.org\/2000\/svg\" class=\"svgicon shape-ukazky\" width=\"80\" height=\"50\"><defs><symbol id=\"shape-ukazky\" viewbox=\"0 0 59.527 36.814\"><path d=\"M52.931 29.242a.918.918 0 0 1-1.44 1.137l-11.797-14.93-10.358 11.918-.02.025a.951.951 0 0 1-.052.057l-2.606 3a.92.92 0 0 1-1.391-1.203l2.027-2.332-6.088-5.045-13.385 8.748a.921.921 0 0 1-1.007-1.541l13.954-9.12a.921.921 0 0 1 1.108.075l6.627 5.492L39.031 13.41l.001.001a.919.919 0 0 1 1.414.031l12.485 15.8zM15.481 9.616a3.757 3.757 0 0 0-2.662-1.103c-1.04 0-1.981.422-2.662 1.103a3.752 3.752 0 0 0-1.104 2.663c0 1.039.422 1.981 1.104 2.662a3.753 3.753 0 0 0 2.662 1.103c1.039 0 1.98-.421 2.662-1.103s1.103-1.623 1.103-2.662a3.75 3.75 0 0 0-1.103-2.663zm-2.662-2.947c1.549 0 2.951.628 3.966 1.643a5.591 5.591 0 0 1 1.643 3.966c0 1.548-.628 2.951-1.643 3.965s-2.417 1.643-3.966 1.643-2.951-.628-3.966-1.643-1.643-2.417-1.643-3.965c0-1.549.628-2.951 1.643-3.966a5.597 5.597 0 0 1 3.966-1.643zm42.542-4.826H4.167c-.639 0-1.22.262-1.641.683a2.318 2.318 0 0 0-.683 1.64v28.482c0 .637.262 1.219.683 1.639a2.314 2.314 0 0 0 1.641.684h51.194c.638 0 1.219-.262 1.64-.684.421-.42.684-1.002.684-1.639V4.166a2.32 2.32 0 0 0-.684-1.64 2.317 2.317 0 0 0-1.64-.683zM4.167 0h51.194c1.146 0 2.188.469 2.943 1.224a4.155 4.155 0 0 1 1.223 2.943v28.482a4.158 4.158 0 0 1-1.223 2.943 4.158 4.158 0 0 1-2.943 1.223H4.167a4.156 4.156 0 0 1-2.943-1.223A4.157 4.157 0 0 1 0 32.648V4.166C0 3.02.469 1.978 1.224 1.223A4.156 4.156 0 0 1 4.167 0z\"><\/path><\/symbol><\/defs><use xlink:href=\"#shape-ukazky\"><\/use><\/svg><\/button><\/div>\t\t\t\t<\/div>\n\t\t\t\t<\/div>\n\t\t\t\t<\/div>\n\t\t\t\t<\/div>\n\t\t\t\t\t<\/div>\n\t\t\t\t<\/div>\n\t\t<div class=\"elementor-element elementor-element-69d18f5c e-flex e-con-boxed e-con e-parent\" data-id=\"69d18f5c\" data-element_type=\"container\">\n\t\t\t\t\t<div class=\"e-con-inner\">\n\t\t<div class=\"elementor-element elementor-element-71e6cf2 e-con-full elementor-hidden-tablet elementor-hidden-mobile e-flex e-con e-child\" data-id=\"71e6cf2\" data-element_type=\"container\">\n\t\t\t\t<div class=\"elementor-element elementor-element-5e63a091 elementor-hidden-tablet elementor-hidden-mobile elementor-widget elementor-widget-heading\" data-id=\"5e63a091\" data-element_type=\"widget\" data-widget_type=\"heading.default\">\n\t\t\t\t<div class=\"elementor-widget-container\">\n\t\t\t\t\t<h2 class=\"elementor-heading-title elementor-size-default\">Utilizzo<\/h2>\t\t\t\t<\/div>\n\t\t\t\t<\/div>\n\t\t\t\t<div class=\"elementor-element elementor-element-135a6137 widget-divider-yes elementor-widget-tablet__width-inherit elementor-hidden-tablet elementor-hidden-mobile dt-nav-menu_align-left dt-sub-menu_align-left elementor-widget elementor-widget-the7_nav-menu\" data-id=\"135a6137\" data-element_type=\"widget\" data-settings=\"{&quot;submenu_display&quot;:&quot;always&quot;}\" data-widget_type=\"the7_nav-menu.default\">\n\t\t\t\t<div class=\"elementor-widget-container\">\n\t\t\t\t\t<nav class=\"dt-nav-menu--main dt-nav-menu__container dt-sub-menu-display-always dt-icon-align- dt-icon-position- dt-sub-icon-position- dt-sub-icon-align-\"><ul class=\"dt-nav-menu\"><li class=\"menu-item menu-item-type-custom menu-item-object-custom menu-item-48993 first depth-0\"><a href='\/systemy\/stenove-systemy\/' data-level='1'><span class=\"item-content\"><span class=\"menu-item-text\"><span class=\"menu-text\">Muri<\/span><\/span><\/span><span class=\"\" data-icon = \"\"> <\/span><\/a><\/li> <li class=\"menu-item menu-item-type-custom menu-item-object-custom menu-item-48994 depth-0\"><a href='\/systemy\/fasadni-systemy\/' data-level='1'><span class=\"item-content\"><span class=\"menu-item-text\"><span class=\"menu-text\">Facciate<\/span><\/span><\/span><span class=\"\" data-icon = \"\"> <\/span><\/a><\/li> <li class=\"menu-item menu-item-type-custom menu-item-object-custom menu-item-48995 depth-0\"><a href='\/systemy\/podlahove-systemy\/' data-level='1'><span class=\"item-content\"><span class=\"menu-item-text\"><span class=\"menu-text\">Pavimenti<\/span><\/span><\/span><span class=\"\" data-icon = \"\"> <\/span><\/a><\/li> <li class=\"menu-item menu-item-type-custom menu-item-object-custom menu-item-48996 depth-0\"><a href='\/systemy\/stresni-systemy\/' data-level='1'><span class=\"item-content\"><span class=\"menu-item-text\"><span class=\"menu-text\">Tetti<\/span><\/span><\/span><span class=\"\" data-icon = \"\"> <\/span><\/a><\/li> <li class=\"menu-item menu-item-type-custom menu-item-object-custom menu-item-48997 depth-0\"><a href='\/systemy\/pozarni-systemy\/' data-level='1'><span class=\"item-content\"><span class=\"menu-item-text\"><span class=\"menu-text\">Applicazioni di protezione antincendio<\/span><\/span><\/span><span class=\"\" data-icon = \"\"> <\/span><\/a><\/li> <li class=\"menu-item menu-item-type-custom menu-item-object-custom menu-item-48998 depth-0\"><a href='\/systemy\/podhledy-a-sokly\/' data-level='1'><span class=\"item-content\"><span class=\"menu-item-text\"><span class=\"menu-text\">Soffitti e zoccoli<\/span><\/span><\/span><span class=\"\" data-icon = \"\"> <\/span><\/a><\/li> <li class=\"menu-item menu-item-type-custom menu-item-object-custom menu-item-48999 depth-0\"><a href='\/systemy\/balkonove-aplikace\/' data-level='1'><span class=\"item-content\"><span class=\"menu-item-text\"><span class=\"menu-text\">Riempimento dei balconi<\/span><\/span><\/span><span class=\"\" data-icon = \"\"> <\/span><\/a><\/li> <li class=\"menu-item menu-item-type-custom menu-item-object-custom menu-item-49000 depth-0\"><a href='\/systemy\/ostatni-systemy\/' data-level='1'><span class=\"item-content\"><span class=\"menu-item-text\"><span class=\"menu-text\">Costruzioni di trasporto<\/span><\/span><\/span><span class=\"\" data-icon = \"\"> <\/span><\/a><\/li> <li class=\"menu-item menu-item-type-custom menu-item-object-custom menu-item-49001 depth-0\"><a href='\/systemy\/vytahove-sachty\/' data-level='1'><span class=\"item-content\"><span class=\"menu-item-text\"><span class=\"menu-text\">Opl\u00e1\u0161t\u011bn\u00ed v\u00fdtahov\u00fdch \u0161achet deskami CETRIS<\/span><\/span><\/span><span class=\"\" data-icon = \"\"> <\/span><\/a><\/li> <li class=\"menu-item menu-item-type-custom menu-item-object-custom menu-item-49002 last depth-0\"><a href='https:\/\/www.cetrishobby.cz\/' data-level='1'><span class=\"item-content\"><span class=\"menu-item-text\"><span class=\"menu-text\">HOBBY<\/span><\/span><\/span><span class=\"\" data-icon = \"\"> <\/span><\/a><\/li> <\/ul><\/nav>\t\t\t\t<\/div>\n\t\t\t\t<\/div>\n\t\t\t\t<\/div>\n\t\t<div class=\"elementor-element elementor-element-1041ad41 e-con-full e-flex e-con e-child\" data-id=\"1041ad41\" data-element_type=\"container\">\n\t\t\t\t<div class=\"elementor-element elementor-element-5e3cf5b9 elementor-widget elementor-widget-text-editor\" data-id=\"5e3cf5b9\" data-element_type=\"widget\" data-widget_type=\"text-editor.default\">\n\t\t\t\t<div class=\"elementor-widget-container translation-block\">Cementot\u0159\u00edskov\u00e1 deska CETRIS<sup>\u00ae<\/sup> se pro vysokou odolnost v\u016f\u010di pov\u011btrnostn\u00edm vliv\u016fm, ohni a mechanick\u00e9mu poru\u0161en\u00ed mimo jin\u00e9 pou\u017e\u00edv\u00e1 i jako obkladov\u00fd prvek v exteri\u00e9ru. Krom\u011b opl\u00e1\u0161t\u011bn\u00ed objekt\u016f je mo\u017en\u00e9 u\u017e\u00edt desku CETRIS<sup>\u00ae<\/sup> jako v\u00fdpl\u0148 z\u00e1bradl\u00ed schodi\u0161\u0165, balk\u00f3n\u016f, teras, lod\u017ei\u00ed apod.<\/div>\n\t\t\t\t<\/div>\n\t\t\t\t<div class=\"elementor-element elementor-element-6e54ab7b elementor-widget elementor-widget-text-editor\" data-id=\"6e54ab7b\" data-element_type=\"widget\" data-widget_type=\"text-editor.default\">\n\t\t\t\t<div class=\"elementor-widget-container\">\n\t\t\t\t\t\t\t\t\t<p>Bezpe\u010dnost a pou\u017eitelnost v\u00fdpln\u00ed z\u00e1bradl\u00ed na balkonech, teras\u00e1ch, lod\u017ei\u00ed se posuzuje podle normy \u010cSN 74 3305 Ochrann\u00e1 z\u00e1bradl\u00ed. Kritickou zkou\u0161kou je ov\u011b\u0159en\u00ed spolehlivosti z\u00e1bradeln\u00ed v\u00fdpln\u011b na \u00fa\u010dinky r\u00e1zov\u00e9ho zat\u00ed\u017een\u00ed. P\u0159i tomto testu mus\u00ed v\u00fdpl\u0148 z\u00e1bradl\u00ed odolat m\u011bkk\u00e9mu r\u00e1zu s energi\u00ed r\u00e1zu a\u017e 250 J.<\/p>\t\t\t\t\t\t\t\t<\/div>\n\t\t\t\t<\/div>\n\t\t\t\t<div class=\"elementor-element elementor-element-b2f2584 elementor-widget elementor-widget-text-editor\" data-id=\"b2f2584\" data-element_type=\"widget\" data-widget_type=\"text-editor.default\">\n\t\t\t\t<div class=\"elementor-widget-container translation-block\">Tato r\u00e1zov\u00e1 zkou\u0161ka slou\u017e\u00ed k prok\u00e1z\u00e1n\u00ed bezpe\u010dnosti z\u00e1bradeln\u00ed v\u00fdpln\u011b p\u0159i n\u00e1razu osoby. Zku\u0161ebn\u00ed vzorek, kter\u00fd odpov\u00edd\u00e1 re\u00e1ln\u00e9mu proveden\u00ed je vystaven \u00fa\u010dinky n\u00e1razu zku\u0161ebn\u00edho t\u011blesa dopadaj\u00edc\u00edho s po\u017eadovanou energi\u00ed kolmo na povrch v\u00fdpln\u011b. M\u011bkk\u00fd r\u00e1z p\u0159edstavuje vak napln\u011bn\u00fd sklen\u011bn\u00fdmi kuli\u010dkami pr\u016fm\u011bru 3 mm o celkov\u00e9 hmotnosti 50 kg. Bod n\u00e1razu se vol\u00ed do m\u00edst s nejmen\u0161\u00ed odolnost\u00ed v\u00fdpln\u011b \u2013 nej\u010dast\u011bji st\u0159ed v\u00fdpln\u011b. Po n\u00e1razu je hodnocen stav v\u00fdpln\u011b \u2013 mimo jin\u00e9 nesm\u00ed doj\u00edt k vytvo\u0159en\u00ed otvoru, kter\u00fdm by pro\u0161la koule o pr\u016fm\u011bru 76 mm, pop\u0159\u00edpad\u011b nesm\u00ed vzniknout trhlina a\u017e k okraji v\u00fdpln\u011b. Na z\u00e1klad\u011b t\u011bchto test\u016f je nutn\u00e9 pou\u017eit\u00ed minim\u00e1ln\u00ed tlou\u0161\u0165ky cementot\u0159\u00edskov\u00e9 desky CETRIS<sup>\u00ae<\/sup> 14 mm, zp\u016fsob uchycen\u00ed a kotven\u00ed je pops\u00e1n v technick\u00fdch listech.<\/div>\n\t\t\t\t<\/div>\n\t\t\t\t<div class=\"elementor-element elementor-element-b756246 elementor-widget elementor-widget-text-editor\" data-id=\"b756246\" data-element_type=\"widget\" data-widget_type=\"text-editor.default\">\n\t\t\t\t<div class=\"elementor-widget-container\">\n\t\t\t\t\t\t\t\t\t<p class=\" translation-block\">Pro tyto aplikace jsou ur\u010deny cementot\u0159\u00edskov\u00e9 desky CETRIS<sup>\u00ae<\/sup> FINISH. Desky CETRIS<sup>\u00ae<\/sup> FINISH maj\u00ed l\u00edc a hrany o\u0161et\u0159en\u00e9 z\u00e1kladn\u00edm n\u00e1t\u011brem a fin\u00e1ln\u00edm n\u00e1t\u011brem (odst\u00edn dle <a href=\"https:\/\/new.cetris.cz\/vzornik-barev-ral\/\" target=\"_blank\" rel=\"noopener\">RAL<\/a>, <a href=\"https:\/\/new.cetris.cz\/vzornik-barev-ncs\/\" target=\"_blank\" rel=\"noopener\">NCS<\/a> \u2013 vhodnost barevn\u00e9ho odst\u00ednu konzultujte s v\u00fdrobcem). Rubov\u00e1 strana desek CETRIS<sup>\u00ae<\/sup> FINISH m\u016f\u017ee b\u00fdt p\u0159i vy\u017e\u00e1d\u00e1n\u00ed z\u00e1kazn\u00edkem o\u0161et\u0159ena z\u00e1kladn\u00edm n\u00e1t\u011brem \u2013 penetrac\u00ed v b\u00edl\u00e9 barv\u011b. Tato povrchov\u00e1 \u00faprava pochopiteln\u011b nen\u00ed stejn\u011b pln\u011b kryv\u00e1 jako na l\u00edcov\u00e9 stran\u011b. Pro dosa\u017een\u00ed stejn\u00e9ho vzhledu doporu\u010dujeme rubovou stranu opat\u0159it vrchn\u00edm n\u00e1t\u011brem na stavb\u011b.<\/p>\t\t\t\t\t\t\t\t<\/div>\n\t\t\t\t<\/div>\n\t\t<div class=\"elementor-element elementor-element-71038d9e e-con-full e-flex e-con e-child\" data-id=\"71038d9e\" data-element_type=\"container\">\n\t\t\t\t<div class=\"elementor-element elementor-element-4633ea56 elementor-widget elementor-widget-text-editor\" data-id=\"4633ea56\" data-element_type=\"widget\" data-widget_type=\"text-editor.default\">\n\t\t\t\t<div class=\"elementor-widget-container\">\n\t\t\t\t\t\t\t\t\t<p>Jak vybrat spr\u00e1vnou desku:<\/p>\t\t\t\t\t\t\t\t<\/div>\n\t\t\t\t<\/div>\n\t\t\t\t<div class=\"elementor-element elementor-element-45a12482 elementor-mobile-align-justify elementor-widget-mobile__width-inherit elementor-widget elementor-widget-the7_button_widget\" data-id=\"45a12482\" data-element_type=\"widget\" data-widget_type=\"the7_button_widget.default\">\n\t\t\t\t<div class=\"elementor-widget-container\">\n\t\t\t\t\t<div class=\"elementor-button-wrapper\"><a href=\"https:\/\/new.cetris.cz\/interaktivni-pruvodci\/pruvodce-balkony\/\" class=\"box-button elementor-button elementor-size-xl\">Interaktivn\u00ed pr\u016fvodce<svg aria-hidden=\"true\" class=\"elementor-button-icon e-font-icon-svg e-fas-book-open\" viewbox=\"0 0 576 512\" xmlns=\"http:\/\/www.w3.org\/2000\/svg\"><path d=\"M542.22 32.05c-54.8 3.11-163.72 14.43-230.96 55.59-4.64 2.84-7.27 7.89-7.27 13.17v363.87c0 11.55 12.63 18.85 23.28 13.49 69.18-34.82 169.23-44.32 218.7-46.92 16.89-.89 30.02-14.43 30.02-30.66V62.75c.01-17.71-15.35-31.74-33.77-30.7zM264.73 87.64C197.5 46.48 88.58 35.17 33.78 32.05 15.36 31.01 0 45.04 0 62.75V400.6c0 16.24 13.13 29.78 30.02 30.66 49.49 2.6 149.59 12.11 218.77 46.95 10.62 5.35 23.21-1.94 23.21-13.46V100.63c0-5.29-2.62-10.14-7.27-12.99z\"><\/path><\/svg><\/a><\/div>\t\t\t\t<\/div>\n\t\t\t\t<\/div>\n\t\t\t\t<div class=\"elementor-element elementor-element-34fd5f2e elementor-mobile-align-justify elementor-widget-mobile__width-inherit elementor-widget elementor-widget-the7_button_widget\" data-id=\"34fd5f2e\" data-element_type=\"widget\" data-widget_type=\"the7_button_widget.default\">\n\t\t\t\t<div class=\"elementor-widget-container\">\n\t\t\t\t\t<div class=\"elementor-button-wrapper\"><a href=\"https:\/\/new.cetris.cz\/wp-content\/uploads\/2026\/03\/vyplne-zabradli-balkon-2023.pdf\" target=\"_blank\" class=\"box-button elementor-button elementor-size-xl\">St\u00e1hnout informace<svg aria-hidden=\"true\" class=\"elementor-button-icon e-font-icon-svg e-fas-download\" viewbox=\"0 0 512 512\" xmlns=\"http:\/\/www.w3.org\/2000\/svg\"><path d=\"M216 0h80c13.3 0 24 10.7 24 24v168h87.7c17.8 0 26.7 21.5 14.1 34.1L269.7 378.3c-7.5 7.5-19.8 7.5-27.3 0L90.1 226.1c-12.6-12.6-3.7-34.1 14.1-34.1H192V24c0-13.3 10.7-24 24-24zm296 376v112c0 13.3-10.7 24-24 24H24c-13.3 0-24-10.7-24-24V376c0-13.3 10.7-24 24-24h146.7l49 49c20.1 20.1 52.5 20.1 72.6 0l49-49H488c13.3 0 24 10.7 24 24zm-124 88c0-11-9-20-20-20s-20 9-20 20 9 20 20 20 20-9 20-20zm64 0c0-11-9-20-20-20s-20 9-20 20 9 20 20 20 20-9 20-20z\"><\/path><\/svg><\/a><\/div>\t\t\t\t<\/div>\n\t\t\t\t<\/div>\n\t\t\t\t<\/div>\n\t\t\t\t<\/div>\n\t\t\t\t\t<\/div>\n\t\t\t\t<\/div>\n\t\t\t\t<\/div>","protected":false},"excerpt":{"rendered":"<p>Uk\u00e1zky aplikac\u00ed Pou\u017eit\u00ed Cementot\u0159\u00edskov\u00e1 deska CETRIS\u00ae se pro vysokou odolnost v\u016f\u010di pov\u011btrnostn\u00edm vliv\u016fm, ohni a mechanick\u00e9mu poru\u0161en\u00ed mimo jin\u00e9 pou\u017e\u00edv\u00e1 i jako obkladov\u00fd prvek v exteri\u00e9ru. Krom\u011b opl\u00e1\u0161t\u011bn\u00ed objekt\u016f je mo\u017en\u00e9 u\u017e\u00edt desku CETRIS\u00ae jako v\u00fdpl\u0148 z\u00e1bradl\u00ed schodi\u0161\u0165, balk\u00f3n\u016f, teras, lod\u017ei\u00ed apod. Bezpe\u010dnost a pou\u017eitelnost v\u00fdpln\u00ed z\u00e1bradl\u00ed na balkonech, teras\u00e1ch, lod\u017ei\u00ed se posuzuje podle normy&hellip;<\/p>","protected":false},"author":2,"featured_media":0,"parent":48991,"menu_order":0,"comment_status":"closed","ping_status":"closed","template":"","meta":{"_acf_changed":false,"footnotes":""},"class_list":["post-49274","page","type-page","status-publish","hentry"],"acf":[],"_links":{"self":[{"href":"https:\/\/new.cetris.cz\/it\/wp-json\/wp\/v2\/pages\/49274","targetHints":{"allow":["GET"]}}],"collection":[{"href":"https:\/\/new.cetris.cz\/it\/wp-json\/wp\/v2\/pages"}],"about":[{"href":"https:\/\/new.cetris.cz\/it\/wp-json\/wp\/v2\/types\/page"}],"author":[{"embeddable":true,"href":"https:\/\/new.cetris.cz\/it\/wp-json\/wp\/v2\/users\/2"}],"replies":[{"embeddable":true,"href":"https:\/\/new.cetris.cz\/it\/wp-json\/wp\/v2\/comments?post=49274"}],"version-history":[{"count":25,"href":"https:\/\/new.cetris.cz\/it\/wp-json\/wp\/v2\/pages\/49274\/revisions"}],"predecessor-version":[{"id":55538,"href":"https:\/\/new.cetris.cz\/it\/wp-json\/wp\/v2\/pages\/49274\/revisions\/55538"}],"up":[{"embeddable":true,"href":"https:\/\/new.cetris.cz\/it\/wp-json\/wp\/v2\/pages\/48991"}],"wp:attachment":[{"href":"https:\/\/new.cetris.cz\/it\/wp-json\/wp\/v2\/media?parent=49274"}],"curies":[{"name":"wp","href":"https:\/\/api.w.org\/{rel}","templated":true}]}}