{"id":49179,"date":"2025-03-11T13:15:28","date_gmt":"2025-03-11T12:15:28","guid":{"rendered":"https:\/\/new.cetris.cz\/?page_id=49179"},"modified":"2025-04-22T13:42:29","modified_gmt":"2025-04-22T11:42:29","slug":"bimproject-cloud","status":"publish","type":"page","link":"https:\/\/new.cetris.cz\/it\/cetis-bim\/bimproject-cloud\/","title":{"rendered":"bimproject.cloud"},"content":{"rendered":"<div data-elementor-type=\"wp-page\" data-elementor-id=\"49179\" class=\"elementor elementor-49179\" data-elementor-post-type=\"page\">\n\t\t\t\t<div class=\"elementor-element elementor-element-5293eea e-flex e-con-boxed e-con e-parent\" data-id=\"5293eea\" data-element_type=\"container\">\n\t\t\t\t\t<div class=\"e-con-inner\">\n\t\t<div class=\"elementor-element elementor-element-97bd939 e-con-full elementor-hidden-tablet elementor-hidden-mobile e-flex e-con e-child\" data-id=\"97bd939\" data-element_type=\"container\">\n\t\t\t\t<div class=\"elementor-element elementor-element-39aab53 elementor-hidden-tablet elementor-hidden-mobile elementor-widget elementor-widget-heading\" data-id=\"39aab53\" data-element_type=\"widget\" data-widget_type=\"heading.default\">\n\t\t\t\t<div class=\"elementor-widget-container\">\n\t\t\t\t\t<h2 class=\"elementor-heading-title elementor-size-default\">BIM<\/h2>\t\t\t\t<\/div>\n\t\t\t\t<\/div>\n\t\t\t\t<div class=\"elementor-element elementor-element-f9d8f20 widget-divider-yes elementor-widget-tablet__width-inherit elementor-hidden-tablet elementor-hidden-mobile dt-nav-menu_align-left dt-sub-menu_align-left elementor-widget elementor-widget-the7_nav-menu\" data-id=\"f9d8f20\" data-element_type=\"widget\" data-settings=\"{&quot;submenu_display&quot;:&quot;always&quot;}\" data-widget_type=\"the7_nav-menu.default\">\n\t\t\t\t<div class=\"elementor-widget-container\">\n\t\t\t\t\t<nav class=\"dt-nav-menu--main dt-nav-menu__container dt-sub-menu-display-always dt-icon-align- dt-icon-position- dt-sub-icon-position- dt-sub-icon-align-\"><ul class=\"dt-nav-menu\"><li class=\"menu-item menu-item-type-post_type menu-item-object-page menu-item-49665 first depth-0\"><a href='https:\/\/new.cetris.cz\/it\/cetis-bim\/bim-deksoft\/' data-level='1'><span class=\"item-content\"><span class=\"menu-item-text\"><span class=\"menu-text\">BIM DEKSOFT<\/span><\/span><\/span><span class=\"\" data-icon = \"\"> <\/span><\/a><\/li> <li class=\"menu-item menu-item-type-post_type menu-item-object-page menu-item-49664 last depth-0\"><a href='https:\/\/new.cetris.cz\/it\/cetis-bim\/bimproject-cloud\/' data-level='1'><span class=\"item-content\"><span class=\"menu-item-text\"><span class=\"menu-text\">bimproject.cloud<\/span><\/span><\/span><span class=\"\" data-icon = \"\"> <\/span><\/a><\/li> <\/ul><\/nav>\t\t\t\t<\/div>\n\t\t\t\t<\/div>\n\t\t\t\t<\/div>\n\t\t<div class=\"elementor-element elementor-element-431c663 e-con-full e-flex e-con e-child\" data-id=\"431c663\" data-element_type=\"container\">\n\t\t\t\t<div class=\"elementor-element elementor-element-4ee08eb elementor-widget elementor-widget-text-editor\" data-id=\"4ee08eb\" data-element_type=\"widget\" data-widget_type=\"text-editor.default\">\n\t\t\t\t<div class=\"elementor-widget-container\">\n\t\t\t\t\t\t\t\t\t<div class=\"row\"><div class=\"col-md-9 col-md-offset-3\"><div class=\"row\"><div class=\"col-md-9 col-md-offset-3\"><h2>V\u00fdrobky CETRIS pro BIM v bimproject.cloud<\/h2><\/div><\/div><div class=\"row\"><div class=\"col-md-9 col-md-push-3\"><p>Digitalizace a postupn\u00e1 adaptace BIM procesu p\u0159in\u00e1\u0161\u00ed mnoho v\u00fdhod, ale i v\u00fdzev. P\u0159ib\u00fdv\u00e1 investor\u016f, kte\u0159\u00ed pracuj\u00ed s BIM modelem a po\u017eaduj\u00ed tak ji\u017e ve f\u00e1zi n\u00e1vrhu datov\u00e9 BIM modely. Stejn\u011b tak jsou po\u017eadavky od dodavatel\u016f staveb a spr\u00e1vc\u016f budov na zpracov\u00e1n\u00ed As-built BIM model\u016f, tzn. skute\u010dn\u00e9ho proveden\u00ed stavby, kde informace o dodan\u00fdch v\u00fdrobc\u00edch budou uchov\u00e1ny pro budouc\u00ed vyu\u017eit\u00ed.<\/p><p class=\" translation-block\">Jako architekt\u016fm a projektant\u016fm, kte\u0159\u00ed zpracov\u00e1vaj\u00ed sv\u00e9 projekty v BIM v\u00e1m v tomto pom\u016f\u017ee n\u00e1stroj <a href=\"https:\/\/bimproject.cloud\/\" target=\"_blank\" rel=\"noopener\">bimproject.cloud<\/a>. Rychlou administraci po\u017eadavk\u016f na konstrukce a v\u00fdrobky i jejich n\u00e1slednou specifikaci m\u016f\u017eete m\u00edt hotovou za n\u011bkolik vte\u0159in. Konstrukce i materi\u00e1ly si v BIM modelu vytvo\u0159\u00edte automaticky, zdarma a jejich geometrie i seznam parametr\u016f budou p\u0159esn\u011b podle Va\u0161ich p\u0159edstav. Propojen\u00ed n\u00e1stroje bimproject.cloud a projek\u010dn\u00edho BIM softwaru zaji\u0161\u0165uje plugin, kter\u00fd je pro ofici\u00e1ln\u011b podporovan\u00e9 verze Revitu, Archicadu i Allplanu tak\u00e9 zdarma ke sta\u017een\u00ed na webu <a href=\"https:\/\/bimproject.cloud\/downloads\" target=\"_blank\" rel=\"noopener\">bimproject.cloud<\/a>. Plugin se spou\u0161t\u00ed i aktualizuje automaticky a nemus\u00edte se o n\u011bj po instalaci u\u017e nijak starat.<\/p><p>N\u00e1stroj obsahuje aktu\u00e1ln\u00ed datab\u00e1zi v\u00fdrobk\u016f CETRIS poskytovanou a udr\u017eovanou p\u0159\u00edmo v\u00fdrobcem. M\u016f\u017eete tak\u00e9 vyu\u017e\u00edt kompletn\u00ed lokalizaci v 10ti jazyc\u00edch a prost\u0159ed\u00ed aplikace v dal\u0161\u00edch 12ti jazyc\u00edch.<\/p><p>\u00a0<\/p><\/div><\/div><\/div><\/div>\t\t\t\t\t\t\t\t<\/div>\n\t\t\t\t<\/div>\n\t\t\t\t<div class=\"elementor-element elementor-element-f8341c8 elementor-align-center elementor-widget elementor-widget-the7_button_widget\" data-id=\"f8341c8\" data-element_type=\"widget\" data-widget_type=\"the7_button_widget.default\">\n\t\t\t\t<div class=\"elementor-widget-container\">\n\t\t\t\t\t<div class=\"elementor-button-wrapper\"><a href=\"https:\/\/app.bimproject.cloud\/dashboard\/specifications\" target=\"_blank\" class=\"box-button elementor-button elementor-size-lg\">OTEV\u0158\u00cdT BIMPROJECT.CLOUD<svg xmlns:xlink=\"http:\/\/www.w3.org\/1999\/xlink\" xmlns=\"http:\/\/www.w3.org\/2000\/svg\" class=\"svgicon shape-sipka-right-bold\" width=\"283.464\" height=\"283.464\"><defs><symbol id=\"shape-sipka-right-bold\" viewbox=\"0 0 283.464 283.464\"><switch><g><path clip-rule=\"evenodd\" d=\"M273.9 156.19l-81.24 80.91c-5.278 5.261-13.82 5.234-19.072-.046-5.244-5.278-5.216-13.812.053-19.063l59.436-59.2H16.297c-7.458 0-13.503-6.047-13.503-13.504 0-7.449 6.045-13.496 13.503-13.496h216.73l-59.262-59.036c-5.272-5.253-5.298-13.785-.056-19.065 5.243-5.278 13.795-5.306 19.074-.054l82.548 82.223c5.242 5.251 5.252 13.767.019 19.037-1.03 1.03-.69.78-1.45 1.29\" fill-rule=\"evenodd\"><\/path><\/g><\/switch><\/symbol><\/defs><use xlink:href=\"#shape-sipka-right-bold\"><\/use><\/svg><\/a><\/div>\t\t\t\t<\/div>\n\t\t\t\t<\/div>\n\t\t\t\t<div class=\"elementor-element elementor-element-df9c495 elementor-widget elementor-widget-spacer\" data-id=\"df9c495\" data-element_type=\"widget\" data-widget_type=\"spacer.default\">\n\t\t\t\t<div class=\"elementor-widget-container\">\n\t\t\t\t\t\t\t<div class=\"elementor-spacer\">\n\t\t\t<div class=\"elementor-spacer-inner\"><\/div>\n\t\t<\/div>\n\t\t\t\t\t\t<\/div>\n\t\t\t\t<\/div>\n\t\t\t\t<div class=\"elementor-element elementor-element-39acaa6 elementor-widget elementor-widget-text-editor\" data-id=\"39acaa6\" data-element_type=\"widget\" data-widget_type=\"text-editor.default\">\n\t\t\t\t<div class=\"elementor-widget-container\">\n\t\t\t\t\t\t\t\t\t<h5>Technick\u00fd n\u00e1vod na pr\u00e1ci s konstrukcemi a v\u00fdrobky CETRIS v Archicadu (3min)<\/h5><p>\u00a0<\/p>\t\t\t\t\t\t\t\t<\/div>\n\t\t\t\t<\/div>\n\t\t\t\t<div class=\"elementor-element elementor-element-e7b0943 elementor-widget elementor-widget-video\" data-id=\"e7b0943\" data-element_type=\"widget\" data-settings=\"{&quot;youtube_url&quot;:&quot;https:\\\/\\\/www.youtube.com\\\/watch?v=K3PekEetZDw&quot;,&quot;video_type&quot;:&quot;youtube&quot;,&quot;controls&quot;:&quot;yes&quot;}\" data-widget_type=\"video.default\">\n\t\t\t\t<div class=\"elementor-widget-container\">\n\t\t\t\t\t\t\t<div class=\"elementor-wrapper elementor-open-inline\">\n\t\t\t<div class=\"elementor-video\"><\/div>\t\t<\/div>\n\t\t\t\t\t\t<\/div>\n\t\t\t\t<\/div>\n\t\t\t\t<div class=\"elementor-element elementor-element-40a782c elementor-widget elementor-widget-spacer\" data-id=\"40a782c\" data-element_type=\"widget\" data-widget_type=\"spacer.default\">\n\t\t\t\t<div class=\"elementor-widget-container\">\n\t\t\t\t\t\t\t<div class=\"elementor-spacer\">\n\t\t\t<div class=\"elementor-spacer-inner\"><\/div>\n\t\t<\/div>\n\t\t\t\t\t\t<\/div>\n\t\t\t\t<\/div>\n\t\t\t\t<div class=\"elementor-element elementor-element-0e0f495 elementor-widget elementor-widget-text-editor\" data-id=\"0e0f495\" data-element_type=\"widget\" data-widget_type=\"text-editor.default\">\n\t\t\t\t<div class=\"elementor-widget-container\">\n\t\t\t\t\t\t\t\t\t<h5>Technick\u00fd n\u00e1vod na pr\u00e1ci s konstrukcemi a v\u00fdrobky CETRIS v Revitu (6min)<\/h5>\t\t\t\t\t\t\t\t<\/div>\n\t\t\t\t<\/div>\n\t\t\t\t<div class=\"elementor-element elementor-element-150e9b6 elementor-widget elementor-widget-video\" data-id=\"150e9b6\" data-element_type=\"widget\" data-settings=\"{&quot;youtube_url&quot;:&quot;https:\\\/\\\/www.youtube.com\\\/watch?v=Msfuy1OpRjE&quot;,&quot;video_type&quot;:&quot;youtube&quot;,&quot;controls&quot;:&quot;yes&quot;}\" data-widget_type=\"video.default\">\n\t\t\t\t<div class=\"elementor-widget-container\">\n\t\t\t\t\t\t\t<div class=\"elementor-wrapper elementor-open-inline\">\n\t\t\t<div class=\"elementor-video\"><\/div>\t\t<\/div>\n\t\t\t\t\t\t<\/div>\n\t\t\t\t<\/div>\n\t\t\t\t<div class=\"elementor-element elementor-element-7ee9f7e elementor-widget elementor-widget-text-editor\" data-id=\"7ee9f7e\" data-element_type=\"widget\" data-widget_type=\"text-editor.default\">\n\t\t\t\t<div class=\"elementor-widget-container\">\n\t\t\t\t\t\t\t\t\t<h5>\u00a0<\/h5><h5 class=\"bold\">Generick\u00e1 specifikace<\/h5><p>V ran\u00e9 f\u00e1zi projektu, kdy je\u0161t\u011b nem\u00e1te p\u0159edstavu o konkr\u00e9tn\u00edm v\u00fdrobku, je mo\u017en\u00e9 pou\u017e\u00edt tzv. generickou (obecnou) specifikaci. Pro konstrukce je mo\u017en\u00e9 navolit si po\u017eadavky na celou konstrukci a separ\u00e1tn\u011b potom ka\u017edou vrstvu konstrukce. Vrstvu m\u016f\u017ee definovat konkr\u00e9tn\u00ed v\u00fdrobek (nap\u0159. deska CETRIS) nebo obecn\u00fd po\u017eadavek, nap\u0159. &#8222;Miner\u00e1ln\u00ed vata o min. objemu 100 kg\/m3&#8220;.<\/p><p>Po nakonfigurov\u00e1n\u00ed obecn\u00e9 konstrukce je mo\u017en\u00e9 si ji vlo\u017eit do BIM modelu v\u010detn\u011b t\u011bchto po\u017eadavk\u016f, kter\u00e9 jsou v BIM modelu reprezentov\u00e1ny parametry a vrstev, kter\u00e9 jsou reprezentov\u00e1ny materi\u00e1ly s \u0159ezovou \u0161rafou. Vlo\u017een\u00ed je mo\u017en\u00e9 po nainstalov\u00e1n\u00ed pluginu bimproject.cloud, kter\u00fd se s aplikac\u00ed spoj\u00ed automaticky. Seznam i hodnoty parametr\u016f lze jednodu\u0161e a rychle upravovat a v BIM modelu aktualizovat.<\/p><p>Samostatn\u00e9 v\u00fdrobky CETRIS lze nal\u00e9zt v kategori\u00edch i samostatn\u011b, nap\u0159\u00edklad mezi Konstruk\u010dn\u00edmi deskami a n\u00e1sledn\u011b vlo\u017eit do projektu jako BIM objekt nebo materi\u00e1l.<\/p><h5 class=\"bold\">Datab\u00e1ze skute\u010dn\u00fdch v\u00fdrobk\u016f<\/h5><p>Ve chv\u00edli, kdy budete pot\u0159ebovat specifikaci konkr\u00e9tn\u00edch v\u00fdrobk\u016f, m\u016f\u017eete v z\u00e1lo\u017ece &#8222;Re\u00e1ln\u00fd v\u00fdrobek&#8220; pou\u017e\u00edt datab\u00e1zi v\u00fdrobk\u016f CETRIS, kterou udr\u017euje s\u00e1m v\u00fdrobce. Jedn\u00e1 se o seznam certifikovan\u00fdch konstrukc\u00ed, kter\u00e9 maj\u00ed p\u0159ipojen\u00e9 mimo jin\u00e9 i odkazy na dokumenty (technick\u00e9 listy, prohl\u00e1\u0161en\u00ed o shod\u011b, prohl\u00e1\u0161en\u00ed o vlastnostech apod.). P\u0159i\u0159azen\u00edm re\u00e1ln\u00e9ho v\u00fdrobku do Specifikace se V\u00e1m neztrat\u00ed informace o po\u017eadavc\u00edch, kter\u00e9 jste m\u011bli a m\u016f\u017eete se tak k obecn\u00e9 specifikaci kdykoliv vr\u00e1tit p\u0159epnut\u00edm z\u00e1lo\u017eky zp\u011bt na &#8222;Generick\u00e1 specifikace&#8220;.<\/p><p>Pokud m\u00e1te ve Specifikaci pro konstrukci nebo v\u00fdrobek zadan\u00e9 po\u017eadavky, tyto slou\u017e\u00ed jako filtry pro vytvo\u0159en\u00ed seznamu vyhovuj\u00edc\u00edch v\u00fdrobk\u016f a komponent.<\/p><p>P\u0159i vkl\u00e1d\u00e1n\u00ed Specifikace do BIM modelu se pou\u017eij\u00ed stejn\u00e9 principy pro konstrukce a materi\u00e1ly jako u generick\u00e9 specifikace a v\u0161e je tedy 100% kompatibiln\u00ed. U ka\u017ed\u00e9 konstrukce i v\u00fdrobku, kter\u00e9 si do Specifikace p\u0159i\u0159ad\u00edte, lze tak\u00e9 nastavit, kter\u00e9 z jeho vlastnost\u00ed (parametr\u016f) do projektu chcete vlo\u017eit a kter\u00e9 ne.<\/p><p class=\" translation-block\">Datab\u00e1ze CETRIS obsahuje 20 certifikovan\u00fdch konstrukc\u00ed a cca 80 v\u00fdrobk\u016f v kategori\u00edch <a href=\"https:\/\/app.bimproject.cloud\/specification\/from\/6980754e-d48a-4bdd-a1b9-61711072c046\" target=\"_blank\" rel=\"noopener\">montovan\u00e9 st\u011bny<\/a>, <a href=\"https:\/\/app.bimproject.cloud\/specification\/from\/9c7b091e-61ba-468e-8ac3-2a27c96a7bda\" target=\"_blank\" rel=\"noopener\">konstruk\u010dn\u00ed desky<\/a> a <a href=\"https:\/\/app.bimproject.cloud\/specification\/from\/744b6b5d-4705-4d51-bead-44ecfef5d346\" target=\"_blank\" rel=\"noopener\">fas\u00e1dn\u00ed obklady<\/a><\/p><p>\u00a0<\/p>\t\t\t\t\t\t\t\t<\/div>\n\t\t\t\t<\/div>\n\t\t\t\t<div class=\"elementor-element elementor-element-abcbd7b elementor-widget elementor-widget-image\" data-id=\"abcbd7b\" data-element_type=\"widget\" data-widget_type=\"image.default\">\n\t\t\t\t<div class=\"elementor-widget-container\">\n\t\t\t\t\t\t\t\t\t\t\t\t\t\t\t<img fetchpriority=\"high\" decoding=\"async\" width=\"1008\" height=\"558\" src=\"https:\/\/new.cetris.cz\/wp-content\/uploads\/2025\/04\/image-1.jpg\" class=\"attachment-large size-large wp-image-49682\" alt=\"\" srcset=\"https:\/\/new.cetris.cz\/wp-content\/uploads\/2025\/04\/image-1.jpg 1008w, https:\/\/new.cetris.cz\/wp-content\/uploads\/2025\/04\/image-1-300x166.jpg 300w, https:\/\/new.cetris.cz\/wp-content\/uploads\/2025\/04\/image-1-768x425.jpg 768w\" sizes=\"(max-width: 1008px) 100vw, 1008px\" \/>\t\t\t\t\t\t\t\t\t\t\t\t\t\t\t<\/div>\n\t\t\t\t<\/div>\n\t\t\t\t<div class=\"elementor-element elementor-element-f85624e elementor-widget elementor-widget-text-editor\" data-id=\"f85624e\" data-element_type=\"widget\" data-widget_type=\"text-editor.default\">\n\t\t\t\t<div class=\"elementor-widget-container\">\n\t\t\t\t\t\t\t\t\t<h5>\u00a0<\/h5><h5 class=\"bold\">Mapov\u00e1n\u00ed parametr\u016f pro Revit<\/h5><p>Pokud jste u\u017eivatel Revitu, kter\u00fd chce pou\u017e\u00edvat parametry podle sv\u00e9ho projektu (a nevytv\u00e1\u0159et tak nov\u00e9), m\u016f\u017eete vyu\u017e\u00edt funkci Mapov\u00e1n\u00ed parametr\u016f pro Revit. Po nahr\u00e1n\u00ed TXT soubory se Sd\u00edlen\u00fdmi parametry projektu si je m\u016f\u017eete namapovat na parametry bimproject.cloud a my budeme pou\u017e\u00edvat ty Va\u0161e projektov\u00e9. V\u00fdsledn\u00fd seznam parametr\u016f i hodnot bude potom m\u00edt stejn\u00e9 n\u00e1zvy i strukturu, jakou pot\u0159ebujete p\u0159i odezd\u00e1n\u00ed BIM modelu.<\/p><p>\u00a0<\/p>\t\t\t\t\t\t\t\t<\/div>\n\t\t\t\t<\/div>\n\t\t\t\t<div class=\"elementor-element elementor-element-f70019a elementor-widget elementor-widget-image\" data-id=\"f70019a\" data-element_type=\"widget\" data-widget_type=\"image.default\">\n\t\t\t\t<div class=\"elementor-widget-container\">\n\t\t\t\t\t\t\t\t\t\t\t\t\t\t\t<img decoding=\"async\" width=\"900\" height=\"430\" src=\"https:\/\/new.cetris.cz\/wp-content\/uploads\/2025\/04\/image-2.jpg\" class=\"attachment-large size-large wp-image-49683\" alt=\"\" srcset=\"https:\/\/new.cetris.cz\/wp-content\/uploads\/2025\/04\/image-2.jpg 900w, https:\/\/new.cetris.cz\/wp-content\/uploads\/2025\/04\/image-2-300x143.jpg 300w, https:\/\/new.cetris.cz\/wp-content\/uploads\/2025\/04\/image-2-768x367.jpg 768w\" sizes=\"(max-width: 900px) 100vw, 900px\" \/>\t\t\t\t\t\t\t\t\t\t\t\t\t\t\t<\/div>\n\t\t\t\t<\/div>\n\t\t\t\t<div class=\"elementor-element elementor-element-78e5eee gallery-spacing-custom elementor-widget elementor-widget-image-gallery\" data-id=\"78e5eee\" data-element_type=\"widget\" data-widget_type=\"image-gallery.default\">\n\t\t\t\t<div class=\"elementor-widget-container\">\n\t\t\t\t\t\t\t<div class=\"elementor-image-gallery\">\n\t\t\t\n\t\t<style>\n\t\t\t#gallery-1 {\n\t\t\t\tmargin: auto;\n\t\t\t}\n\t\t\t#gallery-1 .gallery-item {\n\t\t\t\tfloat: left;\n\t\t\t\tmargin-top: 10px;\n\t\t\t\ttext-align: center;\n\t\t\t\twidth: 50%;\n\t\t\t}\n\t\t\t#gallery-1 img {\n\t\t\t\tborder: 2px solid #cfcfcf;\n\t\t\t}\n\t\t\t#gallery-1 .gallery-caption {\n\t\t\t\tmargin-left: 0;\n\t\t\t}\n\t\t\t\/* see gallery_shortcode() in wp-includes\/media.php *\/\n\t\t<\/style>\n\t\t<div id='gallery-1' class='gallery galleryid-49179 gallery-columns-2 gallery-size-full'><dl class='gallery-item'>\n\t\t\t<dt class='gallery-icon landscape'>\n\t\t\t\t<a data-elementor-open-lightbox=\"yes\" data-elementor-lightbox-slideshow=\"78e5eee\" data-e-action-hash=\"#elementor-action%3Aaction%3Dlightbox%26settings%3DeyJpZCI6NDk2ODQsInVybCI6Imh0dHBzOlwvXC9uZXcuY2V0cmlzLmN6XC93cC1jb250ZW50XC91cGxvYWRzXC8yMDI1XC8wNFwvY2V0cmlzLWJpbXByb2plY3RfNC5qcGciLCJzbGlkZXNob3ciOiI3OGU1ZWVlIn0%3D\" href='https:\/\/new.cetris.cz\/wp-content\/uploads\/2025\/04\/cetris-bimproject_4.jpg'><img decoding=\"async\" width=\"1373\" height=\"915\" src=\"https:\/\/new.cetris.cz\/wp-content\/uploads\/2025\/04\/cetris-bimproject_4.jpg\" class=\"attachment-full size-full\" alt=\"\" srcset=\"https:\/\/new.cetris.cz\/wp-content\/uploads\/2025\/04\/cetris-bimproject_4.jpg 1373w, https:\/\/new.cetris.cz\/wp-content\/uploads\/2025\/04\/cetris-bimproject_4-300x200.jpg 300w, https:\/\/new.cetris.cz\/wp-content\/uploads\/2025\/04\/cetris-bimproject_4-1024x682.jpg 1024w, https:\/\/new.cetris.cz\/wp-content\/uploads\/2025\/04\/cetris-bimproject_4-768x512.jpg 768w, https:\/\/new.cetris.cz\/wp-content\/uploads\/2025\/04\/cetris-bimproject_4-1200x800.jpg 1200w\" sizes=\"(max-width: 1373px) 100vw, 1373px\" \/><\/a>\n\t\t\t<\/dt><\/dl><dl class='gallery-item'>\n\t\t\t<dt class='gallery-icon landscape'>\n\t\t\t\t<a data-elementor-open-lightbox=\"yes\" data-elementor-lightbox-slideshow=\"78e5eee\" data-e-action-hash=\"#elementor-action%3Aaction%3Dlightbox%26settings%3DeyJpZCI6NDk2ODUsInVybCI6Imh0dHBzOlwvXC9uZXcuY2V0cmlzLmN6XC93cC1jb250ZW50XC91cGxvYWRzXC8yMDI1XC8wNFwvY2V0cmlzLWJpbXByb2plY3RfMy5qcGciLCJzbGlkZXNob3ciOiI3OGU1ZWVlIn0%3D\" href='https:\/\/new.cetris.cz\/wp-content\/uploads\/2025\/04\/cetris-bimproject_3.jpg'><img loading=\"lazy\" decoding=\"async\" width=\"1371\" height=\"912\" src=\"https:\/\/new.cetris.cz\/wp-content\/uploads\/2025\/04\/cetris-bimproject_3.jpg\" class=\"attachment-full size-full\" alt=\"\" srcset=\"https:\/\/new.cetris.cz\/wp-content\/uploads\/2025\/04\/cetris-bimproject_3.jpg 1371w, https:\/\/new.cetris.cz\/wp-content\/uploads\/2025\/04\/cetris-bimproject_3-300x200.jpg 300w, https:\/\/new.cetris.cz\/wp-content\/uploads\/2025\/04\/cetris-bimproject_3-1024x681.jpg 1024w, https:\/\/new.cetris.cz\/wp-content\/uploads\/2025\/04\/cetris-bimproject_3-768x511.jpg 768w, https:\/\/new.cetris.cz\/wp-content\/uploads\/2025\/04\/cetris-bimproject_3-1200x798.jpg 1200w\" sizes=\"(max-width: 1371px) 100vw, 1371px\" \/><\/a>\n\t\t\t<\/dt><\/dl><br style=\"clear: both\" \/><dl class='gallery-item'>\n\t\t\t<dt class='gallery-icon landscape'>\n\t\t\t\t<a data-elementor-open-lightbox=\"yes\" data-elementor-lightbox-slideshow=\"78e5eee\" data-e-action-hash=\"#elementor-action%3Aaction%3Dlightbox%26settings%3DeyJpZCI6NDk2ODYsInVybCI6Imh0dHBzOlwvXC9uZXcuY2V0cmlzLmN6XC93cC1jb250ZW50XC91cGxvYWRzXC8yMDI1XC8wNFwvY2V0cmlzLWJpbXByb2plY3RfMi5qcGciLCJzbGlkZXNob3ciOiI3OGU1ZWVlIn0%3D\" href='https:\/\/new.cetris.cz\/wp-content\/uploads\/2025\/04\/cetris-bimproject_2.jpg'><img loading=\"lazy\" decoding=\"async\" width=\"1484\" height=\"922\" src=\"https:\/\/new.cetris.cz\/wp-content\/uploads\/2025\/04\/cetris-bimproject_2.jpg\" class=\"attachment-full size-full\" alt=\"\" srcset=\"https:\/\/new.cetris.cz\/wp-content\/uploads\/2025\/04\/cetris-bimproject_2.jpg 1484w, https:\/\/new.cetris.cz\/wp-content\/uploads\/2025\/04\/cetris-bimproject_2-300x186.jpg 300w, https:\/\/new.cetris.cz\/wp-content\/uploads\/2025\/04\/cetris-bimproject_2-1024x636.jpg 1024w, https:\/\/new.cetris.cz\/wp-content\/uploads\/2025\/04\/cetris-bimproject_2-768x477.jpg 768w, https:\/\/new.cetris.cz\/wp-content\/uploads\/2025\/04\/cetris-bimproject_2-1200x746.jpg 1200w\" sizes=\"(max-width: 1484px) 100vw, 1484px\" \/><\/a>\n\t\t\t<\/dt><\/dl><dl class='gallery-item'>\n\t\t\t<dt class='gallery-icon landscape'>\n\t\t\t\t<a data-elementor-open-lightbox=\"yes\" data-elementor-lightbox-slideshow=\"78e5eee\" data-e-action-hash=\"#elementor-action%3Aaction%3Dlightbox%26settings%3DeyJpZCI6NDk2ODcsInVybCI6Imh0dHBzOlwvXC9uZXcuY2V0cmlzLmN6XC93cC1jb250ZW50XC91cGxvYWRzXC8yMDI1XC8wNFwvY2V0cmlzLWJpbXByb2plY3RfMS5qcGciLCJzbGlkZXNob3ciOiI3OGU1ZWVlIn0%3D\" href='https:\/\/new.cetris.cz\/wp-content\/uploads\/2025\/04\/cetris-bimproject_1.jpg'><img loading=\"lazy\" decoding=\"async\" width=\"1896\" height=\"1047\" src=\"https:\/\/new.cetris.cz\/wp-content\/uploads\/2025\/04\/cetris-bimproject_1.jpg\" class=\"attachment-full size-full\" alt=\"\" srcset=\"https:\/\/new.cetris.cz\/wp-content\/uploads\/2025\/04\/cetris-bimproject_1.jpg 1896w, https:\/\/new.cetris.cz\/wp-content\/uploads\/2025\/04\/cetris-bimproject_1-300x166.jpg 300w, https:\/\/new.cetris.cz\/wp-content\/uploads\/2025\/04\/cetris-bimproject_1-1024x565.jpg 1024w, https:\/\/new.cetris.cz\/wp-content\/uploads\/2025\/04\/cetris-bimproject_1-768x424.jpg 768w, https:\/\/new.cetris.cz\/wp-content\/uploads\/2025\/04\/cetris-bimproject_1-1536x848.jpg 1536w, https:\/\/new.cetris.cz\/wp-content\/uploads\/2025\/04\/cetris-bimproject_1-1200x663.jpg 1200w\" sizes=\"(max-width: 1896px) 100vw, 1896px\" \/><\/a>\n\t\t\t<\/dt><\/dl><br style=\"clear: both\" \/>\n\t\t<\/div>\n\t\t<\/div>\n\t\t\t\t\t\t<\/div>\n\t\t\t\t<\/div>\n\t\t\t\t<\/div>\n\t\t\t\t\t<\/div>\n\t\t\t\t<\/div>\n\t\t\t\t<\/div>","protected":false},"excerpt":{"rendered":"<p>BIM V\u00fdrobky CETRIS pro BIM v bimproject.cloud Digitalizace a postupn\u00e1 adaptace BIM procesu p\u0159in\u00e1\u0161\u00ed mnoho v\u00fdhod, ale i v\u00fdzev. P\u0159ib\u00fdv\u00e1 investor\u016f, kte\u0159\u00ed pracuj\u00ed s BIM modelem a po\u017eaduj\u00ed tak ji\u017e ve f\u00e1zi n\u00e1vrhu datov\u00e9 BIM modely. Stejn\u011b tak jsou po\u017eadavky od dodavatel\u016f staveb a spr\u00e1vc\u016f budov na zpracov\u00e1n\u00ed As-built BIM model\u016f, tzn. skute\u010dn\u00e9ho proveden\u00ed stavby,&hellip;<\/p>","protected":false},"author":1,"featured_media":0,"parent":49175,"menu_order":0,"comment_status":"closed","ping_status":"closed","template":"","meta":{"_acf_changed":false,"footnotes":""},"class_list":["post-49179","page","type-page","status-publish","hentry"],"acf":[],"_links":{"self":[{"href":"https:\/\/new.cetris.cz\/it\/wp-json\/wp\/v2\/pages\/49179","targetHints":{"allow":["GET"]}}],"collection":[{"href":"https:\/\/new.cetris.cz\/it\/wp-json\/wp\/v2\/pages"}],"about":[{"href":"https:\/\/new.cetris.cz\/it\/wp-json\/wp\/v2\/types\/page"}],"author":[{"embeddable":true,"href":"https:\/\/new.cetris.cz\/it\/wp-json\/wp\/v2\/users\/1"}],"replies":[{"embeddable":true,"href":"https:\/\/new.cetris.cz\/it\/wp-json\/wp\/v2\/comments?post=49179"}],"version-history":[{"count":4,"href":"https:\/\/new.cetris.cz\/it\/wp-json\/wp\/v2\/pages\/49179\/revisions"}],"predecessor-version":[{"id":49690,"href":"https:\/\/new.cetris.cz\/it\/wp-json\/wp\/v2\/pages\/49179\/revisions\/49690"}],"up":[{"embeddable":true,"href":"https:\/\/new.cetris.cz\/it\/wp-json\/wp\/v2\/pages\/49175"}],"wp:attachment":[{"href":"https:\/\/new.cetris.cz\/it\/wp-json\/wp\/v2\/media?parent=49179"}],"curies":[{"name":"wp","href":"https:\/\/api.w.org\/{rel}","templated":true}]}}