{"id":51871,"date":"2025-08-31T16:09:24","date_gmt":"2025-08-31T14:09:24","guid":{"rendered":"https:\/\/new.cetris.cz\/?page_id=51871"},"modified":"2025-08-31T16:10:41","modified_gmt":"2025-08-31T14:10:41","slug":"montazni-firmy-slovensko-presovsky-kraj","status":"publish","type":"page","link":"https:\/\/new.cetris.cz\/fr\/kontakty\/montazni-firmy\/montazni-firmy-slovensko-presovsky-kraj\/","title":{"rendered":"Mont\u00e1\u017en\u00ed firmy &#8211; Slovensko &#8211; Pre\u0161ovsk\u00fd kraj"},"content":{"rendered":"<div data-elementor-type=\"wp-page\" data-elementor-id=\"51871\" class=\"elementor elementor-51871\" data-elementor-post-type=\"page\">\n\t\t\t\t<div class=\"elementor-element elementor-element-fa9fefb e-flex e-con-boxed e-con e-parent\" data-id=\"fa9fefb\" data-element_type=\"container\">\n\t\t\t\t\t<div class=\"e-con-inner\">\n\t\t<div class=\"elementor-element elementor-element-48bccf3 e-con-full e-flex e-con e-child\" data-id=\"48bccf3\" data-element_type=\"container\">\n\t\t\t\t<div class=\"elementor-element elementor-element-e77ff89 elementor-widget elementor-widget-heading\" data-id=\"e77ff89\" data-element_type=\"widget\" data-widget_type=\"heading.default\">\n\t\t\t\t<div class=\"elementor-widget-container\">\n\t\t\t\t\t<h2 class=\"elementor-heading-title elementor-size-default\">Contact<\/h2>\t\t\t\t<\/div>\n\t\t\t\t<\/div>\n\t\t\t\t<div class=\"elementor-element elementor-element-e0c6354 widget-divider-yes elementor-widget-tablet__width-inherit dt-nav-menu_align-left dt-sub-menu_align-left elementor-widget elementor-widget-the7_nav-menu\" data-id=\"e0c6354\" data-element_type=\"widget\" data-settings=\"{&quot;submenu_display&quot;:&quot;always&quot;}\" data-widget_type=\"the7_nav-menu.default\">\n\t\t\t\t<div class=\"elementor-widget-container\">\n\t\t\t\t\t<nav class=\"dt-nav-menu--main dt-nav-menu__container dt-sub-menu-display-always dt-icon-align- dt-icon-position- dt-sub-icon-position- dt-sub-icon-align-\"><ul class=\"dt-nav-menu\"><li class=\"menu-item menu-item-type-post_type menu-item-object-page menu-item-49802 first depth-0\"><a href='https:\/\/new.cetris.cz\/fr\/kontakty\/' data-level='1'><span class=\"item-content\"><span class=\"menu-item-text\"><span class=\"menu-text\">Si\u00e8ge social et adresse de facturation<\/span><\/span><\/span><span class=\"\" data-icon = \"\"> <\/span><\/a><\/li> <li class=\"menu-item menu-item-type-post_type menu-item-object-page menu-item-49806 depth-0\"><a href='https:\/\/new.cetris.cz\/fr\/kontakty\/kontaktni-osoby\/' data-level='1'><span class=\"item-content\"><span class=\"menu-item-text\"><span class=\"menu-text\">Personnes de contact<\/span><\/span><\/span><span class=\"\" data-icon = \"\"> <\/span><\/a><\/li> <li class=\"menu-item menu-item-type-post_type menu-item-object-page menu-item-49805 depth-0\"><a href='https:\/\/new.cetris.cz\/fr\/kontakty\/prodejni-mista\/' data-level='1'><span class=\"item-content\"><span class=\"menu-item-text\"><span class=\"menu-text\">Points de vente<\/span><\/span><\/span><span class=\"\" data-icon = \"\"> <\/span><\/a><\/li> <li class=\"menu-item menu-item-type-post_type menu-item-object-page menu-item-52448 last depth-0\"><a href='https:\/\/new.cetris.cz\/fr\/kontakty\/montazni-mista-filtr\/' data-level='1'><span class=\"item-content\"><span class=\"menu-item-text\"><span class=\"menu-text\">Entreprises d'installation<\/span><\/span><\/span><span class=\"\" data-icon = \"\"> <\/span><\/a><\/li> <\/ul><\/nav>\t\t\t\t<\/div>\n\t\t\t\t<\/div>\n\t\t\t\t<\/div>\n\t\t<div class=\"elementor-element elementor-element-7cec6a0 e-con-full e-flex e-con e-child\" data-id=\"7cec6a0\" data-element_type=\"container\">\n\t\t<div class=\"elementor-element elementor-element-c280b93 e-con-full e-flex e-con e-child\" data-id=\"c280b93\" data-element_type=\"container\">\n\t\t\t\t<div class=\"elementor-element elementor-element-86416c8 elementor-widget elementor-widget-text-editor\" data-id=\"86416c8\" data-element_type=\"widget\" data-widget_type=\"text-editor.default\">\n\t\t\t\t<div class=\"elementor-widget-container\">\n\t\t\t\t\t\t\t\t\t<div class=\"row\"><div class=\"col-md-12\"><h4>Po\u017e\u00e1rn\u00ed aplikace<\/h4><p class=\"bold\"><strong>Firmy \u0161kolen\u00e9 v roce 2023<\/strong><\/p><\/div><\/div>\t\t\t\t\t\t\t\t<\/div>\n\t\t\t\t<\/div>\n\t\t\t\t<\/div>\n\t\t<div class=\"elementor-element elementor-element-ca41135 e-grid e-con-full e-con e-child\" data-id=\"ca41135\" data-element_type=\"container\">\n\t\t\t\t<div class=\"elementor-element elementor-element-968e4d0 elementor-widget elementor-widget-text-editor\" data-id=\"968e4d0\" data-element_type=\"widget\" data-widget_type=\"text-editor.default\">\n\t\t\t\t<div class=\"elementor-widget-container\">\n\t\t\t\t\t\t\t\t\t<p><strong>\u010cECH, s.r.o.<\/strong><\/p><p>K Surdoku 9, 080 01 Pre\u0161ov<\/p><p>Telefon: +421 915 969 639<\/p><p>Email: info@cechsro.sk<\/p>\t\t\t\t\t\t\t\t<\/div>\n\t\t\t\t<\/div>\n\t\t\t\t<div class=\"elementor-element elementor-element-dd434c0 elementor-widget elementor-widget-text-editor\" data-id=\"dd434c0\" data-element_type=\"widget\" data-widget_type=\"text-editor.default\">\n\t\t\t\t<div class=\"elementor-widget-container\">\n\t\t\t\t\t\t\t\t\t<p><strong>JZ-STYL, s.r.o.<\/strong><\/p><p>Jablo\u0148ov\u00e1 31, 082 56 Pe\u010dovsk\u00e1 Nov\u00e1 Ves<\/p><p>Telefon: +421 905 033 523<\/p><p>Email: jz.styl@gmail.com<\/p>\t\t\t\t\t\t\t\t<\/div>\n\t\t\t\t<\/div>\n\t\t\t\t<\/div>\n\t\t<div class=\"elementor-element elementor-element-2040265 e-con-full e-flex e-con e-child\" data-id=\"2040265\" data-element_type=\"container\">\n\t\t\t\t<div class=\"elementor-element elementor-element-2fb4283 elementor-widget elementor-widget-text-editor\" data-id=\"2fb4283\" data-element_type=\"widget\" data-widget_type=\"text-editor.default\">\n\t\t\t\t<div class=\"elementor-widget-container\">\n\t\t\t\t\t\t\t\t\t<div class=\"row\"><div class=\"col-md-12\"><p class=\"bold\"><strong>Firmy \u0161kolen\u00e9 v roce 2022<\/strong><\/p><\/div><\/div>\t\t\t\t\t\t\t\t<\/div>\n\t\t\t\t<\/div>\n\t\t\t\t<\/div>\n\t\t<div class=\"elementor-element elementor-element-bfc5e12 e-grid e-con-full e-con e-child\" data-id=\"bfc5e12\" data-element_type=\"container\">\n\t\t\t\t<div class=\"elementor-element elementor-element-9424812 elementor-widget elementor-widget-text-editor\" data-id=\"9424812\" data-element_type=\"widget\" data-widget_type=\"text-editor.default\">\n\t\t\t\t<div class=\"elementor-widget-container\">\n\t\t\t\t\t\t\t\t\t<p><strong>Desa\u0165, s.r.o.<\/strong><\/p><p>Z\u00e1hradn\u00e1 543\/19, 059 52 Ve\u013ek\u00e1 Lomnica<\/p><p>Telefon: 0421 903 575 153<\/p><p>Email: duchnicky@desat.sk<\/p>\t\t\t\t\t\t\t\t<\/div>\n\t\t\t\t<\/div>\n\t\t\t\t<\/div>\n\t\t\t\t<\/div>\n\t\t\t\t\t<\/div>\n\t\t\t\t<\/div>\n\t\t\t\t<\/div>","protected":false},"excerpt":{"rendered":"<p>Kontakty Po\u017e\u00e1rn\u00ed aplikace Firmy \u0161kolen\u00e9 v roce 2023 \u010cECH, s.r.o. K Surdoku 9, 080 01 Pre\u0161ov Telefon: +421 915 969 639 Email: info@cechsro.sk JZ-STYL, s.r.o. Jablo\u0148ov\u00e1 31, 082 56 Pe\u010dovsk\u00e1 Nov\u00e1 Ves Telefon: +421 905 033 523 Email: jz.styl@gmail.com Firmy \u0161kolen\u00e9 v roce 2022 Desa\u0165, s.r.o. Z\u00e1hradn\u00e1 543\/19, 059 52 Ve\u013ek\u00e1 Lomnica Telefon: 0421 903&hellip;<\/p>","protected":false},"author":1,"featured_media":0,"parent":49169,"menu_order":0,"comment_status":"closed","ping_status":"closed","template":"","meta":{"_acf_changed":false,"footnotes":""},"class_list":["post-51871","page","type-page","status-publish","hentry"],"acf":[],"_links":{"self":[{"href":"https:\/\/new.cetris.cz\/fr\/wp-json\/wp\/v2\/pages\/51871","targetHints":{"allow":["GET"]}}],"collection":[{"href":"https:\/\/new.cetris.cz\/fr\/wp-json\/wp\/v2\/pages"}],"about":[{"href":"https:\/\/new.cetris.cz\/fr\/wp-json\/wp\/v2\/types\/page"}],"author":[{"embeddable":true,"href":"https:\/\/new.cetris.cz\/fr\/wp-json\/wp\/v2\/users\/1"}],"replies":[{"embeddable":true,"href":"https:\/\/new.cetris.cz\/fr\/wp-json\/wp\/v2\/comments?post=51871"}],"version-history":[{"count":4,"href":"https:\/\/new.cetris.cz\/fr\/wp-json\/wp\/v2\/pages\/51871\/revisions"}],"predecessor-version":[{"id":51875,"href":"https:\/\/new.cetris.cz\/fr\/wp-json\/wp\/v2\/pages\/51871\/revisions\/51875"}],"up":[{"embeddable":true,"href":"https:\/\/new.cetris.cz\/fr\/wp-json\/wp\/v2\/pages\/49169"}],"wp:attachment":[{"href":"https:\/\/new.cetris.cz\/fr\/wp-json\/wp\/v2\/media?parent=51871"}],"curies":[{"name":"wp","href":"https:\/\/api.w.org\/{rel}","templated":true}]}}