{"id":49997,"date":"2025-05-13T21:00:59","date_gmt":"2025-05-13T19:00:59","guid":{"rendered":"https:\/\/new.cetris.cz\/?page_id=49997"},"modified":"2025-05-13T21:01:51","modified_gmt":"2025-05-13T19:01:51","slug":"zasady-ochrany-osobnich-udaju","status":"publish","type":"page","link":"https:\/\/new.cetris.cz\/fr\/zasady-ochrany-osobnich-udaju\/","title":{"rendered":"Z\u00e1sady ochrany osobn\u00edch \u00fadaj\u016f"},"content":{"rendered":"<div data-elementor-type=\"wp-page\" data-elementor-id=\"49997\" class=\"elementor elementor-49997\" data-elementor-post-type=\"page\">\n\t\t\t\t<div class=\"elementor-element elementor-element-7b84fb1 e-flex e-con-boxed e-con e-parent\" data-id=\"7b84fb1\" data-element_type=\"container\">\n\t\t\t\t\t<div class=\"e-con-inner\">\n\t\t\t\t<div class=\"elementor-element elementor-element-72c152c elementor-widget elementor-widget-heading\" data-id=\"72c152c\" data-element_type=\"widget\" data-widget_type=\"heading.default\">\n\t\t\t\t<div class=\"elementor-widget-container\">\n\t\t\t\t\t<h2 class=\"elementor-heading-title elementor-size-default\">Z\u00e1sady ochrany osobn\u00edch \u00fadaj\u016f<\/h2>\t\t\t\t<\/div>\n\t\t\t\t<\/div>\n\t\t\t\t<div class=\"elementor-element elementor-element-32233dd elementor-widget elementor-widget-spacer\" data-id=\"32233dd\" data-element_type=\"widget\" data-widget_type=\"spacer.default\">\n\t\t\t\t<div class=\"elementor-widget-container\">\n\t\t\t\t\t\t\t<div class=\"elementor-spacer\">\n\t\t\t<div class=\"elementor-spacer-inner\"><\/div>\n\t\t<\/div>\n\t\t\t\t\t\t<\/div>\n\t\t\t\t<\/div>\n\t\t\t\t<div class=\"elementor-element elementor-element-919d7ad elementor-widget elementor-widget-text-editor\" data-id=\"919d7ad\" data-element_type=\"widget\" data-widget_type=\"text-editor.default\">\n\t\t\t\t<div class=\"elementor-widget-container\">\n\t\t\t\t\t\t\t\t\t<p>Spole\u010dnost CIDEM Hranice, a.s. jako\u017eto spr\u00e1vce a zpracovatel osobn\u00edch \u00fadaj\u016f t\u00edmto informuje o zpracov\u00e1v\u00e1n\u00ed osobn\u00edch \u00fadaj\u016f ve spole\u010dnosti CIDEM Hranice, a.s. a o rozsahu pr\u00e1v subjekt\u016f \u00fadaj\u016f souvisej\u00edc\u00edch s t\u00edmto zpracov\u00e1n\u00edm osobn\u00edch \u00fadaj\u016f.<\/p><p>CIDEM Hranice, a.s. zpracov\u00e1v\u00e1 osobn\u00ed \u00fadaje v souladu s Na\u0159\u00edzen\u00edm Evropsk\u00e9ho parlamentu a Rady (EU) 2016\/679 ze dne 27. dubna 2016 o ochran\u011b fyzick\u00fdch osob v souvislosti se zpracov\u00e1n\u00edm osobn\u00edch \u00fadaj\u016f a voln\u00e9m pohybu t\u011bchto \u00fadaj\u016f (d\u00e1le jen \u201eGDPR\u201c).<\/p><p><strong>Identifika\u010dn\u00ed \u00fadaje spr\u00e1vce osobn\u00edch \u00fadaj\u016f<\/strong><\/p><p>Spr\u00e1vcem osobn\u00edch \u00fadaj\u016f je spole\u010dnost CIDEM Hranice, a.s., I\u010c: 14617081, se s\u00eddlem Skaln\u00ed 1088, Hranice I-M\u011bsto, 753 01 Hranice, zapsan\u00e1 v obchodn\u00edm rejst\u0159\u00edku veden\u00e9m Krajsk\u00fdm soudem v Ostrav\u011b v odd. B, vlo\u017eka 148, ID datov\u00e9 schr\u00e1nky: 47suygw, tel.: 581 676 111, email: cetris@cetris.cz<\/p><p><strong>Zpracov\u00e1n\u00ed osobn\u00edch \u00fadaj\u016f:<\/strong><\/p><p>CIDEM Hranice, a.s. shroma\u017e\u010fuje a zpracov\u00e1v\u00e1 osobn\u00ed \u00fadaje po nezbytnou dobu pouze za stanoven\u00fdm \u00fa\u010delem. Nezbytnou dobou se zpravidla rozum\u00ed doba nezbytn\u00e1 k pln\u011bn\u00ed povinnost\u00ed a uplat\u0148ov\u00e1n\u00ed pr\u00e1v, a tak\u00e9 doba vy\u017eadovan\u00e1 pr\u00e1vn\u00edmi p\u0159edpisy.<\/p><p><strong>Z\u00e1kladn\u00ed \u00fa\u010dely zpracov\u00e1n\u00ed osobn\u00edch \u00fadaj\u016f:<\/strong><\/p><ul><li>poskytov\u00e1n\u00ed slu\u017eeb a pln\u011bn\u00ed smlouvy;<\/li><li>zaji\u0161t\u011bn\u00ed provozn\u00edch \u010dinnost\u00ed;<\/li><li>\u00fa\u010detn\u00ed a da\u0148ov\u00e9 \u00fa\u010dely;<\/li><li>vym\u00e1h\u00e1n\u00ed pohled\u00e1vek;<\/li><li>pln\u011bn\u00ed pr\u00e1vn\u00edch povinnost\u00ed;<\/li><li>p\u0159\u00edm\u00fd marketing,<\/li><li>ochrana majetku a osob.<\/li><\/ul><p><strong>Zabezpe\u010den\u00ed a ochrana osobn\u00edch \u00fadaj\u016f<\/strong><\/p><p>Osobn\u00ed \u00fadaje jsou technicky i organiza\u010dn\u011b zabezpe\u010deny v souladu s pr\u00e1vn\u00edmi p\u0159edpisy.<\/p><p><strong>Zpracovatel\u00e9 a p\u0159\u00edjemci osobn\u00edch \u00fadaj\u016f<\/strong><\/p><p>CIDEM Hranice, a.s. m\u016f\u017ee pov\u011b\u0159it t\u0159et\u00ed osobu k \u010dinnosti, p\u0159i n\u00ed\u017e doch\u00e1z\u00ed ke zpracov\u00e1n\u00ed osobn\u00edch \u00fadaj\u016f \u2013 zpravidla se bude jednat o poskytov\u00e1n\u00ed \u00fa\u010detn\u00edch, pr\u00e1vn\u00edch a IT slu\u017eeb.<\/p><p>CIDEM Hranice, a.s. m\u016f\u017ee p\u0159edat osobn\u00ed \u00fadaje osob\u00e1m, kter\u00e9 budou opr\u00e1vn\u011bny k p\u0159\u00edstupu k osobn\u00edm \u00fadaj\u016fm (nap\u0159. soudy, org\u00e1ny \u010dinn\u00e9 v trestn\u00edm \u0159\u00edzen\u00ed, a\/nebo kontroln\u00ed org\u00e1ny opr\u00e1vn\u011bn\u00e9 k p\u0159\u00edstupu k informac\u00edm).<\/p><p><strong>Pr\u00e1va subjektu \u00fadaj\u016f<\/strong><\/p><ul><li>(i) pr\u00e1vo z\u00edskat potvrzen\u00ed o tom, zda jsou \u010di nikoliv zpracov\u00e1v\u00e1ny osobn\u00ed \u00fadaje subjektu \u00fadaj\u016f;<\/li><li>(ii) pr\u00e1vo na p\u0159\u00edstup k osobn\u00edm \u00fadaj\u016fm subjektu \u00fadaj\u016f;<\/li><li>(iii) pr\u00e1vo na opravu nebo dopln\u011bn\u00ed nep\u0159esn\u00fdch \u010di ne\u00fapln\u00fdch \u00fadaj\u016f subjektu \u00fadaj\u016f;<\/li><li>(iv) pr\u00e1vo na v\u00fdmaz nebo omezen\u00ed zpracov\u00e1v\u00e1n\u00ed osobn\u00edch \u00fadaj\u016f subjektu \u00fadaj\u016f, pokud jsou k tomu spln\u011bny p\u0159\u00edslu\u0161n\u00e9 podm\u00ednky;<\/li><li>(v) pr\u00e1vo vzn\u00e9st n\u00e1mitku proti zpracov\u00e1n\u00ed osobn\u00edch \u00fadaj\u016f subjektu \u00fadaj\u016f;<\/li><li>(vi) pr\u00e1vo na p\u0159enositelnost osobn\u00edch \u00fadaj\u016f k jin\u00e9mu spr\u00e1vci \u00fadaj\u016f, a to p\u0159i spln\u011bn\u00ed podm\u00ednek p\u0159enositelnosti stanoven\u00fdch GDPR<\/li><li>(vii) pr\u00e1vo subjektu \u00fadaj\u016f podat st\u00ed\u017enost k \u00da\u0159adu pro ochranu osobn\u00edch \u00fadaj\u016f se s\u00eddlem v Praze<\/li><\/ul>\t\t\t\t\t\t\t\t<\/div>\n\t\t\t\t<\/div>\n\t\t\t\t\t<\/div>\n\t\t\t\t<\/div>\n\t\t\t\t<\/div>","protected":false},"excerpt":{"rendered":"<p>Z\u00e1sady ochrany osobn\u00edch \u00fadaj\u016f Spole\u010dnost CIDEM Hranice, a.s. jako\u017eto spr\u00e1vce a zpracovatel osobn\u00edch \u00fadaj\u016f t\u00edmto informuje o zpracov\u00e1v\u00e1n\u00ed osobn\u00edch \u00fadaj\u016f ve spole\u010dnosti CIDEM Hranice, a.s. a o rozsahu pr\u00e1v subjekt\u016f \u00fadaj\u016f souvisej\u00edc\u00edch s t\u00edmto zpracov\u00e1n\u00edm osobn\u00edch \u00fadaj\u016f. CIDEM Hranice, a.s. zpracov\u00e1v\u00e1 osobn\u00ed \u00fadaje v souladu s Na\u0159\u00edzen\u00edm Evropsk\u00e9ho parlamentu a Rady (EU) 2016\/679 ze dne&hellip;<\/p>","protected":false},"author":1,"featured_media":0,"parent":0,"menu_order":0,"comment_status":"closed","ping_status":"closed","template":"","meta":{"_acf_changed":false,"footnotes":""},"class_list":["post-49997","page","type-page","status-publish","hentry"],"acf":[],"_links":{"self":[{"href":"https:\/\/new.cetris.cz\/fr\/wp-json\/wp\/v2\/pages\/49997","targetHints":{"allow":["GET"]}}],"collection":[{"href":"https:\/\/new.cetris.cz\/fr\/wp-json\/wp\/v2\/pages"}],"about":[{"href":"https:\/\/new.cetris.cz\/fr\/wp-json\/wp\/v2\/types\/page"}],"author":[{"embeddable":true,"href":"https:\/\/new.cetris.cz\/fr\/wp-json\/wp\/v2\/users\/1"}],"replies":[{"embeddable":true,"href":"https:\/\/new.cetris.cz\/fr\/wp-json\/wp\/v2\/comments?post=49997"}],"version-history":[{"count":4,"href":"https:\/\/new.cetris.cz\/fr\/wp-json\/wp\/v2\/pages\/49997\/revisions"}],"predecessor-version":[{"id":50001,"href":"https:\/\/new.cetris.cz\/fr\/wp-json\/wp\/v2\/pages\/49997\/revisions\/50001"}],"wp:attachment":[{"href":"https:\/\/new.cetris.cz\/fr\/wp-json\/wp\/v2\/media?parent=49997"}],"curies":[{"name":"wp","href":"https:\/\/api.w.org\/{rel}","templated":true}]}}