{"id":49269,"date":"2025-03-22T20:55:10","date_gmt":"2025-03-22T19:55:10","guid":{"rendered":"https:\/\/new.cetris.cz\/?page_id=49269"},"modified":"2025-10-05T12:28:21","modified_gmt":"2025-10-05T10:28:21","slug":"podhledy-a-sokly","status":"publish","type":"page","link":"https:\/\/new.cetris.cz\/fr\/systemy\/podhledy-a-sokly\/","title":{"rendered":"Soffites et plinthes"},"content":{"rendered":"<div data-elementor-type=\"wp-page\" data-elementor-id=\"49269\" class=\"elementor elementor-49269\" data-elementor-post-type=\"page\">\n\t\t\t\t<div class=\"elementor-element elementor-element-7254e802 elementor-hidden-tablet elementor-hidden-mobile e-flex e-con-boxed e-con e-parent\" data-id=\"7254e802\" data-element_type=\"container\" data-settings=\"{&quot;background_background&quot;:&quot;slideshow&quot;,&quot;background_slideshow_gallery&quot;:[{&quot;id&quot;:49236,&quot;url&quot;:&quot;https:\\\/\\\/new.cetris.cz\\\/wp-content\\\/uploads\\\/2025\\\/03\\\/podhledy-a-sokly.jpg&quot;}],&quot;background_slideshow_loop&quot;:&quot;yes&quot;,&quot;background_slideshow_slide_duration&quot;:5000,&quot;background_slideshow_slide_transition&quot;:&quot;fade&quot;,&quot;background_slideshow_transition_duration&quot;:500}\">\n\t\t\t\t\t<div class=\"e-con-inner\">\n\t\t<div class=\"elementor-element elementor-element-2289dd5e e-con-full e-flex e-con e-child\" data-id=\"2289dd5e\" data-element_type=\"container\" data-settings=\"{&quot;background_background&quot;:&quot;classic&quot;}\">\n\t\t<div class=\"elementor-element elementor-element-66003488 e-con-full e-flex e-con e-child\" data-id=\"66003488\" data-element_type=\"container\">\n\t\t\t\t<\/div>\n\t\t<div class=\"elementor-element elementor-element-1302cd7e e-con-full e-flex e-con e-child\" data-id=\"1302cd7e\" data-element_type=\"container\">\n\t\t\t\t<div class=\"elementor-element elementor-element-630f9727 elementor-widget elementor-widget-image\" data-id=\"630f9727\" data-element_type=\"widget\" data-widget_type=\"image.default\">\n\t\t\t\t<div class=\"elementor-widget-container\">\n\t\t\t\t\t\t\t\t\t\t\t\t\t\t\t\t<a href=\"https:\/\/new.cetris.cz\/reference\/pouziti-podhledy-a-sokly\/\">\n\t\t\t\t\t\t\t<img decoding=\"async\" src=\"https:\/\/new.cetris.cz\/wp-content\/uploads\/elementor\/thumbs\/ukazky-cetris-r2wjkhils1h0k0seetscmox37z394rqr7hdnhsqnk4.jpg\" title=\"pointeurs-cetris\" alt=\"ukazky-cetris\" loading=\"lazy\" \/>\t\t\t\t\t\t\t\t<\/a>\n\t\t\t\t\t\t\t\t\t\t\t\t\t\t\t<\/div>\n\t\t\t\t<\/div>\n\t\t\t\t<div class=\"elementor-element elementor-element-64decbc5 elementor-hidden-tablet elementor-hidden-mobile elementor-grid-3 elementor-grid-tablet-2 elementor-grid-mobile-1 elementor-widget elementor-widget-portfolio\" data-id=\"64decbc5\" data-element_type=\"widget\" data-settings=\"{&quot;item_ratio&quot;:{&quot;unit&quot;:&quot;px&quot;,&quot;size&quot;:0.98,&quot;sizes&quot;:[]},&quot;row_gap&quot;:{&quot;unit&quot;:&quot;px&quot;,&quot;size&quot;:0,&quot;sizes&quot;:[]},&quot;columns&quot;:&quot;3&quot;,&quot;columns_tablet&quot;:&quot;2&quot;,&quot;columns_mobile&quot;:&quot;1&quot;,&quot;item_gap&quot;:{&quot;unit&quot;:&quot;px&quot;,&quot;size&quot;:&quot;&quot;,&quot;sizes&quot;:[]}}\" data-widget_type=\"portfolio.default\">\n\t\t\t\t<div class=\"elementor-widget-container\">\n\t\t\t\t\t\t\t<div class=\"elementor-portfolio elementor-grid elementor-posts-container\" role=\"list\">\n\t\t\t\t<article class=\"elementor-portfolio-item elementor-post  post-53176 post type-post status-publish format-standard has-post-thumbnail hentry category-cetris-finish category-cetris-fasady category-cetris-podhledy-a-sokly category-reference pouziti-fasady pouziti-podhledy-a-sokly typ-desky-cetris-finish zeme-slovenska-republika\" role=\"listitem\">\n\t\t\t<a class=\"elementor-post__thumbnail__link\" href=\"https:\/\/new.cetris.cz\/fr\/apartman-hotel-tale\/\">\n\t\t\t\t<div class=\"elementor-portfolio-item__img elementor-post__thumbnail\">\n\t\t\t<img decoding=\"async\" width=\"200\" height=\"200\" src=\"https:\/\/new.cetris.cz\/wp-content\/uploads\/2025\/09\/snc00075-200x200.jpg\" class=\"attachment-woocommerce_gallery_thumbnail size-woocommerce_gallery_thumbnail wp-image-53181\" alt=\"\" srcset=\"https:\/\/new.cetris.cz\/wp-content\/uploads\/2025\/09\/snc00075-200x200.jpg 200w, https:\/\/new.cetris.cz\/wp-content\/uploads\/2025\/09\/snc00075-150x150.jpg 150w, https:\/\/new.cetris.cz\/wp-content\/uploads\/2025\/09\/snc00075-600x600.jpg 600w\" sizes=\"(max-width: 200px) 100vw, 200px\" \/>\t\t<\/div>\n\t\t\t\t<div class=\"elementor-portfolio-item__overlay\">\n\t\t\t\t<\/div>\n\t\t\t\t<\/a>\n\t\t<\/article>\n\t\t\t\t<article class=\"elementor-portfolio-item elementor-post  post-53073 post type-post status-publish format-standard has-post-thumbnail hentry category-cetris-finish category-cetris-podhledy-a-sokly category-reference pouziti-podhledy-a-sokly typ-desky-cetris-finish zeme-ceska-republika\" role=\"listitem\">\n\t\t\t<a class=\"elementor-post__thumbnail__link\" href=\"https:\/\/new.cetris.cz\/fr\/podhledy-balkonu\/\">\n\t\t\t\t<div class=\"elementor-portfolio-item__img elementor-post__thumbnail\">\n\t\t\t<img decoding=\"async\" width=\"200\" height=\"200\" src=\"https:\/\/new.cetris.cz\/wp-content\/uploads\/2025\/09\/912-prostejov051-200x200.jpg\" class=\"attachment-woocommerce_gallery_thumbnail size-woocommerce_gallery_thumbnail wp-image-53082\" alt=\"\" srcset=\"https:\/\/new.cetris.cz\/wp-content\/uploads\/2025\/09\/912-prostejov051-200x200.jpg 200w, https:\/\/new.cetris.cz\/wp-content\/uploads\/2025\/09\/912-prostejov051-150x150.jpg 150w\" sizes=\"(max-width: 200px) 100vw, 200px\" \/>\t\t<\/div>\n\t\t\t\t<div class=\"elementor-portfolio-item__overlay\">\n\t\t\t\t<\/div>\n\t\t\t\t<\/a>\n\t\t<\/article>\n\t\t\t\t<article class=\"elementor-portfolio-item elementor-post  post-53033 post type-post status-publish format-standard has-post-thumbnail hentry category-cetris-finish category-cetris-podhledy-a-sokly category-reference pouziti-podhledy-a-sokly typ-desky-cetris-finish zeme-ceska-republika\" role=\"listitem\">\n\t\t\t<a class=\"elementor-post__thumbnail__link\" href=\"https:\/\/new.cetris.cz\/fr\/podhled-rotundy-an-havirov\/\">\n\t\t\t\t<div class=\"elementor-portfolio-item__img elementor-post__thumbnail\">\n\t\t\t<img decoding=\"async\" width=\"200\" height=\"200\" src=\"https:\/\/new.cetris.cz\/wp-content\/uploads\/2025\/09\/1113-sam6030-200x200.jpg\" class=\"attachment-woocommerce_gallery_thumbnail size-woocommerce_gallery_thumbnail wp-image-53042\" alt=\"\" srcset=\"https:\/\/new.cetris.cz\/wp-content\/uploads\/2025\/09\/1113-sam6030-200x200.jpg 200w, https:\/\/new.cetris.cz\/wp-content\/uploads\/2025\/09\/1113-sam6030-150x150.jpg 150w\" sizes=\"(max-width: 200px) 100vw, 200px\" \/>\t\t<\/div>\n\t\t\t\t<div class=\"elementor-portfolio-item__overlay\">\n\t\t\t\t<\/div>\n\t\t\t\t<\/a>\n\t\t<\/article>\n\t\t\t\t<\/div>\n\t\t\t\t\t\t<\/div>\n\t\t\t\t<\/div>\n\t\t\t\t<\/div>\n\t\t\t\t<\/div>\n\t\t\t\t\t<\/div>\n\t\t\t\t<\/div>\n\t\t<div class=\"elementor-element elementor-element-1b399745 elementor-hidden-desktop e-flex e-con-boxed e-con e-parent\" data-id=\"1b399745\" data-element_type=\"container\" data-settings=\"{&quot;background_background&quot;:&quot;slideshow&quot;,&quot;background_slideshow_gallery&quot;:[{&quot;id&quot;:49236,&quot;url&quot;:&quot;https:\\\/\\\/new.cetris.cz\\\/wp-content\\\/uploads\\\/2025\\\/03\\\/podhledy-a-sokly.jpg&quot;}],&quot;background_slideshow_loop&quot;:&quot;yes&quot;,&quot;background_slideshow_slide_duration&quot;:5000,&quot;background_slideshow_slide_transition&quot;:&quot;fade&quot;,&quot;background_slideshow_transition_duration&quot;:500}\">\n\t\t\t\t\t<div class=\"e-con-inner\">\n\t\t<div class=\"elementor-element elementor-element-22a622aa e-con-full e-flex e-con e-child\" data-id=\"22a622aa\" data-element_type=\"container\" data-settings=\"{&quot;background_background&quot;:&quot;classic&quot;}\">\n\t\t<div class=\"elementor-element elementor-element-662496e9 e-flex e-con-boxed e-con e-child\" data-id=\"662496e9\" data-element_type=\"container\">\n\t\t\t\t\t<div class=\"e-con-inner\">\n\t\t\t\t\t<\/div>\n\t\t\t\t<\/div>\n\t\t<div class=\"elementor-element elementor-element-1cf04503 e-con-full e-flex e-con e-child\" data-id=\"1cf04503\" data-element_type=\"container\" data-settings=\"{&quot;background_background&quot;:&quot;classic&quot;}\">\n\t\t\t\t<div class=\"elementor-element elementor-element-5a62b59b elementor-mobile-align-justify elementor-widget-mobile__width-inherit elementor-tablet-align-justify elementor-widget elementor-widget-the7_button_widget\" data-id=\"5a62b59b\" data-element_type=\"widget\" data-widget_type=\"the7_button_widget.default\">\n\t\t\t\t<div class=\"elementor-widget-container\">\n\t\t\t\t\t<div class=\"elementor-button-wrapper\"><button class=\"box-button elementor-button elementor-size-xl\">Exemples d'applications<svg xmlns:xlink=\"http:\/\/www.w3.org\/1999\/xlink\" xmlns=\"http:\/\/www.w3.org\/2000\/svg\" class=\"svgicon shape-ukazky\" width=\"80\" height=\"50\"><defs><symbol id=\"shape-ukazky\" viewbox=\"0 0 59.527 36.814\"><path d=\"M52.931 29.242a.918.918 0 0 1-1.44 1.137l-11.797-14.93-10.358 11.918-.02.025a.951.951 0 0 1-.052.057l-2.606 3a.92.92 0 0 1-1.391-1.203l2.027-2.332-6.088-5.045-13.385 8.748a.921.921 0 0 1-1.007-1.541l13.954-9.12a.921.921 0 0 1 1.108.075l6.627 5.492L39.031 13.41l.001.001a.919.919 0 0 1 1.414.031l12.485 15.8zM15.481 9.616a3.757 3.757 0 0 0-2.662-1.103c-1.04 0-1.981.422-2.662 1.103a3.752 3.752 0 0 0-1.104 2.663c0 1.039.422 1.981 1.104 2.662a3.753 3.753 0 0 0 2.662 1.103c1.039 0 1.98-.421 2.662-1.103s1.103-1.623 1.103-2.662a3.75 3.75 0 0 0-1.103-2.663zm-2.662-2.947c1.549 0 2.951.628 3.966 1.643a5.591 5.591 0 0 1 1.643 3.966c0 1.548-.628 2.951-1.643 3.965s-2.417 1.643-3.966 1.643-2.951-.628-3.966-1.643-1.643-2.417-1.643-3.965c0-1.549.628-2.951 1.643-3.966a5.597 5.597 0 0 1 3.966-1.643zm42.542-4.826H4.167c-.639 0-1.22.262-1.641.683a2.318 2.318 0 0 0-.683 1.64v28.482c0 .637.262 1.219.683 1.639a2.314 2.314 0 0 0 1.641.684h51.194c.638 0 1.219-.262 1.64-.684.421-.42.684-1.002.684-1.639V4.166a2.32 2.32 0 0 0-.684-1.64 2.317 2.317 0 0 0-1.64-.683zM4.167 0h51.194c1.146 0 2.188.469 2.943 1.224a4.155 4.155 0 0 1 1.223 2.943v28.482a4.158 4.158 0 0 1-1.223 2.943 4.158 4.158 0 0 1-2.943 1.223H4.167a4.156 4.156 0 0 1-2.943-1.223A4.157 4.157 0 0 1 0 32.648V4.166C0 3.02.469 1.978 1.224 1.223A4.156 4.156 0 0 1 4.167 0z\"><\/path><\/symbol><\/defs><use xlink:href=\"#shape-ukazky\"><\/use><\/svg><\/button><\/div>\t\t\t\t<\/div>\n\t\t\t\t<\/div>\n\t\t\t\t<\/div>\n\t\t\t\t<\/div>\n\t\t\t\t\t<\/div>\n\t\t\t\t<\/div>\n\t\t<div class=\"elementor-element elementor-element-41a185fb e-flex e-con-boxed e-con e-parent\" data-id=\"41a185fb\" data-element_type=\"container\">\n\t\t\t\t\t<div class=\"e-con-inner\">\n\t\t<div class=\"elementor-element elementor-element-4032e10f e-con-full elementor-hidden-tablet elementor-hidden-mobile e-flex e-con e-child\" data-id=\"4032e10f\" data-element_type=\"container\">\n\t\t\t\t<div class=\"elementor-element elementor-element-7005e134 elementor-hidden-tablet elementor-hidden-mobile elementor-widget elementor-widget-heading\" data-id=\"7005e134\" data-element_type=\"widget\" data-widget_type=\"heading.default\">\n\t\t\t\t<div class=\"elementor-widget-container\">\n\t\t\t\t\t<h2 class=\"elementor-heading-title elementor-size-default\">Utilisation<\/h2>\t\t\t\t<\/div>\n\t\t\t\t<\/div>\n\t\t\t\t<div class=\"elementor-element elementor-element-6f696576 widget-divider-yes elementor-widget-tablet__width-inherit elementor-hidden-tablet elementor-hidden-mobile dt-nav-menu_align-left dt-sub-menu_align-left elementor-widget elementor-widget-the7_nav-menu\" data-id=\"6f696576\" data-element_type=\"widget\" data-settings=\"{&quot;submenu_display&quot;:&quot;always&quot;}\" data-widget_type=\"the7_nav-menu.default\">\n\t\t\t\t<div class=\"elementor-widget-container\">\n\t\t\t\t\t<nav class=\"dt-nav-menu--main dt-nav-menu__container dt-sub-menu-display-always dt-icon-align- dt-icon-position- dt-sub-icon-position- dt-sub-icon-align-\"><ul class=\"dt-nav-menu\"><li class=\"menu-item menu-item-type-custom menu-item-object-custom menu-item-48993 first depth-0\"><a href='\/systemy\/stenove-systemy\/' data-level='1'><span class=\"item-content\"><span class=\"menu-item-text\"><span class=\"menu-text\">Murs<\/span><\/span><\/span><span class=\"\" data-icon = \"\"> <\/span><\/a><\/li> <li class=\"menu-item menu-item-type-custom menu-item-object-custom menu-item-48994 depth-0\"><a href='\/systemy\/fasadni-systemy\/' data-level='1'><span class=\"item-content\"><span class=\"menu-item-text\"><span class=\"menu-text\">Les fa\u00e7ades<\/span><\/span><\/span><span class=\"\" data-icon = \"\"> <\/span><\/a><\/li> <li class=\"menu-item menu-item-type-custom menu-item-object-custom menu-item-48995 depth-0\"><a href='\/systemy\/podlahove-systemy\/' data-level='1'><span class=\"item-content\"><span class=\"menu-item-text\"><span class=\"menu-text\">Planchers<\/span><\/span><\/span><span class=\"\" data-icon = \"\"> <\/span><\/a><\/li> <li class=\"menu-item menu-item-type-custom menu-item-object-custom menu-item-48996 depth-0\"><a href='\/systemy\/stresni-systemy\/' data-level='1'><span class=\"item-content\"><span class=\"menu-item-text\"><span class=\"menu-text\">Toitures<\/span><\/span><\/span><span class=\"\" data-icon = \"\"> <\/span><\/a><\/li> <li class=\"menu-item menu-item-type-custom menu-item-object-custom menu-item-48997 depth-0\"><a href='\/systemy\/pozarni-systemy\/' data-level='1'><span class=\"item-content\"><span class=\"menu-item-text\"><span class=\"menu-text\">Applications de protection contre l'incendie<\/span><\/span><\/span><span class=\"\" data-icon = \"\"> <\/span><\/a><\/li> <li class=\"menu-item menu-item-type-custom menu-item-object-custom menu-item-48998 depth-0\"><a href='\/systemy\/podhledy-a-sokly\/' data-level='1'><span class=\"item-content\"><span class=\"menu-item-text\"><span class=\"menu-text\">Soffites et plinthes<\/span><\/span><\/span><span class=\"\" data-icon = \"\"> <\/span><\/a><\/li> <li class=\"menu-item menu-item-type-custom menu-item-object-custom menu-item-48999 depth-0\"><a href='\/systemy\/balkonove-aplikace\/' data-level='1'><span class=\"item-content\"><span class=\"menu-item-text\"><span class=\"menu-text\">Remplissage des balcons<\/span><\/span><\/span><span class=\"\" data-icon = \"\"> <\/span><\/a><\/li> <li class=\"menu-item menu-item-type-custom menu-item-object-custom menu-item-49000 depth-0\"><a href='\/systemy\/ostatni-systemy\/' data-level='1'><span class=\"item-content\"><span class=\"menu-item-text\"><span class=\"menu-text\">Constructions de transport<\/span><\/span><\/span><span class=\"\" data-icon = \"\"> <\/span><\/a><\/li> <li class=\"menu-item menu-item-type-custom menu-item-object-custom menu-item-49001 depth-0\"><a href='\/systemy\/vytahove-sachty\/' data-level='1'><span class=\"item-content\"><span class=\"menu-item-text\"><span class=\"menu-text\">Rev\u00eatement de cages d'ascenseurs avec des panneaux CETRIS<\/span><\/span><\/span><span class=\"\" data-icon = \"\"> <\/span><\/a><\/li> <li class=\"menu-item menu-item-type-custom menu-item-object-custom menu-item-49002 last depth-0\"><a href='https:\/\/www.cetrishobby.cz\/' data-level='1'><span class=\"item-content\"><span class=\"menu-item-text\"><span class=\"menu-text\">HOBBY<\/span><\/span><\/span><span class=\"\" data-icon = \"\"> <\/span><\/a><\/li> <\/ul><\/nav>\t\t\t\t<\/div>\n\t\t\t\t<\/div>\n\t\t\t\t<\/div>\n\t\t<div class=\"elementor-element elementor-element-17a2618b e-con-full e-flex e-con e-child\" data-id=\"17a2618b\" data-element_type=\"container\">\n\t\t\t\t<div class=\"elementor-element elementor-element-5fbeb325 elementor-widget elementor-widget-text-editor\" data-id=\"5fbeb325\" data-element_type=\"widget\" data-widget_type=\"text-editor.default\">\n\t\t\t\t<div class=\"elementor-widget-container translation-block\">Cementot\u0159\u00edskov\u00e1 deska CETRIS<sup>\u00ae<\/sup> se ve velk\u00e9 m\u00ed\u0159e pou\u017e\u00edv\u00e1 k vodorovn\u00e9mu nebo \u0161ikm\u00e9mu oblo\u017een\u00ed stropn\u00edch tr\u00e1mov\u00fdch konstrukc\u00ed nebo k p\u0159esahu st\u0159e\u0161n\u00ed konstrukce. P\u0159edev\u0161\u00edm ve venkovn\u00edm prost\u0159ed\u00ed se nab\u00edz\u00ed pou\u017eit\u00ed neho\u0159lav\u00fdch, vlhku odoln\u00fdch desek CETRIS<sup>\u00ae<\/sup>, obdobn\u00e9 vyu\u017eit\u00ed je vhodn\u00e9 i v p\u0159\u00edpad\u011b obkladu spodn\u00ed stavby \u2013 soklu. Na z\u00e1klad\u011b po\u017eadavk\u016f na z\u00e1v\u011bre\u010dnou povrchovou \u00fapravu \u010di vzhled lze pou\u017e\u00edt r\u016fzn\u00e9 druhy cementot\u0159\u00edskov\u00fdch desek CETRIS<sup>\u00ae<\/sup>.<\/div>\n\t\t\t\t<\/div>\n\t\t\t\t<div class=\"elementor-element elementor-element-77cce71c elementor-widget elementor-widget-text-editor\" data-id=\"77cce71c\" data-element_type=\"widget\" data-widget_type=\"text-editor.default\">\n\t\t\t\t<div class=\"elementor-widget-container\">\n\t\t\t\t\t\t\t\t\t<p class=\" translation-block\">Pro opl\u00e1\u0161t\u011bn\u00ed soklu je mo\u017eno pou\u017e\u00edt i z\u00e1kladn\u00ed desky CETRIS<sup>\u00ae<\/sup> BASIC. P\u0159i volb\u011b tohoto druhu je ov\u0161em nutno respektovat slo\u017een\u00ed a chov\u00e1n\u00ed cementov\u00fdch v\u00fdrobk\u016f \u2013 nejednolit\u00fd vzhled a cementov\u00fd v\u00fdkv\u011bt, kter\u00fd je p\u0159irozen\u00fd u v\u0161ech materi\u00e1l\u016f s cementov\u00fdm pojivem.<\/p><p class=\" translation-block\">Desky CETRIS<sup>\u00ae<\/sup> s povrchovou \u00fapravou CETRIS<sup>\u00ae<\/sup> FINISH, CETRIS<sup>\u00ae<\/sup> PROFIL FINISH lze vyu\u017e\u00edt jako fin\u00e1ln\u00ed obklady sokl\u016f, p\u0159esah\u016f st\u0159ech, atik a podobn\u011b. P\u0159i dodr\u017een\u00ed technologick\u00e9ho postupu mont\u00e1\u017ee a skladby lze v p\u0159\u00edpad\u011b podhledu vytvo\u0159it nejen funk\u010dn\u00ed, ale i po\u017e\u00e1rn\u011b odoln\u00fd podhled.<\/p>\t\t\t\t\t\t\t\t<\/div>\n\t\t\t\t<\/div>\n\t\t<div class=\"elementor-element elementor-element-7d188656 e-con-full e-flex e-con e-child\" data-id=\"7d188656\" data-element_type=\"container\">\n\t\t\t\t<div class=\"elementor-element elementor-element-5c99086 elementor-widget elementor-widget-text-editor\" data-id=\"5c99086\" data-element_type=\"widget\" data-widget_type=\"text-editor.default\">\n\t\t\t\t<div class=\"elementor-widget-container\">\n\t\t\t\t\t\t\t\t\t<p>Comment choisir le bon panneau :<\/p>\t\t\t\t\t\t\t\t<\/div>\n\t\t\t\t<\/div>\n\t\t\t\t<div class=\"elementor-element elementor-element-4e8b480 elementor-mobile-align-justify elementor-widget-mobile__width-inherit elementor-widget elementor-widget-the7_button_widget\" data-id=\"4e8b480\" data-element_type=\"widget\" data-widget_type=\"the7_button_widget.default\">\n\t\t\t\t<div class=\"elementor-widget-container\">\n\t\t\t\t\t<div class=\"elementor-button-wrapper\"><a href=\"https:\/\/new.cetris.cz\/interaktivni-pruvodci\/pruvodce-podhledy-a-sokly\/\" class=\"box-button elementor-button elementor-size-xl\">Guide interactif<svg aria-hidden=\"true\" class=\"elementor-button-icon e-font-icon-svg e-fas-book-open\" viewbox=\"0 0 576 512\" xmlns=\"http:\/\/www.w3.org\/2000\/svg\"><path d=\"M542.22 32.05c-54.8 3.11-163.72 14.43-230.96 55.59-4.64 2.84-7.27 7.89-7.27 13.17v363.87c0 11.55 12.63 18.85 23.28 13.49 69.18-34.82 169.23-44.32 218.7-46.92 16.89-.89 30.02-14.43 30.02-30.66V62.75c.01-17.71-15.35-31.74-33.77-30.7zM264.73 87.64C197.5 46.48 88.58 35.17 33.78 32.05 15.36 31.01 0 45.04 0 62.75V400.6c0 16.24 13.13 29.78 30.02 30.66 49.49 2.6 149.59 12.11 218.77 46.95 10.62 5.35 23.21-1.94 23.21-13.46V100.63c0-5.29-2.62-10.14-7.27-12.99z\"><\/path><\/svg><\/a><\/div>\t\t\t\t<\/div>\n\t\t\t\t<\/div>\n\t\t\t\t<div class=\"elementor-element elementor-element-136be116 elementor-mobile-align-justify elementor-widget-mobile__width-inherit elementor-widget elementor-widget-the7_button_widget\" data-id=\"136be116\" data-element_type=\"widget\" data-widget_type=\"the7_button_widget.default\">\n\t\t\t\t<div class=\"elementor-widget-container\">\n\t\t\t\t\t<div class=\"elementor-button-wrapper\"><a href=\"https:\/\/new.cetris.cz\/wp-content\/uploads\/2025\/09\/800_podhledy-a-sokly.pdf\" target=\"_blank\" class=\"box-button elementor-button elementor-size-xl\">T\u00e9l\u00e9charger l'information<svg aria-hidden=\"true\" class=\"elementor-button-icon e-font-icon-svg e-fas-download\" viewbox=\"0 0 512 512\" xmlns=\"http:\/\/www.w3.org\/2000\/svg\"><path d=\"M216 0h80c13.3 0 24 10.7 24 24v168h87.7c17.8 0 26.7 21.5 14.1 34.1L269.7 378.3c-7.5 7.5-19.8 7.5-27.3 0L90.1 226.1c-12.6-12.6-3.7-34.1 14.1-34.1H192V24c0-13.3 10.7-24 24-24zm296 376v112c0 13.3-10.7 24-24 24H24c-13.3 0-24-10.7-24-24V376c0-13.3 10.7-24 24-24h146.7l49 49c20.1 20.1 52.5 20.1 72.6 0l49-49H488c13.3 0 24 10.7 24 24zm-124 88c0-11-9-20-20-20s-20 9-20 20 9 20 20 20 20-9 20-20zm64 0c0-11-9-20-20-20s-20 9-20 20 9 20 20 20 20-9 20-20z\"><\/path><\/svg><\/a><\/div>\t\t\t\t<\/div>\n\t\t\t\t<\/div>\n\t\t\t\t<\/div>\n\t\t\t\t<\/div>\n\t\t\t\t\t<\/div>\n\t\t\t\t<\/div>\n\t\t\t\t<\/div>","protected":false},"excerpt":{"rendered":"<p>Uk\u00e1zky aplikac\u00ed Pou\u017eit\u00ed Cementot\u0159\u00edskov\u00e1 deska CETRIS\u00ae se ve velk\u00e9 m\u00ed\u0159e pou\u017e\u00edv\u00e1 k vodorovn\u00e9mu nebo \u0161ikm\u00e9mu oblo\u017een\u00ed stropn\u00edch tr\u00e1mov\u00fdch konstrukc\u00ed nebo k p\u0159esahu st\u0159e\u0161n\u00ed konstrukce. P\u0159edev\u0161\u00edm ve venkovn\u00edm prost\u0159ed\u00ed se nab\u00edz\u00ed pou\u017eit\u00ed neho\u0159lav\u00fdch, vlhku odoln\u00fdch desek CETRIS\u00ae, obdobn\u00e9 vyu\u017eit\u00ed je vhodn\u00e9 i v p\u0159\u00edpad\u011b obkladu spodn\u00ed stavby \u2013 soklu. Na z\u00e1klad\u011b po\u017eadavk\u016f na z\u00e1v\u011bre\u010dnou povrchovou \u00fapravu&hellip;<\/p>","protected":false},"author":2,"featured_media":0,"parent":48991,"menu_order":0,"comment_status":"closed","ping_status":"closed","template":"","meta":{"_acf_changed":false,"footnotes":""},"class_list":["post-49269","page","type-page","status-publish","hentry"],"acf":[],"_links":{"self":[{"href":"https:\/\/new.cetris.cz\/fr\/wp-json\/wp\/v2\/pages\/49269","targetHints":{"allow":["GET"]}}],"collection":[{"href":"https:\/\/new.cetris.cz\/fr\/wp-json\/wp\/v2\/pages"}],"about":[{"href":"https:\/\/new.cetris.cz\/fr\/wp-json\/wp\/v2\/types\/page"}],"author":[{"embeddable":true,"href":"https:\/\/new.cetris.cz\/fr\/wp-json\/wp\/v2\/users\/2"}],"replies":[{"embeddable":true,"href":"https:\/\/new.cetris.cz\/fr\/wp-json\/wp\/v2\/comments?post=49269"}],"version-history":[{"count":28,"href":"https:\/\/new.cetris.cz\/fr\/wp-json\/wp\/v2\/pages\/49269\/revisions"}],"predecessor-version":[{"id":53978,"href":"https:\/\/new.cetris.cz\/fr\/wp-json\/wp\/v2\/pages\/49269\/revisions\/53978"}],"up":[{"embeddable":true,"href":"https:\/\/new.cetris.cz\/fr\/wp-json\/wp\/v2\/pages\/48991"}],"wp:attachment":[{"href":"https:\/\/new.cetris.cz\/fr\/wp-json\/wp\/v2\/media?parent=49269"}],"curies":[{"name":"wp","href":"https:\/\/api.w.org\/{rel}","templated":true}]}}