{"id":49167,"date":"2025-03-11T13:14:01","date_gmt":"2025-03-11T12:14:01","guid":{"rendered":"https:\/\/new.cetris.cz\/?page_id=49167"},"modified":"2026-04-10T18:31:25","modified_gmt":"2026-04-10T16:31:25","slug":"prodejni-mista","status":"publish","type":"page","link":"https:\/\/new.cetris.cz\/fr\/kontakty\/prodejni-mista\/","title":{"rendered":"Points de vente"},"content":{"rendered":"<div data-elementor-type=\"wp-page\" data-elementor-id=\"49167\" class=\"elementor elementor-49167\" data-elementor-post-type=\"page\">\n\t\t\t\t<div class=\"elementor-element elementor-element-5c0d601 e-flex e-con-boxed e-con e-parent\" data-id=\"5c0d601\" data-element_type=\"container\">\n\t\t\t\t\t<div class=\"e-con-inner\">\n\t\t<div class=\"elementor-element elementor-element-fd244aa e-con-full e-flex e-con e-child\" data-id=\"fd244aa\" data-element_type=\"container\">\n\t\t\t\t<div class=\"elementor-element elementor-element-a4eedd5 elementor-widget elementor-widget-heading\" data-id=\"a4eedd5\" data-element_type=\"widget\" data-widget_type=\"heading.default\">\n\t\t\t\t<div class=\"elementor-widget-container\">\n\t\t\t\t\t<h2 class=\"elementor-heading-title elementor-size-default\">Contact<\/h2>\t\t\t\t<\/div>\n\t\t\t\t<\/div>\n\t\t\t\t<div class=\"elementor-element elementor-element-a23fb16 widget-divider-yes elementor-widget-tablet__width-inherit dt-nav-menu_align-left dt-sub-menu_align-left elementor-widget elementor-widget-the7_nav-menu\" data-id=\"a23fb16\" data-element_type=\"widget\" data-settings=\"{&quot;submenu_display&quot;:&quot;always&quot;}\" data-widget_type=\"the7_nav-menu.default\">\n\t\t\t\t<div class=\"elementor-widget-container\">\n\t\t\t\t\t<nav class=\"dt-nav-menu--main dt-nav-menu__container dt-sub-menu-display-always dt-icon-align- dt-icon-position- dt-sub-icon-position- dt-sub-icon-align-\"><ul class=\"dt-nav-menu\"><li class=\"menu-item menu-item-type-post_type menu-item-object-page menu-item-49802 first depth-0\"><a href='https:\/\/new.cetris.cz\/fr\/kontakty\/' data-level='1'><span class=\"item-content\"><span class=\"menu-item-text\"><span class=\"menu-text\">Si\u00e8ge social et adresse de facturation<\/span><\/span><\/span><span class=\"\" data-icon = \"\"> <\/span><\/a><\/li> <li class=\"menu-item menu-item-type-post_type menu-item-object-page menu-item-49806 depth-0\"><a href='https:\/\/new.cetris.cz\/fr\/kontakty\/kontaktni-osoby\/' data-level='1'><span class=\"item-content\"><span class=\"menu-item-text\"><span class=\"menu-text\">Personnes de contact<\/span><\/span><\/span><span class=\"\" data-icon = \"\"> <\/span><\/a><\/li> <li class=\"menu-item menu-item-type-post_type menu-item-object-page menu-item-49805 depth-0\"><a href='https:\/\/new.cetris.cz\/fr\/kontakty\/prodejni-mista\/' data-level='1'><span class=\"item-content\"><span class=\"menu-item-text\"><span class=\"menu-text\">Points de vente<\/span><\/span><\/span><span class=\"\" data-icon = \"\"> <\/span><\/a><\/li> <li class=\"menu-item menu-item-type-post_type menu-item-object-page menu-item-52448 last depth-0\"><a href='https:\/\/new.cetris.cz\/fr\/kontakty\/montazni-mista-filtr\/' data-level='1'><span class=\"item-content\"><span class=\"menu-item-text\"><span class=\"menu-text\">Entreprises d'installation<\/span><\/span><\/span><span class=\"\" data-icon = \"\"> <\/span><\/a><\/li> <\/ul><\/nav>\t\t\t\t<\/div>\n\t\t\t\t<\/div>\n\t\t\t\t<\/div>\n\t\t<div class=\"elementor-element elementor-element-9f4727f e-con-full e-flex e-con e-child\" data-id=\"9f4727f\" data-element_type=\"container\">\n\t\t\t\t<div class=\"elementor-element elementor-element-8a1eaa6 elementor-widget elementor-widget-heading\" data-id=\"8a1eaa6\" data-element_type=\"widget\" data-widget_type=\"heading.default\">\n\t\t\t\t<div class=\"elementor-widget-container\">\n\t\t\t\t\t<h2 class=\"elementor-heading-title elementor-size-default\">Points de vente<\/h2>\t\t\t\t<\/div>\n\t\t\t\t<\/div>\n\t\t\t\t<div class=\"elementor-element elementor-element-d332bce elementor-widget elementor-widget-spacer\" data-id=\"d332bce\" data-element_type=\"widget\" data-widget_type=\"spacer.default\">\n\t\t\t\t<div class=\"elementor-widget-container\">\n\t\t\t\t\t\t\t<div class=\"elementor-spacer\">\n\t\t\t<div class=\"elementor-spacer-inner\"><\/div>\n\t\t<\/div>\n\t\t\t\t\t\t<\/div>\n\t\t\t\t<\/div>\n\t\t\t\t<div class=\"elementor-element elementor-element-f793b0e elementor-widget elementor-widget-heading\" data-id=\"f793b0e\" data-element_type=\"widget\" data-widget_type=\"heading.default\">\n\t\t\t\t<div class=\"elementor-widget-container\">\n\t\t\t\t\t<h4 class=\"elementor-heading-title elementor-size-default\">Les panneaux de particules li\u00e9s au ciment CETRIS\u00ae peuvent \u00eatre achet\u00e9s dans des magasins de construction, des boutiques ou des hypermarch\u00e9s s\u00e9lectionn\u00e9s dans toute la R\u00e9publique tch\u00e8que ou directement \u00e0 notre si\u00e8ge.\n\n<\/h4>\t\t\t\t<\/div>\n\t\t\t\t<\/div>\n\t\t\t\t<div class=\"elementor-element elementor-element-80b027c elementor-widget elementor-widget-spacer\" data-id=\"80b027c\" data-element_type=\"widget\" data-widget_type=\"spacer.default\">\n\t\t\t\t<div class=\"elementor-widget-container\">\n\t\t\t\t\t\t\t<div class=\"elementor-spacer\">\n\t\t\t<div class=\"elementor-spacer-inner\"><\/div>\n\t\t<\/div>\n\t\t\t\t\t\t<\/div>\n\t\t\t\t<\/div>\n\t\t<div class=\"elementor-element elementor-element-cb2feb8 e-con-full e-flex e-con e-child\" data-id=\"cb2feb8\" data-element_type=\"container\">\n\t\t\t\t<div class=\"elementor-element elementor-element-e58c081 elementor-widget elementor-widget-shortcode\" data-id=\"e58c081\" data-element_type=\"widget\" data-widget_type=\"shortcode.default\">\n\t\t\t\t<div class=\"elementor-widget-container\">\n\t\t\t\t\t\t\t<div class=\"elementor-shortcode\"><\/div>\n\t\t\t\t\t\t<\/div>\n\t\t\t\t<\/div>\n\t\t\t\t<div class=\"elementor-element elementor-element-13aa4e7 elementor-widget__width-initial elementor-widget elementor-widget-shortcode\" data-id=\"13aa4e7\" data-element_type=\"widget\" data-widget_type=\"shortcode.default\">\n\t\t\t\t<div class=\"elementor-widget-container\">\n\t\t\t\t\t\t\t<div class=\"elementor-shortcode\"><div class=\"map_wrapper\" id=\"map_wrapper_54478\">\n<div class=\"map_box\" style=\"max-width:2000px\">\n<div class=\"map_aspect_ratio\" style=\"padding-top:56%\" data-padding-top=\"56%\" data-padding-top-mobile=\"0%\">\n<div class=\"map_container\">\n<div class=\"map_render map_loading\" id=\"map_54478\"><\/div>\n<\/div>\n<\/div>\n<\/div>\n<\/div>\n<div class=\"map_wrapper\" id=\"map_wrapper_54008\">\n<div class=\"map_box\" style=\"max-width:2000px\">\n<div class=\"map_aspect_ratio\" style=\"padding-top:56%\" data-padding-top=\"56%\" data-padding-top-mobile=\"0%\">\n<div class=\"map_container\">\n<div class=\"map_render map_loading\" id=\"map_54008\"><\/div>\n<\/div>\n<\/div>\n<\/div>\n<\/div>\n<div class=\"map_wrapper\" id=\"map_wrapper_54018\">\n<div class=\"map_box\" style=\"max-width:2000px\">\n<div class=\"map_aspect_ratio\" style=\"padding-top:56%\" data-padding-top=\"56%\" data-padding-top-mobile=\"0%\">\n<div class=\"map_container\">\n<div class=\"map_render map_loading\" id=\"map_54018\"><\/div>\n<\/div>\n<\/div>\n<\/div>\n<\/div>\n<div class=\"map_wrapper\" id=\"map_wrapper_51535\">\n<div class=\"map_box\" style=\"max-width:2000px\">\n<div class=\"map_aspect_ratio\" style=\"padding-top:56%\" data-padding-top=\"56%\" data-padding-top-mobile=\"0%\">\n<div class=\"map_container\">\n<div class=\"map_render map_loading\" id=\"map_51535\"><\/div>\n<\/div>\n<\/div>\n<\/div>\n<\/div><\/div>\n\t\t\t\t\t\t<\/div>\n\t\t\t\t<\/div>\n\t\t\t\t<\/div>\n\t\t\t\t<div class=\"elementor-element elementor-element-673a21f elementor-widget elementor-widget-html\" data-id=\"673a21f\" data-element_type=\"widget\" data-widget_type=\"html.default\">\n\t\t\t\t<div class=\"elementor-widget-container\">\n\t\t\t\t\t<style>\r\n:root{--map-selected:#006c5c}\r\n.mmHide{display:none!important}\r\n.mmShow{display:block!important}\r\n.imapsMapPolygon-group.mm-active .imapsPolygon{fill:var(--map-selected,#006c5c)!important;stroke:#fff!important;stroke-width:1.5!important}\r\n<\/style>\r\n\r\n<script>\r\n(function(){\r\nfunction q(s){return document.querySelector(s)}\r\nfunction qa(s){return document.querySelectorAll(s)}\r\nfunction norm(s){return (s||'').toString().trim().toLowerCase()}\r\nvar ID_CZSK=54478,ID_CZ=54008,ID_SK=54018,ID_EU=51535\r\nvar WRAP_CZSK='#map_wrapper_'+ID_CZSK,WRAP_CZ='#map_wrapper_'+ID_CZ,WRAP_SK='#map_wrapper_'+ID_SK,WRAP_EU='#map_wrapper_'+ID_EU\r\nvar WRAPS=[WRAP_CZSK,WRAP_CZ,WRAP_SK,WRAP_EU]\r\nvar slug2country={\r\n\"belgie\":\"BE\",\"belgium\":\"BE\",\r\n\"belorusko\":\"BY\",\"belarus\":\"BY\",\r\n\"bulharsko\":\"BG\",\"bulgaria\":\"BG\",\r\n\"ceska-republika\":\"CZ\",\"cesko\":\"CZ\",\"czechia\":\"CZ\",\r\n\"dansko\":\"DK\",\"denmark\":\"DK\",\r\n\"estonsko\":\"EE\",\"estonia\":\"EE\",\r\n\"finsko\":\"FI\",\"finland\":\"FI\",\r\n\"francie\":\"FR\",\"france\":\"FR\",\r\n\"nizozemsko\":\"NL\",\"netherlands\":\"NL\",\"holandsko\":\"NL\",\r\n\"chorvatsko\":\"HR\",\"chorvatsko-hr\":\"HR\",\"croatia\":\"HR\",\r\n\"italie\":\"IT\",\"italy\":\"IT\",\r\n\"lichtenstejnsko\":\"LI\",\"liechtenstein\":\"LI\",\r\n\"litva\":\"LT\",\"lithuania\":\"LT\",\r\n\"lotyssko\":\"LV\",\"latvia\":\"LV\",\r\n\"moldavsko\":\"MD\",\"moldova\":\"MD\",\r\n\"nemecko\":\"DE\",\"germany\":\"DE\",\r\n\"norsko\":\"NO\",\"norway\":\"NO\",\r\n\"polsko\":\"PL\",\"poland\":\"PL\",\r\n\"portugalsko\":\"PT\",\"portugal\":\"PT\",\r\n\"rumunsko\":\"RO\",\"romania\":\"RO\",\r\n\"rusko\":\"RU\",\"russia\":\"RU\",\r\n\"recko\":\"GR\",\"greece\":\"GR\",\r\n\"slovensko\":\"SK\",\"slovakia\":\"SK\",\"slovenska-republika\":\"SK\",\r\n\"slovinsko\":\"SI\",\"slovenia\":\"SI\",\r\n\"srbsko\":\"RS\",\"serbia\":\"RS\",\r\n\"spanelsko\":\"ES\",\"spain\":\"ES\",\r\n\"svedsko\":\"SE\",\"sweden\":\"SE\",\r\n\"svycarsko\":\"CH\",\"switzerland\":\"CH\",\r\n\"ukrajina\":\"UA\",\"ukraine\":\"UA\",\r\n\"velka-britanie\":\"GB\",\"united-kingdom\":\"GB\",\"uk\":\"GB\"\r\n}\r\nvar slug2iso={\r\n\"praha\":\"CZ-10\",\"stredocesky\":\"CZ-20\",\"jihocesky\":\"CZ-31\",\"plzensky\":\"CZ-32\",\r\n\"karlovarsky\":\"CZ-41\",\"ustecky\":\"CZ-42\",\"liberecky\":\"CZ-51\",\"kralovehradecky\":\"CZ-52\",\r\n\"pardubicky\":\"CZ-53\",\"vysocina\":\"CZ-63\",\"jihomoravsky\":\"CZ-64\",\"olomoucky\":\"CZ-71\",\r\n\"zlinsky\":\"CZ-72\",\"moravskoslezsky\":\"CZ-80\",\"bratislavsky\":\"SK-BL\",\"trnavsky\":\"SK-TA\",\r\n\"trenciansky\":\"SK-TC\",\"nitriansky\":\"SK-NI\",\"zilinsky\":\"SK-ZI\",\"banskobystricky\":\"SK-BC\",\r\n\"presovsky\":\"SK-PV\",\"kosicky\":\"SK-KI\"\r\n}\r\nfunction getStateFromUrl(){\r\nvar p=location.pathname\r\nvar m=p.match(\/prodejna-stat-([a-z-]+)\/i)\r\nif(m)return slug2country[norm(m[1])]||''\r\nvar s=location.search.match(\/[?&](state|filter_stat)=([^&]+)\/i)\r\nreturn s?(slug2country[norm(decodeURIComponent(s[2]))]||''):''\r\n}\r\nfunction getRegionFromUrl(){\r\nvar p=location.pathname\r\nvar m=p.match(\/prodejna-kraj-([a-z-]+)\/i)\r\nif(m)return norm(m[1])\r\nvar qs=location.search.match(\/[?&]filter_kraj=([^&]+)\/i)\r\nreturn qs?norm(decodeURIComponent(qs[1])).replace(\/-kraj$\/,''):''\r\n}\r\nfunction hideAll(){WRAPS.forEach(function(sel){var el=q(sel); if(el){el.classList.remove('mmShow');el.classList.add('mmHide')}})}\r\nfunction show(sel){var el=q(sel); if(el){el.classList.remove('mmHide');el.classList.add('mmShow')}}\r\nfunction clearHL(){qa('.imapsMapPolygon-group').forEach(function(n){n.classList.remove('mm-active')})}\r\nfunction waitMap(id,cb){\r\nvar t=0,iv=setInterval(function(){\r\nt++; if(window.iMaps&&window.iMaps.maps&&window.iMaps.maps[id]&&window.iMaps.maps[id].series&&window.iMaps.maps[id].series[0]){clearInterval(iv);cb(window.iMaps.maps[id])}\r\nif(t>60)clearInterval(iv)\r\n},250)}\r\nfunction highlightISO(id,iso){\r\nwaitMap(id,function(map){\r\nclearHL()\r\nvar s=map.series[0]; if(!s||!s.dataItems)return\r\nfor(var i=0;i<s.dataItems.length;i++){\r\nvar it=s.dataItems.values[i]\r\nif(it&&it.dataContext&&it.dataContext.id===iso&&it.mapPolygon&&it.mapPolygon.group&&it.mapPolygon.group.node){it.mapPolygon.group.node.classList.add('mm-active');break}\r\n}\r\n})\r\n}\r\nfunction canonicalizeNonCzSk(st){\r\nif(!st||st==='CZ'||st==='SK')return false\r\nvar path=location.pathname\r\nvar hadTrailingSlash=path.slice(-1)==='\/'\r\nvar parts=path.split('\/').filter(function(part){return part})\r\nvar changed=false\r\nvar filtered=[]\r\nfor(var i=0;i<parts.length;i++){\r\nvar part=parts[i]\r\nif(part.toLowerCase().indexOf('prodejna-kraj-')===0){changed=true;continue}\r\nfiltered.push(part)\r\n}\r\nvar newPath='\/' + filtered.join('\/')\r\nif(newPath!=='\/'&&hadTrailingSlash)newPath+='\/'\r\nvar params=new URLSearchParams(location.search.replace(\/^\\?\/,''))\r\nif(params.has('filter_kraj')){params.delete('filter_kraj');changed=true}\r\nvar search=params.toString()\r\nvar newSearch=search?'?'+search:''\r\nif(changed){\r\nvar hash=location.hash||''\r\nhistory.replaceState(history.state,'',newPath+newSearch+hash)\r\nreturn true\r\n}\r\nreturn false\r\n}\r\nfunction refresh(){\r\nvar st=getStateFromUrl()\r\nvar rg=getRegionFromUrl()\r\nif(canonicalizeNonCzSk(st)){\r\nlast=location.pathname+location.search\r\nst=getStateFromUrl()\r\nrg=getRegionFromUrl()\r\n}\r\nhideAll()\r\nif(rg){\r\nvar code=slug2iso[rg]||''\r\nif(code.indexOf('SK-')===0){show(WRAP_SK); if(code)highlightISO(ID_SK,code)} else {show(WRAP_CZ); if(code)highlightISO(ID_CZ,code)}\r\nreturn\r\n}\r\nif(st==='CZ'){show(WRAP_CZ);return}\r\nif(st==='SK'){show(WRAP_SK);return}\r\nif(st&&st!=='CZ'&&st!=='SK'){show(WRAP_EU);highlightISO(ID_EU,st);return}\r\nshow(WRAP_CZSK)\r\n}\r\nvar last=location.pathname+location.search\r\ndocument.addEventListener('DOMContentLoaded',function(){\r\nrefresh()\r\nsetInterval(function(){\r\nvar cur=location.pathname+location.search\r\nif(cur!==last){last=cur;refresh()}\r\n},500)\r\n})\r\n})();\r\n<\/script>\t\t\t\t<\/div>\n\t\t\t\t<\/div>\n\t\t\t\t<div class=\"elementor-element elementor-element-8d4cab5 elementor-grid-3 elementor-grid-tablet-2 elementor-grid-mobile-1 elementor-widget elementor-widget-loop-grid\" data-id=\"8d4cab5\" data-element_type=\"widget\" id=\"fe-loop\" data-settings=\"{&quot;template_id&quot;:53647,&quot;_skin&quot;:&quot;post&quot;,&quot;columns&quot;:&quot;3&quot;,&quot;columns_tablet&quot;:&quot;2&quot;,&quot;columns_mobile&quot;:&quot;1&quot;,&quot;edit_handle_selector&quot;:&quot;[data-elementor-type=\\&quot;loop-item\\&quot;]&quot;,&quot;row_gap&quot;:{&quot;unit&quot;:&quot;px&quot;,&quot;size&quot;:&quot;&quot;,&quot;sizes&quot;:[]},&quot;row_gap_tablet&quot;:{&quot;unit&quot;:&quot;px&quot;,&quot;size&quot;:&quot;&quot;,&quot;sizes&quot;:[]},&quot;row_gap_mobile&quot;:{&quot;unit&quot;:&quot;px&quot;,&quot;size&quot;:&quot;&quot;,&quot;sizes&quot;:[]}}\" data-widget_type=\"loop-grid.post\">\n\t\t\t\t<div class=\"elementor-widget-container\">\n\t\t\t\t\t\t\t<div class=\"e-loop-nothing-found-message\">\n\t\t\t\t\t<div class=\"e-loop-nothing-found-message__text\">\n\t\t\t\tVyberte st\u00e1t pro zobrazen\u00ed prodejn\u00edch m\u00edst.\t\t\t<\/div>\n\t\t\t<\/div>\n\t\t\t\t\t\t<\/div>\n\t\t\t\t<\/div>\n\t\t\t\t<\/div>\n\t\t\t\t\t<\/div>\n\t\t\t\t<\/div>\n\t\t\t\t<\/div>","protected":false},"excerpt":{"rendered":"<p>Kontakty Prodejn\u00ed m\u00edsta Cementot\u0159\u00edskov\u00e9 desky CETRIS\u00ae m\u016f\u017eete zakoupit ve vybran\u00fdch stavebnin\u00e1ch, obchodech \u010di hypermarketech po cel\u00e9 \u010cesk\u00e9 republice nebo p\u0159\u00edmo u n\u00e1s v s\u00eddle divize CETRIS.<\/p>","protected":false},"author":1,"featured_media":0,"parent":49795,"menu_order":0,"comment_status":"closed","ping_status":"closed","template":"","meta":{"_acf_changed":false,"footnotes":""},"class_list":["post-49167","page","type-page","status-publish","hentry"],"acf":[],"_links":{"self":[{"href":"https:\/\/new.cetris.cz\/fr\/wp-json\/wp\/v2\/pages\/49167","targetHints":{"allow":["GET"]}}],"collection":[{"href":"https:\/\/new.cetris.cz\/fr\/wp-json\/wp\/v2\/pages"}],"about":[{"href":"https:\/\/new.cetris.cz\/fr\/wp-json\/wp\/v2\/types\/page"}],"author":[{"embeddable":true,"href":"https:\/\/new.cetris.cz\/fr\/wp-json\/wp\/v2\/users\/1"}],"replies":[{"embeddable":true,"href":"https:\/\/new.cetris.cz\/fr\/wp-json\/wp\/v2\/comments?post=49167"}],"version-history":[{"count":232,"href":"https:\/\/new.cetris.cz\/fr\/wp-json\/wp\/v2\/pages\/49167\/revisions"}],"predecessor-version":[{"id":55575,"href":"https:\/\/new.cetris.cz\/fr\/wp-json\/wp\/v2\/pages\/49167\/revisions\/55575"}],"up":[{"embeddable":true,"href":"https:\/\/new.cetris.cz\/fr\/wp-json\/wp\/v2\/pages\/49795"}],"wp:attachment":[{"href":"https:\/\/new.cetris.cz\/fr\/wp-json\/wp\/v2\/media?parent=49167"}],"curies":[{"name":"wp","href":"https:\/\/api.w.org\/{rel}","templated":true}]}}