{"id":49149,"date":"2025-03-11T13:11:59","date_gmt":"2025-03-11T12:11:59","guid":{"rendered":"https:\/\/new.cetris.cz\/?page_id=49149"},"modified":"2025-07-03T09:15:07","modified_gmt":"2025-07-03T07:15:07","slug":"napiste-si-o","status":"publish","type":"page","link":"https:\/\/new.cetris.cz\/fr\/napiste-si-o\/","title":{"rendered":"Napi\u0161te si o&#8230;"},"content":{"rendered":"<div data-elementor-type=\"wp-page\" data-elementor-id=\"49149\" class=\"elementor elementor-49149\" data-elementor-post-type=\"page\">\n\t\t\t\t<div class=\"elementor-element elementor-element-61bd873 e-flex e-con-boxed e-con e-parent\" data-id=\"61bd873\" data-element_type=\"container\">\n\t\t\t\t\t<div class=\"e-con-inner\">\n\t\t<div class=\"elementor-element elementor-element-704dba7 e-con-full elementor-hidden-tablet elementor-hidden-mobile e-flex e-con e-child\" data-id=\"704dba7\" data-element_type=\"container\">\n\t\t\t\t<div class=\"elementor-element elementor-element-b5c0002 elementor-hidden-tablet elementor-hidden-mobile elementor-widget elementor-widget-heading\" data-id=\"b5c0002\" data-element_type=\"widget\" data-widget_type=\"heading.default\">\n\t\t\t\t<div class=\"elementor-widget-container\">\n\t\t\t\t\t<h2 class=\"elementor-heading-title elementor-size-default\">Informace <\/h2>\t\t\t\t<\/div>\n\t\t\t\t<\/div>\n\t\t\t\t<div class=\"elementor-element elementor-element-8c45a76 widget-divider-yes elementor-widget-tablet__width-inherit elementor-hidden-tablet elementor-hidden-mobile dt-nav-menu_align-left dt-sub-menu_align-left elementor-widget elementor-widget-the7_nav-menu\" data-id=\"8c45a76\" data-element_type=\"widget\" data-settings=\"{&quot;submenu_display&quot;:&quot;always&quot;}\" data-widget_type=\"the7_nav-menu.default\">\n\t\t\t\t<div class=\"elementor-widget-container\">\n\t\t\t\t\t<nav class=\"dt-nav-menu--main dt-nav-menu__container dt-sub-menu-display-always dt-icon-align- dt-icon-position- dt-sub-icon-position- dt-sub-icon-align-\"><ul class=\"dt-nav-menu\"><li class=\"menu-item menu-item-type-post_type menu-item-object-page menu-item-50636 first depth-0\"><a href='https:\/\/new.cetris.cz\/fr\/skoleni\/o-nas\/' data-level='1'><span class=\"item-content\"><span class=\"menu-item-text\"><span class=\"menu-text\">O n\u00e1s<\/span><\/span><\/span><span class=\"\" data-icon = \"\"> <\/span><\/a><\/li> <li class=\"menu-item menu-item-type-post_type menu-item-object-page menu-item-50637 last depth-0\"><a href='https:\/\/new.cetris.cz\/fr\/vyzkum-a-vyvoj\/' data-level='1'><span class=\"item-content\"><span class=\"menu-item-text\"><span class=\"menu-text\">V\u00fdzkum a v\u00fdvoj<\/span><\/span><\/span><span class=\"\" data-icon = \"\"> <\/span><\/a><\/li> <\/ul><\/nav>\t\t\t\t<\/div>\n\t\t\t\t<\/div>\n\t\t\t\t<div class=\"elementor-element elementor-element-4bfd9bc elementor-hidden-tablet elementor-hidden-mobile elementor-widget elementor-widget-heading\" data-id=\"4bfd9bc\" data-element_type=\"widget\" data-widget_type=\"heading.default\">\n\t\t\t\t<div class=\"elementor-widget-container\">\n\t\t\t\t\t<h2 class=\"elementor-heading-title elementor-size-default\">\u0160kolen\u00ed<\/h2>\t\t\t\t<\/div>\n\t\t\t\t<\/div>\n\t\t\t\t<div class=\"elementor-element elementor-element-97d2aaf widget-divider-yes elementor-widget-tablet__width-inherit elementor-hidden-tablet elementor-hidden-mobile dt-nav-menu_align-left dt-sub-menu_align-left elementor-widget elementor-widget-the7_nav-menu\" data-id=\"97d2aaf\" data-element_type=\"widget\" data-settings=\"{&quot;submenu_display&quot;:&quot;always&quot;}\" data-widget_type=\"the7_nav-menu.default\">\n\t\t\t\t<div class=\"elementor-widget-container\">\n\t\t\t\t\t<nav class=\"dt-nav-menu--main dt-nav-menu__container dt-sub-menu-display-always dt-icon-align- dt-icon-position- dt-sub-icon-position- dt-sub-icon-align-\"><ul class=\"dt-nav-menu\"><li class=\"menu-item menu-item-type-post_type menu-item-object-page menu-item-49618 first depth-0\"><a href='https:\/\/new.cetris.cz\/fr\/skoleni\/skoleni-architekti-projektanti-studenti\/' data-level='1'><span class=\"item-content\"><span class=\"menu-item-text\"><span class=\"menu-text\">Architekti, projektanti, studenti<\/span><\/span><\/span><span class=\"\" data-icon = \"\"> <\/span><\/a><\/li> <li class=\"menu-item menu-item-type-post_type menu-item-object-page menu-item-49619 depth-0\"><a href='https:\/\/new.cetris.cz\/fr\/skoleni\/skoleni-obchodni-firmy\/' data-level='1'><span class=\"item-content\"><span class=\"menu-item-text\"><span class=\"menu-text\">Obchodn\u00ed firmy<\/span><\/span><\/span><span class=\"\" data-icon = \"\"> <\/span><\/a><\/li> <li class=\"menu-item menu-item-type-post_type menu-item-object-page menu-item-49620 last depth-0\"><a href='https:\/\/new.cetris.cz\/fr\/skoleni\/skoleni-stavebni-firmy\/' data-level='1'><span class=\"item-content\"><span class=\"menu-item-text\"><span class=\"menu-text\">Stavebn\u00ed firmy<\/span><\/span><\/span><span class=\"\" data-icon = \"\"> <\/span><\/a><\/li> <\/ul><\/nav>\t\t\t\t<\/div>\n\t\t\t\t<\/div>\n\t\t\t\t<\/div>\n\t\t<div class=\"elementor-element elementor-element-621c6d7 e-con-full e-flex e-con e-child\" data-id=\"621c6d7\" data-element_type=\"container\">\n\t\t\t\t<div class=\"elementor-element elementor-element-4fa70a3 elementor-widget elementor-widget-heading\" data-id=\"4fa70a3\" data-element_type=\"widget\" data-widget_type=\"heading.default\">\n\t\t\t\t<div class=\"elementor-widget-container\">\n\t\t\t\t\t<h2 class=\"elementor-heading-title elementor-size-default\">Napi\u0161te si o...<\/h2>\t\t\t\t<\/div>\n\t\t\t\t<\/div>\n\t\t\t\t<div class=\"elementor-element elementor-element-c5440bf elementor-widget elementor-widget-shortcode\" data-id=\"c5440bf\" data-element_type=\"widget\" data-widget_type=\"shortcode.default\">\n\t\t\t\t<div class=\"elementor-widget-container\">\n\t\t\t\t\t\t\t<div class=\"elementor-shortcode\"><div class=\"everest-forms\"><div class=\"evf-container default\" id=\"evf-50935\"><form id=\"evf-form-50935\" class=\"everest-form\" data-formid=\"50935\" data-ajax_submission=\"0\" data-keyboard_friendly_form=\"0\" data-form_state_type=\"\" method=\"post\" enctype=\"multipart\/form-data\" action=\"\/fr\/wp-json\/wp\/v2\/pages\/49149\" data-trp-original-action=\"\/fr\/wp-json\/wp\/v2\/pages\/49149\"><div class=\"evf-field-container\"><input type=\"hidden\" id=\"_wpnonce50935\" name=\"_wpnonce50935\" value=\"97a6648ec7\" \/><input type=\"hidden\" name=\"_wp_http_referer\" value=\"\/fr\/wp-json\/wp\/v2\/pages\/49149\" \/><div class=\"evf-frontend-row\" data-row=\"row_1\" conditional_rules=\"[]\"><div class=\"evf-frontend-grid evf-grid-1\" data-grid=\"grid_1\"><div id=\"evf-50935-field_PWn8mCXxd4-2-container\" class=\"evf-field evf-field-radio form-row\" data-field-id=\"PWn8mCXxd4-2\"><label class=\"evf-field-label\" for=\"evf-50935-field_PWn8mCXxd4-2\"><span class=\"evf-label\">Pros\u00edm o nacen\u011bn\u00ed desek CETRIS\u00ae podle projektov\u00e9 dokumentace<\/span> <\/label><ul id=\"evf-50935-field_PWn8mCXxd4-2\"><li class=\"choice-1 depth-1\"><input type=\"radio\" id=\"evf-50935-field_PWn8mCXxd4-2_1\" class=\"input-text\" name=\"everest_forms[form_fields][PWn8mCXxd4-2]\" value=\"Projektovou dokumentaci zas\u00edl\u00e1m po\u0161tou na adresu divize CETRIS\u00ae\"  ><label class=\"everest-forms-field-label-inline\" for=\"evf-50935-field_PWn8mCXxd4-2_1\">Projektovou dokumentaci zas\u00edl\u00e1m po\u0161tou na adresu divize CETRIS\u00ae<\/label><\/li><li class=\"choice-2 depth-1\"><input type=\"radio\" id=\"evf-50935-field_PWn8mCXxd4-2_2\" class=\"input-text\" name=\"everest_forms[form_fields][PWn8mCXxd4-2]\" value=\"Zas\u00edl\u00e1m e-mailem na adresu vacula@cetris.cz\"  ><label class=\"everest-forms-field-label-inline\" for=\"evf-50935-field_PWn8mCXxd4-2_2\">Zas\u00edl\u00e1m e-mailem na adresu vacula@cetris.cz<\/label><\/li><li class=\"choice-3 depth-1\"><input type=\"radio\" id=\"evf-50935-field_PWn8mCXxd4-2_3\" class=\"input-text\" name=\"everest_forms[form_fields][PWn8mCXxd4-2]\" value=\"P\u0159ikl\u00e1d\u00e1m zde:\"  ><label class=\"everest-forms-field-label-inline\" for=\"evf-50935-field_PWn8mCXxd4-2_3\">P\u0159ikl\u00e1d\u00e1m zde:<\/label><\/li><\/ul><\/div><div id=\"evf-50935-field_KSECfjAqfM-3-container\" class=\"evf-field evf-field-file-upload form-row\" data-field-id=\"KSECfjAqfM-3\"><label class=\"evf-field-label\" for=\"evf-50935-field_KSECfjAqfM-3\"><span class=\"evf-label\">Nahr\u00e1n\u00ed projektov\u00e9 dokumentace<\/span> <\/label>\t\t<div class=\"everest-forms-uploader\"\n\t\t\tdata-field-id=\"KSECfjAqfM-3\"\n\t\t\tdata-form-id=\"50935\"\n\t\t\tdata-input-name=\"everest_forms_50935_KSECfjAqfM-3\"\n\t\t\tdata-extensions=\"jpg,jpeg,jpe,gif,png,bmp,tiff,tif,webp,avif,ico,heic,heif,heics,heifs,asf,asx,wmv,wmx,wm,avi,divx,mov,qt,mpeg,mpg,mpe,mp4,m4v,ogv,webm,mkv,3gp,3gpp,3g2,3gp2,txt,asc,c,cc,h,srt,csv,tsv,ics,rtx,css,html,vtt,dfxp,mp3,m4a,m4b,aac,ra,ram,wav,x-wav,ogg,oga,flac,mid,midi,wma,wax,mka,rtf,pdf,class,tar,zip,gz,gzip,rar,7z,psd,xcf,doc,pot,pps,ppt,wri,xla,xls,xlt,xlw,mpp,docx,docm,dotx,dotm,xlsx,xlsm,xlsb,xltx,xltm,xlam,pptx,pptm,ppsx,ppsm,potx,potm,ppam,sldx,sldm,onetoc,onetoc2,onetmp,onepkg,oxps,xps,odt,odp,ods,odg,odc,odb,odf,wp,wpd,key,numbers,pages\"\n\t\t\tdata-max-size=\"20971520\"\n\t\t\tdata-max-file-number=\"1\"\n\t\t\tdata-post-max-size=\"20971520\"\n\t\t\tdata-current-file-count=\"0\"\n\t\t\t>\n\t\t\t<div class=\"dz-message\">\n\t\t\t\t<svg xmlns=\"http:\/\/www.w3.org\/2000\/svg\" viewbox=\"0 0 32 32\" width=\"32px\" height=\"32px\" fill=\"#868e96\"><path class=\"cls-1\" d=\"M18.12,17.52,17,16.4V25a1,1,0,0,1-2,0V16.4l-1.12,1.12a1,1,0,0,1-1.42,0,1,1,0,0,1,0-1.41l2.83-2.83a1,1,0,0,1,1.42,0l2.83,2.83a1,1,0,0,1-.71,1.7A1,1,0,0,1,18.12,17.52ZM22,22H20a1,1,0,0,1,0-2h2a4,4,0,0,0,.27-8,1,1,0,0,1-.84-.57,6,6,0,0,0-11.36,1.69,1,1,0,0,1-1,.86H9A3,3,0,0,0,9,20h3a1,1,0,0,1,0,2H9a5,5,0,0,1-.75-9.94A8,8,0,0,1,23,10.1,6,6,0,0,1,22,22Z\"\/><\/svg>\n\t\t\t\t<span class=\"everest-forms-upload-title\">\n\t\t\t\t\tLze nahr\u00e1t 1 soubor. V\u00edce soubor\u016f pros\u00edm komprimujte do .zip\t\t\t\t<\/span>\n\n\t\t\t\t\t\t\t\t\t<span class=\"everest-forms-upload-hint\">\n\t\t\t\t\t\tYou can upload up to 1 files.\t\t\t\t\t<\/span>\n\t\t\t\t\t\t\t<\/div>\n\t\t\t\t\t<\/div>\n\t\t<input type=\"text\" class=\"dropzone-input input-text\" id=\"everest-forms-50935-field_KSECfjAqfM-3\" name=\"everest_forms_50935_KSECfjAqfM-3\"  conditional_id=\"\" conditional_rules=''>\n\t\t<\/div><\/div><\/div><div class=\"evf-frontend-row\" data-row=\"row_2\" conditional_rules=\"[]\"><div class=\"evf-frontend-grid evf-grid-1\" data-grid=\"grid_1\"><div id=\"evf-50935-field_u2I4jio3g0-4-container\" class=\"evf-field evf-field-checkbox form-row\" data-field-id=\"u2I4jio3g0-4\"><label class=\"evf-field-label\" for=\"evf-50935-field_u2I4jio3g0-4\"><span class=\"evf-label\">Sjedn\u00e1n\u00ed sch\u016fzky<\/span> <\/label><ul id=\"evf-50935-field_u2I4jio3g0-4\"><li class=\"choice-1 depth-1\"><input type=\"checkbox\" id=\"evf-50935-field_u2I4jio3g0-4_1\" class=\"input-text\" name=\"everest_forms[form_fields][u2I4jio3g0-4][]\" value=\"M\u00e1m z\u00e1jem o sjedn\u00e1n\u00ed sch\u016fzky s Va\u0161\u00edm obchodn\u011b-technick\u00fdm poradcem\"  ><label class=\"everest-forms-field-label-inline\" for=\"evf-50935-field_u2I4jio3g0-4_1\">M\u00e1m z\u00e1jem o sjedn\u00e1n\u00ed sch\u016fzky s Va\u0161\u00edm obchodn\u011b-technick\u00fdm poradcem<\/label><\/li><\/ul><\/div><div id=\"evf-50935-field_Hxhc5pvuqI-5-container\" class=\"evf-field evf-field-checkbox form-row\" data-field-id=\"Hxhc5pvuqI-5\"><label class=\"evf-field-label\" for=\"evf-50935-field_Hxhc5pvuqI-5\"><span class=\"evf-label\">Za\u0161lete mi, pros\u00edm, bli\u017e\u0161\u00ed informace o cementot\u0159\u00edskov\u00fdch desk\u00e1ch CETRIS\u00ae:<\/span> <\/label><ul id=\"evf-50935-field_Hxhc5pvuqI-5\"><li class=\"choice-1 depth-1\"><input type=\"checkbox\" id=\"evf-50935-field_Hxhc5pvuqI-5_1\" class=\"input-text\" name=\"everest_forms[form_fields][Hxhc5pvuqI-5][]\" value=\"Z\u00e1kladn\u00ed v\u0161eobecn\u00fd prospekt\"  ><label class=\"everest-forms-field-label-inline\" for=\"evf-50935-field_Hxhc5pvuqI-5_1\">Z\u00e1kladn\u00ed v\u0161eobecn\u00fd prospekt<\/label><\/li><li class=\"choice-2 depth-1\"><input type=\"checkbox\" id=\"evf-50935-field_Hxhc5pvuqI-5_2\" class=\"input-text\" name=\"everest_forms[form_fields][Hxhc5pvuqI-5][]\" value=\"Podklady pro projektov\u00e1n\u00ed a realizaci staveb\"  ><label class=\"everest-forms-field-label-inline\" for=\"evf-50935-field_Hxhc5pvuqI-5_2\">Documentation pour la conception et la construction<\/label><\/li><li class=\"choice-3 depth-1\"><input type=\"checkbox\" id=\"evf-50935-field_Hxhc5pvuqI-5_3\" class=\"input-text\" name=\"everest_forms[form_fields][Hxhc5pvuqI-5][]\" value=\"Cen\u00edky\"  ><label class=\"everest-forms-field-label-inline\" for=\"evf-50935-field_Hxhc5pvuqI-5_3\">Cen\u00edky<\/label><\/li><li class=\"choice-4 depth-1\"><input type=\"checkbox\" id=\"evf-50935-field_Hxhc5pvuqI-5_4\" class=\"input-text\" name=\"everest_forms[form_fields][Hxhc5pvuqI-5][]\" value=\"Vzorek desky CETRIS\u00ae\"  ><label class=\"everest-forms-field-label-inline\" for=\"evf-50935-field_Hxhc5pvuqI-5_4\">Vzorek desky CETRIS\u00ae<\/label><\/li><li class=\"choice-5 depth-1\"><input type=\"checkbox\" id=\"evf-50935-field_Hxhc5pvuqI-5_5\" class=\"input-text\" name=\"everest_forms[form_fields][Hxhc5pvuqI-5][]\" value=\"Katalog referenc\u00ed\"  ><label class=\"everest-forms-field-label-inline\" for=\"evf-50935-field_Hxhc5pvuqI-5_5\">Katalog referenc\u00ed<\/label><\/li><li class=\"choice-6 depth-1\"><input type=\"checkbox\" id=\"evf-50935-field_Hxhc5pvuqI-5_6\" class=\"input-text\" name=\"everest_forms[form_fields][Hxhc5pvuqI-5][]\" value=\"Vzorn\u00edk desek CETRIS\u00ae s povrchovou \u00fapravou\"  ><label class=\"everest-forms-field-label-inline\" for=\"evf-50935-field_Hxhc5pvuqI-5_6\">Vzorn\u00edk desek CETRIS\u00ae s povrchovou \u00fapravou<\/label><\/li><li class=\"choice-7 depth-1\"><input type=\"checkbox\" id=\"evf-50935-field_Hxhc5pvuqI-5_7\" class=\"input-text\" name=\"everest_forms[form_fields][Hxhc5pvuqI-5][]\" value=\"Mont\u00e1\u017en\u00ed a technologick\u00e9 postupy pro pokl\u00e1d\u00e1n\u00ed podlahy CETRIS\u00ae\"  ><label class=\"everest-forms-field-label-inline\" for=\"evf-50935-field_Hxhc5pvuqI-5_7\">Mont\u00e1\u017en\u00ed a technologick\u00e9 postupy pro pokl\u00e1d\u00e1n\u00ed podlahy CETRIS\u00ae<\/label><\/li><li class=\"choice-8 depth-1\"><input type=\"checkbox\" id=\"evf-50935-field_Hxhc5pvuqI-5_8\" class=\"input-text\" name=\"everest_forms[form_fields][Hxhc5pvuqI-5][]\" value=\"Mont\u00e1\u017en\u00ed a technologick\u00e9 postupy pro mont\u00e1\u017e fas\u00e1d CETRIS\u00ae\"  ><label class=\"everest-forms-field-label-inline\" for=\"evf-50935-field_Hxhc5pvuqI-5_8\">Mont\u00e1\u017en\u00ed a technologick\u00e9 postupy pro mont\u00e1\u017e fas\u00e1d CETRIS\u00ae<\/label><\/li><\/ul><\/div><\/div><\/div><div class=\"evf-frontend-row\" data-row=\"row_5\" conditional_rules=\"[]\"><div class=\"evf-frontend-grid evf-grid-1\" data-grid=\"grid_1\"><\/div><\/div><div class=\"evf-frontend-row\" data-row=\"row_3\" conditional_rules=\"[]\"><div class=\"evf-frontend-grid evf-grid-2\" data-grid=\"grid_1\"><div id=\"evf-50935-field_aBKbXq5UBw-10-container\" class=\"evf-field evf-field-text form-row validate-required\" data-required-field-message=\"Toto pole je povinn\u00e9.\" data-field-id=\"aBKbXq5UBw-10\"><label class=\"evf-field-label\" for=\"evf-50935-field_aBKbXq5UBw-10\"><span class=\"evf-label\">Jm\u00e9no:<\/span> <abbr class=\"required\" title=\"Required\">*<\/abbr><\/label><input type=\"text\" id=\"evf-50935-field_aBKbXq5UBw-10\" class=\"input-text\" name=\"everest_forms[form_fields][aBKbXq5UBw-10]\" required><\/div><div id=\"evf-50935-field_birPcVqF9P-8-container\" class=\"evf-field evf-field-text form-row\" data-field-id=\"birPcVqF9P-8\"><label class=\"evf-field-label\" for=\"evf-50935-field_birPcVqF9P-8\"><span class=\"evf-label\">Firma:<\/span> <\/label><input type=\"text\" id=\"evf-50935-field_birPcVqF9P-8\" class=\"input-text\" name=\"everest_forms[form_fields][birPcVqF9P-8]\" ><\/div><\/div><div class=\"evf-frontend-grid evf-grid-2\" data-grid=\"grid_2\"><div id=\"evf-50935-field_3CepzJALar-11-container\" class=\"evf-field evf-field-text form-row validate-required\" data-required-field-message=\"Toto pole je povinn\u00e9.\" data-field-id=\"3CepzJALar-11\"><label class=\"evf-field-label\" for=\"evf-50935-field_3CepzJALar-11\"><span class=\"evf-label\">E-mail :<\/span> <abbr class=\"required\" title=\"Required\">*<\/abbr><\/label><input type=\"text\" id=\"evf-50935-field_3CepzJALar-11\" class=\"input-text\" name=\"everest_forms[form_fields][3CepzJALar-11]\" required><\/div><div id=\"evf-50935-field_2DfNdnqpsc-9-container\" class=\"evf-field evf-field-text form-row validate-required\" data-required-field-message=\"Toto pole je povinn\u00e9.\" data-field-id=\"2DfNdnqpsc-9\"><label class=\"evf-field-label\" for=\"evf-50935-field_2DfNdnqpsc-9\"><span class=\"evf-label\">Telefon:<\/span> <abbr class=\"required\" title=\"Required\">*<\/abbr><\/label><input type=\"text\" id=\"evf-50935-field_2DfNdnqpsc-9\" class=\"input-text\" name=\"everest_forms[form_fields][2DfNdnqpsc-9]\" required><\/div><\/div><\/div><div class=\"evf-frontend-row\" data-row=\"row_4\" conditional_rules=\"[]\"><div class=\"evf-frontend-grid evf-grid-1\" data-grid=\"grid_1\"><div id=\"evf-50935-field_wlWulLpWHi-13-container\" class=\"evf-field evf-field-textarea form-row\" data-field-id=\"wlWulLpWHi-13\"><label class=\"evf-field-label\" for=\"evf-50935-field_wlWulLpWHi-13\"><span class=\"evf-label\">Adresa:<\/span> <\/label><textarea id=\"evf-50935-field_wlWulLpWHi-13\" class=\"input-text\" name=\"everest_forms[form_fields][wlWulLpWHi-13]\"  ><\/textarea><\/div><div id=\"evf-50935-field_Vm4jIZEAjb-12-container\" class=\"evf-field evf-field-textarea form-row\" data-field-id=\"Vm4jIZEAjb-12\"><label class=\"evf-field-label\" for=\"evf-50935-field_Vm4jIZEAjb-12\"><span class=\"evf-label\">Zde m\u016f\u017eete napsat dotaz, po\u017eadavek nebo n\u00e1zor na cementrot\u0159\u00edskov\u00e9 desky CETRIS\u00ae:<\/span> <\/label><textarea id=\"evf-50935-field_Vm4jIZEAjb-12\" class=\"input-text\" name=\"everest_forms[form_fields][Vm4jIZEAjb-12]\"  ><\/textarea><\/div><\/div><\/div><\/div><div class=\"evf-honeypot-container evf-field-hp\"><label for=\"evf-50935-field-hp\" class=\"evf-field-label\">Message<\/label><input type=\"text\" name=\"everest_forms[hp]\" id=\"evf-50935-field-hp\" class=\"input-text\"><\/div><div class=\"evf-submit-container\" ><input type=\"hidden\" name=\"everest_forms[id]\" value=\"50935\"><input type=\"hidden\" name=\"everest_forms[author]\" value=\"1\"><button type='submit' name='everest_forms[submit]' class='everest-forms-submit-button button evf-submit' id='evf-submit-50935' value='evf-submit' data-process-text=\"Odes\u00edl\u00e1n\u00ed\u2026\" conditional_rules='&quot;&quot;' conditional_id='evf-submit-50935'  aria-live=\"assertive\">Odeslat<\/button><\/div><input type=\"hidden\" name=\"trp-form-language\" value=\"fr\"\/><\/form><\/div><!-- .evf-container --><\/div><\/div>\n\t\t\t\t\t\t<\/div>\n\t\t\t\t<\/div>\n\t\t\t\t<\/div>\n\t\t\t\t\t<\/div>\n\t\t\t\t<\/div>\n\t\t\t\t<\/div>","protected":false},"excerpt":{"rendered":"<p>Informace \u0160kolen\u00ed Napi\u0161te si o&#8230;<\/p>","protected":false},"author":1,"featured_media":0,"parent":0,"menu_order":0,"comment_status":"closed","ping_status":"closed","template":"","meta":{"_acf_changed":false,"footnotes":""},"class_list":["post-49149","page","type-page","status-publish","hentry"],"acf":[],"_links":{"self":[{"href":"https:\/\/new.cetris.cz\/fr\/wp-json\/wp\/v2\/pages\/49149","targetHints":{"allow":["GET"]}}],"collection":[{"href":"https:\/\/new.cetris.cz\/fr\/wp-json\/wp\/v2\/pages"}],"about":[{"href":"https:\/\/new.cetris.cz\/fr\/wp-json\/wp\/v2\/types\/page"}],"author":[{"embeddable":true,"href":"https:\/\/new.cetris.cz\/fr\/wp-json\/wp\/v2\/users\/1"}],"replies":[{"embeddable":true,"href":"https:\/\/new.cetris.cz\/fr\/wp-json\/wp\/v2\/comments?post=49149"}],"version-history":[{"count":7,"href":"https:\/\/new.cetris.cz\/fr\/wp-json\/wp\/v2\/pages\/49149\/revisions"}],"predecessor-version":[{"id":50951,"href":"https:\/\/new.cetris.cz\/fr\/wp-json\/wp\/v2\/pages\/49149\/revisions\/50951"}],"wp:attachment":[{"href":"https:\/\/new.cetris.cz\/fr\/wp-json\/wp\/v2\/media?parent=49149"}],"curies":[{"name":"wp","href":"https:\/\/api.w.org\/{rel}","templated":true}]}}