{"id":49141,"date":"2025-03-11T13:11:10","date_gmt":"2025-03-11T12:11:10","guid":{"rendered":"https:\/\/new.cetris.cz\/?page_id=49141"},"modified":"2025-03-11T13:11:11","modified_gmt":"2025-03-11T12:11:11","slug":"sluzby-spojovani-a-povrchove-upravy","status":"publish","type":"page","link":"https:\/\/new.cetris.cz\/fr\/sluzby-spojovani-a-povrchove-upravy\/","title":{"rendered":"Slu\u017eby, spojov\u00e1n\u00ed a povrchov\u00e9 \u00fapravy"},"content":{"rendered":"","protected":false},"excerpt":{"rendered":"","protected":false},"author":1,"featured_media":0,"parent":0,"menu_order":0,"comment_status":"closed","ping_status":"closed","template":"","meta":{"_acf_changed":false,"footnotes":""},"class_list":["post-49141","page","type-page","status-publish","hentry","description-off"],"acf":[],"_links":{"self":[{"href":"https:\/\/new.cetris.cz\/fr\/wp-json\/wp\/v2\/pages\/49141","targetHints":{"allow":["GET"]}}],"collection":[{"href":"https:\/\/new.cetris.cz\/fr\/wp-json\/wp\/v2\/pages"}],"about":[{"href":"https:\/\/new.cetris.cz\/fr\/wp-json\/wp\/v2\/types\/page"}],"author":[{"embeddable":true,"href":"https:\/\/new.cetris.cz\/fr\/wp-json\/wp\/v2\/users\/1"}],"replies":[{"embeddable":true,"href":"https:\/\/new.cetris.cz\/fr\/wp-json\/wp\/v2\/comments?post=49141"}],"version-history":[{"count":1,"href":"https:\/\/new.cetris.cz\/fr\/wp-json\/wp\/v2\/pages\/49141\/revisions"}],"predecessor-version":[{"id":49142,"href":"https:\/\/new.cetris.cz\/fr\/wp-json\/wp\/v2\/pages\/49141\/revisions\/49142"}],"wp:attachment":[{"href":"https:\/\/new.cetris.cz\/fr\/wp-json\/wp\/v2\/media?parent=49141"}],"curies":[{"name":"wp","href":"https:\/\/api.w.org\/{rel}","templated":true}]}}