{"id":53949,"date":"2025-10-05T11:52:18","date_gmt":"2025-10-05T09:52:18","guid":{"rendered":"https:\/\/new.cetris.cz\/?page_id=53949"},"modified":"2025-10-05T11:55:37","modified_gmt":"2025-10-05T09:55:37","slug":"bim","status":"publish","type":"page","link":"https:\/\/new.cetris.cz\/en\/bim\/","title":{"rendered":"BIM"},"content":{"rendered":"<div data-elementor-type=\"wp-page\" data-elementor-id=\"53949\" class=\"elementor elementor-53949\" data-elementor-post-type=\"page\">\n\t\t\t\t<div class=\"elementor-element elementor-element-3e1aeae e-grid e-con-boxed e-con e-parent\" data-id=\"3e1aeae\" data-element_type=\"container\">\n\t\t\t\t\t<div class=\"e-con-inner\">\n\t\t<div class=\"elementor-element elementor-element-4af3b24 e-con-full e-flex e-con e-child\" data-id=\"4af3b24\" data-element_type=\"container\">\n\t\t\t\t<div class=\"elementor-element elementor-element-039da68 elementor-widget elementor-widget-heading\" data-id=\"039da68\" data-element_type=\"widget\" data-widget_type=\"heading.default\">\n\t\t\t\t<div class=\"elementor-widget-container\">\n\t\t\t\t\t<h2 class=\"elementor-heading-title elementor-size-default\">BIM DEKSOFT<\/h2>\t\t\t\t<\/div>\n\t\t\t\t<\/div>\n\t\t\t\t<div class=\"elementor-element elementor-element-598b1ab elementor-widget elementor-widget-spacer\" data-id=\"598b1ab\" data-element_type=\"widget\" data-widget_type=\"spacer.default\">\n\t\t\t\t<div class=\"elementor-widget-container\">\n\t\t\t\t\t\t\t<div class=\"elementor-spacer\">\n\t\t\t<div class=\"elementor-spacer-inner\"><\/div>\n\t\t<\/div>\n\t\t\t\t\t\t<\/div>\n\t\t\t\t<\/div>\n\t\t\t\t<div class=\"elementor-element elementor-element-ab2e87d elementor-widget elementor-widget-the7_button_widget\" data-id=\"ab2e87d\" data-element_type=\"widget\" data-widget_type=\"the7_button_widget.default\">\n\t\t\t\t<div class=\"elementor-widget-container\">\n\t\t\t\t\t<div class=\"elementor-button-wrapper\"><a href=\"https:\/\/new.cetris.cz\/cetis-bim\/bim-deksoft\/\" class=\"box-button elementor-button elementor-size-lg\">More info<svg aria-hidden=\"true\" class=\"elementor-button-icon e-font-icon-svg e-far-arrow-alt-circle-right\" viewbox=\"0 0 512 512\" xmlns=\"http:\/\/www.w3.org\/2000\/svg\"><path d=\"M504 256C504 119 393 8 256 8S8 119 8 256s111 248 248 248 248-111 248-248zm-448 0c0-110.5 89.5-200 200-200s200 89.5 200 200-89.5 200-200 200S56 366.5 56 256zm72 20v-40c0-6.6 5.4-12 12-12h116v-67c0-10.7 12.9-16 20.5-8.5l99 99c4.7 4.7 4.7 12.3 0 17l-99 99c-7.6 7.6-20.5 2.2-20.5-8.5v-67H140c-6.6 0-12-5.4-12-12z\"><\/path><\/svg><\/a><\/div>\t\t\t\t<\/div>\n\t\t\t\t<\/div>\n\t\t\t\t<\/div>\n\t\t<div class=\"elementor-element elementor-element-1b588f6 e-con-full e-flex e-con e-child\" data-id=\"1b588f6\" data-element_type=\"container\">\n\t\t\t\t<div class=\"elementor-element elementor-element-f0a3d49 elementor-widget elementor-widget-heading\" data-id=\"f0a3d49\" data-element_type=\"widget\" data-widget_type=\"heading.default\">\n\t\t\t\t<div class=\"elementor-widget-container\">\n\t\t\t\t\t<h2 class=\"elementor-heading-title elementor-size-default\">bimproject.cloud<\/h2>\t\t\t\t<\/div>\n\t\t\t\t<\/div>\n\t\t\t\t<div class=\"elementor-element elementor-element-fc92d28 elementor-widget elementor-widget-spacer\" data-id=\"fc92d28\" data-element_type=\"widget\" data-widget_type=\"spacer.default\">\n\t\t\t\t<div class=\"elementor-widget-container\">\n\t\t\t\t\t\t\t<div class=\"elementor-spacer\">\n\t\t\t<div class=\"elementor-spacer-inner\"><\/div>\n\t\t<\/div>\n\t\t\t\t\t\t<\/div>\n\t\t\t\t<\/div>\n\t\t\t\t<div class=\"elementor-element elementor-element-964422d elementor-widget elementor-widget-the7_button_widget\" data-id=\"964422d\" data-element_type=\"widget\" data-widget_type=\"the7_button_widget.default\">\n\t\t\t\t<div class=\"elementor-widget-container\">\n\t\t\t\t\t<div class=\"elementor-button-wrapper\"><a href=\"https:\/\/new.cetris.cz\/cetis-bim\/bimproject-cloud\/\" class=\"box-button elementor-button elementor-size-lg\">More info<svg aria-hidden=\"true\" class=\"elementor-button-icon e-font-icon-svg e-far-arrow-alt-circle-right\" viewbox=\"0 0 512 512\" xmlns=\"http:\/\/www.w3.org\/2000\/svg\"><path d=\"M504 256C504 119 393 8 256 8S8 119 8 256s111 248 248 248 248-111 248-248zm-448 0c0-110.5 89.5-200 200-200s200 89.5 200 200-89.5 200-200 200S56 366.5 56 256zm72 20v-40c0-6.6 5.4-12 12-12h116v-67c0-10.7 12.9-16 20.5-8.5l99 99c4.7 4.7 4.7 12.3 0 17l-99 99c-7.6 7.6-20.5 2.2-20.5-8.5v-67H140c-6.6 0-12-5.4-12-12z\"><\/path><\/svg><\/a><\/div>\t\t\t\t<\/div>\n\t\t\t\t<\/div>\n\t\t\t\t<\/div>\n\t\t\t\t\t<\/div>\n\t\t\t\t<\/div>\n\t\t\t\t<\/div>","protected":false},"excerpt":{"rendered":"<p>BIM DEKSOFT P\u0159ej\u00edt bimproject.cloud P\u0159ej\u00edt<\/p>","protected":false},"author":1,"featured_media":0,"parent":0,"menu_order":0,"comment_status":"closed","ping_status":"closed","template":"","meta":{"_acf_changed":false,"footnotes":""},"class_list":["post-53949","page","type-page","status-publish","hentry"],"acf":[],"_links":{"self":[{"href":"https:\/\/new.cetris.cz\/en\/wp-json\/wp\/v2\/pages\/53949","targetHints":{"allow":["GET"]}}],"collection":[{"href":"https:\/\/new.cetris.cz\/en\/wp-json\/wp\/v2\/pages"}],"about":[{"href":"https:\/\/new.cetris.cz\/en\/wp-json\/wp\/v2\/types\/page"}],"author":[{"embeddable":true,"href":"https:\/\/new.cetris.cz\/en\/wp-json\/wp\/v2\/users\/1"}],"replies":[{"embeddable":true,"href":"https:\/\/new.cetris.cz\/en\/wp-json\/wp\/v2\/comments?post=53949"}],"version-history":[{"count":4,"href":"https:\/\/new.cetris.cz\/en\/wp-json\/wp\/v2\/pages\/53949\/revisions"}],"predecessor-version":[{"id":53953,"href":"https:\/\/new.cetris.cz\/en\/wp-json\/wp\/v2\/pages\/53949\/revisions\/53953"}],"wp:attachment":[{"href":"https:\/\/new.cetris.cz\/en\/wp-json\/wp\/v2\/media?parent=53949"}],"curies":[{"name":"wp","href":"https:\/\/api.w.org\/{rel}","templated":true}]}}