{"id":49279,"date":"2025-03-22T21:08:27","date_gmt":"2025-03-22T20:08:27","guid":{"rendered":"https:\/\/new.cetris.cz\/?page_id=49279"},"modified":"2025-10-05T12:27:03","modified_gmt":"2025-10-05T10:27:03","slug":"ostatni-systemy","status":"publish","type":"page","link":"https:\/\/new.cetris.cz\/en\/systemy\/ostatni-systemy\/","title":{"rendered":"Road constructions"},"content":{"rendered":"<div data-elementor-type=\"wp-page\" data-elementor-id=\"49279\" class=\"elementor elementor-49279\" data-elementor-post-type=\"page\">\n\t\t\t\t<div class=\"elementor-element elementor-element-6a1b047d elementor-hidden-tablet elementor-hidden-mobile e-flex e-con-boxed e-con e-parent\" data-id=\"6a1b047d\" data-element_type=\"container\" data-settings=\"{&quot;background_background&quot;:&quot;slideshow&quot;,&quot;background_slideshow_gallery&quot;:[{&quot;id&quot;:49233,&quot;url&quot;:&quot;https:\\\/\\\/new.cetris.cz\\\/wp-content\\\/uploads\\\/2025\\\/03\\\/dopravni-stavby.jpg&quot;}],&quot;background_slideshow_loop&quot;:&quot;yes&quot;,&quot;background_slideshow_slide_duration&quot;:5000,&quot;background_slideshow_slide_transition&quot;:&quot;fade&quot;,&quot;background_slideshow_transition_duration&quot;:500}\">\n\t\t\t\t\t<div class=\"e-con-inner\">\n\t\t<div class=\"elementor-element elementor-element-3a1d657f e-con-full e-flex e-con e-child\" data-id=\"3a1d657f\" data-element_type=\"container\" data-settings=\"{&quot;background_background&quot;:&quot;classic&quot;}\">\n\t\t<div class=\"elementor-element elementor-element-29145350 e-con-full e-flex e-con e-child\" data-id=\"29145350\" data-element_type=\"container\">\n\t\t\t\t<\/div>\n\t\t<div class=\"elementor-element elementor-element-4f967cfd e-con-full e-flex e-con e-child\" data-id=\"4f967cfd\" data-element_type=\"container\">\n\t\t\t\t<div class=\"elementor-element elementor-element-5456ebe9 elementor-widget elementor-widget-image\" data-id=\"5456ebe9\" data-element_type=\"widget\" data-widget_type=\"image.default\">\n\t\t\t\t<div class=\"elementor-widget-container\">\n\t\t\t\t\t\t\t\t\t\t\t\t\t\t\t\t<a href=\"https:\/\/new.cetris.cz\/reference\/pouziti-dopravni-stavby\/\">\n\t\t\t\t\t\t\t<img decoding=\"async\" src=\"https:\/\/new.cetris.cz\/wp-content\/uploads\/2026\/04\/ukazky-aplikaci_EN.jpg\" title=\"ukazky-cetris\" alt=\"ukazky-cetris\" loading=\"lazy\" \/>\t\t\t\t\t\t\t\t<\/a>\n\t\t\t\t\t\t\t\t\t\t\t\t\t\t\t<\/div>\n\t\t\t\t<\/div>\n\t\t\t\t<div class=\"elementor-element elementor-element-1de7cf4f elementor-hidden-tablet elementor-hidden-mobile elementor-grid-3 elementor-grid-tablet-2 elementor-grid-mobile-1 elementor-widget elementor-widget-portfolio\" data-id=\"1de7cf4f\" data-element_type=\"widget\" data-settings=\"{&quot;item_ratio&quot;:{&quot;unit&quot;:&quot;px&quot;,&quot;size&quot;:0.98,&quot;sizes&quot;:[]},&quot;row_gap&quot;:{&quot;unit&quot;:&quot;px&quot;,&quot;size&quot;:0,&quot;sizes&quot;:[]},&quot;columns&quot;:&quot;3&quot;,&quot;columns_tablet&quot;:&quot;2&quot;,&quot;columns_mobile&quot;:&quot;1&quot;,&quot;item_gap&quot;:{&quot;unit&quot;:&quot;px&quot;,&quot;size&quot;:&quot;&quot;,&quot;sizes&quot;:[]}}\" data-widget_type=\"portfolio.default\">\n\t\t\t\t<div class=\"elementor-widget-container\">\n\t\t\t\t\t\t\t<div class=\"elementor-portfolio elementor-grid elementor-posts-container\" role=\"list\">\n\t\t\t\t<article class=\"elementor-portfolio-item elementor-post  post-55214 post type-post status-publish format-standard has-post-thumbnail hentry category-cetris-basic category-cetris-dopravni-stavby category-reference pouziti-dopravni-stavby typ-desky-cetris-basic zeme-ceska-republika\" role=\"listitem\">\n\t\t\t<a class=\"elementor-post__thumbnail__link\" href=\"https:\/\/new.cetris.cz\/en\/dalnicni-most-kaplice-d3-2\/\">\n\t\t\t\t<div class=\"elementor-portfolio-item__img elementor-post__thumbnail\">\n\t\t\t<img decoding=\"async\" width=\"200\" height=\"200\" src=\"https:\/\/new.cetris.cz\/wp-content\/uploads\/2025\/11\/IMG_20250307_114304-200x200.jpg\" class=\"attachment-woocommerce_gallery_thumbnail size-woocommerce_gallery_thumbnail wp-image-55207\" alt=\"\" srcset=\"https:\/\/new.cetris.cz\/wp-content\/uploads\/2025\/11\/IMG_20250307_114304-200x200.jpg 200w, https:\/\/new.cetris.cz\/wp-content\/uploads\/2025\/11\/IMG_20250307_114304-150x150.jpg 150w\" sizes=\"(max-width: 200px) 100vw, 200px\" \/>\t\t<\/div>\n\t\t\t\t<div class=\"elementor-portfolio-item__overlay\">\n\t\t\t\t<\/div>\n\t\t\t\t<\/a>\n\t\t<\/article>\n\t\t\t\t<article class=\"elementor-portfolio-item elementor-post  post-52270 post type-post status-publish format-standard has-post-thumbnail hentry category-cetris-eco-basic category-cetris-dopravni-stavby category-reference pouziti-dopravni-stavby typ-desky-cetris-eco-basic zeme-ceska-republika\" role=\"listitem\">\n\t\t\t<a class=\"elementor-post__thumbnail__link\" href=\"https:\/\/new.cetris.cz\/en\/dalnicni-most-kaplice-d3\/\">\n\t\t\t\t<div class=\"elementor-portfolio-item__img elementor-post__thumbnail\">\n\t\t\t<img decoding=\"async\" width=\"200\" height=\"200\" src=\"https:\/\/new.cetris.cz\/wp-content\/uploads\/2025\/09\/IMG_20250828_082922-200x200.jpg\" class=\"attachment-woocommerce_gallery_thumbnail size-woocommerce_gallery_thumbnail wp-image-52264\" alt=\"\" srcset=\"https:\/\/new.cetris.cz\/wp-content\/uploads\/2025\/09\/IMG_20250828_082922-200x200.jpg 200w, https:\/\/new.cetris.cz\/wp-content\/uploads\/2025\/09\/IMG_20250828_082922-150x150.jpg 150w\" sizes=\"(max-width: 200px) 100vw, 200px\" \/>\t\t<\/div>\n\t\t\t\t<div class=\"elementor-portfolio-item__overlay\">\n\t\t\t\t<\/div>\n\t\t\t\t<\/a>\n\t\t<\/article>\n\t\t\t\t<\/div>\n\t\t\t\t\t\t<\/div>\n\t\t\t\t<\/div>\n\t\t\t\t<\/div>\n\t\t\t\t<\/div>\n\t\t\t\t\t<\/div>\n\t\t\t\t<\/div>\n\t\t<div class=\"elementor-element elementor-element-5efe7397 elementor-hidden-desktop e-flex e-con-boxed e-con e-parent\" data-id=\"5efe7397\" data-element_type=\"container\" data-settings=\"{&quot;background_background&quot;:&quot;slideshow&quot;,&quot;background_slideshow_gallery&quot;:[{&quot;id&quot;:49233,&quot;url&quot;:&quot;https:\\\/\\\/new.cetris.cz\\\/wp-content\\\/uploads\\\/2025\\\/03\\\/dopravni-stavby.jpg&quot;}],&quot;background_slideshow_loop&quot;:&quot;yes&quot;,&quot;background_slideshow_slide_duration&quot;:5000,&quot;background_slideshow_slide_transition&quot;:&quot;fade&quot;,&quot;background_slideshow_transition_duration&quot;:500}\">\n\t\t\t\t\t<div class=\"e-con-inner\">\n\t\t<div class=\"elementor-element elementor-element-33dc6024 e-con-full e-flex e-con e-child\" data-id=\"33dc6024\" data-element_type=\"container\" data-settings=\"{&quot;background_background&quot;:&quot;classic&quot;}\">\n\t\t<div class=\"elementor-element elementor-element-18fd0a05 e-flex e-con-boxed e-con e-child\" data-id=\"18fd0a05\" data-element_type=\"container\">\n\t\t\t\t\t<div class=\"e-con-inner\">\n\t\t\t\t\t<\/div>\n\t\t\t\t<\/div>\n\t\t<div class=\"elementor-element elementor-element-1ca50d87 e-con-full e-flex e-con e-child\" data-id=\"1ca50d87\" data-element_type=\"container\" data-settings=\"{&quot;background_background&quot;:&quot;classic&quot;}\">\n\t\t\t\t<div class=\"elementor-element elementor-element-efa632 elementor-mobile-align-justify elementor-widget-mobile__width-inherit elementor-tablet-align-justify elementor-widget elementor-widget-the7_button_widget\" data-id=\"efa632\" data-element_type=\"widget\" data-widget_type=\"the7_button_widget.default\">\n\t\t\t\t<div class=\"elementor-widget-container\">\n\t\t\t\t\t<div class=\"elementor-button-wrapper\"><button class=\"box-button elementor-button elementor-size-xl\">Uk\u00e1zky aplikac\u00ed<svg xmlns:xlink=\"http:\/\/www.w3.org\/1999\/xlink\" xmlns=\"http:\/\/www.w3.org\/2000\/svg\" class=\"svgicon shape-ukazky\" width=\"80\" height=\"50\"><defs><symbol id=\"shape-ukazky\" viewbox=\"0 0 59.527 36.814\"><path d=\"M52.931 29.242a.918.918 0 0 1-1.44 1.137l-11.797-14.93-10.358 11.918-.02.025a.951.951 0 0 1-.052.057l-2.606 3a.92.92 0 0 1-1.391-1.203l2.027-2.332-6.088-5.045-13.385 8.748a.921.921 0 0 1-1.007-1.541l13.954-9.12a.921.921 0 0 1 1.108.075l6.627 5.492L39.031 13.41l.001.001a.919.919 0 0 1 1.414.031l12.485 15.8zM15.481 9.616a3.757 3.757 0 0 0-2.662-1.103c-1.04 0-1.981.422-2.662 1.103a3.752 3.752 0 0 0-1.104 2.663c0 1.039.422 1.981 1.104 2.662a3.753 3.753 0 0 0 2.662 1.103c1.039 0 1.98-.421 2.662-1.103s1.103-1.623 1.103-2.662a3.75 3.75 0 0 0-1.103-2.663zm-2.662-2.947c1.549 0 2.951.628 3.966 1.643a5.591 5.591 0 0 1 1.643 3.966c0 1.548-.628 2.951-1.643 3.965s-2.417 1.643-3.966 1.643-2.951-.628-3.966-1.643-1.643-2.417-1.643-3.965c0-1.549.628-2.951 1.643-3.966a5.597 5.597 0 0 1 3.966-1.643zm42.542-4.826H4.167c-.639 0-1.22.262-1.641.683a2.318 2.318 0 0 0-.683 1.64v28.482c0 .637.262 1.219.683 1.639a2.314 2.314 0 0 0 1.641.684h51.194c.638 0 1.219-.262 1.64-.684.421-.42.684-1.002.684-1.639V4.166a2.32 2.32 0 0 0-.684-1.64 2.317 2.317 0 0 0-1.64-.683zM4.167 0h51.194c1.146 0 2.188.469 2.943 1.224a4.155 4.155 0 0 1 1.223 2.943v28.482a4.158 4.158 0 0 1-1.223 2.943 4.158 4.158 0 0 1-2.943 1.223H4.167a4.156 4.156 0 0 1-2.943-1.223A4.157 4.157 0 0 1 0 32.648V4.166C0 3.02.469 1.978 1.224 1.223A4.156 4.156 0 0 1 4.167 0z\"><\/path><\/symbol><\/defs><use xlink:href=\"#shape-ukazky\"><\/use><\/svg><\/button><\/div>\t\t\t\t<\/div>\n\t\t\t\t<\/div>\n\t\t\t\t<\/div>\n\t\t\t\t<\/div>\n\t\t\t\t\t<\/div>\n\t\t\t\t<\/div>\n\t\t<div class=\"elementor-element elementor-element-4d8157a7 e-flex e-con-boxed e-con e-parent\" data-id=\"4d8157a7\" data-element_type=\"container\">\n\t\t\t\t\t<div class=\"e-con-inner\">\n\t\t<div class=\"elementor-element elementor-element-2e18886d e-con-full elementor-hidden-tablet elementor-hidden-mobile e-flex e-con e-child\" data-id=\"2e18886d\" data-element_type=\"container\">\n\t\t\t\t<div class=\"elementor-element elementor-element-7650a715 elementor-hidden-tablet elementor-hidden-mobile elementor-widget elementor-widget-heading\" data-id=\"7650a715\" data-element_type=\"widget\" data-widget_type=\"heading.default\">\n\t\t\t\t<div class=\"elementor-widget-container\">\n\t\t\t\t\t<h2 class=\"elementor-heading-title elementor-size-default\">Use<\/h2>\t\t\t\t<\/div>\n\t\t\t\t<\/div>\n\t\t\t\t<div class=\"elementor-element elementor-element-50bd6061 widget-divider-yes elementor-widget-tablet__width-inherit elementor-hidden-tablet elementor-hidden-mobile dt-nav-menu_align-left dt-sub-menu_align-left elementor-widget elementor-widget-the7_nav-menu\" data-id=\"50bd6061\" data-element_type=\"widget\" data-settings=\"{&quot;submenu_display&quot;:&quot;always&quot;}\" data-widget_type=\"the7_nav-menu.default\">\n\t\t\t\t<div class=\"elementor-widget-container\">\n\t\t\t\t\t<nav class=\"dt-nav-menu--main dt-nav-menu__container dt-sub-menu-display-always dt-icon-align- dt-icon-position- dt-sub-icon-position- dt-sub-icon-align-\"><ul class=\"dt-nav-menu\"><li class=\"menu-item menu-item-type-custom menu-item-object-custom menu-item-48993 first depth-0\"><a href='\/systemy\/stenove-systemy\/' data-level='1'><span class=\"item-content\"><span class=\"menu-item-text\"><span class=\"menu-text\">Walls<\/span><\/span><\/span><span class=\"\" data-icon = \"\"> <\/span><\/a><\/li> <li class=\"menu-item menu-item-type-custom menu-item-object-custom menu-item-48994 depth-0\"><a href='\/systemy\/fasadni-systemy\/' data-level='1'><span class=\"item-content\"><span class=\"menu-item-text\"><span class=\"menu-text\">Facades<\/span><\/span><\/span><span class=\"\" data-icon = \"\"> <\/span><\/a><\/li> <li class=\"menu-item menu-item-type-custom menu-item-object-custom menu-item-48995 depth-0\"><a href='\/systemy\/podlahove-systemy\/' data-level='1'><span class=\"item-content\"><span class=\"menu-item-text\"><span class=\"menu-text\">Floors<\/span><\/span><\/span><span class=\"\" data-icon = \"\"> <\/span><\/a><\/li> <li class=\"menu-item menu-item-type-custom menu-item-object-custom menu-item-48996 depth-0\"><a href='\/systemy\/stresni-systemy\/' data-level='1'><span class=\"item-content\"><span class=\"menu-item-text\"><span class=\"menu-text\">Roofs<\/span><\/span><\/span><span class=\"\" data-icon = \"\"> <\/span><\/a><\/li> <li class=\"menu-item menu-item-type-custom menu-item-object-custom menu-item-48997 depth-0\"><a href='\/systemy\/pozarni-systemy\/' data-level='1'><span class=\"item-content\"><span class=\"menu-item-text\"><span class=\"menu-text\">Fire-resistant applications<\/span><\/span><\/span><span class=\"\" data-icon = \"\"> <\/span><\/a><\/li> <li class=\"menu-item menu-item-type-custom menu-item-object-custom menu-item-48998 depth-0\"><a href='\/systemy\/podhledy-a-sokly\/' data-level='1'><span class=\"item-content\"><span class=\"menu-item-text\"><span class=\"menu-text\">Ceilings and plinths<\/span><\/span><\/span><span class=\"\" data-icon = \"\"> <\/span><\/a><\/li> <li class=\"menu-item menu-item-type-custom menu-item-object-custom menu-item-48999 depth-0\"><a href='\/systemy\/balkonove-aplikace\/' data-level='1'><span class=\"item-content\"><span class=\"menu-item-text\"><span class=\"menu-text\">Balconies<\/span><\/span><\/span><span class=\"\" data-icon = \"\"> <\/span><\/a><\/li> <li class=\"menu-item menu-item-type-custom menu-item-object-custom menu-item-49000 depth-0\"><a href='\/systemy\/ostatni-systemy\/' data-level='1'><span class=\"item-content\"><span class=\"menu-item-text\"><span class=\"menu-text\">Road constructions<\/span><\/span><\/span><span class=\"\" data-icon = \"\"> <\/span><\/a><\/li> <li class=\"menu-item menu-item-type-custom menu-item-object-custom menu-item-49001 depth-0\"><a href='\/systemy\/vytahove-sachty\/' data-level='1'><span class=\"item-content\"><span class=\"menu-item-text\"><span class=\"menu-text\">Elevator shaft cladding with CETRIS\u00ae boards<\/span><\/span><\/span><span class=\"\" data-icon = \"\"> <\/span><\/a><\/li> <li class=\"menu-item menu-item-type-custom menu-item-object-custom menu-item-49002 last depth-0\"><a href='https:\/\/www.cetrishobby.cz\/' data-level='1'><span class=\"item-content\"><span class=\"menu-item-text\"><span class=\"menu-text\">HOBBY<\/span><\/span><\/span><span class=\"\" data-icon = \"\"> <\/span><\/a><\/li> <\/ul><\/nav>\t\t\t\t<\/div>\n\t\t\t\t<\/div>\n\t\t\t\t<\/div>\n\t\t<div class=\"elementor-element elementor-element-216341bb e-con-full e-flex e-con e-child\" data-id=\"216341bb\" data-element_type=\"container\">\n\t\t\t\t<div class=\"elementor-element elementor-element-10c8e307 elementor-widget elementor-widget-text-editor\" data-id=\"10c8e307\" data-element_type=\"widget\" data-widget_type=\"text-editor.default\">\n\t\t\t\t<div class=\"elementor-widget-container\">\n\t\t\t\t\t\t\t\t\tCement bonded particle board CETRIS<sup>\u00ae<\/sup> is also widely used in road construction.\t\t\t\t\t\t\t\t<\/div>\n\t\t\t\t<\/div>\n\t\t\t\t<div class=\"elementor-element elementor-element-189894b elementor-widget elementor-widget-text-editor\" data-id=\"189894b\" data-element_type=\"widget\" data-widget_type=\"text-editor.default\">\n\t\t\t\t<div class=\"elementor-widget-container\">\n\t\t\t\t\t\t\t\t\t<p>This structural multifunctional board is suitable for such complicated construction primarily thanks to its high utility properties, i.e. high resistance against weather conditions.<\/p>\t\t\t\t\t\t\t\t<\/div>\n\t\t\t\t<\/div>\n\t\t\t\t<div class=\"elementor-element elementor-element-b8dd82f elementor-widget elementor-widget-text-editor\" data-id=\"b8dd82f\" data-element_type=\"widget\" data-widget_type=\"text-editor.default\">\n\t\t\t\t<div class=\"elementor-widget-container translation-block\">Use of CETRIS\u00ae cement bonded particleboards in road structure building and reconstructions is prevailingly based on permanent shuttering systems in bridge load-bearing structures (between supports or support and prefabricated ledge). CETRIS\u00ae board forms a flat bottom (or side) formwork of the prepared element (pillar, support, bridge structure etc.). Concrete laying results in connection of the concrete mix and the formwork CETRIS\u00ae board, thus after concrete hardening the CETRIS\u00ae board remains built in as an integral part of the structure.<\/div>\n\t\t\t\t<\/div>\n\t\t\t\t<div class=\"elementor-element elementor-element-aab6ccc elementor-widget elementor-widget-text-editor\" data-id=\"aab6ccc\" data-element_type=\"widget\" data-widget_type=\"text-editor.default\">\n\t\t\t\t<div class=\"elementor-widget-container\">\n\t\t\t\t\t\t\t\t\t<p class=\" translation-block\">This application does not require treatment of the CETRIS board inside and edge before concrete laying, while the external (visible) side of CETRIS\u00ae board may be surface finished after concreting, which in addition to aesthetic effect will further increase weather and frost resistance of the CETRIS\u00ae board, thus extending its life.<\/p>\t\t\t\t\t\t\t\t<\/div>\n\t\t\t\t<\/div>\n\t\t\t\t<div class=\"elementor-element elementor-element-8f972af elementor-widget elementor-widget-text-editor\" data-id=\"8f972af\" data-element_type=\"widget\" data-widget_type=\"text-editor.default\">\n\t\t\t\t<div class=\"elementor-widget-container translation-block\">The boards are also placed in areas exposed to high load - rotating occurrence of water, frost and defrosting chemical substances. Appropriateness of this use of the CETRIS\u00ae cement bonded particleboards has been tested for compliance with the Technical and Quality Requirements for Road Structures. This test is based on \u010cSN 73 1326 (Specification of cement concrete surface resistance against exposure to water and chemical defrosting agents), the cement bonded particleboards CETRIS\u00ae has complied after 100 freezing-defrosting cycles pursuant to both A and C methods.<\/div>\n\t\t\t\t<\/div>\n\t\t<div class=\"elementor-element elementor-element-46ac517a e-con-full e-flex e-con e-child\" data-id=\"46ac517a\" data-element_type=\"container\">\n\t\t\t\t<div class=\"elementor-element elementor-element-f95f20c elementor-mobile-align-justify elementor-widget-mobile__width-inherit elementor-widget elementor-widget-the7_button_widget\" data-id=\"f95f20c\" data-element_type=\"widget\" data-widget_type=\"the7_button_widget.default\">\n\t\t\t\t<div class=\"elementor-widget-container\">\n\t\t\t\t\t<div class=\"elementor-button-wrapper\"><a href=\"https:\/\/new.cetris.cz\/wp-content\/uploads\/2025\/09\/797_dopravni-stavby.pdf\" target=\"_blank\" class=\"box-button elementor-button elementor-size-xl\">Download information<svg aria-hidden=\"true\" class=\"elementor-button-icon e-font-icon-svg e-fas-download\" viewbox=\"0 0 512 512\" xmlns=\"http:\/\/www.w3.org\/2000\/svg\"><path d=\"M216 0h80c13.3 0 24 10.7 24 24v168h87.7c17.8 0 26.7 21.5 14.1 34.1L269.7 378.3c-7.5 7.5-19.8 7.5-27.3 0L90.1 226.1c-12.6-12.6-3.7-34.1 14.1-34.1H192V24c0-13.3 10.7-24 24-24zm296 376v112c0 13.3-10.7 24-24 24H24c-13.3 0-24-10.7-24-24V376c0-13.3 10.7-24 24-24h146.7l49 49c20.1 20.1 52.5 20.1 72.6 0l49-49H488c13.3 0 24 10.7 24 24zm-124 88c0-11-9-20-20-20s-20 9-20 20 9 20 20 20 20-9 20-20zm64 0c0-11-9-20-20-20s-20 9-20 20 9 20 20 20 20-9 20-20z\"><\/path><\/svg><\/a><\/div>\t\t\t\t<\/div>\n\t\t\t\t<\/div>\n\t\t\t\t<\/div>\n\t\t\t\t<\/div>\n\t\t\t\t\t<\/div>\n\t\t\t\t<\/div>\n\t\t\t\t<\/div>","protected":false},"excerpt":{"rendered":"<p>Uk\u00e1zky aplikac\u00ed Pou\u017eit\u00ed Cementot\u0159\u00edskov\u00e1 deska CETRIS\u00ae nach\u00e1z\u00ed \u0161irok\u00e9 uplatn\u011bn\u00ed i p\u0159i budov\u00e1n\u00ed silni\u010dn\u00edch staveb. Tato konstruk\u010dn\u00ed multifunk\u010dn\u00ed deska je vhodn\u00e1 pro takto n\u00e1ro\u010dn\u00e9 stavby p\u0159edev\u0161\u00edm d\u00edky vysok\u00fdm u\u017eitn\u00fdm vlastnostem a sice pro vysokou odolnost v\u016f\u010di pov\u011btrnostn\u00edm vliv\u016fm. Vyu\u017eit\u00ed cementot\u0159\u00edskov\u00fdch desek CETRIS\u00ae p\u0159i v\u00fdstavb\u011b nebo rekonstrukci dopravn\u00edch staveb p\u0159eva\u017euje v syst\u00e9mu tzv. ztracen\u00e9ho bedn\u011bn\u00ed na sp\u00e1r\u00e1ch&hellip;<\/p>","protected":false},"author":2,"featured_media":0,"parent":48991,"menu_order":0,"comment_status":"closed","ping_status":"closed","template":"","meta":{"_acf_changed":false,"footnotes":""},"class_list":["post-49279","page","type-page","status-publish","hentry"],"acf":[],"_links":{"self":[{"href":"https:\/\/new.cetris.cz\/en\/wp-json\/wp\/v2\/pages\/49279","targetHints":{"allow":["GET"]}}],"collection":[{"href":"https:\/\/new.cetris.cz\/en\/wp-json\/wp\/v2\/pages"}],"about":[{"href":"https:\/\/new.cetris.cz\/en\/wp-json\/wp\/v2\/types\/page"}],"author":[{"embeddable":true,"href":"https:\/\/new.cetris.cz\/en\/wp-json\/wp\/v2\/users\/2"}],"replies":[{"embeddable":true,"href":"https:\/\/new.cetris.cz\/en\/wp-json\/wp\/v2\/comments?post=49279"}],"version-history":[{"count":16,"href":"https:\/\/new.cetris.cz\/en\/wp-json\/wp\/v2\/pages\/49279\/revisions"}],"predecessor-version":[{"id":53969,"href":"https:\/\/new.cetris.cz\/en\/wp-json\/wp\/v2\/pages\/49279\/revisions\/53969"}],"up":[{"embeddable":true,"href":"https:\/\/new.cetris.cz\/en\/wp-json\/wp\/v2\/pages\/48991"}],"wp:attachment":[{"href":"https:\/\/new.cetris.cz\/en\/wp-json\/wp\/v2\/media?parent=49279"}],"curies":[{"name":"wp","href":"https:\/\/api.w.org\/{rel}","templated":true}]}}