{"id":49222,"date":"2025-03-22T19:44:33","date_gmt":"2025-03-22T18:44:33","guid":{"rendered":"https:\/\/new.cetris.cz\/?page_id=49222"},"modified":"2025-10-05T12:29:48","modified_gmt":"2025-10-05T10:29:48","slug":"stenove-systemy","status":"publish","type":"page","link":"https:\/\/new.cetris.cz\/en\/systemy\/stenove-systemy\/","title":{"rendered":"Walls"},"content":{"rendered":"<div data-elementor-type=\"wp-page\" data-elementor-id=\"49222\" class=\"elementor elementor-49222\" data-elementor-post-type=\"page\">\n\t\t\t\t<div class=\"elementor-element elementor-element-152faeb9 elementor-hidden-tablet elementor-hidden-mobile e-flex e-con-boxed e-con e-parent\" data-id=\"152faeb9\" data-element_type=\"container\" data-settings=\"{&quot;background_background&quot;:&quot;slideshow&quot;,&quot;background_slideshow_gallery&quot;:[{&quot;id&quot;:49114,&quot;url&quot;:&quot;https:\\\/\\\/new.cetris.cz\\\/wp-content\\\/uploads\\\/2025\\\/03\\\/steny.jpg&quot;}],&quot;background_slideshow_loop&quot;:&quot;yes&quot;,&quot;background_slideshow_slide_duration&quot;:5000,&quot;background_slideshow_slide_transition&quot;:&quot;fade&quot;,&quot;background_slideshow_transition_duration&quot;:500}\">\n\t\t\t\t\t<div class=\"e-con-inner\">\n\t\t<div class=\"elementor-element elementor-element-cfe6c1e e-con-full e-flex e-con e-child\" data-id=\"cfe6c1e\" data-element_type=\"container\" data-settings=\"{&quot;background_background&quot;:&quot;classic&quot;}\">\n\t\t<div class=\"elementor-element elementor-element-5a354f51 e-con-full e-flex e-con e-child\" data-id=\"5a354f51\" data-element_type=\"container\">\n\t\t\t\t<div class=\"elementor-element elementor-element-4b6afbf7 elementor-widget elementor-widget-heading\" data-id=\"4b6afbf7\" data-element_type=\"widget\" data-widget_type=\"heading.default\">\n\t\t\t\t<div class=\"elementor-widget-container\">\n\t\t\t\t\t<h1 class=\"elementor-heading-title elementor-size-default\">Walls<\/h1>\t\t\t\t<\/div>\n\t\t\t\t<\/div>\n\t\t\t\t<\/div>\n\t\t<div class=\"elementor-element elementor-element-31d14beb e-con-full e-flex e-con e-child\" data-id=\"31d14beb\" data-element_type=\"container\">\n\t\t\t\t<div class=\"elementor-element elementor-element-65a908f7 elementor-widget elementor-widget-image\" data-id=\"65a908f7\" data-element_type=\"widget\" data-widget_type=\"image.default\">\n\t\t\t\t<div class=\"elementor-widget-container\">\n\t\t\t\t\t\t\t\t\t\t\t\t\t\t\t\t<a href=\"https:\/\/new.cetris.cz\/reference\/pouziti-steny\/\">\n\t\t\t\t\t\t\t<img decoding=\"async\" src=\"https:\/\/new.cetris.cz\/wp-content\/uploads\/2026\/04\/ukazky-aplikaci_EN.jpg\" title=\"ukazky-cetris\" alt=\"ukazky-cetris\" loading=\"lazy\" \/>\t\t\t\t\t\t\t\t<\/a>\n\t\t\t\t\t\t\t\t\t\t\t\t\t\t\t<\/div>\n\t\t\t\t<\/div>\n\t\t\t\t<div class=\"elementor-element elementor-element-67c21104 elementor-hidden-tablet elementor-hidden-mobile elementor-grid-3 elementor-grid-tablet-2 elementor-grid-mobile-1 elementor-widget elementor-widget-portfolio\" data-id=\"67c21104\" data-element_type=\"widget\" data-settings=\"{&quot;item_ratio&quot;:{&quot;unit&quot;:&quot;px&quot;,&quot;size&quot;:0.98,&quot;sizes&quot;:[]},&quot;row_gap&quot;:{&quot;unit&quot;:&quot;px&quot;,&quot;size&quot;:0,&quot;sizes&quot;:[]},&quot;columns&quot;:&quot;3&quot;,&quot;columns_tablet&quot;:&quot;2&quot;,&quot;columns_mobile&quot;:&quot;1&quot;,&quot;item_gap&quot;:{&quot;unit&quot;:&quot;px&quot;,&quot;size&quot;:&quot;&quot;,&quot;sizes&quot;:[]}}\" data-widget_type=\"portfolio.default\">\n\t\t\t\t<div class=\"elementor-widget-container\">\n\t\t\t\t\t\t\t<div class=\"elementor-portfolio elementor-grid elementor-posts-container\" role=\"list\">\n\t\t\t\t<article class=\"elementor-portfolio-item elementor-post  post-55326 post type-post status-publish format-standard has-post-thumbnail hentry category-cetris-akustic category-cetris-basic category-reference category-steny pouziti-steny typ-desky-cetris-akustic typ-desky-cetris-basic zeme-ceska-republika\" role=\"listitem\">\n\t\t\t<a class=\"elementor-post__thumbnail__link\" href=\"https:\/\/new.cetris.cz\/en\/obecni-urad-hnevosice\/\">\n\t\t\t\t<div class=\"elementor-portfolio-item__img elementor-post__thumbnail\">\n\t\t\t<img decoding=\"async\" width=\"200\" height=\"200\" src=\"https:\/\/new.cetris.cz\/wp-content\/uploads\/2025\/11\/obklad-telocvicna-plna-deska-a-akusticka-v-surovem-stavu-200x200.jpg\" class=\"attachment-woocommerce_gallery_thumbnail size-woocommerce_gallery_thumbnail wp-image-55320\" alt=\"\" srcset=\"https:\/\/new.cetris.cz\/wp-content\/uploads\/2025\/11\/obklad-telocvicna-plna-deska-a-akusticka-v-surovem-stavu-200x200.jpg 200w, https:\/\/new.cetris.cz\/wp-content\/uploads\/2025\/11\/obklad-telocvicna-plna-deska-a-akusticka-v-surovem-stavu-150x150.jpg 150w\" sizes=\"(max-width: 200px) 100vw, 200px\" \/>\t\t<\/div>\n\t\t\t\t<div class=\"elementor-portfolio-item__overlay\">\n\t\t\t\t<\/div>\n\t\t\t\t<\/a>\n\t\t<\/article>\n\t\t\t\t<article class=\"elementor-portfolio-item elementor-post  post-55264 post type-post status-publish format-standard has-post-thumbnail hentry category-cetris-basic category-cetris-oplasteni-vytahovych-sachet category-cetris-protipozarni-aplikace category-reference category-steny pouziti-protipozarni-aplikace pouziti-steny pouziti-vytahove-sachty typ-desky-cetris-basic zeme-ceska-republika\" role=\"listitem\">\n\t\t\t<a class=\"elementor-post__thumbnail__link\" href=\"https:\/\/new.cetris.cz\/en\/pozarni-obklad-unikoveho-schodiste-interna-novy-bydzov-3\/\">\n\t\t\t\t<div class=\"elementor-portfolio-item__img elementor-post__thumbnail\">\n\t\t\t<img decoding=\"async\" width=\"200\" height=\"200\" src=\"https:\/\/new.cetris.cz\/wp-content\/uploads\/2025\/11\/IMG_20240506_140518-200x200.jpg\" class=\"attachment-woocommerce_gallery_thumbnail size-woocommerce_gallery_thumbnail wp-image-55265\" alt=\"\" srcset=\"https:\/\/new.cetris.cz\/wp-content\/uploads\/2025\/11\/IMG_20240506_140518-200x200.jpg 200w, https:\/\/new.cetris.cz\/wp-content\/uploads\/2025\/11\/IMG_20240506_140518-150x150.jpg 150w\" sizes=\"(max-width: 200px) 100vw, 200px\" \/>\t\t<\/div>\n\t\t\t\t<div class=\"elementor-portfolio-item__overlay\">\n\t\t\t\t<\/div>\n\t\t\t\t<\/a>\n\t\t<\/article>\n\t\t\t\t<article class=\"elementor-portfolio-item elementor-post  post-55096 post type-post status-publish format-standard has-post-thumbnail hentry category-cetris-basic category-cetris-oplasteni-vytahovych-sachet category-cetris-protipozarni-aplikace category-reference category-steny pouziti-protipozarni-aplikace pouziti-steny pouziti-vytahove-sachty typ-desky-cetris-basic zeme-ceska-republika\" role=\"listitem\">\n\t\t\t<a class=\"elementor-post__thumbnail__link\" href=\"https:\/\/new.cetris.cz\/en\/pozarni-obklad-unikoveho-schodiste-interna-novy-bydzov\/\">\n\t\t\t\t<div class=\"elementor-portfolio-item__img elementor-post__thumbnail\">\n\t\t\t<img decoding=\"async\" width=\"200\" height=\"200\" src=\"https:\/\/new.cetris.cz\/wp-content\/uploads\/2025\/10\/trashed-1756113573-IMG_20250724_114337-200x200.jpg\" class=\"attachment-woocommerce_gallery_thumbnail size-woocommerce_gallery_thumbnail wp-image-55098\" alt=\"\" srcset=\"https:\/\/new.cetris.cz\/wp-content\/uploads\/2025\/10\/trashed-1756113573-IMG_20250724_114337-200x200.jpg 200w, https:\/\/new.cetris.cz\/wp-content\/uploads\/2025\/10\/trashed-1756113573-IMG_20250724_114337-150x150.jpg 150w\" sizes=\"(max-width: 200px) 100vw, 200px\" \/>\t\t<\/div>\n\t\t\t\t<div class=\"elementor-portfolio-item__overlay\">\n\t\t\t\t<\/div>\n\t\t\t\t<\/a>\n\t\t<\/article>\n\t\t\t\t<\/div>\n\t\t\t\t\t\t<\/div>\n\t\t\t\t<\/div>\n\t\t\t\t<\/div>\n\t\t\t\t<\/div>\n\t\t\t\t\t<\/div>\n\t\t\t\t<\/div>\n\t\t<div class=\"elementor-element elementor-element-88e4b1 elementor-hidden-desktop e-flex e-con-boxed e-con e-parent\" data-id=\"88e4b1\" data-element_type=\"container\" data-settings=\"{&quot;background_background&quot;:&quot;slideshow&quot;,&quot;background_slideshow_gallery&quot;:[{&quot;id&quot;:49114,&quot;url&quot;:&quot;https:\\\/\\\/new.cetris.cz\\\/wp-content\\\/uploads\\\/2025\\\/03\\\/steny.jpg&quot;}],&quot;background_slideshow_loop&quot;:&quot;yes&quot;,&quot;background_slideshow_slide_duration&quot;:5000,&quot;background_slideshow_slide_transition&quot;:&quot;fade&quot;,&quot;background_slideshow_transition_duration&quot;:500}\">\n\t\t\t\t\t<div class=\"e-con-inner\">\n\t\t<div class=\"elementor-element elementor-element-31eb5e2f e-con-full e-flex e-con e-child\" data-id=\"31eb5e2f\" data-element_type=\"container\" data-settings=\"{&quot;background_background&quot;:&quot;classic&quot;}\">\n\t\t<div class=\"elementor-element elementor-element-72c70780 e-flex e-con-boxed e-con e-child\" data-id=\"72c70780\" data-element_type=\"container\">\n\t\t\t\t\t<div class=\"e-con-inner\">\n\t\t\t\t<div class=\"elementor-element elementor-element-22919cfa elementor-widget elementor-widget-heading\" data-id=\"22919cfa\" data-element_type=\"widget\" data-widget_type=\"heading.default\">\n\t\t\t\t<div class=\"elementor-widget-container\">\n\t\t\t\t\t<h1 class=\"elementor-heading-title elementor-size-default\">Walls<\/h1>\t\t\t\t<\/div>\n\t\t\t\t<\/div>\n\t\t\t\t\t<\/div>\n\t\t\t\t<\/div>\n\t\t<div class=\"elementor-element elementor-element-325a7188 e-con-full e-flex e-con e-child\" data-id=\"325a7188\" data-element_type=\"container\" data-settings=\"{&quot;background_background&quot;:&quot;classic&quot;}\">\n\t\t\t\t<div class=\"elementor-element elementor-element-34cfe4ab elementor-mobile-align-justify elementor-widget-mobile__width-inherit elementor-tablet-align-justify elementor-widget elementor-widget-the7_button_widget\" data-id=\"34cfe4ab\" data-element_type=\"widget\" data-widget_type=\"the7_button_widget.default\">\n\t\t\t\t<div class=\"elementor-widget-container\">\n\t\t\t\t\t<div class=\"elementor-button-wrapper\"><button class=\"box-button elementor-button elementor-size-xl\">Uk\u00e1zky aplikac\u00ed<svg xmlns:xlink=\"http:\/\/www.w3.org\/1999\/xlink\" xmlns=\"http:\/\/www.w3.org\/2000\/svg\" class=\"svgicon shape-ukazky\" width=\"80\" height=\"50\"><defs><symbol id=\"shape-ukazky\" viewbox=\"0 0 59.527 36.814\"><path d=\"M52.931 29.242a.918.918 0 0 1-1.44 1.137l-11.797-14.93-10.358 11.918-.02.025a.951.951 0 0 1-.052.057l-2.606 3a.92.92 0 0 1-1.391-1.203l2.027-2.332-6.088-5.045-13.385 8.748a.921.921 0 0 1-1.007-1.541l13.954-9.12a.921.921 0 0 1 1.108.075l6.627 5.492L39.031 13.41l.001.001a.919.919 0 0 1 1.414.031l12.485 15.8zM15.481 9.616a3.757 3.757 0 0 0-2.662-1.103c-1.04 0-1.981.422-2.662 1.103a3.752 3.752 0 0 0-1.104 2.663c0 1.039.422 1.981 1.104 2.662a3.753 3.753 0 0 0 2.662 1.103c1.039 0 1.98-.421 2.662-1.103s1.103-1.623 1.103-2.662a3.75 3.75 0 0 0-1.103-2.663zm-2.662-2.947c1.549 0 2.951.628 3.966 1.643a5.591 5.591 0 0 1 1.643 3.966c0 1.548-.628 2.951-1.643 3.965s-2.417 1.643-3.966 1.643-2.951-.628-3.966-1.643-1.643-2.417-1.643-3.965c0-1.549.628-2.951 1.643-3.966a5.597 5.597 0 0 1 3.966-1.643zm42.542-4.826H4.167c-.639 0-1.22.262-1.641.683a2.318 2.318 0 0 0-.683 1.64v28.482c0 .637.262 1.219.683 1.639a2.314 2.314 0 0 0 1.641.684h51.194c.638 0 1.219-.262 1.64-.684.421-.42.684-1.002.684-1.639V4.166a2.32 2.32 0 0 0-.684-1.64 2.317 2.317 0 0 0-1.64-.683zM4.167 0h51.194c1.146 0 2.188.469 2.943 1.224a4.155 4.155 0 0 1 1.223 2.943v28.482a4.158 4.158 0 0 1-1.223 2.943 4.158 4.158 0 0 1-2.943 1.223H4.167a4.156 4.156 0 0 1-2.943-1.223A4.157 4.157 0 0 1 0 32.648V4.166C0 3.02.469 1.978 1.224 1.223A4.156 4.156 0 0 1 4.167 0z\"><\/path><\/symbol><\/defs><use xlink:href=\"#shape-ukazky\"><\/use><\/svg><\/button><\/div>\t\t\t\t<\/div>\n\t\t\t\t<\/div>\n\t\t\t\t<\/div>\n\t\t\t\t<\/div>\n\t\t\t\t\t<\/div>\n\t\t\t\t<\/div>\n\t\t<div class=\"elementor-element elementor-element-6e291d73 e-flex e-con-boxed e-con e-parent\" data-id=\"6e291d73\" data-element_type=\"container\">\n\t\t\t\t\t<div class=\"e-con-inner\">\n\t\t<div class=\"elementor-element elementor-element-11b39ab7 e-con-full elementor-hidden-tablet elementor-hidden-mobile e-flex e-con e-child\" data-id=\"11b39ab7\" data-element_type=\"container\">\n\t\t\t\t<div class=\"elementor-element elementor-element-1dc0e571 elementor-hidden-tablet elementor-hidden-mobile elementor-widget elementor-widget-heading\" data-id=\"1dc0e571\" data-element_type=\"widget\" data-widget_type=\"heading.default\">\n\t\t\t\t<div class=\"elementor-widget-container\">\n\t\t\t\t\t<h2 class=\"elementor-heading-title elementor-size-default\">Use<\/h2>\t\t\t\t<\/div>\n\t\t\t\t<\/div>\n\t\t\t\t<div class=\"elementor-element elementor-element-644394d5 widget-divider-yes elementor-widget-tablet__width-inherit elementor-hidden-tablet elementor-hidden-mobile dt-nav-menu_align-left dt-sub-menu_align-left elementor-widget elementor-widget-the7_nav-menu\" data-id=\"644394d5\" data-element_type=\"widget\" data-settings=\"{&quot;submenu_display&quot;:&quot;always&quot;}\" data-widget_type=\"the7_nav-menu.default\">\n\t\t\t\t<div class=\"elementor-widget-container\">\n\t\t\t\t\t<nav class=\"dt-nav-menu--main dt-nav-menu__container dt-sub-menu-display-always dt-icon-align- dt-icon-position- dt-sub-icon-position- dt-sub-icon-align-\"><ul class=\"dt-nav-menu\"><li class=\"menu-item menu-item-type-custom menu-item-object-custom menu-item-48993 first depth-0\"><a href='\/systemy\/stenove-systemy\/' data-level='1'><span class=\"item-content\"><span class=\"menu-item-text\"><span class=\"menu-text\">Walls<\/span><\/span><\/span><span class=\"\" data-icon = \"\"> <\/span><\/a><\/li> <li class=\"menu-item menu-item-type-custom menu-item-object-custom menu-item-48994 depth-0\"><a href='\/systemy\/fasadni-systemy\/' data-level='1'><span class=\"item-content\"><span class=\"menu-item-text\"><span class=\"menu-text\">Facades<\/span><\/span><\/span><span class=\"\" data-icon = \"\"> <\/span><\/a><\/li> <li class=\"menu-item menu-item-type-custom menu-item-object-custom menu-item-48995 depth-0\"><a href='\/systemy\/podlahove-systemy\/' data-level='1'><span class=\"item-content\"><span class=\"menu-item-text\"><span class=\"menu-text\">Floors<\/span><\/span><\/span><span class=\"\" data-icon = \"\"> <\/span><\/a><\/li> <li class=\"menu-item menu-item-type-custom menu-item-object-custom menu-item-48996 depth-0\"><a href='\/systemy\/stresni-systemy\/' data-level='1'><span class=\"item-content\"><span class=\"menu-item-text\"><span class=\"menu-text\">Roofs<\/span><\/span><\/span><span class=\"\" data-icon = \"\"> <\/span><\/a><\/li> <li class=\"menu-item menu-item-type-custom menu-item-object-custom menu-item-48997 depth-0\"><a href='\/systemy\/pozarni-systemy\/' data-level='1'><span class=\"item-content\"><span class=\"menu-item-text\"><span class=\"menu-text\">Fire-resistant applications<\/span><\/span><\/span><span class=\"\" data-icon = \"\"> <\/span><\/a><\/li> <li class=\"menu-item menu-item-type-custom menu-item-object-custom menu-item-48998 depth-0\"><a href='\/systemy\/podhledy-a-sokly\/' data-level='1'><span class=\"item-content\"><span class=\"menu-item-text\"><span class=\"menu-text\">Ceilings and plinths<\/span><\/span><\/span><span class=\"\" data-icon = \"\"> <\/span><\/a><\/li> <li class=\"menu-item menu-item-type-custom menu-item-object-custom menu-item-48999 depth-0\"><a href='\/systemy\/balkonove-aplikace\/' data-level='1'><span class=\"item-content\"><span class=\"menu-item-text\"><span class=\"menu-text\">Balconies<\/span><\/span><\/span><span class=\"\" data-icon = \"\"> <\/span><\/a><\/li> <li class=\"menu-item menu-item-type-custom menu-item-object-custom menu-item-49000 depth-0\"><a href='\/systemy\/ostatni-systemy\/' data-level='1'><span class=\"item-content\"><span class=\"menu-item-text\"><span class=\"menu-text\">Road constructions<\/span><\/span><\/span><span class=\"\" data-icon = \"\"> <\/span><\/a><\/li> <li class=\"menu-item menu-item-type-custom menu-item-object-custom menu-item-49001 depth-0\"><a href='\/systemy\/vytahove-sachty\/' data-level='1'><span class=\"item-content\"><span class=\"menu-item-text\"><span class=\"menu-text\">Elevator shaft cladding with CETRIS\u00ae boards<\/span><\/span><\/span><span class=\"\" data-icon = \"\"> <\/span><\/a><\/li> <li class=\"menu-item menu-item-type-custom menu-item-object-custom menu-item-49002 last depth-0\"><a href='https:\/\/www.cetrishobby.cz\/' data-level='1'><span class=\"item-content\"><span class=\"menu-item-text\"><span class=\"menu-text\">HOBBY<\/span><\/span><\/span><span class=\"\" data-icon = \"\"> <\/span><\/a><\/li> <\/ul><\/nav>\t\t\t\t<\/div>\n\t\t\t\t<\/div>\n\t\t\t\t<\/div>\n\t\t<div class=\"elementor-element elementor-element-521fe8f7 e-con-full e-flex e-con e-child\" data-id=\"521fe8f7\" data-element_type=\"container\">\n\t\t\t\t<div class=\"elementor-element elementor-element-30b60184 elementor-widget elementor-widget-heading\" data-id=\"30b60184\" data-element_type=\"widget\" data-widget_type=\"heading.default\">\n\t\t\t\t<div class=\"elementor-widget-container\">\n\t\t\t\t\t<h2 class=\"elementor-heading-title elementor-size-default\">Walls<\/h2>\t\t\t\t<\/div>\n\t\t\t\t<\/div>\n\t\t\t\t<div class=\"elementor-element elementor-element-74b04c37 elementor-widget elementor-widget-text-editor\" data-id=\"74b04c37\" data-element_type=\"widget\" data-widget_type=\"text-editor.default\">\n\t\t\t\t<div class=\"elementor-widget-container\">\n\t\t\t\t\t\t\t\t\t<p>A modern trend in construction concerns the use of mounted construction systems - either with bearing steel or wooden structure. In construction of detached houses, wooden structures, reconstructions, refurbishments, superstructures or building higher buildings the priority is given to light steel structures.<\/p>\t\t\t\t\t\t\t\t<\/div>\n\t\t\t\t<\/div>\n\t\t\t\t<div class=\"elementor-element elementor-element-15bbf071 elementor-widget elementor-widget-text-editor\" data-id=\"15bbf071\" data-element_type=\"widget\" data-widget_type=\"text-editor.default\">\n\t\t\t\t<div class=\"elementor-widget-container translation-block\">The reason for use of cladding with cement bonded particleboards CETRIS\u00ae is the combination of excellent mechanical and fire-resistance parameters and favourable price. CETRIS\u00ae board is not only an external \"envelope\" of he frame structure and carrier of contact or ventilated heat insulated facade but also a reinforcing elements with wall level wind bracing function. Regarding the flame reaction class A2-s1,d0 and high flame resistance the cement bonded particleboards CETRIS\u00ae also favourably contributes to fire resistance of the whole wall structure.<\/div>\n\t\t\t\t<\/div>\n\t\t\t\t<div class=\"elementor-element elementor-element-4c52e16b elementor-widget elementor-widget-text-editor\" data-id=\"4c52e16b\" data-element_type=\"widget\" data-widget_type=\"text-editor.default\">\n\t\t\t\t<div class=\"elementor-widget-container\">\n\t\t\t\t\t\t\t\t\t<p>The light steel structure system includes the following three elements:<\/p>\t\t\t\t\t\t\t\t<\/div>\n\t\t\t\t<\/div>\n\t\t\t\t<div class=\"elementor-element elementor-element-1725c3a3 elementor-icon-list--layout-traditional elementor-list-item-link-full_width elementor-widget elementor-widget-icon-list\" data-id=\"1725c3a3\" data-element_type=\"widget\" data-widget_type=\"icon-list.default\">\n\t\t\t\t<div class=\"elementor-widget-container\">\n\t\t\t\t\t\t\t<ul class=\"elementor-icon-list-items\">\n\t\t\t\t\t\t\t<li class=\"elementor-icon-list-item\">\n\t\t\t\t\t\t\t\t\t\t\t<span class=\"elementor-icon-list-icon\">\n\t\t\t\t\t\t\t<svg aria-hidden=\"true\" class=\"e-font-icon-svg e-fas-arrow-right\" viewbox=\"0 0 448 512\" xmlns=\"http:\/\/www.w3.org\/2000\/svg\"><path d=\"M190.5 66.9l22.2-22.2c9.4-9.4 24.6-9.4 33.9 0L441 239c9.4 9.4 9.4 24.6 0 33.9L246.6 467.3c-9.4 9.4-24.6 9.4-33.9 0l-22.2-22.2c-9.5-9.5-9.3-25 .4-34.3L311.4 296H24c-13.3 0-24-10.7-24-24v-32c0-13.3 10.7-24 24-24h287.4L190.9 101.2c-9.8-9.3-10-24.8-.4-34.3z\"><\/path><\/svg>\t\t\t\t\t\t<\/span>\n\t\t\t\t\t\t\t\t\t\t<span class=\"elementor-icon-list-text\">thin-walled zinc-coated profiles making up the bearing structure<\/span>\n\t\t\t\t\t\t\t\t\t<\/li>\n\t\t\t\t\t\t\t\t<li class=\"elementor-icon-list-item\">\n\t\t\t\t\t\t\t\t\t\t\t<span class=\"elementor-icon-list-icon\">\n\t\t\t\t\t\t\t<svg aria-hidden=\"true\" class=\"e-font-icon-svg e-fas-arrow-right\" viewbox=\"0 0 448 512\" xmlns=\"http:\/\/www.w3.org\/2000\/svg\"><path d=\"M190.5 66.9l22.2-22.2c9.4-9.4 24.6-9.4 33.9 0L441 239c9.4 9.4 9.4 24.6 0 33.9L246.6 467.3c-9.4 9.4-24.6 9.4-33.9 0l-22.2-22.2c-9.5-9.5-9.3-25 .4-34.3L311.4 296H24c-13.3 0-24-10.7-24-24v-32c0-13.3 10.7-24 24-24h287.4L190.9 101.2c-9.8-9.3-10-24.8-.4-34.3z\"><\/path><\/svg>\t\t\t\t\t\t<\/span>\n\t\t\t\t\t\t\t\t\t\t<span class=\"elementor-icon-list-text\">of the boards as cladding (cement bonded particleboards CETRIS\u00ae above all as exterior cladding)<sup>\u00ae<\/sup> p\u0159edev\u0161\u00edm jako vn\u011bj\u0161\u00ed opl\u00e1\u0161t\u011bn\u00ed)<\/span>\n\t\t\t\t\t\t\t\t\t<\/li>\n\t\t\t\t\t\t\t\t<li class=\"elementor-icon-list-item\">\n\t\t\t\t\t\t\t\t\t\t\t<span class=\"elementor-icon-list-icon\">\n\t\t\t\t\t\t\t<svg aria-hidden=\"true\" class=\"e-font-icon-svg e-fas-arrow-right\" viewbox=\"0 0 448 512\" xmlns=\"http:\/\/www.w3.org\/2000\/svg\"><path d=\"M190.5 66.9l22.2-22.2c9.4-9.4 24.6-9.4 33.9 0L441 239c9.4 9.4 9.4 24.6 0 33.9L246.6 467.3c-9.4 9.4-24.6 9.4-33.9 0l-22.2-22.2c-9.5-9.5-9.3-25 .4-34.3L311.4 296H24c-13.3 0-24-10.7-24-24v-32c0-13.3 10.7-24 24-24h287.4L190.9 101.2c-9.8-9.3-10-24.8-.4-34.3z\"><\/path><\/svg>\t\t\t\t\t\t<\/span>\n\t\t\t\t\t\t\t\t\t\t<span class=\"elementor-icon-list-text\">mineral fibres as heat and sound insulation<\/span>\n\t\t\t\t\t\t\t\t\t<\/li>\n\t\t\t\t\t\t<\/ul>\n\t\t\t\t\t\t<\/div>\n\t\t\t\t<\/div>\n\t\t\t\t<div class=\"elementor-element elementor-element-4bfc306c elementor-widget elementor-widget-text-editor\" data-id=\"4bfc306c\" data-element_type=\"widget\" data-widget_type=\"text-editor.default\">\n\t\t\t\t<div class=\"elementor-widget-container\">\n\t\t\t\t\t\t\t\t\t<p>.<\/p>\t\t\t\t\t\t\t\t<\/div>\n\t\t\t\t<\/div>\n\t\t<div class=\"elementor-element elementor-element-1b5791c6 e-con-full e-flex e-con e-child\" data-id=\"1b5791c6\" data-element_type=\"container\">\n\t\t\t\t<div class=\"elementor-element elementor-element-52d48d24 elementor-widget elementor-widget-text-editor\" data-id=\"52d48d24\" data-element_type=\"widget\" data-widget_type=\"text-editor.default\">\n\t\t\t\t<div class=\"elementor-widget-container\">\n\t\t\t\t\t\t\t\t\t<p>How to choose the right board:<\/p>\t\t\t\t\t\t\t\t<\/div>\n\t\t\t\t<\/div>\n\t\t\t\t<div class=\"elementor-element elementor-element-1849ef7 elementor-mobile-align-justify elementor-widget-mobile__width-inherit elementor-widget elementor-widget-the7_button_widget\" data-id=\"1849ef7\" data-element_type=\"widget\" data-widget_type=\"the7_button_widget.default\">\n\t\t\t\t<div class=\"elementor-widget-container\">\n\t\t\t\t\t<div class=\"elementor-button-wrapper\"><a href=\"https:\/\/new.cetris.cz\/interaktivni-pruvodci\/pruvodce-steny\/\" class=\"box-button elementor-button elementor-size-xl\">Interactive guide<svg aria-hidden=\"true\" class=\"elementor-button-icon e-font-icon-svg e-fas-book-open\" viewbox=\"0 0 576 512\" xmlns=\"http:\/\/www.w3.org\/2000\/svg\"><path d=\"M542.22 32.05c-54.8 3.11-163.72 14.43-230.96 55.59-4.64 2.84-7.27 7.89-7.27 13.17v363.87c0 11.55 12.63 18.85 23.28 13.49 69.18-34.82 169.23-44.32 218.7-46.92 16.89-.89 30.02-14.43 30.02-30.66V62.75c.01-17.71-15.35-31.74-33.77-30.7zM264.73 87.64C197.5 46.48 88.58 35.17 33.78 32.05 15.36 31.01 0 45.04 0 62.75V400.6c0 16.24 13.13 29.78 30.02 30.66 49.49 2.6 149.59 12.11 218.77 46.95 10.62 5.35 23.21-1.94 23.21-13.46V100.63c0-5.29-2.62-10.14-7.27-12.99z\"><\/path><\/svg><\/a><\/div>\t\t\t\t<\/div>\n\t\t\t\t<\/div>\n\t\t\t\t<div class=\"elementor-element elementor-element-51f9afce elementor-mobile-align-justify elementor-widget-mobile__width-inherit elementor-widget elementor-widget-the7_button_widget\" data-id=\"51f9afce\" data-element_type=\"widget\" data-widget_type=\"the7_button_widget.default\">\n\t\t\t\t<div class=\"elementor-widget-container\">\n\t\t\t\t\t<div class=\"elementor-button-wrapper\"><a href=\"https:\/\/new.cetris.cz\/wp-content\/uploads\/2025\/07\/803_steny.pdf\" target=\"_blank\" class=\"box-button elementor-button elementor-size-xl\">Download information<svg aria-hidden=\"true\" class=\"elementor-button-icon e-font-icon-svg e-fas-download\" viewbox=\"0 0 512 512\" xmlns=\"http:\/\/www.w3.org\/2000\/svg\"><path d=\"M216 0h80c13.3 0 24 10.7 24 24v168h87.7c17.8 0 26.7 21.5 14.1 34.1L269.7 378.3c-7.5 7.5-19.8 7.5-27.3 0L90.1 226.1c-12.6-12.6-3.7-34.1 14.1-34.1H192V24c0-13.3 10.7-24 24-24zm296 376v112c0 13.3-10.7 24-24 24H24c-13.3 0-24-10.7-24-24V376c0-13.3 10.7-24 24-24h146.7l49 49c20.1 20.1 52.5 20.1 72.6 0l49-49H488c13.3 0 24 10.7 24 24zm-124 88c0-11-9-20-20-20s-20 9-20 20 9 20 20 20 20-9 20-20zm64 0c0-11-9-20-20-20s-20 9-20 20 9 20 20 20 20-9 20-20z\"><\/path><\/svg><\/a><\/div>\t\t\t\t<\/div>\n\t\t\t\t<\/div>\n\t\t\t\t<\/div>\n\t\t\t\t<\/div>\n\t\t\t\t\t<\/div>\n\t\t\t\t<\/div>\n\t\t\t\t<\/div>","protected":false},"excerpt":{"rendered":"<p>St\u011bny St\u011bny Uk\u00e1zky aplikac\u00ed Pou\u017eit\u00ed St\u011bny Modern\u00edm trendem ve v\u00fdstavb\u011b je pou\u017eit\u00ed montovan\u00fdch konstruk\u010dn\u00edch syst\u00e9m\u016f \u2013 a\u0165 u\u017e s nosnou ocelovou nebo d\u0159ev\u011bnou konstrukc\u00ed. P\u0159i v\u00fdstavb\u011b rodinn\u00fdch dom\u016f, d\u0159evostaveb, p\u0159i p\u0159estavb\u00e1ch, rekonstrukc\u00edch, nadstavb\u00e1ch nebo budov\u00e1n\u00ed vy\u0161\u0161\u00edch objekt\u016f dost\u00e1vaj\u00ed p\u0159ednost syst\u00e9my lehk\u00fdch ocelov\u00fdch konstrukc\u00ed. D\u016fvodem pro\u010d pou\u017e\u00edt na opl\u00e1\u0161t\u011bn\u00ed cementot\u0159\u00edskovou desku CETRIS\u00ae je kombinace v\u00fdborn\u00fdch mechanick\u00fdch&hellip;<\/p>","protected":false},"author":2,"featured_media":0,"parent":48991,"menu_order":0,"comment_status":"closed","ping_status":"closed","template":"","meta":{"_acf_changed":false,"footnotes":""},"class_list":["post-49222","page","type-page","status-publish","hentry"],"acf":[],"_links":{"self":[{"href":"https:\/\/new.cetris.cz\/en\/wp-json\/wp\/v2\/pages\/49222","targetHints":{"allow":["GET"]}}],"collection":[{"href":"https:\/\/new.cetris.cz\/en\/wp-json\/wp\/v2\/pages"}],"about":[{"href":"https:\/\/new.cetris.cz\/en\/wp-json\/wp\/v2\/types\/page"}],"author":[{"embeddable":true,"href":"https:\/\/new.cetris.cz\/en\/wp-json\/wp\/v2\/users\/2"}],"replies":[{"embeddable":true,"href":"https:\/\/new.cetris.cz\/en\/wp-json\/wp\/v2\/comments?post=49222"}],"version-history":[{"count":24,"href":"https:\/\/new.cetris.cz\/en\/wp-json\/wp\/v2\/pages\/49222\/revisions"}],"predecessor-version":[{"id":53987,"href":"https:\/\/new.cetris.cz\/en\/wp-json\/wp\/v2\/pages\/49222\/revisions\/53987"}],"up":[{"embeddable":true,"href":"https:\/\/new.cetris.cz\/en\/wp-json\/wp\/v2\/pages\/48991"}],"wp:attachment":[{"href":"https:\/\/new.cetris.cz\/en\/wp-json\/wp\/v2\/media?parent=49222"}],"curies":[{"name":"wp","href":"https:\/\/api.w.org\/{rel}","templated":true}]}}