{"id":49179,"date":"2025-03-11T13:15:28","date_gmt":"2025-03-11T12:15:28","guid":{"rendered":"https:\/\/new.cetris.cz\/?page_id=49179"},"modified":"2025-04-22T13:42:29","modified_gmt":"2025-04-22T11:42:29","slug":"bimproject-cloud","status":"publish","type":"page","link":"https:\/\/new.cetris.cz\/en\/cetis-bim\/bimproject-cloud\/","title":{"rendered":"bimproject.cloud"},"content":{"rendered":"<div data-elementor-type=\"wp-page\" data-elementor-id=\"49179\" class=\"elementor elementor-49179\" data-elementor-post-type=\"page\">\n\t\t\t\t<div class=\"elementor-element elementor-element-5293eea e-flex e-con-boxed e-con e-parent\" data-id=\"5293eea\" data-element_type=\"container\">\n\t\t\t\t\t<div class=\"e-con-inner\">\n\t\t<div class=\"elementor-element elementor-element-97bd939 e-con-full elementor-hidden-tablet elementor-hidden-mobile e-flex e-con e-child\" data-id=\"97bd939\" data-element_type=\"container\">\n\t\t\t\t<div class=\"elementor-element elementor-element-39aab53 elementor-hidden-tablet elementor-hidden-mobile elementor-widget elementor-widget-heading\" data-id=\"39aab53\" data-element_type=\"widget\" data-widget_type=\"heading.default\">\n\t\t\t\t<div class=\"elementor-widget-container\">\n\t\t\t\t\t<h2 class=\"elementor-heading-title elementor-size-default\">BIM<\/h2>\t\t\t\t<\/div>\n\t\t\t\t<\/div>\n\t\t\t\t<div class=\"elementor-element elementor-element-f9d8f20 widget-divider-yes elementor-widget-tablet__width-inherit elementor-hidden-tablet elementor-hidden-mobile dt-nav-menu_align-left dt-sub-menu_align-left elementor-widget elementor-widget-the7_nav-menu\" data-id=\"f9d8f20\" data-element_type=\"widget\" data-settings=\"{&quot;submenu_display&quot;:&quot;always&quot;}\" data-widget_type=\"the7_nav-menu.default\">\n\t\t\t\t<div class=\"elementor-widget-container\">\n\t\t\t\t\t<nav class=\"dt-nav-menu--main dt-nav-menu__container dt-sub-menu-display-always dt-icon-align- dt-icon-position- dt-sub-icon-position- dt-sub-icon-align-\"><ul class=\"dt-nav-menu\"><li class=\"menu-item menu-item-type-post_type menu-item-object-page menu-item-49665 first depth-0\"><a href='https:\/\/new.cetris.cz\/en\/cetis-bim\/bim-deksoft\/' data-level='1'><span class=\"item-content\"><span class=\"menu-item-text\"><span class=\"menu-text\">BIM DEKSOFT<\/span><\/span><\/span><span class=\"\" data-icon = \"\"> <\/span><\/a><\/li> <li class=\"menu-item menu-item-type-post_type menu-item-object-page menu-item-49664 last depth-0\"><a href='https:\/\/new.cetris.cz\/en\/cetis-bim\/bimproject-cloud\/' data-level='1'><span class=\"item-content\"><span class=\"menu-item-text\"><span class=\"menu-text\">bimproject.cloud<\/span><\/span><\/span><span class=\"\" data-icon = \"\"> <\/span><\/a><\/li> <\/ul><\/nav>\t\t\t\t<\/div>\n\t\t\t\t<\/div>\n\t\t\t\t<\/div>\n\t\t<div class=\"elementor-element elementor-element-431c663 e-con-full e-flex e-con e-child\" data-id=\"431c663\" data-element_type=\"container\">\n\t\t\t\t<div class=\"elementor-element elementor-element-4ee08eb elementor-widget elementor-widget-text-editor\" data-id=\"4ee08eb\" data-element_type=\"widget\" data-widget_type=\"text-editor.default\">\n\t\t\t\t<div class=\"elementor-widget-container\">\n\t\t\t\t\t\t\t\t\t<div class=\"row\"><div class=\"col-md-9 col-md-offset-3\"><div class=\"row\"><div class=\"col-md-9 col-md-offset-3\"><h2>CETRIS products for BIM in bimproject.cloud<\/h2><\/div><\/div><div class=\"row\"><div class=\"col-md-9 col-md-push-3\"><p>The digitalization and gradual adaptation of the BIM process brings many benefits but also challenges. More and more investors are working with a BIM model and require it at the BIM data models at the design stage. Similarly, there are demands from building contractors and building managers to produce as-built BIM models, i.e. actual construction, where information on the delivered products will be stored for future use.<\/p><p class=\" translation-block\">As architects and designers who process their projects in BIM, the bimproject.cloud tool will help you to do this. Quick administration of requirements for structures and products and their subsequent specification can be completed in seconds. You can create structures and materials in the BIM model in just a few seconds automatically, free of charge, and their geometry and parameter list will be exactly as you expect. Linking bimproject.cloud and BIM design software is provided by a plugin that is also available for free download on the bimproject.cloud website for officially supported versions of Revit, Archicad and Allplan. Plugin starts and updates automatically and you don't have to worry about it after installation.<\/p><p>The tool includes an up-to-date database of CETRIS products provided and maintained directly by the manufacturer. You can also take advantage of the complete localization in 10 languages and the application environment in another 12 languages.<\/p><p>\u00a0<\/p><\/div><\/div><\/div><\/div>\t\t\t\t\t\t\t\t<\/div>\n\t\t\t\t<\/div>\n\t\t\t\t<div class=\"elementor-element elementor-element-f8341c8 elementor-align-center elementor-widget elementor-widget-the7_button_widget\" data-id=\"f8341c8\" data-element_type=\"widget\" data-widget_type=\"the7_button_widget.default\">\n\t\t\t\t<div class=\"elementor-widget-container\">\n\t\t\t\t\t<div class=\"elementor-button-wrapper\"><a href=\"https:\/\/app.bimproject.cloud\/dashboard\/specifications\" target=\"_blank\" class=\"box-button elementor-button elementor-size-lg\">OPEN BIMPROJECT.CLOUD<svg xmlns:xlink=\"http:\/\/www.w3.org\/1999\/xlink\" xmlns=\"http:\/\/www.w3.org\/2000\/svg\" class=\"svgicon shape-sipka-right-bold\" width=\"283.464\" height=\"283.464\"><defs><symbol id=\"shape-sipka-right-bold\" viewbox=\"0 0 283.464 283.464\"><switch><g><path clip-rule=\"evenodd\" d=\"M273.9 156.19l-81.24 80.91c-5.278 5.261-13.82 5.234-19.072-.046-5.244-5.278-5.216-13.812.053-19.063l59.436-59.2H16.297c-7.458 0-13.503-6.047-13.503-13.504 0-7.449 6.045-13.496 13.503-13.496h216.73l-59.262-59.036c-5.272-5.253-5.298-13.785-.056-19.065 5.243-5.278 13.795-5.306 19.074-.054l82.548 82.223c5.242 5.251 5.252 13.767.019 19.037-1.03 1.03-.69.78-1.45 1.29\" fill-rule=\"evenodd\"><\/path><\/g><\/switch><\/symbol><\/defs><use xlink:href=\"#shape-sipka-right-bold\"><\/use><\/svg><\/a><\/div>\t\t\t\t<\/div>\n\t\t\t\t<\/div>\n\t\t\t\t<div class=\"elementor-element elementor-element-df9c495 elementor-widget elementor-widget-spacer\" data-id=\"df9c495\" data-element_type=\"widget\" data-widget_type=\"spacer.default\">\n\t\t\t\t<div class=\"elementor-widget-container\">\n\t\t\t\t\t\t\t<div class=\"elementor-spacer\">\n\t\t\t<div class=\"elementor-spacer-inner\"><\/div>\n\t\t<\/div>\n\t\t\t\t\t\t<\/div>\n\t\t\t\t<\/div>\n\t\t\t\t<div class=\"elementor-element elementor-element-39acaa6 elementor-widget elementor-widget-text-editor\" data-id=\"39acaa6\" data-element_type=\"widget\" data-widget_type=\"text-editor.default\">\n\t\t\t\t<div class=\"elementor-widget-container\">\n\t\t\t\t\t\t\t\t\t<h5>Technical instructions for working with CETRIS structures and products in Archicad (3 min)<\/h5><p>\u00a0<\/p>\t\t\t\t\t\t\t\t<\/div>\n\t\t\t\t<\/div>\n\t\t\t\t<div class=\"elementor-element elementor-element-e7b0943 elementor-widget elementor-widget-video\" data-id=\"e7b0943\" data-element_type=\"widget\" data-settings=\"{&quot;youtube_url&quot;:&quot;https:\\\/\\\/www.youtube.com\\\/watch?v=K3PekEetZDw&quot;,&quot;video_type&quot;:&quot;youtube&quot;,&quot;controls&quot;:&quot;yes&quot;}\" data-widget_type=\"video.default\">\n\t\t\t\t<div class=\"elementor-widget-container\">\n\t\t\t\t\t\t\t<div class=\"elementor-wrapper elementor-open-inline\">\n\t\t\t<div class=\"elementor-video\"><\/div>\t\t<\/div>\n\t\t\t\t\t\t<\/div>\n\t\t\t\t<\/div>\n\t\t\t\t<div class=\"elementor-element elementor-element-40a782c elementor-widget elementor-widget-spacer\" data-id=\"40a782c\" data-element_type=\"widget\" data-widget_type=\"spacer.default\">\n\t\t\t\t<div class=\"elementor-widget-container\">\n\t\t\t\t\t\t\t<div class=\"elementor-spacer\">\n\t\t\t<div class=\"elementor-spacer-inner\"><\/div>\n\t\t<\/div>\n\t\t\t\t\t\t<\/div>\n\t\t\t\t<\/div>\n\t\t\t\t<div class=\"elementor-element elementor-element-0e0f495 elementor-widget elementor-widget-text-editor\" data-id=\"0e0f495\" data-element_type=\"widget\" data-widget_type=\"text-editor.default\">\n\t\t\t\t<div class=\"elementor-widget-container\">\n\t\t\t\t\t\t\t\t\t<h5>Technical instructions for working with CETRIS structures and products in Revit (6 min)<\/h5>\t\t\t\t\t\t\t\t<\/div>\n\t\t\t\t<\/div>\n\t\t\t\t<div class=\"elementor-element elementor-element-150e9b6 elementor-widget elementor-widget-video\" data-id=\"150e9b6\" data-element_type=\"widget\" data-settings=\"{&quot;youtube_url&quot;:&quot;https:\\\/\\\/www.youtube.com\\\/watch?v=Msfuy1OpRjE&quot;,&quot;video_type&quot;:&quot;youtube&quot;,&quot;controls&quot;:&quot;yes&quot;}\" data-widget_type=\"video.default\">\n\t\t\t\t<div class=\"elementor-widget-container\">\n\t\t\t\t\t\t\t<div class=\"elementor-wrapper elementor-open-inline\">\n\t\t\t<div class=\"elementor-video\"><\/div>\t\t<\/div>\n\t\t\t\t\t\t<\/div>\n\t\t\t\t<\/div>\n\t\t\t\t<div class=\"elementor-element elementor-element-7ee9f7e elementor-widget elementor-widget-text-editor\" data-id=\"7ee9f7e\" data-element_type=\"widget\" data-widget_type=\"text-editor.default\">\n\t\t\t\t<div class=\"elementor-widget-container\">\n\t\t\t\t\t\t\t\t\t<h5>\u00a0<\/h5><h5 class=\"bold\">Generic specification<\/h5><p>In the early stages of a project, when you do not yet have an idea of the specific product, it is possible to use a so-called generic (general) specification. It is possible to specify the requirements for the whole structure and then each layer of the structure separately. A layer can be defined by a specific product (e.g. CETRIS board) or a generic requirement, e.g. \"Mineral wool with a minimum volume of 100 kg\/m3\".<\/p><p>Once a generic structure has been configured, it can be inserted into the BIM model including the following requirements, which are represented in the BIM model by parameters and layers, which are represented by materials with a cut hatch. This insertion is possible by installing the bimproject.cloud plugin, which connects to the application automatically. The list and parameter values can be easily and quickly edited and updated in the BIM model.<\/p><p>Separate CETRIS products can be found in the categories and also separately, for example among the Structural boards and then inserted into the project as a BIM object or material.<\/p><h5 class=\"bold\">Database of actual products<\/h5><p>When you need a specification for specific products, you can use the CETRIS product database maintained by CETRIS in the \"Real Product\" tab by the manufacturer himself. This is a list of certified constructions that have, among other things, links to documents (technical data sheets, declarations of conformity, etc.). By assigning a real product to the Specification, you will not lose information about the requirements you had and can thus return to the general specification at any time by switching the tab back to \"Generic Specification\".<\/p><p>If you have requirements for a design or product in the Specification, these serve as filters to create a list of matching products and components.<\/p><p>When inserting the Specification into the BIM model, the same principles for structures and materials are applied as for the generic specification, so everything is 100% compatible. For each structure and product that you assign to the Specification, you can also set which of its properties (parameters) you want to include in the project and which ones you do not.<\/p><p class=\" translation-block\">The CETRIS database contains 20 certified structures and about 80 products in the categories of prefabricated walls, structural boards and facade cladding.<\/p><p>\u00a0<\/p>\t\t\t\t\t\t\t\t<\/div>\n\t\t\t\t<\/div>\n\t\t\t\t<div class=\"elementor-element elementor-element-abcbd7b elementor-widget elementor-widget-image\" data-id=\"abcbd7b\" data-element_type=\"widget\" data-widget_type=\"image.default\">\n\t\t\t\t<div class=\"elementor-widget-container\">\n\t\t\t\t\t\t\t\t\t\t\t\t\t\t\t<img fetchpriority=\"high\" decoding=\"async\" width=\"1008\" height=\"558\" src=\"https:\/\/new.cetris.cz\/wp-content\/uploads\/2025\/04\/image-1.jpg\" class=\"attachment-large size-large wp-image-49682\" alt=\"\" srcset=\"https:\/\/new.cetris.cz\/wp-content\/uploads\/2025\/04\/image-1.jpg 1008w, https:\/\/new.cetris.cz\/wp-content\/uploads\/2025\/04\/image-1-300x166.jpg 300w, https:\/\/new.cetris.cz\/wp-content\/uploads\/2025\/04\/image-1-768x425.jpg 768w\" sizes=\"(max-width: 1008px) 100vw, 1008px\" \/>\t\t\t\t\t\t\t\t\t\t\t\t\t\t\t<\/div>\n\t\t\t\t<\/div>\n\t\t\t\t<div class=\"elementor-element elementor-element-f85624e elementor-widget elementor-widget-text-editor\" data-id=\"f85624e\" data-element_type=\"widget\" data-widget_type=\"text-editor.default\">\n\t\t\t\t<div class=\"elementor-widget-container\">\n\t\t\t\t\t\t\t\t\t<h5>\u00a0<\/h5><h5 class=\"bold\">Parameter mapping for Revit<\/h5><p>If you are a Revit user who wants to use parameters according to your project (and not create new ones), you can use the Parameter Mapping for Revit feature. After uploading TXT files with Shared Project Parameters, you can map them to bimproject.cloud parameters and we will use your project parameters. The resulting list of parameters and values will then have the same names and structure as you need when you unzip the BIM model.<\/p><p>\u00a0<\/p>\t\t\t\t\t\t\t\t<\/div>\n\t\t\t\t<\/div>\n\t\t\t\t<div class=\"elementor-element elementor-element-f70019a elementor-widget elementor-widget-image\" data-id=\"f70019a\" data-element_type=\"widget\" data-widget_type=\"image.default\">\n\t\t\t\t<div class=\"elementor-widget-container\">\n\t\t\t\t\t\t\t\t\t\t\t\t\t\t\t<img decoding=\"async\" width=\"900\" height=\"430\" src=\"https:\/\/new.cetris.cz\/wp-content\/uploads\/2025\/04\/image-2.jpg\" class=\"attachment-large size-large wp-image-49683\" alt=\"\" srcset=\"https:\/\/new.cetris.cz\/wp-content\/uploads\/2025\/04\/image-2.jpg 900w, https:\/\/new.cetris.cz\/wp-content\/uploads\/2025\/04\/image-2-300x143.jpg 300w, https:\/\/new.cetris.cz\/wp-content\/uploads\/2025\/04\/image-2-768x367.jpg 768w\" sizes=\"(max-width: 900px) 100vw, 900px\" \/>\t\t\t\t\t\t\t\t\t\t\t\t\t\t\t<\/div>\n\t\t\t\t<\/div>\n\t\t\t\t<div class=\"elementor-element elementor-element-78e5eee gallery-spacing-custom elementor-widget elementor-widget-image-gallery\" data-id=\"78e5eee\" data-element_type=\"widget\" data-widget_type=\"image-gallery.default\">\n\t\t\t\t<div class=\"elementor-widget-container\">\n\t\t\t\t\t\t\t<div class=\"elementor-image-gallery\">\n\t\t\t\n\t\t<style>\n\t\t\t#gallery-1 {\n\t\t\t\tmargin: auto;\n\t\t\t}\n\t\t\t#gallery-1 .gallery-item {\n\t\t\t\tfloat: left;\n\t\t\t\tmargin-top: 10px;\n\t\t\t\ttext-align: center;\n\t\t\t\twidth: 50%;\n\t\t\t}\n\t\t\t#gallery-1 img {\n\t\t\t\tborder: 2px solid #cfcfcf;\n\t\t\t}\n\t\t\t#gallery-1 .gallery-caption {\n\t\t\t\tmargin-left: 0;\n\t\t\t}\n\t\t\t\/* see gallery_shortcode() in wp-includes\/media.php *\/\n\t\t<\/style>\n\t\t<div id='gallery-1' class='gallery galleryid-49179 gallery-columns-2 gallery-size-full'><dl class='gallery-item'>\n\t\t\t<dt class='gallery-icon landscape'>\n\t\t\t\t<a data-elementor-open-lightbox=\"yes\" data-elementor-lightbox-slideshow=\"78e5eee\" data-e-action-hash=\"#elementor-action%3Aaction%3Dlightbox%26settings%3DeyJpZCI6NDk2ODQsInVybCI6Imh0dHBzOlwvXC9uZXcuY2V0cmlzLmN6XC93cC1jb250ZW50XC91cGxvYWRzXC8yMDI1XC8wNFwvY2V0cmlzLWJpbXByb2plY3RfNC5qcGciLCJzbGlkZXNob3ciOiI3OGU1ZWVlIn0%3D\" href='https:\/\/new.cetris.cz\/wp-content\/uploads\/2025\/04\/cetris-bimproject_4.jpg'><img decoding=\"async\" width=\"1373\" height=\"915\" src=\"https:\/\/new.cetris.cz\/wp-content\/uploads\/2025\/04\/cetris-bimproject_4.jpg\" class=\"attachment-full size-full\" alt=\"\" srcset=\"https:\/\/new.cetris.cz\/wp-content\/uploads\/2025\/04\/cetris-bimproject_4.jpg 1373w, https:\/\/new.cetris.cz\/wp-content\/uploads\/2025\/04\/cetris-bimproject_4-300x200.jpg 300w, https:\/\/new.cetris.cz\/wp-content\/uploads\/2025\/04\/cetris-bimproject_4-1024x682.jpg 1024w, https:\/\/new.cetris.cz\/wp-content\/uploads\/2025\/04\/cetris-bimproject_4-768x512.jpg 768w, https:\/\/new.cetris.cz\/wp-content\/uploads\/2025\/04\/cetris-bimproject_4-1200x800.jpg 1200w\" sizes=\"(max-width: 1373px) 100vw, 1373px\" \/><\/a>\n\t\t\t<\/dt><\/dl><dl class='gallery-item'>\n\t\t\t<dt class='gallery-icon landscape'>\n\t\t\t\t<a data-elementor-open-lightbox=\"yes\" data-elementor-lightbox-slideshow=\"78e5eee\" data-e-action-hash=\"#elementor-action%3Aaction%3Dlightbox%26settings%3DeyJpZCI6NDk2ODUsInVybCI6Imh0dHBzOlwvXC9uZXcuY2V0cmlzLmN6XC93cC1jb250ZW50XC91cGxvYWRzXC8yMDI1XC8wNFwvY2V0cmlzLWJpbXByb2plY3RfMy5qcGciLCJzbGlkZXNob3ciOiI3OGU1ZWVlIn0%3D\" href='https:\/\/new.cetris.cz\/wp-content\/uploads\/2025\/04\/cetris-bimproject_3.jpg'><img loading=\"lazy\" decoding=\"async\" width=\"1371\" height=\"912\" src=\"https:\/\/new.cetris.cz\/wp-content\/uploads\/2025\/04\/cetris-bimproject_3.jpg\" class=\"attachment-full size-full\" alt=\"\" srcset=\"https:\/\/new.cetris.cz\/wp-content\/uploads\/2025\/04\/cetris-bimproject_3.jpg 1371w, https:\/\/new.cetris.cz\/wp-content\/uploads\/2025\/04\/cetris-bimproject_3-300x200.jpg 300w, https:\/\/new.cetris.cz\/wp-content\/uploads\/2025\/04\/cetris-bimproject_3-1024x681.jpg 1024w, https:\/\/new.cetris.cz\/wp-content\/uploads\/2025\/04\/cetris-bimproject_3-768x511.jpg 768w, https:\/\/new.cetris.cz\/wp-content\/uploads\/2025\/04\/cetris-bimproject_3-1200x798.jpg 1200w\" sizes=\"(max-width: 1371px) 100vw, 1371px\" \/><\/a>\n\t\t\t<\/dt><\/dl><br style=\"clear: both\" \/><dl class='gallery-item'>\n\t\t\t<dt class='gallery-icon landscape'>\n\t\t\t\t<a data-elementor-open-lightbox=\"yes\" data-elementor-lightbox-slideshow=\"78e5eee\" data-e-action-hash=\"#elementor-action%3Aaction%3Dlightbox%26settings%3DeyJpZCI6NDk2ODYsInVybCI6Imh0dHBzOlwvXC9uZXcuY2V0cmlzLmN6XC93cC1jb250ZW50XC91cGxvYWRzXC8yMDI1XC8wNFwvY2V0cmlzLWJpbXByb2plY3RfMi5qcGciLCJzbGlkZXNob3ciOiI3OGU1ZWVlIn0%3D\" href='https:\/\/new.cetris.cz\/wp-content\/uploads\/2025\/04\/cetris-bimproject_2.jpg'><img loading=\"lazy\" decoding=\"async\" width=\"1484\" height=\"922\" src=\"https:\/\/new.cetris.cz\/wp-content\/uploads\/2025\/04\/cetris-bimproject_2.jpg\" class=\"attachment-full size-full\" alt=\"\" srcset=\"https:\/\/new.cetris.cz\/wp-content\/uploads\/2025\/04\/cetris-bimproject_2.jpg 1484w, https:\/\/new.cetris.cz\/wp-content\/uploads\/2025\/04\/cetris-bimproject_2-300x186.jpg 300w, https:\/\/new.cetris.cz\/wp-content\/uploads\/2025\/04\/cetris-bimproject_2-1024x636.jpg 1024w, https:\/\/new.cetris.cz\/wp-content\/uploads\/2025\/04\/cetris-bimproject_2-768x477.jpg 768w, https:\/\/new.cetris.cz\/wp-content\/uploads\/2025\/04\/cetris-bimproject_2-1200x746.jpg 1200w\" sizes=\"(max-width: 1484px) 100vw, 1484px\" \/><\/a>\n\t\t\t<\/dt><\/dl><dl class='gallery-item'>\n\t\t\t<dt class='gallery-icon landscape'>\n\t\t\t\t<a data-elementor-open-lightbox=\"yes\" data-elementor-lightbox-slideshow=\"78e5eee\" data-e-action-hash=\"#elementor-action%3Aaction%3Dlightbox%26settings%3DeyJpZCI6NDk2ODcsInVybCI6Imh0dHBzOlwvXC9uZXcuY2V0cmlzLmN6XC93cC1jb250ZW50XC91cGxvYWRzXC8yMDI1XC8wNFwvY2V0cmlzLWJpbXByb2plY3RfMS5qcGciLCJzbGlkZXNob3ciOiI3OGU1ZWVlIn0%3D\" href='https:\/\/new.cetris.cz\/wp-content\/uploads\/2025\/04\/cetris-bimproject_1.jpg'><img loading=\"lazy\" decoding=\"async\" width=\"1896\" height=\"1047\" src=\"https:\/\/new.cetris.cz\/wp-content\/uploads\/2025\/04\/cetris-bimproject_1.jpg\" class=\"attachment-full size-full\" alt=\"\" srcset=\"https:\/\/new.cetris.cz\/wp-content\/uploads\/2025\/04\/cetris-bimproject_1.jpg 1896w, https:\/\/new.cetris.cz\/wp-content\/uploads\/2025\/04\/cetris-bimproject_1-300x166.jpg 300w, https:\/\/new.cetris.cz\/wp-content\/uploads\/2025\/04\/cetris-bimproject_1-1024x565.jpg 1024w, https:\/\/new.cetris.cz\/wp-content\/uploads\/2025\/04\/cetris-bimproject_1-768x424.jpg 768w, https:\/\/new.cetris.cz\/wp-content\/uploads\/2025\/04\/cetris-bimproject_1-1536x848.jpg 1536w, https:\/\/new.cetris.cz\/wp-content\/uploads\/2025\/04\/cetris-bimproject_1-1200x663.jpg 1200w\" sizes=\"(max-width: 1896px) 100vw, 1896px\" \/><\/a>\n\t\t\t<\/dt><\/dl><br style=\"clear: both\" \/>\n\t\t<\/div>\n\t\t<\/div>\n\t\t\t\t\t\t<\/div>\n\t\t\t\t<\/div>\n\t\t\t\t<\/div>\n\t\t\t\t\t<\/div>\n\t\t\t\t<\/div>\n\t\t\t\t<\/div>","protected":false},"excerpt":{"rendered":"<p>BIM V\u00fdrobky CETRIS pro BIM v bimproject.cloud Digitalizace a postupn\u00e1 adaptace BIM procesu p\u0159in\u00e1\u0161\u00ed mnoho v\u00fdhod, ale i v\u00fdzev. P\u0159ib\u00fdv\u00e1 investor\u016f, kte\u0159\u00ed pracuj\u00ed s BIM modelem a po\u017eaduj\u00ed tak ji\u017e ve f\u00e1zi n\u00e1vrhu datov\u00e9 BIM modely. Stejn\u011b tak jsou po\u017eadavky od dodavatel\u016f staveb a spr\u00e1vc\u016f budov na zpracov\u00e1n\u00ed As-built BIM model\u016f, tzn. skute\u010dn\u00e9ho proveden\u00ed stavby,&hellip;<\/p>","protected":false},"author":1,"featured_media":0,"parent":49175,"menu_order":0,"comment_status":"closed","ping_status":"closed","template":"","meta":{"_acf_changed":false,"footnotes":""},"class_list":["post-49179","page","type-page","status-publish","hentry"],"acf":[],"_links":{"self":[{"href":"https:\/\/new.cetris.cz\/en\/wp-json\/wp\/v2\/pages\/49179","targetHints":{"allow":["GET"]}}],"collection":[{"href":"https:\/\/new.cetris.cz\/en\/wp-json\/wp\/v2\/pages"}],"about":[{"href":"https:\/\/new.cetris.cz\/en\/wp-json\/wp\/v2\/types\/page"}],"author":[{"embeddable":true,"href":"https:\/\/new.cetris.cz\/en\/wp-json\/wp\/v2\/users\/1"}],"replies":[{"embeddable":true,"href":"https:\/\/new.cetris.cz\/en\/wp-json\/wp\/v2\/comments?post=49179"}],"version-history":[{"count":4,"href":"https:\/\/new.cetris.cz\/en\/wp-json\/wp\/v2\/pages\/49179\/revisions"}],"predecessor-version":[{"id":49690,"href":"https:\/\/new.cetris.cz\/en\/wp-json\/wp\/v2\/pages\/49179\/revisions\/49690"}],"up":[{"embeddable":true,"href":"https:\/\/new.cetris.cz\/en\/wp-json\/wp\/v2\/pages\/49175"}],"wp:attachment":[{"href":"https:\/\/new.cetris.cz\/en\/wp-json\/wp\/v2\/media?parent=49179"}],"curies":[{"name":"wp","href":"https:\/\/api.w.org\/{rel}","templated":true}]}}