{"id":49177,"date":"2025-03-11T13:15:13","date_gmt":"2025-03-11T12:15:13","guid":{"rendered":"https:\/\/new.cetris.cz\/?page_id=49177"},"modified":"2025-04-22T12:20:34","modified_gmt":"2025-04-22T10:20:34","slug":"bim-deksoft","status":"publish","type":"page","link":"https:\/\/new.cetris.cz\/en\/cetis-bim\/bim-deksoft\/","title":{"rendered":"BIM DEKSOFT"},"content":{"rendered":"<div data-elementor-type=\"wp-page\" data-elementor-id=\"49177\" class=\"elementor elementor-49177\" data-elementor-post-type=\"page\">\n\t\t\t\t<div class=\"elementor-element elementor-element-211d8c0 e-flex e-con-boxed e-con e-parent\" data-id=\"211d8c0\" data-element_type=\"container\">\n\t\t\t\t\t<div class=\"e-con-inner\">\n\t\t<div class=\"elementor-element elementor-element-526d776 e-con-full elementor-hidden-tablet elementor-hidden-mobile e-flex e-con e-child\" data-id=\"526d776\" data-element_type=\"container\">\n\t\t\t\t<div class=\"elementor-element elementor-element-456d28f elementor-hidden-tablet elementor-hidden-mobile elementor-widget elementor-widget-heading\" data-id=\"456d28f\" data-element_type=\"widget\" data-widget_type=\"heading.default\">\n\t\t\t\t<div class=\"elementor-widget-container\">\n\t\t\t\t\t<h2 class=\"elementor-heading-title elementor-size-default\">BIM<\/h2>\t\t\t\t<\/div>\n\t\t\t\t<\/div>\n\t\t\t\t<div class=\"elementor-element elementor-element-aab7612 widget-divider-yes elementor-widget-tablet__width-inherit elementor-hidden-tablet elementor-hidden-mobile dt-nav-menu_align-left dt-sub-menu_align-left elementor-widget elementor-widget-the7_nav-menu\" data-id=\"aab7612\" data-element_type=\"widget\" data-settings=\"{&quot;submenu_display&quot;:&quot;always&quot;}\" data-widget_type=\"the7_nav-menu.default\">\n\t\t\t\t<div class=\"elementor-widget-container\">\n\t\t\t\t\t<nav class=\"dt-nav-menu--main dt-nav-menu__container dt-sub-menu-display-always dt-icon-align- dt-icon-position- dt-sub-icon-position- dt-sub-icon-align-\"><ul class=\"dt-nav-menu\"><li class=\"menu-item menu-item-type-post_type menu-item-object-page menu-item-49665 first depth-0\"><a href='https:\/\/new.cetris.cz\/en\/cetis-bim\/bim-deksoft\/' data-level='1'><span class=\"item-content\"><span class=\"menu-item-text\"><span class=\"menu-text\">BIM DEKSOFT<\/span><\/span><\/span><span class=\"\" data-icon = \"\"> <\/span><\/a><\/li> <li class=\"menu-item menu-item-type-post_type menu-item-object-page menu-item-49664 last depth-0\"><a href='https:\/\/new.cetris.cz\/en\/cetis-bim\/bimproject-cloud\/' data-level='1'><span class=\"item-content\"><span class=\"menu-item-text\"><span class=\"menu-text\">bimproject.cloud<\/span><\/span><\/span><span class=\"\" data-icon = \"\"> <\/span><\/a><\/li> <\/ul><\/nav>\t\t\t\t<\/div>\n\t\t\t\t<\/div>\n\t\t\t\t<\/div>\n\t\t<div class=\"elementor-element elementor-element-f1f8103 e-con-full e-flex e-con e-child\" data-id=\"f1f8103\" data-element_type=\"container\">\n\t\t\t\t<div class=\"elementor-element elementor-element-6be0f36 elementor-widget elementor-widget-text-editor\" data-id=\"6be0f36\" data-element_type=\"widget\" data-widget_type=\"text-editor.default\">\n\t\t\t\t<div class=\"elementor-widget-container\">\n\t\t\t\t\t\t\t\t\t<div class=\"row\"><div class=\"col-md-9 col-md-offset-3\"><h2>Electronic catalogue for ArchiCAD and REVIT<\/h2><\/div><\/div><div class=\"row\"><div class=\"col-md-9 col-md-push-3\"><h3>SUPPORT FOR DESIGNERS AND ARCHITECTS<\/h3><h4 class=\" translation-block\">Easier designing of structures with cement-bonded CETRIS\u00ae particleboards<\/h4><p class=\" translation-block\">For your convenience, we have prepared a complete portfolio of our products in the form of an electronic catalogue of 3D elements with programmed parameters and functions. The electronic library of structures for BIM is a digital format of the technical catalogue CETRIS\u00ae Documents for Building Designing and Implementation. Thanks to its implementation into ArchiCAD, REVIT or ALLPLAN environments, the architects and designers are no longer bothered with complicated search for structures with the cement-bonded CETRIS\u00ae particleboards. This library enables very effective application of elements used in the project, thus facilitating creation of very accurate reports.<\/p><p class=\" translation-block\">The electronic CETRIS\u00ae catalogue is an ArchiCAD, REVIT or ALLPLAN accessory to. To use it, it is necessary to download and start an installer, which allows the user to choose for which versions of CAD program he wants to use it. There is a Czech and an English version. After installation, the tool can be found in the \"DEKSOFT\" - \"CETRIS\" menu. The use of the cement-bonded CETRIS\u00ae particleboards is varied. Therefore, the accessory offers several options for the use of this range of products, thus saving the user's time.<\/p><p class=\" translation-block\">The BIM accessory significantly facilitates creation of sandwich structures from the CETRIS\u00ae board for walls, floors, ceilings and facades. There are several filters where the user can select parameters of the desired structure \u2013 for example fire resistance, thickness of the structure, acoustic properties, maximum weight or maximum height.<\/p><p>You can view <a href=\"https:\/\/deksoft.eu\/partneri?partner=9b5f8ca188e52a5b\">here<\/a> the complete library of materials and compositions freely without need of using CAD programs. In addition to selecting suitable compositions in the database, you can also use free add-on programs for specialists (THERMIC TECHNOLOGY 1D, ACOUSTICS and STANDARDS OF MATERIALS). If you already have a DEKSOFT account, you will be able to logg in directly. For those not yet registered, only a simple registration is required. After completion of registration, you will be automatically granted a set up of the license for the programs.<\/p><p>The accessory is compatible with the programmes Allplan 2019 - 2023, Archicad 19 - 26, Archicad SE 2016 - 2021, CADKON+ 2019 - 2022, Revit 2021 - 2024 for Windows and macOS.<\/p><p>The installers are common to all software, differing only in the operating system used:<\/p><ul><li>for Windows<\/li><li>for macOS<\/li><\/ul><div class=\"separator\">\u00a0<\/div><h3>Files for download<\/h3><h4><span class=\"title\">Electronic catalogue for ArchiCAD and REVIT<\/span><\/h4><\/div><\/div>\t\t\t\t\t\t\t\t<\/div>\n\t\t\t\t<\/div>\n\t\t\t\t<div class=\"elementor-element elementor-element-d1bc49e elementor-icon-list--layout-traditional elementor-list-item-link-full_width elementor-widget elementor-widget-icon-list\" data-id=\"d1bc49e\" data-element_type=\"widget\" data-widget_type=\"icon-list.default\">\n\t\t\t\t<div class=\"elementor-widget-container\">\n\t\t\t\t\t\t\t<ul class=\"elementor-icon-list-items\">\n\t\t\t\t\t\t\t<li class=\"elementor-icon-list-item\">\n\t\t\t\t\t\t\t\t\t\t\t<a href=\"https:\/\/www.cetris.cz\/pagedata_cz\/download\/812_deksoft-bim-plugin-cetris-v2-rev7-26-09-24-setup.exe?1728301776\">\n\n\t\t\t\t\t\t\t\t\t\t\t\t<span class=\"elementor-icon-list-icon\">\n\t\t\t\t\t\t\t<svg aria-hidden=\"true\" class=\"e-font-icon-svg e-fas-file-download\" viewbox=\"0 0 384 512\" xmlns=\"http:\/\/www.w3.org\/2000\/svg\"><path d=\"M224 136V0H24C10.7 0 0 10.7 0 24v464c0 13.3 10.7 24 24 24h336c13.3 0 24-10.7 24-24V160H248c-13.2 0-24-10.8-24-24zm76.45 211.36l-96.42 95.7c-6.65 6.61-17.39 6.61-24.04 0l-96.42-95.7C73.42 337.29 80.54 320 94.82 320H160v-80c0-8.84 7.16-16 16-16h32c8.84 0 16 7.16 16 16v80h65.18c14.28 0 21.4 17.29 11.27 27.36zM377 105L279.1 7c-4.5-4.5-10.6-7-17-7H256v128h128v-6.1c0-6.3-2.5-12.4-7-16.9z\"><\/path><\/svg>\t\t\t\t\t\t<\/span>\n\t\t\t\t\t\t\t\t\t\t<span class=\"elementor-icon-list-text\">Installation file for ArchiCAD and REVIT - the BIM accessory is compatible with the programmes Revit 2017, 2018, 2019 and Archicad 19, 20, 21 for macOS (PKG, 62.8 MB)<\/span>\n\t\t\t\t\t\t\t\t\t\t\t<\/a>\n\t\t\t\t\t\t\t\t\t<\/li>\n\t\t\t\t\t\t\t\t<li class=\"elementor-icon-list-item\">\n\t\t\t\t\t\t\t\t\t\t\t<a href=\"https:\/\/www.cetris.cz\/pagedata_cz\/download\/813_doplnek-deksoft-bim-v2-rev7-notarized.pkg?1728301839\">\n\n\t\t\t\t\t\t\t\t\t\t\t\t<span class=\"elementor-icon-list-icon\">\n\t\t\t\t\t\t\t<svg aria-hidden=\"true\" class=\"e-font-icon-svg e-fas-file-download\" viewbox=\"0 0 384 512\" xmlns=\"http:\/\/www.w3.org\/2000\/svg\"><path d=\"M224 136V0H24C10.7 0 0 10.7 0 24v464c0 13.3 10.7 24 24 24h336c13.3 0 24-10.7 24-24V160H248c-13.2 0-24-10.8-24-24zm76.45 211.36l-96.42 95.7c-6.65 6.61-17.39 6.61-24.04 0l-96.42-95.7C73.42 337.29 80.54 320 94.82 320H160v-80c0-8.84 7.16-16 16-16h32c8.84 0 16 7.16 16 16v80h65.18c14.28 0 21.4 17.29 11.27 27.36zM377 105L279.1 7c-4.5-4.5-10.6-7-17-7H256v128h128v-6.1c0-6.3-2.5-12.4-7-16.9z\"><\/path><\/svg>\t\t\t\t\t\t<\/span>\n\t\t\t\t\t\t\t\t\t\t<span class=\"elementor-icon-list-text\">Installation file for ArchiCAD and REVIT - the BIM accessory is compatible with the programmes Revit 2017, 2018, 2019 and Archicad 19, 20, 21 for Windows. (EXE, 60.98 MB)<\/span>\n\t\t\t\t\t\t\t\t\t\t\t<\/a>\n\t\t\t\t\t\t\t\t\t<\/li>\n\t\t\t\t\t\t<\/ul>\n\t\t\t\t\t\t<\/div>\n\t\t\t\t<\/div>\n\t\t\t\t<div class=\"elementor-element elementor-element-b2b1c65 elementor-widget elementor-widget-spacer\" data-id=\"b2b1c65\" data-element_type=\"widget\" data-widget_type=\"spacer.default\">\n\t\t\t\t<div class=\"elementor-widget-container\">\n\t\t\t\t\t\t\t<div class=\"elementor-spacer\">\n\t\t\t<div class=\"elementor-spacer-inner\"><\/div>\n\t\t<\/div>\n\t\t\t\t\t\t<\/div>\n\t\t\t\t<\/div>\n\t\t\t\t<div class=\"elementor-element elementor-element-0759b8a gallery-spacing-custom elementor-widget elementor-widget-image-gallery\" data-id=\"0759b8a\" data-element_type=\"widget\" data-widget_type=\"image-gallery.default\">\n\t\t\t\t<div class=\"elementor-widget-container\">\n\t\t\t\t\t\t\t<div class=\"elementor-image-gallery\">\n\t\t\t\n\t\t<style>\n\t\t\t#gallery-1 {\n\t\t\t\tmargin: auto;\n\t\t\t}\n\t\t\t#gallery-1 .gallery-item {\n\t\t\t\tfloat: left;\n\t\t\t\tmargin-top: 10px;\n\t\t\t\ttext-align: center;\n\t\t\t\twidth: 50%;\n\t\t\t}\n\t\t\t#gallery-1 img {\n\t\t\t\tborder: 2px solid #cfcfcf;\n\t\t\t}\n\t\t\t#gallery-1 .gallery-caption {\n\t\t\t\tmargin-left: 0;\n\t\t\t}\n\t\t\t\/* see gallery_shortcode() in wp-includes\/media.php *\/\n\t\t<\/style>\n\t\t<div id='gallery-1' class='gallery galleryid-49177 gallery-columns-2 gallery-size-full'><dl class='gallery-item'>\n\t\t\t<dt class='gallery-icon landscape'>\n\t\t\t\t<a data-elementor-open-lightbox=\"yes\" data-elementor-lightbox-slideshow=\"0759b8a\" data-e-action-hash=\"#elementor-action%3Aaction%3Dlightbox%26settings%3DeyJpZCI6NDk2NjcsInVybCI6Imh0dHBzOlwvXC9uZXcuY2V0cmlzLmN6XC93cC1jb250ZW50XC91cGxvYWRzXC8yMDI1XC8wNFwvcmV2aXQtMDEuanBnIiwic2xpZGVzaG93IjoiMDc1OWI4YSJ9\" href='https:\/\/new.cetris.cz\/wp-content\/uploads\/2025\/04\/revit-01.jpg'><img fetchpriority=\"high\" decoding=\"async\" width=\"1663\" height=\"1044\" src=\"https:\/\/new.cetris.cz\/wp-content\/uploads\/2025\/04\/revit-01.jpg\" class=\"attachment-full size-full\" alt=\"\" srcset=\"https:\/\/new.cetris.cz\/wp-content\/uploads\/2025\/04\/revit-01.jpg 1663w, https:\/\/new.cetris.cz\/wp-content\/uploads\/2025\/04\/revit-01-300x188.jpg 300w, https:\/\/new.cetris.cz\/wp-content\/uploads\/2025\/04\/revit-01-1024x643.jpg 1024w, https:\/\/new.cetris.cz\/wp-content\/uploads\/2025\/04\/revit-01-768x482.jpg 768w, https:\/\/new.cetris.cz\/wp-content\/uploads\/2025\/04\/revit-01-1536x964.jpg 1536w, https:\/\/new.cetris.cz\/wp-content\/uploads\/2025\/04\/revit-01-1200x753.jpg 1200w\" sizes=\"(max-width: 1663px) 100vw, 1663px\" \/><\/a>\n\t\t\t<\/dt><\/dl><dl class='gallery-item'>\n\t\t\t<dt class='gallery-icon landscape'>\n\t\t\t\t<a data-elementor-open-lightbox=\"yes\" data-elementor-lightbox-slideshow=\"0759b8a\" data-e-action-hash=\"#elementor-action%3Aaction%3Dlightbox%26settings%3DeyJpZCI6NDk2NjgsInVybCI6Imh0dHBzOlwvXC9uZXcuY2V0cmlzLmN6XC93cC1jb250ZW50XC91cGxvYWRzXC8yMDI1XC8wNFwvcmV2aXQtMDIucG5nIiwic2xpZGVzaG93IjoiMDc1OWI4YSJ9\" href='https:\/\/new.cetris.cz\/wp-content\/uploads\/2025\/04\/revit-02.png'><img decoding=\"async\" width=\"1920\" height=\"1048\" src=\"https:\/\/new.cetris.cz\/wp-content\/uploads\/2025\/04\/revit-02.png\" class=\"attachment-full size-full\" alt=\"\" srcset=\"https:\/\/new.cetris.cz\/wp-content\/uploads\/2025\/04\/revit-02.png 1920w, https:\/\/new.cetris.cz\/wp-content\/uploads\/2025\/04\/revit-02-300x164.png 300w, https:\/\/new.cetris.cz\/wp-content\/uploads\/2025\/04\/revit-02-1024x559.png 1024w, https:\/\/new.cetris.cz\/wp-content\/uploads\/2025\/04\/revit-02-768x419.png 768w, https:\/\/new.cetris.cz\/wp-content\/uploads\/2025\/04\/revit-02-1536x838.png 1536w, https:\/\/new.cetris.cz\/wp-content\/uploads\/2025\/04\/revit-02-1200x655.png 1200w\" sizes=\"(max-width: 1920px) 100vw, 1920px\" \/><\/a>\n\t\t\t<\/dt><\/dl><br style=\"clear: both\" \/><dl class='gallery-item'>\n\t\t\t<dt class='gallery-icon landscape'>\n\t\t\t\t<a data-elementor-open-lightbox=\"yes\" data-elementor-lightbox-slideshow=\"0759b8a\" data-e-action-hash=\"#elementor-action%3Aaction%3Dlightbox%26settings%3DeyJpZCI6NDk2NjksInVybCI6Imh0dHBzOlwvXC9uZXcuY2V0cmlzLmN6XC93cC1jb250ZW50XC91cGxvYWRzXC8yMDI1XC8wNFwvYXJjaGljYWQtYmltLTUuanBnIiwic2xpZGVzaG93IjoiMDc1OWI4YSJ9\" href='https:\/\/new.cetris.cz\/wp-content\/uploads\/2025\/04\/archicad-bim-5.jpg'><img decoding=\"async\" width=\"1920\" height=\"1080\" src=\"https:\/\/new.cetris.cz\/wp-content\/uploads\/2025\/04\/archicad-bim-5.jpg\" class=\"attachment-full size-full\" alt=\"\" srcset=\"https:\/\/new.cetris.cz\/wp-content\/uploads\/2025\/04\/archicad-bim-5.jpg 1920w, https:\/\/new.cetris.cz\/wp-content\/uploads\/2025\/04\/archicad-bim-5-300x169.jpg 300w, https:\/\/new.cetris.cz\/wp-content\/uploads\/2025\/04\/archicad-bim-5-1024x576.jpg 1024w, https:\/\/new.cetris.cz\/wp-content\/uploads\/2025\/04\/archicad-bim-5-768x432.jpg 768w, https:\/\/new.cetris.cz\/wp-content\/uploads\/2025\/04\/archicad-bim-5-1536x864.jpg 1536w, https:\/\/new.cetris.cz\/wp-content\/uploads\/2025\/04\/archicad-bim-5-1200x675.jpg 1200w\" sizes=\"(max-width: 1920px) 100vw, 1920px\" \/><\/a>\n\t\t\t<\/dt><\/dl><dl class='gallery-item'>\n\t\t\t<dt class='gallery-icon landscape'>\n\t\t\t\t<a data-elementor-open-lightbox=\"yes\" data-elementor-lightbox-slideshow=\"0759b8a\" data-e-action-hash=\"#elementor-action%3Aaction%3Dlightbox%26settings%3DeyJpZCI6NDk2NzAsInVybCI6Imh0dHBzOlwvXC9uZXcuY2V0cmlzLmN6XC93cC1jb250ZW50XC91cGxvYWRzXC8yMDI1XC8wNFwvYXJjaGljYWQtYmltLTIuanBnIiwic2xpZGVzaG93IjoiMDc1OWI4YSJ9\" href='https:\/\/new.cetris.cz\/wp-content\/uploads\/2025\/04\/archicad-bim-2.jpg'><img loading=\"lazy\" decoding=\"async\" width=\"1920\" height=\"1080\" src=\"https:\/\/new.cetris.cz\/wp-content\/uploads\/2025\/04\/archicad-bim-2.jpg\" class=\"attachment-full size-full\" alt=\"\" srcset=\"https:\/\/new.cetris.cz\/wp-content\/uploads\/2025\/04\/archicad-bim-2.jpg 1920w, https:\/\/new.cetris.cz\/wp-content\/uploads\/2025\/04\/archicad-bim-2-300x169.jpg 300w, https:\/\/new.cetris.cz\/wp-content\/uploads\/2025\/04\/archicad-bim-2-1024x576.jpg 1024w, https:\/\/new.cetris.cz\/wp-content\/uploads\/2025\/04\/archicad-bim-2-768x432.jpg 768w, https:\/\/new.cetris.cz\/wp-content\/uploads\/2025\/04\/archicad-bim-2-1536x864.jpg 1536w, https:\/\/new.cetris.cz\/wp-content\/uploads\/2025\/04\/archicad-bim-2-1200x675.jpg 1200w\" sizes=\"(max-width: 1920px) 100vw, 1920px\" \/><\/a>\n\t\t\t<\/dt><\/dl><br style=\"clear: both\" \/>\n\t\t<\/div>\n\t\t<\/div>\n\t\t\t\t\t\t<\/div>\n\t\t\t\t<\/div>\n\t\t\t\t<\/div>\n\t\t\t\t\t<\/div>\n\t\t\t\t<\/div>\n\t\t\t\t<\/div>","protected":false},"excerpt":{"rendered":"<p>BIM Elektronick\u00fd katalog pro ArchiCAD a REVIT PODPORA PRO PROJEKTANTY A ARCHITEKTY Snaz\u0161\u00ed navrhov\u00e1n\u00ed konstrukc\u00ed s cementot\u0159\u00edskov\u00fdmi deskami CETRIS\u00ae Pro usnadn\u011bn\u00ed pr\u00e1ce jsme pro V\u00e1s p\u0159ipravili kompletn\u00ed sortiment na\u0161ich v\u00fdrobk\u016f zpracovan\u00fd do podoby elektronick\u00e9ho katalogu 3D prvk\u016f s naprogramovan\u00fdmi parametry a funkcemi. Elektronick\u00e1 knihovna konstrukc\u00ed pro BIM p\u0159edstavuje digit\u00e1ln\u00ed podobu technick\u00e9ho katalogu CETRIS\u00ae Podklady pro&hellip;<\/p>","protected":false},"author":1,"featured_media":0,"parent":49175,"menu_order":0,"comment_status":"closed","ping_status":"closed","template":"","meta":{"_acf_changed":false,"footnotes":""},"class_list":["post-49177","page","type-page","status-publish","hentry"],"acf":[],"_links":{"self":[{"href":"https:\/\/new.cetris.cz\/en\/wp-json\/wp\/v2\/pages\/49177","targetHints":{"allow":["GET"]}}],"collection":[{"href":"https:\/\/new.cetris.cz\/en\/wp-json\/wp\/v2\/pages"}],"about":[{"href":"https:\/\/new.cetris.cz\/en\/wp-json\/wp\/v2\/types\/page"}],"author":[{"embeddable":true,"href":"https:\/\/new.cetris.cz\/en\/wp-json\/wp\/v2\/users\/1"}],"replies":[{"embeddable":true,"href":"https:\/\/new.cetris.cz\/en\/wp-json\/wp\/v2\/comments?post=49177"}],"version-history":[{"count":7,"href":"https:\/\/new.cetris.cz\/en\/wp-json\/wp\/v2\/pages\/49177\/revisions"}],"predecessor-version":[{"id":49676,"href":"https:\/\/new.cetris.cz\/en\/wp-json\/wp\/v2\/pages\/49177\/revisions\/49676"}],"up":[{"embeddable":true,"href":"https:\/\/new.cetris.cz\/en\/wp-json\/wp\/v2\/pages\/49175"}],"wp:attachment":[{"href":"https:\/\/new.cetris.cz\/en\/wp-json\/wp\/v2\/media?parent=49177"}],"curies":[{"name":"wp","href":"https:\/\/api.w.org\/{rel}","templated":true}]}}