{"id":49163,"date":"2025-03-11T13:13:40","date_gmt":"2025-03-11T12:13:40","guid":{"rendered":"https:\/\/new.cetris.cz\/?page_id=49163"},"modified":"2025-08-27T15:22:11","modified_gmt":"2025-08-27T13:22:11","slug":"o-nas","status":"publish","type":"page","link":"https:\/\/new.cetris.cz\/en\/skoleni\/o-nas\/","title":{"rendered":"About us"},"content":{"rendered":"<div data-elementor-type=\"wp-page\" data-elementor-id=\"49163\" class=\"elementor elementor-49163\" data-elementor-post-type=\"page\">\n\t\t\t\t<div class=\"elementor-element elementor-element-9472623 e-flex e-con-boxed e-con e-parent\" data-id=\"9472623\" data-element_type=\"container\">\n\t\t\t\t\t<div class=\"e-con-inner\">\n\t\t<div class=\"elementor-element elementor-element-561c9f8 e-con-full elementor-hidden-tablet elementor-hidden-mobile e-flex e-con e-child\" data-id=\"561c9f8\" data-element_type=\"container\">\n\t\t\t\t<div class=\"elementor-element elementor-element-5c6ed9e elementor-hidden-tablet elementor-hidden-mobile elementor-widget elementor-widget-heading\" data-id=\"5c6ed9e\" data-element_type=\"widget\" data-widget_type=\"heading.default\">\n\t\t\t\t<div class=\"elementor-widget-container\">\n\t\t\t\t\t<h2 class=\"elementor-heading-title elementor-size-default\">Information <\/h2>\t\t\t\t<\/div>\n\t\t\t\t<\/div>\n\t\t\t\t<div class=\"elementor-element elementor-element-5e9b3f8 widget-divider-yes elementor-widget-tablet__width-inherit elementor-hidden-tablet elementor-hidden-mobile dt-nav-menu_align-left dt-sub-menu_align-left elementor-widget elementor-widget-the7_nav-menu\" data-id=\"5e9b3f8\" data-element_type=\"widget\" data-settings=\"{&quot;submenu_display&quot;:&quot;always&quot;}\" data-widget_type=\"the7_nav-menu.default\">\n\t\t\t\t<div class=\"elementor-widget-container\">\n\t\t\t\t\t<nav class=\"dt-nav-menu--main dt-nav-menu__container dt-sub-menu-display-always dt-icon-align- dt-icon-position- dt-sub-icon-position- dt-sub-icon-align-\"><ul class=\"dt-nav-menu\"><li class=\"menu-item menu-item-type-post_type menu-item-object-page menu-item-50636 first depth-0\"><a href='https:\/\/new.cetris.cz\/en\/skoleni\/o-nas\/' data-level='1'><span class=\"item-content\"><span class=\"menu-item-text\"><span class=\"menu-text\">About us<\/span><\/span><\/span><span class=\"\" data-icon = \"\"> <\/span><\/a><\/li> <li class=\"menu-item menu-item-type-post_type menu-item-object-page menu-item-50637 last depth-0\"><a href='https:\/\/new.cetris.cz\/en\/vyzkum-a-vyvoj\/' data-level='1'><span class=\"item-content\"><span class=\"menu-item-text\"><span class=\"menu-text\">Research and development<\/span><\/span><\/span><span class=\"\" data-icon = \"\"> <\/span><\/a><\/li> <\/ul><\/nav>\t\t\t\t<\/div>\n\t\t\t\t<\/div>\n\t\t\t\t<div class=\"elementor-element elementor-element-435b50c elementor-hidden-tablet elementor-hidden-mobile elementor-widget elementor-widget-heading\" data-id=\"435b50c\" data-element_type=\"widget\" data-widget_type=\"heading.default\">\n\t\t\t\t<div class=\"elementor-widget-container\">\n\t\t\t\t\t<h2 class=\"elementor-heading-title elementor-size-default\">Training courses<\/h2>\t\t\t\t<\/div>\n\t\t\t\t<\/div>\n\t\t\t\t<div class=\"elementor-element elementor-element-20c03cd widget-divider-yes elementor-widget-tablet__width-inherit elementor-hidden-tablet elementor-hidden-mobile dt-nav-menu_align-left dt-sub-menu_align-left elementor-widget elementor-widget-the7_nav-menu\" data-id=\"20c03cd\" data-element_type=\"widget\" data-settings=\"{&quot;submenu_display&quot;:&quot;always&quot;}\" data-widget_type=\"the7_nav-menu.default\">\n\t\t\t\t<div class=\"elementor-widget-container\">\n\t\t\t\t\t<nav class=\"dt-nav-menu--main dt-nav-menu__container dt-sub-menu-display-always dt-icon-align- dt-icon-position- dt-sub-icon-position- dt-sub-icon-align-\"><ul class=\"dt-nav-menu\"><li class=\"menu-item menu-item-type-post_type menu-item-object-page menu-item-49618 first depth-0\"><a href='https:\/\/new.cetris.cz\/en\/skoleni\/skoleni-architekti-projektanti-studenti\/' data-level='1'><span class=\"item-content\"><span class=\"menu-item-text\"><span class=\"menu-text\">Architects, designers, students<\/span><\/span><\/span><span class=\"\" data-icon = \"\"> <\/span><\/a><\/li> <li class=\"menu-item menu-item-type-post_type menu-item-object-page menu-item-49619 depth-0\"><a href='https:\/\/new.cetris.cz\/en\/skoleni\/skoleni-obchodni-firmy\/' data-level='1'><span class=\"item-content\"><span class=\"menu-item-text\"><span class=\"menu-text\">Business firms<\/span><\/span><\/span><span class=\"\" data-icon = \"\"> <\/span><\/a><\/li> <li class=\"menu-item menu-item-type-post_type menu-item-object-page menu-item-49620 last depth-0\"><a href='https:\/\/new.cetris.cz\/en\/skoleni\/skoleni-stavebni-firmy\/' data-level='1'><span class=\"item-content\"><span class=\"menu-item-text\"><span class=\"menu-text\">Construction companies<\/span><\/span><\/span><span class=\"\" data-icon = \"\"> <\/span><\/a><\/li> <\/ul><\/nav>\t\t\t\t<\/div>\n\t\t\t\t<\/div>\n\t\t\t\t<\/div>\n\t\t<div class=\"elementor-element elementor-element-2696022 e-con-full e-flex e-con e-child\" data-id=\"2696022\" data-element_type=\"container\">\n\t\t\t\t<div class=\"elementor-element elementor-element-8a2447b elementor-widget elementor-widget-heading\" data-id=\"8a2447b\" data-element_type=\"widget\" data-widget_type=\"heading.default\">\n\t\t\t\t<div class=\"elementor-widget-container\">\n\t\t\t\t\t<h2 class=\"elementor-heading-title elementor-size-default\">CETRIS Division<\/h2>\t\t\t\t<\/div>\n\t\t\t\t<\/div>\n\t\t<div class=\"elementor-element elementor-element-4249b65 e-con-full e-flex e-con e-child\" data-id=\"4249b65\" data-element_type=\"container\">\n\t\t<div class=\"elementor-element elementor-element-9ca6c0f e-con-full e-flex e-con e-child\" data-id=\"9ca6c0f\" data-element_type=\"container\">\n\t\t\t\t<div class=\"elementor-element elementor-element-5cd8373 elementor-widget elementor-widget-text-editor\" data-id=\"5cd8373\" data-element_type=\"widget\" data-widget_type=\"text-editor.default\">\n\t\t\t\t<div class=\"elementor-widget-container\">\n\t\t\t\t\t\t\t\t\t<h5 class=\" translation-block\">CIDEM Hranice, joint-stock company, CETRIS division, produces board material marketed under trademark CETRIS\u00ae cement bonded particleboards.<\/h5>\t\t\t\t\t\t\t\t<\/div>\n\t\t\t\t<\/div>\n\t\t\t\t<div class=\"elementor-element elementor-element-4384f1d elementor-widget elementor-widget-text-editor\" data-id=\"4384f1d\" data-element_type=\"widget\" data-widget_type=\"text-editor.default\">\n\t\t\t\t<div class=\"elementor-widget-container\">\n\t\t\t\t\t\t\t\t\t<p>Construction of the plant for manufacture of cement bonded particleboards in the Czech Republic was commenced in 1987 and the plant operation was launched in 1991.<\/p><p class=\" translation-block\">In the first years the product portfolio was limited to virtually one single board, CETRIS\u00ae BASIC without surface finish. As the time passed the offer was being extended with a number of additional services such as curring, milling, grinding, drilling, surface finishing and more. At present, we offer 14 types of cement bonded particleboards and are constantly developing new types in order to satisfy the needs and requirements of our customers.<\/p><p class=\" translation-block\">The company CIDEM Hranice, a.s. - CETRIS Division - is the biggest manufacturer of cement bonded particleboards in Europe. The production capacity is 55,000 m3 per year.<\/p><p class=\" translation-block\">Increasing popularity and universal application of CETRIS\u00ae boards is documented, inter alia, by the fact of their export across Europe and further to countries in Africa, Asia and South America.<\/p><p class=\" translation-block\">Cement bonded particleboards CETRIS\u00ae are made by technology produced and supplied by the German company BISON. In 2010, the production line underwent an extensive refurbishment aimed at increased production volumes with improved quality. The line was newly equipped with cleaning and grinding devices perfectly cleaning the manufacturing metal sheets and thus improving the quality of the boards' surface. The drying plant was refurbished and extended and a new sizing saw was purchased. While sizing the manufactured boards it is now possible to declare narrower tolerances for permissible deviations from dimensions and profiles which are significantly below the values imposed by the standards. Great changes have been implemented tothe surface finish line. A fully automated line with the KRONOS spraying machine from MAKOR has been purchased, allowing for perfect surface treatment of the face side as well as the edges. As a matter of fact, the improved and expanded surface finish process includes, at its start, a cleaning and grinding device preparing the face surface and a high-performance drying and cooling device. Furthermore, the compressor room underwent refurbishment and the shipment area was expanded. Also in the future we plan to invest in the modernization and expansion of our plant.<\/p><p class=\" translation-block\">Great and continuous attention is paid to the quality of our products. Already back in 1996 we obtained the EU ISO 9002 quality certificate awarded by the international accredited certification body, Lloyd's Register Quality Assurance. After issue of the new standard the system was recertified in 2003 pursuant to ISO 9001. Manufacture of CETRIS\u00ae cement bonded particleboards is further supervised by authorised and notified entities. As the company exports the products to all of Europe, the cement bonded particleboards are certified not only pursuant to European harmonised standards, but also pursuant to the national standards.<\/p>\t\t\t\t\t\t\t\t<\/div>\n\t\t\t\t<\/div>\n\t\t\t\t<\/div>\n\t\t<div class=\"elementor-element elementor-element-787b0d2 e-con-full e-flex e-con e-child\" data-id=\"787b0d2\" data-element_type=\"container\">\n\t\t\t\t<div class=\"elementor-element elementor-element-e4fdcbe elementor-widget elementor-widget-image\" data-id=\"e4fdcbe\" data-element_type=\"widget\" data-widget_type=\"image.default\">\n\t\t\t\t<div class=\"elementor-widget-container\">\n\t\t\t\t\t\t\t\t\t\t\t\t\t\t\t<img decoding=\"async\" width=\"220\" height=\"220\" src=\"https:\/\/new.cetris.cz\/wp-content\/uploads\/2025\/05\/letecky-sminek-preview_220x220.jpg\" class=\"attachment-large size-large wp-image-49828\" alt=\"\" srcset=\"https:\/\/new.cetris.cz\/wp-content\/uploads\/2025\/05\/letecky-sminek-preview_220x220.jpg 220w, https:\/\/new.cetris.cz\/wp-content\/uploads\/2025\/05\/letecky-sminek-preview_220x220-150x150.jpg 150w, https:\/\/new.cetris.cz\/wp-content\/uploads\/2025\/05\/letecky-sminek-preview_220x220-200x200.jpg 200w\" sizes=\"(max-width: 220px) 100vw, 220px\" \/>\t\t\t\t\t\t\t\t\t\t\t\t\t\t\t<\/div>\n\t\t\t\t<\/div>\n\t\t\t\t<div class=\"elementor-element elementor-element-cb141dc elementor-widget elementor-widget-spacer\" data-id=\"cb141dc\" data-element_type=\"widget\" data-widget_type=\"spacer.default\">\n\t\t\t\t<div class=\"elementor-widget-container\">\n\t\t\t\t\t\t\t<div class=\"elementor-spacer\">\n\t\t\t<div class=\"elementor-spacer-inner\"><\/div>\n\t\t<\/div>\n\t\t\t\t\t\t<\/div>\n\t\t\t\t<\/div>\n\t\t\t\t<div class=\"elementor-element elementor-element-8d3ee44 elementor-widget elementor-widget-image\" data-id=\"8d3ee44\" data-element_type=\"widget\" data-widget_type=\"image.default\">\n\t\t\t\t<div class=\"elementor-widget-container\">\n\t\t\t\t\t\t\t\t\t\t\t\t\t\t\t<img decoding=\"async\" width=\"220\" height=\"220\" src=\"https:\/\/new.cetris.cz\/wp-content\/uploads\/2025\/05\/nanaseci-linka-preview_220x220.jpg\" class=\"attachment-large size-large wp-image-49827\" alt=\"\" srcset=\"https:\/\/new.cetris.cz\/wp-content\/uploads\/2025\/05\/nanaseci-linka-preview_220x220.jpg 220w, https:\/\/new.cetris.cz\/wp-content\/uploads\/2025\/05\/nanaseci-linka-preview_220x220-150x150.jpg 150w, https:\/\/new.cetris.cz\/wp-content\/uploads\/2025\/05\/nanaseci-linka-preview_220x220-200x200.jpg 200w\" sizes=\"(max-width: 220px) 100vw, 220px\" \/>\t\t\t\t\t\t\t\t\t\t\t\t\t\t\t<\/div>\n\t\t\t\t<\/div>\n\t\t\t\t<\/div>\n\t\t\t\t<\/div>\n\t\t\t\t<\/div>\n\t\t\t\t\t<\/div>\n\t\t\t\t<\/div>\n\t\t\t\t<\/div>","protected":false},"excerpt":{"rendered":"<p>Informace \u0160kolen\u00ed Divize CETRIS Akciov\u00e1 spole\u010dnost CIDEM Hranice, divize CETRIS je v\u00fdrobcem deskov\u00e9ho materi\u00e1lu, kter\u00fd uv\u00e1d\u00ed na trh pod ochrannou zna\u010dkou cementot\u0159\u00edskov\u00e1 deska CETRIS\u00ae. V\u00fdstavba z\u00e1vodu na v\u00fdrobu cementot\u0159\u00edskov\u00fdch desek v \u010cesk\u00e9 republice byla zah\u00e1jena v roce 1987, do provozu byl pak z\u00e1vod uveden v roce 1991. V prvn\u00edch letech v\u00fdroby byl sortiment omezen v&hellip;<\/p>","protected":false},"author":1,"featured_media":0,"parent":49155,"menu_order":0,"comment_status":"closed","ping_status":"closed","template":"","meta":{"_acf_changed":false,"footnotes":""},"class_list":["post-49163","page","type-page","status-publish","hentry"],"acf":[],"_links":{"self":[{"href":"https:\/\/new.cetris.cz\/en\/wp-json\/wp\/v2\/pages\/49163","targetHints":{"allow":["GET"]}}],"collection":[{"href":"https:\/\/new.cetris.cz\/en\/wp-json\/wp\/v2\/pages"}],"about":[{"href":"https:\/\/new.cetris.cz\/en\/wp-json\/wp\/v2\/types\/page"}],"author":[{"embeddable":true,"href":"https:\/\/new.cetris.cz\/en\/wp-json\/wp\/v2\/users\/1"}],"replies":[{"embeddable":true,"href":"https:\/\/new.cetris.cz\/en\/wp-json\/wp\/v2\/comments?post=49163"}],"version-history":[{"count":13,"href":"https:\/\/new.cetris.cz\/en\/wp-json\/wp\/v2\/pages\/49163\/revisions"}],"predecessor-version":[{"id":51632,"href":"https:\/\/new.cetris.cz\/en\/wp-json\/wp\/v2\/pages\/49163\/revisions\/51632"}],"up":[{"embeddable":true,"href":"https:\/\/new.cetris.cz\/en\/wp-json\/wp\/v2\/pages\/49155"}],"wp:attachment":[{"href":"https:\/\/new.cetris.cz\/en\/wp-json\/wp\/v2\/media?parent=49163"}],"curies":[{"name":"wp","href":"https:\/\/api.w.org\/{rel}","templated":true}]}}