{"id":49155,"date":"2025-03-11T13:12:24","date_gmt":"2025-03-11T12:12:24","guid":{"rendered":"https:\/\/new.cetris.cz\/?page_id=49155"},"modified":"2025-04-22T11:01:36","modified_gmt":"2025-04-22T09:01:36","slug":"skoleni","status":"publish","type":"page","link":"https:\/\/new.cetris.cz\/en\/skoleni\/","title":{"rendered":"Training courses"},"content":{"rendered":"<div data-elementor-type=\"wp-page\" data-elementor-id=\"49155\" class=\"elementor elementor-49155\" data-elementor-post-type=\"page\">\n\t\t\t\t<div class=\"elementor-element elementor-element-f6ee4cd e-flex e-con-boxed e-con e-parent\" data-id=\"f6ee4cd\" data-element_type=\"container\">\n\t\t\t\t\t<div class=\"e-con-inner\">\n\t\t<div class=\"elementor-element elementor-element-eef31cb e-con-full elementor-hidden-tablet elementor-hidden-mobile e-flex e-con e-child\" data-id=\"eef31cb\" data-element_type=\"container\">\n\t\t\t\t<div class=\"elementor-element elementor-element-0f425dc elementor-hidden-tablet elementor-hidden-mobile elementor-widget elementor-widget-heading\" data-id=\"0f425dc\" data-element_type=\"widget\" data-widget_type=\"heading.default\">\n\t\t\t\t<div class=\"elementor-widget-container\">\n\t\t\t\t\t<h2 class=\"elementor-heading-title elementor-size-default\">Informace &amp; \u0161kolen\u00ed<\/h2>\t\t\t\t<\/div>\n\t\t\t\t<\/div>\n\t\t\t\t<div class=\"elementor-element elementor-element-c59b6b2 widget-divider-yes elementor-widget-tablet__width-inherit elementor-hidden-tablet elementor-hidden-mobile dt-nav-menu_align-left dt-sub-menu_align-left elementor-widget elementor-widget-the7_nav-menu\" data-id=\"c59b6b2\" data-element_type=\"widget\" data-settings=\"{&quot;submenu_display&quot;:&quot;always&quot;}\" data-widget_type=\"the7_nav-menu.default\">\n\t\t\t\t<div class=\"elementor-widget-container\">\n\t\t\t\t\t<nav class=\"dt-nav-menu--main dt-nav-menu__container dt-sub-menu-display-always dt-icon-align- dt-icon-position- dt-sub-icon-position- dt-sub-icon-align-\"><ul class=\"dt-nav-menu\"><li class=\"menu-item page_item page-item-49143 first\"><a href=\"https:\/\/new.cetris.cz\/en\/baleni-skladovani-manipulace-a-parametry-expedovanych-desek-cetris\/\"><span class=\"item-content\"><span class=\"menu-item-text\"><span class=\"menu-text\">Packaging, storage, handling and parameters of dispatched CETRIS boards<\/span><\/span><\/span><span class=\"\" data-icon = \"\"> <\/span><\/a><\/li><li class=\"menu-item page_item page-item-53949\"><a href=\"https:\/\/new.cetris.cz\/en\/bim\/\"><span class=\"item-content\"><span class=\"menu-item-text\"><span class=\"menu-text\">BIM<\/span><\/span><\/span><span class=\"\" data-icon = \"\"> <\/span><\/a><\/li><li class=\"menu-item page_item page-item-49145\"><a href=\"https:\/\/new.cetris.cz\/en\/ceniky-desek-cetris\/\"><span class=\"item-content\"><span class=\"menu-item-text\"><span class=\"menu-text\">Price lists of CETRIS plates<\/span><\/span><\/span><span class=\"\" data-icon = \"\"> <\/span><\/a><\/li><li class=\"menu-item page_item page-item-49184\"><a href=\"https:\/\/new.cetris.cz\/en\/certifikace\/\"><span class=\"item-content\"><span class=\"menu-item-text\"><span class=\"menu-text\">Certification<\/span><\/span><\/span><span class=\"\" data-icon = \"\"> <\/span><\/a><\/li><li class=\"menu-item page_item page-item-49175 page_item_has_children has-children\"><a href=\"https:\/\/new.cetris.cz\/en\/cetis-bim\/\"><span class=\"item-content\"><span class=\"menu-item-text\"><span class=\"menu-text\">CETIS BIM<\/span><\/span><\/span><span class=\"\" data-icon = \"\"> <\/span><\/a><ul class=\"vertical-sub-nav\"><li class=\"menu-item page_item page-item-49177 first\"><a href=\"https:\/\/new.cetris.cz\/en\/cetis-bim\/bim-deksoft\/\"><span class=\"item-content\"><span class=\"menu-item-text\"><span class=\"menu-text\">BIM DEKSOFT<\/span><\/span><\/span><span class=\"\" data-icon = \"\"> <\/span><\/a><\/li><li class=\"menu-item page_item page-item-49179\"><a href=\"https:\/\/new.cetris.cz\/en\/cetis-bim\/bimproject-cloud\/\"><span class=\"item-content\"><span class=\"menu-item-text\"><span class=\"menu-text\">bimproject.cloud<\/span><\/span><\/span><span class=\"\" data-icon = \"\"> <\/span><\/a><\/li><\/ul><\/li><li class=\"menu-item page_item page-item-49147\"><a href=\"https:\/\/new.cetris.cz\/en\/diskuzni-forum\/\"><span class=\"item-content\"><span class=\"menu-item-text\"><span class=\"menu-text\">Discussion forum<\/span><\/span><\/span><span class=\"\" data-icon = \"\"> <\/span><\/a><\/li><li class=\"menu-item page_item page-item-48325\"><a href=\"https:\/\/new.cetris.cz\/en\/html\/\"><span class=\"item-content\"><span class=\"menu-item-text\"><span class=\"menu-text\">html<\/span><\/span><\/span><span class=\"\" data-icon = \"\"> <\/span><\/a><\/li><li class=\"menu-item page_item page-item-48372\"><a href=\"https:\/\/new.cetris.cz\/en\/html-mb\/\"><span class=\"item-content\"><span class=\"menu-item-text\"><span class=\"menu-text\">html MB<\/span><\/span><\/span><span class=\"\" data-icon = \"\"> <\/span><\/a><\/li><li class=\"menu-item page_item page-item-49171 page_item_has_children has-children\"><a href=\"https:\/\/new.cetris.cz\/en\/interaktivni-pruvodci\/\"><span class=\"item-content\"><span class=\"menu-item-text\"><span class=\"menu-text\">Interactive guides<\/span><\/span><\/span><span class=\"\" data-icon = \"\"> <\/span><\/a><ul class=\"vertical-sub-nav\"><li class=\"menu-item page_item page-item-50445 first\"><a href=\"https:\/\/new.cetris.cz\/en\/interaktivni-pruvodci\/pruvodce-balkony\/\"><span class=\"item-content\"><span class=\"menu-item-text\"><span class=\"menu-text\">Guide - Balconies<\/span><\/span><\/span><span class=\"\" data-icon = \"\"> <\/span><\/a><\/li><li class=\"menu-item page_item page-item-50443\"><a href=\"https:\/\/new.cetris.cz\/en\/interaktivni-pruvodci\/pruvodce-fasady\/\"><span class=\"item-content\"><span class=\"menu-item-text\"><span class=\"menu-text\">Guide - Facades<\/span><\/span><\/span><span class=\"\" data-icon = \"\"> <\/span><\/a><\/li><li class=\"menu-item page_item page-item-50447\"><a href=\"https:\/\/new.cetris.cz\/en\/interaktivni-pruvodci\/pruvodce-podhledy-a-sokly\/\"><span class=\"item-content\"><span class=\"menu-item-text\"><span class=\"menu-text\">Guide - Soffits and skirting boards<\/span><\/span><\/span><span class=\"\" data-icon = \"\"> <\/span><\/a><\/li><li class=\"menu-item page_item page-item-50449\"><a href=\"https:\/\/new.cetris.cz\/en\/interaktivni-pruvodci\/pruvodce-podlahy\/\"><span class=\"item-content\"><span class=\"menu-item-text\"><span class=\"menu-text\">Guide - Flooring<\/span><\/span><\/span><span class=\"\" data-icon = \"\"> <\/span><\/a><\/li><li class=\"menu-item page_item page-item-50451\"><a href=\"https:\/\/new.cetris.cz\/en\/interaktivni-pruvodci\/pruvodce-pozarni-systemy\/\"><span class=\"item-content\"><span class=\"menu-item-text\"><span class=\"menu-text\">Guide - Fire Protection Systems<\/span><\/span><\/span><span class=\"\" data-icon = \"\"> <\/span><\/a><\/li><li class=\"menu-item page_item page-item-50453\"><a href=\"https:\/\/new.cetris.cz\/en\/interaktivni-pruvodci\/pruvodce-steny\/\"><span class=\"item-content\"><span class=\"menu-item-text\"><span class=\"menu-text\">Guide - Walls<\/span><\/span><\/span><span class=\"\" data-icon = \"\"> <\/span><\/a><\/li><li class=\"menu-item page_item page-item-50425\"><a href=\"https:\/\/new.cetris.cz\/en\/interaktivni-pruvodci\/pruvodce-strechy\/\"><span class=\"item-content\"><span class=\"menu-item-text\"><span class=\"menu-text\">Guide - Roofs<\/span><\/span><\/span><span class=\"\" data-icon = \"\"> <\/span><\/a><\/li><\/ul><\/li><li class=\"menu-item page_item page-item-49151\"><a href=\"https:\/\/new.cetris.cz\/en\/ke-stazeni\/\"><span class=\"item-content\"><span class=\"menu-item-text\"><span class=\"menu-text\">Download<\/span><\/span><\/span><span class=\"\" data-icon = \"\"> <\/span><\/a><\/li><li class=\"menu-item page_item page-item-49795 page_item_has_children has-children\"><a href=\"https:\/\/new.cetris.cz\/en\/kontakty\/\"><span class=\"item-content\"><span class=\"menu-item-text\"><span class=\"menu-text\">Contacts<\/span><\/span><\/span><span class=\"\" data-icon = \"\"> <\/span><\/a><ul class=\"vertical-sub-nav\"><li class=\"menu-item page_item page-item-49165 first\"><a href=\"https:\/\/new.cetris.cz\/en\/kontakty\/kontaktni-osoby\/\"><span class=\"item-content\"><span class=\"menu-item-text\"><span class=\"menu-text\">Contact persons<\/span><\/span><\/span><span class=\"\" data-icon = \"\"> <\/span><\/a><\/li><li class=\"menu-item page_item page-item-49169 page_item_has_children has-children\"><a href=\"https:\/\/new.cetris.cz\/en\/kontakty\/montazni-firmy\/\"><span class=\"item-content\"><span class=\"menu-item-text\"><span class=\"menu-text\">Installation companies<\/span><\/span><\/span><span class=\"\" data-icon = \"\"> <\/span><\/a><ul class=\"vertical-sub-nav\"><li class=\"menu-item page_item page-item-51074 first\"><a href=\"https:\/\/new.cetris.cz\/en\/kontakty\/montazni-firmy\/montazni-firmy-ceska-republika\/\"><span class=\"item-content\"><span class=\"menu-item-text\"><span class=\"menu-text\">Installation companies - Czech Republic<\/span><\/span><\/span><span class=\"\" data-icon = \"\"> <\/span><\/a><\/li><li class=\"menu-item page_item page-item-51080\"><a href=\"https:\/\/new.cetris.cz\/en\/kontakty\/montazni-firmy\/montazni-firmy-slovensko\/\"><span class=\"item-content\"><span class=\"menu-item-text\"><span class=\"menu-text\">Assembly companies - Slovakia<\/span><\/span><\/span><span class=\"\" data-icon = \"\"> <\/span><\/a><\/li><li class=\"menu-item page_item page-item-51862\"><a href=\"https:\/\/new.cetris.cz\/en\/kontakty\/montazni-firmy\/montazni-firmy-slovensko-bratislavsky-kraj\/\"><span class=\"item-content\"><span class=\"menu-item-text\"><span class=\"menu-text\">Mont\u00e1\u017en\u00ed firmy &#8211; Slovensko &#8211; Bratislavsk\u00fd kraj<\/span><\/span><\/span><span class=\"\" data-icon = \"\"> <\/span><\/a><\/li><li class=\"menu-item page_item page-item-51871\"><a href=\"https:\/\/new.cetris.cz\/en\/kontakty\/montazni-firmy\/montazni-firmy-slovensko-presovsky-kraj\/\"><span class=\"item-content\"><span class=\"menu-item-text\"><span class=\"menu-text\">Mont\u00e1\u017en\u00ed firmy &#8211; Slovensko &#8211; Pre\u0161ovsk\u00fd kraj<\/span><\/span><\/span><span class=\"\" data-icon = \"\"> <\/span><\/a><\/li><\/ul><\/li><li class=\"menu-item page_item page-item-52401\"><a href=\"https:\/\/new.cetris.cz\/en\/kontakty\/montazni-mista-filtr\/\"><span class=\"item-content\"><span class=\"menu-item-text\"><span class=\"menu-text\">Mont\u00e1\u017en\u00ed m\u00edsta<\/span><\/span><\/span><span class=\"\" data-icon = \"\"> <\/span><\/a><\/li><li class=\"menu-item page_item page-item-49167\"><a href=\"https:\/\/new.cetris.cz\/en\/kontakty\/prodejni-mista\/\"><span class=\"item-content\"><span class=\"menu-item-text\"><span class=\"menu-text\">Points of sale<\/span><\/span><\/span><span class=\"\" data-icon = \"\"> <\/span><\/a><\/li><\/ul><\/li><li class=\"menu-item page_item page-item-49149\"><a href=\"https:\/\/new.cetris.cz\/en\/napiste-si-o\/\"><span class=\"item-content\"><span class=\"menu-item-text\"><span class=\"menu-text\">Write about...<\/span><\/span><\/span><span class=\"\" data-icon = \"\"> <\/span><\/a><\/li><li class=\"menu-item page_item page-item-50829\"><a href=\"https:\/\/new.cetris.cz\/en\/novinky\/\"><span class=\"item-content\"><span class=\"menu-item-text\"><span class=\"menu-text\">News<\/span><\/span><\/span><span class=\"\" data-icon = \"\"> <\/span><\/a><\/li><li class=\"menu-item page_item page-item-51793\"><a href=\"https:\/\/new.cetris.cz\/en\/prodejni-mista-filtrace\/\"><span class=\"item-content\"><span class=\"menu-item-text\"><span class=\"menu-text\">Prodejn\u00ed m\u00edsta &#8211; filtrace<\/span><\/span><\/span><span class=\"\" data-icon = \"\"> <\/span><\/a><\/li><li class=\"menu-item page_item page-item-48299\"><a href=\"https:\/\/new.cetris.cz\/en\/produkt\/\"><span class=\"item-content\"><span class=\"menu-item-text\"><span class=\"menu-text\">Product 02<\/span><\/span><\/span><span class=\"\" data-icon = \"\"> <\/span><\/a><\/li><li class=\"menu-item page_item page-item-48359\"><a href=\"https:\/\/new.cetris.cz\/en\/produkt-page-mb\/\"><span class=\"item-content\"><span class=\"menu-item-text\"><span class=\"menu-text\">Product page MB<\/span><\/span><\/span><span class=\"\" data-icon = \"\"> <\/span><\/a><\/li><li class=\"menu-item page_item page-item-49973\"><a href=\"https:\/\/new.cetris.cz\/en\/vsechny-produkty\/\"><span class=\"item-content\"><span class=\"menu-item-text\"><span class=\"menu-text\">Products<\/span><\/span><\/span><span class=\"\" data-icon = \"\"> <\/span><\/a><\/li><li class=\"menu-item page_item page-item-49173\"><a href=\"https:\/\/new.cetris.cz\/en\/reference\/\"><span class=\"item-content\"><span class=\"menu-item-text\"><span class=\"menu-text\">References<\/span><\/span><\/span><span class=\"\" data-icon = \"\"> <\/span><\/a><\/li><li class=\"menu-item page_item page-item-2\"><a href=\"https:\/\/new.cetris.cz\/en\/sample-page\/\"><span class=\"item-content\"><span class=\"menu-item-text\"><span class=\"menu-text\">Sample Page<\/span><\/span><\/span><span class=\"\" data-icon = \"\"> <\/span><\/a><\/li><li class=\"menu-item page_item page-item-49155 page_item_has_children has-children\"><a href=\"https:\/\/new.cetris.cz\/en\/skoleni\/\"><span class=\"item-content\"><span class=\"menu-item-text\"><span class=\"menu-text\">Training courses<\/span><\/span><\/span><span class=\"\" data-icon = \"\"> <\/span><\/a><ul class=\"vertical-sub-nav\"><li class=\"menu-item page_item page-item-49163 first\"><a href=\"https:\/\/new.cetris.cz\/en\/skoleni\/o-nas\/\"><span class=\"item-content\"><span class=\"menu-item-text\"><span class=\"menu-text\">About us<\/span><\/span><\/span><span class=\"\" data-icon = \"\"> <\/span><\/a><\/li><li class=\"menu-item page_item page-item-49157\"><a href=\"https:\/\/new.cetris.cz\/en\/skoleni\/skoleni-architekti-projektanti-studenti\/\"><span class=\"item-content\"><span class=\"menu-item-text\"><span class=\"menu-text\">Training - Architects, designers, students<\/span><\/span><\/span><span class=\"\" data-icon = \"\"> <\/span><\/a><\/li><li class=\"menu-item page_item page-item-49159\"><a href=\"https:\/\/new.cetris.cz\/en\/skoleni\/skoleni-obchodni-firmy\/\"><span class=\"item-content\"><span class=\"menu-item-text\"><span class=\"menu-text\">Training - Business companies<\/span><\/span><\/span><span class=\"\" data-icon = \"\"> <\/span><\/a><\/li><li class=\"menu-item page_item page-item-49161\"><a href=\"https:\/\/new.cetris.cz\/en\/skoleni\/skoleni-stavebni-firmy\/\"><span class=\"item-content\"><span class=\"menu-item-text\"><span class=\"menu-text\">Training - Construction companies<\/span><\/span><\/span><span class=\"\" data-icon = \"\"> <\/span><\/a><\/li><li class=\"menu-item page_item page-item-49797\"><a href=\"https:\/\/new.cetris.cz\/en\/skoleni\/verejne-zakazky\/\"><span class=\"item-content\"><span class=\"menu-item-text\"><span class=\"menu-text\">Public procurement<\/span><\/span><\/span><span class=\"\" data-icon = \"\"> <\/span><\/a><\/li><\/ul><\/li><li class=\"menu-item page_item page-item-49141\"><a href=\"https:\/\/new.cetris.cz\/en\/sluzby-spojovani-a-povrchove-upravy\/\"><span class=\"item-content\"><span class=\"menu-item-text\"><span class=\"menu-text\">Services, joining and finishing<\/span><\/span><\/span><span class=\"\" data-icon = \"\"> <\/span><\/a><\/li><li class=\"menu-item page_item page-item-48991 page_item_has_children has-children\"><a href=\"https:\/\/new.cetris.cz\/en\/systemy\/\"><span class=\"item-content\"><span class=\"menu-item-text\"><span class=\"menu-text\">Systems<\/span><\/span><\/span><span class=\"\" data-icon = \"\"> <\/span><\/a><ul class=\"vertical-sub-nav\"><li class=\"menu-item page_item page-item-49274 first\"><a href=\"https:\/\/new.cetris.cz\/en\/systemy\/balkonove-aplikace\/\"><span class=\"item-content\"><span class=\"menu-item-text\"><span class=\"menu-text\">Balconies<\/span><\/span><\/span><span class=\"\" data-icon = \"\"> <\/span><\/a><\/li><li class=\"menu-item page_item page-item-49279\"><a href=\"https:\/\/new.cetris.cz\/en\/systemy\/ostatni-systemy\/\"><span class=\"item-content\"><span class=\"menu-item-text\"><span class=\"menu-text\">Road constructions<\/span><\/span><\/span><span class=\"\" data-icon = \"\"> <\/span><\/a><\/li><li class=\"menu-item page_item page-item-49029\"><a href=\"https:\/\/new.cetris.cz\/en\/systemy\/fasadni-systemy\/\"><span class=\"item-content\"><span class=\"menu-item-text\"><span class=\"menu-text\">Facades<\/span><\/span><\/span><span class=\"\" data-icon = \"\"> <\/span><\/a><\/li><li class=\"menu-item page_item page-item-49284\"><a href=\"https:\/\/new.cetris.cz\/en\/systemy\/vytahove-sachty\/\"><span class=\"item-content\"><span class=\"menu-item-text\"><span class=\"menu-text\">Elevator shaft cladding with CETRIS\u00ae boards<\/span><\/span><\/span><span class=\"\" data-icon = \"\"> <\/span><\/a><\/li><li class=\"menu-item page_item page-item-49269\"><a href=\"https:\/\/new.cetris.cz\/en\/systemy\/podhledy-a-sokly\/\"><span class=\"item-content\"><span class=\"menu-item-text\"><span class=\"menu-text\">Ceilings and plinths<\/span><\/span><\/span><span class=\"\" data-icon = \"\"> <\/span><\/a><\/li><li class=\"menu-item page_item page-item-49247\"><a href=\"https:\/\/new.cetris.cz\/en\/systemy\/podlahove-systemy\/\"><span class=\"item-content\"><span class=\"menu-item-text\"><span class=\"menu-text\">Floors<\/span><\/span><\/span><span class=\"\" data-icon = \"\"> <\/span><\/a><\/li><li class=\"menu-item page_item page-item-49264\"><a href=\"https:\/\/new.cetris.cz\/en\/systemy\/pozarni-systemy\/\"><span class=\"item-content\"><span class=\"menu-item-text\"><span class=\"menu-text\">Fire-resistant applications<\/span><\/span><\/span><span class=\"\" data-icon = \"\"> <\/span><\/a><\/li><li class=\"menu-item page_item page-item-49222\"><a href=\"https:\/\/new.cetris.cz\/en\/systemy\/stenove-systemy\/\"><span class=\"item-content\"><span class=\"menu-item-text\"><span class=\"menu-text\">Walls<\/span><\/span><\/span><span class=\"\" data-icon = \"\"> <\/span><\/a><\/li><li class=\"menu-item page_item page-item-49256\"><a href=\"https:\/\/new.cetris.cz\/en\/systemy\/stresni-systemy\/\"><span class=\"item-content\"><span class=\"menu-item-text\"><span class=\"menu-text\">Roofs<\/span><\/span><\/span><span class=\"\" data-icon = \"\"> <\/span><\/a><\/li><\/ul><\/li><li class=\"menu-item page_item page-item-49627 page_item_has_children has-children\"><a href=\"https:\/\/new.cetris.cz\/en\/videa\/\"><span class=\"item-content\"><span class=\"menu-item-text\"><span class=\"menu-text\">Videos<\/span><\/span><\/span><span class=\"\" data-icon = \"\"> <\/span><\/a><ul class=\"vertical-sub-nav\"><li class=\"menu-item page_item page-item-49632 first\"><a href=\"https:\/\/new.cetris.cz\/en\/videa\/videa-bim-object\/\"><span class=\"item-content\"><span class=\"menu-item-text\"><span class=\"menu-text\">Videos - BIM Object<\/span><\/span><\/span><span class=\"\" data-icon = \"\"> <\/span><\/a><\/li><li class=\"menu-item page_item page-item-49634\"><a href=\"https:\/\/new.cetris.cz\/en\/videa\/videa-montazni-videa\/\"><span class=\"item-content\"><span class=\"menu-item-text\"><span class=\"menu-text\">Videos - Installation videos<\/span><\/span><\/span><span class=\"\" data-icon = \"\"> <\/span><\/a><\/li><li class=\"menu-item page_item page-item-49636\"><a href=\"https:\/\/new.cetris.cz\/en\/videa\/videa-opracovani-desek\/\"><span class=\"item-content\"><span class=\"menu-item-text\"><span class=\"menu-text\">Videos - Plate machining<\/span><\/span><\/span><span class=\"\" data-icon = \"\"> <\/span><\/a><\/li><\/ul><\/li><li class=\"menu-item page_item page-item-49139\"><a href=\"https:\/\/new.cetris.cz\/en\/vlastnosti-desek-cetris\/\"><span class=\"item-content\"><span class=\"menu-item-text\"><span class=\"menu-text\">Properties of CETRIS boards<\/span><\/span><\/span><span class=\"\" data-icon = \"\"> <\/span><\/a><\/li><li class=\"menu-item page_item page-item-49799\"><a href=\"https:\/\/new.cetris.cz\/en\/vyzkum-a-vyvoj\/\"><span class=\"item-content\"><span class=\"menu-item-text\"><span class=\"menu-text\">Research and development<\/span><\/span><\/span><span class=\"\" data-icon = \"\"> <\/span><\/a><\/li><li class=\"menu-item page_item page-item-52685\"><a href=\"https:\/\/new.cetris.cz\/en\/vzornik-barev-ncs\/\"><span class=\"item-content\"><span class=\"menu-item-text\"><span class=\"menu-text\">Vzorn\u00edk barev NCS<\/span><\/span><\/span><span class=\"\" data-icon = \"\"> <\/span><\/a><\/li><li class=\"menu-item page_item page-item-52679\"><a href=\"https:\/\/new.cetris.cz\/en\/vzornik-barev-ral\/\"><span class=\"item-content\"><span class=\"menu-item-text\"><span class=\"menu-text\">Vzorn\u00edk barev RAL<\/span><\/span><\/span><span class=\"\" data-icon = \"\"> <\/span><\/a><\/li><li class=\"menu-item page_item page-item-49997\"><a href=\"https:\/\/new.cetris.cz\/en\/zasady-ochrany-osobnich-udaju\/\"><span class=\"item-content\"><span class=\"menu-item-text\"><span class=\"menu-text\">Privacy Policy<\/span><\/span><\/span><span class=\"\" data-icon = \"\"> <\/span><\/a><\/li><li class=\"menu-item page_item page-item-51736\"><a href=\"https:\/\/new.cetris.cz\/en\/\"><span class=\"item-content\"><span class=\"menu-item-text\"><span class=\"menu-text\">CETRIS homepage<\/span><\/span><\/span><span class=\"\" data-icon = \"\"> <\/span><\/a><\/li><li class=\"menu-item page_item page-item-51306\"><a href=\"https:\/\/new.cetris.cz\/en\/homepage-novy-slider\/\"><span class=\"item-content\"><span class=\"menu-item-text\"><span class=\"menu-text\">Homepage new slider<\/span><\/span><\/span><span class=\"\" data-icon = \"\"> <\/span><\/a><\/li><li class=\"menu-item page_item page-item-36483\"><a href=\"https:\/\/new.cetris.cz\/en\/home-03\/\"><span class=\"item-content\"><span class=\"menu-item-text\"><span class=\"menu-text\">Home: category banners<\/span><\/span><\/span><span class=\"\" data-icon = \"\"> <\/span><\/a><\/li><li class=\"menu-item page_item page-item-27131\"><a href=\"https:\/\/new.cetris.cz\/en\/produkty-stare\/\"><span class=\"item-content\"><span class=\"menu-item-text\"><span class=\"menu-text\">Products<\/span><\/span><\/span><span class=\"\" data-icon = \"\"> <\/span><\/a><\/li><li class=\"menu-item page_item page-item-33097\"><a href=\"https:\/\/new.cetris.cz\/en\/blog-1-col\/\"><span class=\"item-content\"><span class=\"menu-item-text\"><span class=\"menu-text\">News<\/span><\/span><\/span><span class=\"\" data-icon = \"\"> <\/span><\/a><\/li><li class=\"menu-item page_item page-item-33276\"><a href=\"https:\/\/new.cetris.cz\/en\/news-articles\/\"><span class=\"item-content\"><span class=\"menu-item-text\"><span class=\"menu-text\">News &amp; articles<\/span><\/span><\/span><span class=\"\" data-icon = \"\"> <\/span><\/a><\/li><li class=\"menu-item page_item page-item-45327\"><a href=\"https:\/\/new.cetris.cz\/en\/maintenance-page\/\"><span class=\"item-content\"><span class=\"menu-item-text\"><span class=\"menu-text\">Maintenance page<\/span><\/span><\/span><span class=\"\" data-icon = \"\"> <\/span><\/a><\/li><li class=\"menu-item page_item page-item-44160\"><a href=\"https:\/\/new.cetris.cz\/en\/info\/\"><span class=\"item-content\"><span class=\"menu-item-text\"><span class=\"menu-text\">Info<\/span><\/span><\/span><span class=\"\" data-icon = \"\"> <\/span><\/a><\/li><\/ul><\/nav>\t\t\t\t<\/div>\n\t\t\t\t<\/div>\n\t\t\t\t<\/div>\n\t\t<div class=\"elementor-element elementor-element-e2f4f97 e-con-full e-flex e-con e-child\" data-id=\"e2f4f97\" data-element_type=\"container\">\n\t\t\t\t<\/div>\n\t\t\t\t\t<\/div>\n\t\t\t\t<\/div>\n\t\t\t\t<\/div>","protected":false},"excerpt":{"rendered":"<p>Information &amp; training<\/p>","protected":false},"author":1,"featured_media":0,"parent":0,"menu_order":0,"comment_status":"closed","ping_status":"closed","template":"","meta":{"_acf_changed":false,"footnotes":""},"class_list":["post-49155","page","type-page","status-publish","hentry"],"acf":[],"_links":{"self":[{"href":"https:\/\/new.cetris.cz\/en\/wp-json\/wp\/v2\/pages\/49155","targetHints":{"allow":["GET"]}}],"collection":[{"href":"https:\/\/new.cetris.cz\/en\/wp-json\/wp\/v2\/pages"}],"about":[{"href":"https:\/\/new.cetris.cz\/en\/wp-json\/wp\/v2\/types\/page"}],"author":[{"embeddable":true,"href":"https:\/\/new.cetris.cz\/en\/wp-json\/wp\/v2\/users\/1"}],"replies":[{"embeddable":true,"href":"https:\/\/new.cetris.cz\/en\/wp-json\/wp\/v2\/comments?post=49155"}],"version-history":[{"count":8,"href":"https:\/\/new.cetris.cz\/en\/wp-json\/wp\/v2\/pages\/49155\/revisions"}],"predecessor-version":[{"id":50639,"href":"https:\/\/new.cetris.cz\/en\/wp-json\/wp\/v2\/pages\/49155\/revisions\/50639"}],"wp:attachment":[{"href":"https:\/\/new.cetris.cz\/en\/wp-json\/wp\/v2\/media?parent=49155"}],"curies":[{"name":"wp","href":"https:\/\/api.w.org\/{rel}","templated":true}]}}