{"id":48372,"date":"2024-09-29T20:59:04","date_gmt":"2024-09-29T20:59:04","guid":{"rendered":"https:\/\/new.cetris.cz\/?page_id=48372"},"modified":"2024-09-29T21:04:06","modified_gmt":"2024-09-29T21:04:06","slug":"html-mb","status":"publish","type":"page","link":"https:\/\/new.cetris.cz\/en\/html-mb\/","title":{"rendered":"html MB"},"content":{"rendered":"<div data-elementor-type=\"wp-page\" data-elementor-id=\"48372\" class=\"elementor elementor-48372\" data-elementor-post-type=\"page\">\n\t\t\t\t<div class=\"elementor-element elementor-element-978c871 e-con-full e-flex e-con e-parent\" data-id=\"978c871\" data-element_type=\"container\" data-settings=\"{&quot;background_background&quot;:&quot;slideshow&quot;,&quot;background_slideshow_gallery&quot;:[{&quot;id&quot;:48072,&quot;url&quot;:&quot;https:\\\/\\\/new.cetris.cz\\\/wp-content\\\/uploads\\\/2024\\\/09\\\/akustic.jpg&quot;},{&quot;id&quot;:48163,&quot;url&quot;:&quot;https:\\\/\\\/new.cetris.cz\\\/wp-content\\\/uploads\\\/2024\\\/09\\\/celkov7_pohled_800x533.jpg&quot;},{&quot;id&quot;:47930,&quot;url&quot;:&quot;https:\\\/\\\/new.cetris.cz\\\/wp-content\\\/uploads\\\/2023\\\/01\\\/akustic-finish.jpg&quot;},{&quot;id&quot;:48071,&quot;url&quot;:&quot;https:\\\/\\\/new.cetris.cz\\\/wp-content\\\/uploads\\\/2024\\\/09\\\/akustic-incol.jpg&quot;}],&quot;background_slideshow_slide_duration&quot;:1000,&quot;background_slideshow_loop&quot;:&quot;yes&quot;,&quot;background_slideshow_slide_transition&quot;:&quot;fade&quot;,&quot;background_slideshow_transition_duration&quot;:500}\">\n\t\t<div class=\"elementor-element elementor-element-f21e920 e-con-full e-flex e-con e-child\" data-id=\"f21e920\" data-element_type=\"container\">\n\t\t\t\t<div class=\"elementor-element elementor-element-b07909c elementor-widget elementor-widget-heading\" data-id=\"b07909c\" data-element_type=\"widget\" data-widget_type=\"heading.default\">\n\t\t\t\t<div class=\"elementor-widget-container\">\n\t\t\t\t\t<h2 class=\"elementor-heading-title elementor-size-default\">CETRIS\u00ae AKUSTIC<\/h2>\t\t\t\t<\/div>\n\t\t\t\t<\/div>\n\t\t\t\t<div class=\"elementor-element elementor-element-40869e4 elementor-widget elementor-widget-text-editor\" data-id=\"40869e4\" data-element_type=\"widget\" data-widget_type=\"text-editor.default\">\n\t\t\t\t<div class=\"elementor-widget-container\">\n\t\t\t\t\t\t\t\t\t<p>je cementot\u0159\u00edskov\u00e1 deska s p\u0159edvrtan\u00fdmi \/ vyfr\u00e9zovan\u00fdmi otvory a hladk\u00fdm cementov\u00fdm povrchem<\/p>\t\t\t\t\t\t\t\t<\/div>\n\t\t\t\t<\/div>\n\t\t\t\t<div class=\"elementor-element elementor-element-7437a3f elementor-widget elementor-widget-button\" data-id=\"7437a3f\" data-element_type=\"widget\" data-widget_type=\"button.default\">\n\t\t\t\t<div class=\"elementor-widget-container\">\n\t\t\t\t\t\t\t\t\t<div class=\"elementor-button-wrapper\">\n\t\t\t\t\t<a class=\"elementor-button elementor-button-link elementor-size-sm\" href=\"#\">\n\t\t\t\t\t\t<span class=\"elementor-button-content-wrapper\">\n\t\t\t\t\t\t<span class=\"elementor-button-icon\">\n\t\t\t\t<svg aria-hidden=\"true\" class=\"e-font-icon-svg e-fas-file-download\" viewbox=\"0 0 384 512\" xmlns=\"http:\/\/www.w3.org\/2000\/svg\"><path d=\"M224 136V0H24C10.7 0 0 10.7 0 24v464c0 13.3 10.7 24 24 24h336c13.3 0 24-10.7 24-24V160H248c-13.2 0-24-10.8-24-24zm76.45 211.36l-96.42 95.7c-6.65 6.61-17.39 6.61-24.04 0l-96.42-95.7C73.42 337.29 80.54 320 94.82 320H160v-80c0-8.84 7.16-16 16-16h32c8.84 0 16 7.16 16 16v80h65.18c14.28 0 21.4 17.29 11.27 27.36zM377 105L279.1 7c-4.5-4.5-10.6-7-17-7H256v128h128v-6.1c0-6.3-2.5-12.4-7-16.9z\"><\/path><\/svg>\t\t\t<\/span>\n\t\t\t\t\t\t\t\t\t<span class=\"elementor-button-text\">Technick\u00fd list<\/span>\n\t\t\t\t\t<\/span>\n\t\t\t\t\t<\/a>\n\t\t\t\t<\/div>\n\t\t\t\t\t\t\t\t<\/div>\n\t\t\t\t<\/div>\n\t\t\t\t<\/div>\n\t\t\t\t<div class=\"elementor-element elementor-element-6e94ce1 elementor-widget elementor-widget-text-editor\" data-id=\"6e94ce1\" data-element_type=\"widget\" data-widget_type=\"text-editor.default\">\n\t\t\t\t<div class=\"elementor-widget-container\">\n\t\t\t\t\t\t\t\t\t\n<p><\/p>\n\n\n\n<p><\/p>\n\t\t\t\t\t\t\t\t<\/div>\n\t\t\t\t<\/div>\n\t\t\t\t<\/div>\n\t\t<div class=\"elementor-element elementor-element-851338a e-flex e-con-boxed e-con e-parent\" data-id=\"851338a\" data-element_type=\"container\">\n\t\t\t\t\t<div class=\"e-con-inner\">\n\t\t<div class=\"elementor-element elementor-element-503be09 e-con-full e-flex e-con e-child\" data-id=\"503be09\" data-element_type=\"container\">\n\t\t<div class=\"elementor-element elementor-element-0051e6b e-con-full e-flex e-con e-child\" data-id=\"0051e6b\" data-element_type=\"container\">\n\t\t\t\t<div class=\"elementor-element elementor-element-5ffb1c5 elementor-widget elementor-widget-heading\" data-id=\"5ffb1c5\" data-element_type=\"widget\" data-widget_type=\"heading.default\">\n\t\t\t\t<div class=\"elementor-widget-container\">\n\t\t\t\t\t<h2 class=\"elementor-heading-title elementor-size-default\">CETRIS\u00ae AKUSTIC<\/h2>\t\t\t\t<\/div>\n\t\t\t\t<\/div>\n\t\t\t\t<div class=\"elementor-element elementor-element-a987159 elementor-widget elementor-widget-text-editor\" data-id=\"a987159\" data-element_type=\"widget\" data-widget_type=\"text-editor.default\">\n\t\t\t\t<div class=\"elementor-widget-container\">\n\t\t\t\t\t\t\t\t\t<div class=\"perex\">CETRIS<sup class=\"reg\">\u00ae<\/sup>\u00a0AKUSTIC je cementot\u0159\u00edskov\u00e1 deska s\u00a0p\u0159edvrtan\u00fdmi\u00a0\/\u00a0vyfr\u00e9zovan\u00fdmi otvory a hladk\u00fdm cementov\u00fdm povrchem.<\/div><p class=\"text-vetsi\">Cemento\u0159\u00edskov\u00e1 deska CETRIS<sup class=\"reg\">\u00ae<\/sup>\u00a0AKUSTIC je vyr\u00e1b\u011bna opracov\u00e1n\u00edm (vyvrt\u00e1n\u00edm pravideln\u00fdch otvor\u016f) z\u00e1kladn\u00edho typu desky CETRIS<sup class=\"reg\">\u00ae<\/sup>\u00a0BASIC.<\/p><p class=\"text-vetsi\">Touto \u00fapravou je mimo st\u00e1vaj\u00edc\u00edch vysok\u00fdch mechanick\u00fdch parametr\u016f dosa\u017eeno i zlep\u0161en\u00ed akustick\u00fdch vlastnost\u00ed. Jestli\u017ee pln\u00e1 \u2013 z\u00e1kladn\u00ed deska CETRIS<sup class=\"reg\">\u00ae<\/sup>\u00a0vynik\u00e1 p\u0159edev\u0161\u00edm vysokou hodnotou vzduchov\u00e9 nepr\u016fzvu\u010dnosti, vrtan\u00e1 deska slou\u017e\u00ed jako pohltiv\u00fd akustick\u00fd obklad.<\/p><p class=\"text-vetsi\">Ve srovn\u00e1n\u00ed s jin\u00fdmi akustick\u00fdmi obkladov\u00fdmi materi\u00e1ly je p\u0159i pou\u017eit\u00ed cementot\u0159\u00edskov\u00e9 desky CETRIS<sup class=\"reg\">\u00ae<\/sup>\u00a0AKUSTIC zaji\u0161t\u011bna odolnost proti mechanick\u00e9mu prora\u017een\u00ed a vlhkosti \u2013 to v\u0161e p\u0159i zachov\u00e1n\u00ed t\u0159\u00eddy reakce na ohe\u0148 A2 -s1,d0. Tyto parametry p\u0159edur\u010duj\u00ed pou\u017eit\u00ed tohoto nov\u00e9ho typu desky CETRIS<sup class=\"reg\">\u00ae<\/sup>\u00a0p\u0159edev\u0161\u00edm do sportovn\u00edch za\u0159\u00edzen\u00ed, prostor s prom\u011bnlivou teplotou a vlhkost\u00ed, objekt\u016f se specifick\u00fdmi po\u017eadavky.<\/p>\t\t\t\t\t\t\t\t<\/div>\n\t\t\t\t<\/div>\n\t\t\t\t<div class=\"elementor-element elementor-element-a7159f2 elementor-widget elementor-widget-spacer\" data-id=\"a7159f2\" data-element_type=\"widget\" data-widget_type=\"spacer.default\">\n\t\t\t\t<div class=\"elementor-widget-container\">\n\t\t\t\t\t\t\t<div class=\"elementor-spacer\">\n\t\t\t<div class=\"elementor-spacer-inner\"><\/div>\n\t\t<\/div>\n\t\t\t\t\t\t<\/div>\n\t\t\t\t<\/div>\n\t\t\t\t<div class=\"elementor-element elementor-element-485410d elementor-widget elementor-widget-heading\" data-id=\"485410d\" data-element_type=\"widget\" data-widget_type=\"heading.default\">\n\t\t\t\t<div class=\"elementor-widget-container\">\n\t\t\t\t\t<h3 class=\"elementor-heading-title elementor-size-default\">Technical specifications<\/h3>\t\t\t\t<\/div>\n\t\t\t\t<\/div>\n\t\t\t\t<div class=\"elementor-element elementor-element-d1eb0ee elementor-widget elementor-widget-text-editor\" data-id=\"d1eb0ee\" data-element_type=\"widget\" data-widget_type=\"text-editor.default\">\n\t\t\t\t<div class=\"elementor-widget-container\">\n\t\t\t\t\t\t\t\t\t<table class=\"technicke-spec\"><tbody><tr><th>Basic size:<\/th><td>1 250 \u00d7 625 mm<\/td><\/tr><tr><th>Board thickness:<\/th><td>8, 10 mm (by agreement 12, 14 mm)<\/td><\/tr><tr><th>Bulk density:<\/th><td>1 150 - 1 500 kg\/m<sup>3<\/sup><\/td><\/tr><tr><th>Area weight:<\/th><td>thickness 8 mm - 10 kg\/m<sup>2<\/sup>, thickness 10 mm - 12,5 kg\/m<sup>2<\/sup><\/td><\/tr><tr><th>Service:<\/th><td>drilled or milled holes (see picture)<\/td><\/tr><tr><th>Relief type:<\/th><td>smooth<\/td><\/tr><tr><th>Surface finish:<\/th><td>without surface finish<\/td><\/tr><\/tbody><\/table>\t\t\t\t\t\t\t\t<\/div>\n\t\t\t\t<\/div>\n\t\t\t\t<\/div>\n\t\t<div class=\"elementor-element elementor-element-d418e53 e-con-full e-flex e-con e-child\" data-id=\"d418e53\" data-element_type=\"container\">\n\t\t\t\t<div class=\"elementor-element elementor-element-94859fe elementor-widget elementor-widget-heading\" data-id=\"94859fe\" data-element_type=\"widget\" data-widget_type=\"heading.default\">\n\t\t\t\t<div class=\"elementor-widget-container\">\n\t\t\t\t\t<h3 class=\"elementor-heading-title elementor-size-default\">Suitable for systems:<\/h3>\t\t\t\t<\/div>\n\t\t\t\t<\/div>\n\t\t<div class=\"elementor-element elementor-element-abbb354 e-con-full e-flex e-con e-child\" data-id=\"abbb354\" data-element_type=\"container\">\n\t\t\t\t<div class=\"elementor-element elementor-element-43b4839 elementor-widget elementor-widget-button\" data-id=\"43b4839\" data-element_type=\"widget\" data-widget_type=\"button.default\">\n\t\t\t\t<div class=\"elementor-widget-container\">\n\t\t\t\t\t\t\t\t\t<div class=\"elementor-button-wrapper\">\n\t\t\t\t\t<a class=\"elementor-button elementor-button-link elementor-size-sm\" href=\"#\">\n\t\t\t\t\t\t<span class=\"elementor-button-content-wrapper\">\n\t\t\t\t\t\t<span class=\"elementor-button-icon\">\n\t\t\t\t<svg aria-hidden=\"true\" class=\"e-font-icon-svg e-fas-arrow-right\" viewbox=\"0 0 448 512\" xmlns=\"http:\/\/www.w3.org\/2000\/svg\"><path d=\"M190.5 66.9l22.2-22.2c9.4-9.4 24.6-9.4 33.9 0L441 239c9.4 9.4 9.4 24.6 0 33.9L246.6 467.3c-9.4 9.4-24.6 9.4-33.9 0l-22.2-22.2c-9.5-9.5-9.3-25 .4-34.3L311.4 296H24c-13.3 0-24-10.7-24-24v-32c0-13.3 10.7-24 24-24h287.4L190.9 101.2c-9.8-9.3-10-24.8-.4-34.3z\"><\/path><\/svg>\t\t\t<\/span>\n\t\t\t\t\t\t\t\t\t<span class=\"elementor-button-text\">Walls<\/span>\n\t\t\t\t\t<\/span>\n\t\t\t\t\t<\/a>\n\t\t\t\t<\/div>\n\t\t\t\t\t\t\t\t<\/div>\n\t\t\t\t<\/div>\n\t\t\t\t<div class=\"elementor-element elementor-element-03e9577 elementor-widget elementor-widget-button\" data-id=\"03e9577\" data-element_type=\"widget\" data-widget_type=\"button.default\">\n\t\t\t\t<div class=\"elementor-widget-container\">\n\t\t\t\t\t\t\t\t\t<div class=\"elementor-button-wrapper\">\n\t\t\t\t\t<a class=\"elementor-button elementor-button-link elementor-size-sm\" href=\"#\">\n\t\t\t\t\t\t<span class=\"elementor-button-content-wrapper\">\n\t\t\t\t\t\t<span class=\"elementor-button-icon\">\n\t\t\t\t<svg aria-hidden=\"true\" class=\"e-font-icon-svg e-fas-arrow-right\" viewbox=\"0 0 448 512\" xmlns=\"http:\/\/www.w3.org\/2000\/svg\"><path d=\"M190.5 66.9l22.2-22.2c9.4-9.4 24.6-9.4 33.9 0L441 239c9.4 9.4 9.4 24.6 0 33.9L246.6 467.3c-9.4 9.4-24.6 9.4-33.9 0l-22.2-22.2c-9.5-9.5-9.3-25 .4-34.3L311.4 296H24c-13.3 0-24-10.7-24-24v-32c0-13.3 10.7-24 24-24h287.4L190.9 101.2c-9.8-9.3-10-24.8-.4-34.3z\"><\/path><\/svg>\t\t\t<\/span>\n\t\t\t\t\t\t\t\t\t<span class=\"elementor-button-text\">Ceilings and plinths<\/span>\n\t\t\t\t\t<\/span>\n\t\t\t\t\t<\/a>\n\t\t\t\t<\/div>\n\t\t\t\t\t\t\t\t<\/div>\n\t\t\t\t<\/div>\n\t\t\t\t<\/div>\n\t\t\t\t<div class=\"elementor-element elementor-element-0953fa8 elementor-widget elementor-widget-spacer\" data-id=\"0953fa8\" data-element_type=\"widget\" data-widget_type=\"spacer.default\">\n\t\t\t\t<div class=\"elementor-widget-container\">\n\t\t\t\t\t\t\t<div class=\"elementor-spacer\">\n\t\t\t<div class=\"elementor-spacer-inner\"><\/div>\n\t\t<\/div>\n\t\t\t\t\t\t<\/div>\n\t\t\t\t<\/div>\n\t\t\t\t<div class=\"elementor-element elementor-element-3bbe907 elementor-widget elementor-widget-image\" data-id=\"3bbe907\" data-element_type=\"widget\" data-widget_type=\"image.default\">\n\t\t\t\t<div class=\"elementor-widget-container\">\n\t\t\t\t\t\t\t\t\t\t\t\t\t\t\t<img fetchpriority=\"high\" decoding=\"async\" width=\"490\" height=\"581\" src=\"https:\/\/new.cetris.cz\/wp-content\/uploads\/2024\/09\/akustic_490x581.png\" class=\"attachment-large size-large wp-image-48339\" alt=\"\" srcset=\"https:\/\/new.cetris.cz\/wp-content\/uploads\/2024\/09\/akustic_490x581.png 490w, https:\/\/new.cetris.cz\/wp-content\/uploads\/2024\/09\/akustic_490x581-253x300.png 253w\" sizes=\"(max-width: 490px) 100vw, 490px\" \/>\t\t\t\t\t\t\t\t\t\t\t\t\t\t\t<\/div>\n\t\t\t\t<\/div>\n\t\t\t\t<\/div>\n\t\t\t\t<\/div>\n\t\t\t\t\t<\/div>\n\t\t\t\t<\/div>\n\t\t\t\t<\/div>","protected":false},"excerpt":{"rendered":"<p>CETRIS\u00ae AKUSTIC je cementot\u0159\u00edskov\u00e1 deska s p\u0159edvrtan\u00fdmi \/ vyfr\u00e9zovan\u00fdmi otvory a hladk\u00fdm cementov\u00fdm povrchem Technick\u00fd list CETRIS\u00ae AKUSTIC CETRIS\u00ae\u00a0AKUSTIC je cementot\u0159\u00edskov\u00e1 deska s\u00a0p\u0159edvrtan\u00fdmi\u00a0\/\u00a0vyfr\u00e9zovan\u00fdmi otvory a hladk\u00fdm cementov\u00fdm povrchem. Cemento\u0159\u00edskov\u00e1 deska CETRIS\u00ae\u00a0AKUSTIC je vyr\u00e1b\u011bna opracov\u00e1n\u00edm (vyvrt\u00e1n\u00edm pravideln\u00fdch otvor\u016f) z\u00e1kladn\u00edho typu desky CETRIS\u00ae\u00a0BASIC. Touto \u00fapravou je mimo st\u00e1vaj\u00edc\u00edch vysok\u00fdch mechanick\u00fdch parametr\u016f dosa\u017eeno i zlep\u0161en\u00ed akustick\u00fdch vlastnost\u00ed. Jestli\u017ee&hellip;<\/p>","protected":false},"author":1,"featured_media":0,"parent":0,"menu_order":0,"comment_status":"closed","ping_status":"closed","template":"","meta":{"_acf_changed":false,"footnotes":""},"class_list":["post-48372","page","type-page","status-publish","hentry"],"acf":[],"_links":{"self":[{"href":"https:\/\/new.cetris.cz\/en\/wp-json\/wp\/v2\/pages\/48372","targetHints":{"allow":["GET"]}}],"collection":[{"href":"https:\/\/new.cetris.cz\/en\/wp-json\/wp\/v2\/pages"}],"about":[{"href":"https:\/\/new.cetris.cz\/en\/wp-json\/wp\/v2\/types\/page"}],"author":[{"embeddable":true,"href":"https:\/\/new.cetris.cz\/en\/wp-json\/wp\/v2\/users\/1"}],"replies":[{"embeddable":true,"href":"https:\/\/new.cetris.cz\/en\/wp-json\/wp\/v2\/comments?post=48372"}],"version-history":[{"count":8,"href":"https:\/\/new.cetris.cz\/en\/wp-json\/wp\/v2\/pages\/48372\/revisions"}],"predecessor-version":[{"id":49462,"href":"https:\/\/new.cetris.cz\/en\/wp-json\/wp\/v2\/pages\/48372\/revisions\/49462"}],"wp:attachment":[{"href":"https:\/\/new.cetris.cz\/en\/wp-json\/wp\/v2\/media?parent=48372"}],"curies":[{"name":"wp","href":"https:\/\/api.w.org\/{rel}","templated":true}]}}