{"id":51080,"date":"2025-07-04T11:10:32","date_gmt":"2025-07-04T09:10:32","guid":{"rendered":"https:\/\/new.cetris.cz\/?page_id=51080"},"modified":"2025-08-31T15:23:18","modified_gmt":"2025-08-31T13:23:18","slug":"montazni-firmy-slovensko","status":"publish","type":"page","link":"https:\/\/new.cetris.cz\/de\/kontakty\/montazni-firmy\/montazni-firmy-slovensko\/","title":{"rendered":"Mont\u00e1\u017en\u00ed firmy &#8211; Slovensko"},"content":{"rendered":"<div data-elementor-type=\"wp-page\" data-elementor-id=\"51080\" class=\"elementor elementor-51080\" data-elementor-post-type=\"page\">\n\t\t\t\t<div class=\"elementor-element elementor-element-a7ca50b e-flex e-con-boxed e-con e-parent\" data-id=\"a7ca50b\" data-element_type=\"container\">\n\t\t\t\t\t<div class=\"e-con-inner\">\n\t\t\t\t<div class=\"elementor-element elementor-element-5452263 elementor-widget elementor-widget-heading\" data-id=\"5452263\" data-element_type=\"widget\" data-widget_type=\"heading.default\">\n\t\t\t\t<div class=\"elementor-widget-container\">\n\t\t\t\t\t<h2 class=\"elementor-heading-title elementor-size-default\">Mont\u00e1\u017en\u00ed firmy - Slovensko<\/h2>\t\t\t\t<\/div>\n\t\t\t\t<\/div>\n\t\t\t\t\t<\/div>\n\t\t\t\t<\/div>\n\t\t<div class=\"elementor-element elementor-element-af9ad42 e-flex e-con-boxed e-con e-parent\" data-id=\"af9ad42\" data-element_type=\"container\">\n\t\t\t\t\t<div class=\"e-con-inner\">\n\t\t\t\t<div class=\"elementor-element elementor-element-6a25d57 elementor-widget elementor-widget-text-editor\" data-id=\"6a25d57\" data-element_type=\"widget\" data-widget_type=\"text-editor.default\">\n\t\t\t\t<div class=\"elementor-widget-container\">\n\t\t\t\t\t\t\t\t\t<div class=\"row\"><div class=\"col-md-12\"><h4>Brandschutzanwendungen<\/h4><p class=\"bold\"><strong>Firmy \u0161kolen\u00e9 v roce 2025<\/strong><\/p><\/div><\/div>\t\t\t\t\t\t\t\t<\/div>\n\t\t\t\t<\/div>\n\t\t\t\t\t<\/div>\n\t\t\t\t<\/div>\n\t\t<div class=\"elementor-element elementor-element-7c8972a e-grid e-con-boxed e-con e-parent\" data-id=\"7c8972a\" data-element_type=\"container\">\n\t\t\t\t\t<div class=\"e-con-inner\">\n\t\t\t\t<div class=\"elementor-element elementor-element-5384366 elementor-widget elementor-widget-text-editor\" data-id=\"5384366\" data-element_type=\"widget\" data-widget_type=\"text-editor.default\">\n\t\t\t\t<div class=\"elementor-widget-container\">\n\t\t\t\t\t\t\t\t\t<p><strong>FINAL BA, s.r.o.<\/strong><\/p><p>Est\u00f3nska 3\/A, 821 06 Bratislava<\/p><p>Telefon: +421 905 969 214<\/p><p>Email: doktor@final.sk<\/p>\t\t\t\t\t\t\t\t<\/div>\n\t\t\t\t<\/div>\n\t\t\t\t<div class=\"elementor-element elementor-element-2cc64b8 elementor-widget elementor-widget-text-editor\" data-id=\"2cc64b8\" data-element_type=\"widget\" data-widget_type=\"text-editor.default\">\n\t\t\t\t<div class=\"elementor-widget-container\">\n\t\t\t\t\t\t\t\t\t<p><strong>TURAY PLUS, s.r.o.<\/strong><\/p><p>R\u016f\u017eov\u00e1 531\/4, 900 89 \u010cast\u00e1<\/p><p>Telefon: +421 902 635 262<\/p><p>Email: plus@stavebninycasta.sk<\/p>\t\t\t\t\t\t\t\t<\/div>\n\t\t\t\t<\/div>\n\t\t\t\t\t<\/div>\n\t\t\t\t<\/div>\n\t\t<div class=\"elementor-element elementor-element-d71a933 e-flex e-con-boxed e-con e-parent\" data-id=\"d71a933\" data-element_type=\"container\">\n\t\t\t\t\t<div class=\"e-con-inner\">\n\t\t\t\t<div class=\"elementor-element elementor-element-7c509aa elementor-widget elementor-widget-text-editor\" data-id=\"7c509aa\" data-element_type=\"widget\" data-widget_type=\"text-editor.default\">\n\t\t\t\t<div class=\"elementor-widget-container\">\n\t\t\t\t\t\t\t\t\t<div class=\"row\"><div class=\"col-md-12\"><p class=\"bold\"><strong>Firmy \u0161kolen\u00e9 v roce 2023<\/strong><\/p><\/div><\/div>\t\t\t\t\t\t\t\t<\/div>\n\t\t\t\t<\/div>\n\t\t\t\t\t<\/div>\n\t\t\t\t<\/div>\n\t\t<div class=\"elementor-element elementor-element-d1e1ff4 e-grid e-con-boxed e-con e-parent\" data-id=\"d1e1ff4\" data-element_type=\"container\">\n\t\t\t\t\t<div class=\"e-con-inner\">\n\t\t\t\t<div class=\"elementor-element elementor-element-db0a498 elementor-widget elementor-widget-text-editor\" data-id=\"db0a498\" data-element_type=\"widget\" data-widget_type=\"text-editor.default\">\n\t\t\t\t<div class=\"elementor-widget-container\">\n\t\t\t\t\t\t\t\t\t<p><strong>\u010cECH, s.r.o.<\/strong><\/p><p>K Surdoku 9, 080 01 Pre\u0161ov<\/p><p>Telefon: +421 915 969 639<\/p><p>Email: info@cechsro.sk<\/p>\t\t\t\t\t\t\t\t<\/div>\n\t\t\t\t<\/div>\n\t\t\t\t<div class=\"elementor-element elementor-element-6b7e09a elementor-widget elementor-widget-text-editor\" data-id=\"6b7e09a\" data-element_type=\"widget\" data-widget_type=\"text-editor.default\">\n\t\t\t\t<div class=\"elementor-widget-container\">\n\t\t\t\t\t\t\t\t\t<p><strong>JZ-STYL, s.r.o.<\/strong><\/p><p>Jablo\u0148ov\u00e1 31, 082 56 Pe\u010dovsk\u00e1 Nov\u00e1 Ves<\/p><p>Telefon: +421 905 033 523<\/p><p>Email: jz.styl@gmail.com<\/p>\t\t\t\t\t\t\t\t<\/div>\n\t\t\t\t<\/div>\n\t\t\t\t\t<\/div>\n\t\t\t\t<\/div>\n\t\t<div class=\"elementor-element elementor-element-34248e1 e-flex e-con-boxed e-con e-parent\" data-id=\"34248e1\" data-element_type=\"container\">\n\t\t\t\t\t<div class=\"e-con-inner\">\n\t\t\t\t<div class=\"elementor-element elementor-element-6c79562 elementor-widget elementor-widget-text-editor\" data-id=\"6c79562\" data-element_type=\"widget\" data-widget_type=\"text-editor.default\">\n\t\t\t\t<div class=\"elementor-widget-container\">\n\t\t\t\t\t\t\t\t\t<div class=\"row\"><div class=\"col-md-12\"><p class=\"bold\"><strong>Firmy \u0161kolen\u00e9 v roce 2022<\/strong><\/p><\/div><\/div>\t\t\t\t\t\t\t\t<\/div>\n\t\t\t\t<\/div>\n\t\t\t\t\t<\/div>\n\t\t\t\t<\/div>\n\t\t<div class=\"elementor-element elementor-element-3246d37 e-grid e-con-boxed e-con e-parent\" data-id=\"3246d37\" data-element_type=\"container\">\n\t\t\t\t\t<div class=\"e-con-inner\">\n\t\t\t\t<div class=\"elementor-element elementor-element-6a996f4 elementor-widget elementor-widget-text-editor\" data-id=\"6a996f4\" data-element_type=\"widget\" data-widget_type=\"text-editor.default\">\n\t\t\t\t<div class=\"elementor-widget-container\">\n\t\t\t\t\t\t\t\t\t<p><strong>Desa\u0165, s.r.o.<\/strong><\/p><p>Z\u00e1hradn\u00e1 543\/19, 059 52 Ve\u013ek\u00e1 Lomnica<\/p><p>Telefon: 0421 903 575 153<\/p><p>Email: duchnicky@desat.sk<\/p>\t\t\t\t\t\t\t\t<\/div>\n\t\t\t\t<\/div>\n\t\t\t\t\t<\/div>\n\t\t\t\t<\/div>\n\t\t\t\t<\/div>","protected":false},"excerpt":{"rendered":"<p>Mont\u00e1\u017en\u00ed firmy &#8211; Slovensko Po\u017e\u00e1rn\u00ed aplikace Firmy \u0161kolen\u00e9 v roce 2025 FINAL BA, s.r.o. Est\u00f3nska 3\/A, 821 06 Bratislava Telefon: +421 905 969 214 Email: doktor@final.sk TURAY PLUS, s.r.o. R\u016f\u017eov\u00e1 531\/4, 900 89 \u010cast\u00e1 Telefon: +421 902 635 262 Email: plus@stavebninycasta.sk Firmy \u0161kolen\u00e9 v roce 2023 \u010cECH, s.r.o. K Surdoku 9, 080 01 Pre\u0161ov Telefon:&hellip;<\/p>","protected":false},"author":1,"featured_media":0,"parent":49169,"menu_order":0,"comment_status":"closed","ping_status":"closed","template":"","meta":{"_acf_changed":false,"footnotes":""},"class_list":["post-51080","page","type-page","status-publish","hentry"],"acf":[],"_links":{"self":[{"href":"https:\/\/new.cetris.cz\/de\/wp-json\/wp\/v2\/pages\/51080","targetHints":{"allow":["GET"]}}],"collection":[{"href":"https:\/\/new.cetris.cz\/de\/wp-json\/wp\/v2\/pages"}],"about":[{"href":"https:\/\/new.cetris.cz\/de\/wp-json\/wp\/v2\/types\/page"}],"author":[{"embeddable":true,"href":"https:\/\/new.cetris.cz\/de\/wp-json\/wp\/v2\/users\/1"}],"replies":[{"embeddable":true,"href":"https:\/\/new.cetris.cz\/de\/wp-json\/wp\/v2\/comments?post=51080"}],"version-history":[{"count":11,"href":"https:\/\/new.cetris.cz\/de\/wp-json\/wp\/v2\/pages\/51080\/revisions"}],"predecessor-version":[{"id":51867,"href":"https:\/\/new.cetris.cz\/de\/wp-json\/wp\/v2\/pages\/51080\/revisions\/51867"}],"up":[{"embeddable":true,"href":"https:\/\/new.cetris.cz\/de\/wp-json\/wp\/v2\/pages\/49169"}],"wp:attachment":[{"href":"https:\/\/new.cetris.cz\/de\/wp-json\/wp\/v2\/media?parent=51080"}],"curies":[{"name":"wp","href":"https:\/\/api.w.org\/{rel}","templated":true}]}}