{"id":49184,"date":"2025-03-11T13:21:34","date_gmt":"2025-03-11T12:21:34","guid":{"rendered":"https:\/\/new.cetris.cz\/?page_id=49184"},"modified":"2025-10-06T11:12:46","modified_gmt":"2025-10-06T09:12:46","slug":"certifikace","status":"publish","type":"page","link":"https:\/\/new.cetris.cz\/de\/certifikace\/","title":{"rendered":"Zertifikate"},"content":{"rendered":"<div data-elementor-type=\"wp-page\" data-elementor-id=\"49184\" class=\"elementor elementor-49184\" data-elementor-post-type=\"page\">\n\t\t\t\t<div class=\"elementor-element elementor-element-37e9184 e-flex e-con-boxed e-con e-parent\" data-id=\"37e9184\" data-element_type=\"container\">\n\t\t\t\t\t<div class=\"e-con-inner\">\n\t\t\t\t<div class=\"elementor-element elementor-element-223fe2a elementor-widget elementor-widget-text-editor\" data-id=\"223fe2a\" data-element_type=\"widget\" data-widget_type=\"text-editor.default\">\n\t\t\t\t<div class=\"elementor-widget-container\">\n\t\t\t\t\t\t\t\t\t<p>Velkou a neust\u00e1lou pozornost v\u011bnujeme kvalit\u011b vyr\u00e1b\u011bn\u00fdch v\u00fdrobk\u016f. Ji\u017e v roce 1996 jsme z\u00edskali certifik\u00e1t jakosti dle EN ISO 9002 od mezin\u00e1rodn\u00ed akreditovan\u00e9 certifika\u010dn\u00ed spole\u010dnost\u00ed Lloyd\u015b Register Quality Assurance.<\/p><p>Po vyd\u00e1n\u00ed nov\u00e9 normy byl tento syst\u00e9m v roce 2003 recertifikov\u00e1n dle ISO 9001.<\/p><p class=\" translation-block\">V\u00fdroba cementot\u0159\u00edskov\u00fdch desek CETRIS<sup class=\"reg\">\u00ae<\/sup> je d\u00e1le dozorov\u00e1na autorizovan\u00fdmi a notifikovan\u00fdmi osobami. Jeliko\u017e spole\u010dnost vyv\u00e1\u017e\u00ed sv\u00e9 v\u00fdrobky po cel\u00e9 Evrop\u011b, jsou cementot\u0159\u00edskov\u00e9 desky certifikov\u00e1ny nejen dle evropsk\u00fdch harmonizovan\u00fdch norem, ale i dle norem n\u00e1rodn\u00edch.<\/p>\t\t\t\t\t\t\t\t<\/div>\n\t\t\t\t<\/div>\n\t\t\t\t<div class=\"elementor-element elementor-element-c64b582 elementor-widget elementor-widget-heading\" data-id=\"c64b582\" data-element_type=\"widget\" data-widget_type=\"heading.default\">\n\t\t\t\t<div class=\"elementor-widget-container\">\n\t\t\t\t\t<h2 class=\"elementor-heading-title elementor-size-default\">Zertifikate<\/h2>\t\t\t\t<\/div>\n\t\t\t\t<\/div>\n\t\t<div class=\"elementor-element elementor-element-38b1fd0 e-grid e-con-full e-con e-child\" data-id=\"38b1fd0\" data-element_type=\"container\">\n\t\t\t\t<div class=\"elementor-element elementor-element-35fc669 elementor-position-top elementor-widget elementor-widget-image-box\" data-id=\"35fc669\" data-element_type=\"widget\" data-widget_type=\"image-box.default\">\n\t\t\t\t<div class=\"elementor-widget-container\">\n\t\t\t\t\t<div class=\"elementor-image-box-wrapper\"><figure class=\"elementor-image-box-img\"><a href=\"https:\/\/new.cetris.cz\/wp-content\/uploads\/2025\/04\/597_certifik_t-osv_d_en__o_shod____zen__v_roby.pdf\" tabindex=\"-1\"><img fetchpriority=\"high\" decoding=\"async\" width=\"866\" height=\"1230\" src=\"https:\/\/new.cetris.cz\/wp-content\/uploads\/2025\/07\/Screenshot-2025-07-30-at-20.22.52.png\" class=\"attachment-full size-full wp-image-51603\" alt=\"\" srcset=\"https:\/\/new.cetris.cz\/wp-content\/uploads\/2025\/07\/Screenshot-2025-07-30-at-20.22.52.png 866w, https:\/\/new.cetris.cz\/wp-content\/uploads\/2025\/07\/Screenshot-2025-07-30-at-20.22.52-211x300.png 211w, https:\/\/new.cetris.cz\/wp-content\/uploads\/2025\/07\/Screenshot-2025-07-30-at-20.22.52-721x1024.png 721w, https:\/\/new.cetris.cz\/wp-content\/uploads\/2025\/07\/Screenshot-2025-07-30-at-20.22.52-768x1091.png 768w, https:\/\/new.cetris.cz\/wp-content\/uploads\/2025\/07\/Screenshot-2025-07-30-at-20.22.52-8x12.png 8w\" sizes=\"(max-width: 866px) 100vw, 866px\" \/><\/a><\/figure><div class=\"elementor-image-box-content\"><h6 class=\"elementor-image-box-title\"><a href=\"https:\/\/new.cetris.cz\/wp-content\/uploads\/2025\/04\/597_certifik_t-osv_d_en__o_shod____zen__v_roby.pdf\">Osv\u011bd\u010den\u00ed o shod\u011b \u0159\u00edzen\u00ed v\u00fdroby<\/a><\/h6><\/div><\/div>\t\t\t\t<\/div>\n\t\t\t\t<\/div>\n\t\t\t\t<div class=\"elementor-element elementor-element-7f2a816 elementor-position-top elementor-widget elementor-widget-image-box\" data-id=\"7f2a816\" data-element_type=\"widget\" data-widget_type=\"image-box.default\">\n\t\t\t\t<div class=\"elementor-widget-container\">\n\t\t\t\t\t<div class=\"elementor-image-box-wrapper\"><figure class=\"elementor-image-box-img\"><a href=\"https:\/\/new.cetris.cz\/wp-content\/uploads\/2025\/04\/655_osvedceni-ce-cz.pdf\" tabindex=\"-1\"><img decoding=\"async\" width=\"938\" height=\"1324\" src=\"https:\/\/new.cetris.cz\/wp-content\/uploads\/2025\/07\/Screenshot-2025-07-30-at-20.23.26.png\" class=\"attachment-full size-full wp-image-51602\" alt=\"\" srcset=\"https:\/\/new.cetris.cz\/wp-content\/uploads\/2025\/07\/Screenshot-2025-07-30-at-20.23.26.png 938w, https:\/\/new.cetris.cz\/wp-content\/uploads\/2025\/07\/Screenshot-2025-07-30-at-20.23.26-213x300.png 213w, https:\/\/new.cetris.cz\/wp-content\/uploads\/2025\/07\/Screenshot-2025-07-30-at-20.23.26-725x1024.png 725w, https:\/\/new.cetris.cz\/wp-content\/uploads\/2025\/07\/Screenshot-2025-07-30-at-20.23.26-768x1084.png 768w, https:\/\/new.cetris.cz\/wp-content\/uploads\/2025\/07\/Screenshot-2025-07-30-at-20.23.26-9x12.png 9w\" sizes=\"(max-width: 938px) 100vw, 938px\" \/><\/a><\/figure><div class=\"elementor-image-box-content\"><h6 class=\"elementor-image-box-title\"><a href=\"https:\/\/new.cetris.cz\/wp-content\/uploads\/2025\/04\/655_osvedceni-ce-cz.pdf\">Osv\u011bd\u010den\u00ed o st\u00e1losti vlastnost\u00ed<\/a><\/h6><\/div><\/div>\t\t\t\t<\/div>\n\t\t\t\t<\/div>\n\t\t\t\t<div class=\"elementor-element elementor-element-36f7cbc elementor-position-top elementor-widget elementor-widget-image-box\" data-id=\"36f7cbc\" data-element_type=\"widget\" data-widget_type=\"image-box.default\">\n\t\t\t\t<div class=\"elementor-widget-container\">\n\t\t\t\t\t<div class=\"elementor-image-box-wrapper\"><figure class=\"elementor-image-box-img\"><a href=\"https:\/\/new.cetris.cz\/wp-content\/uploads\/2025\/04\/734_sdev-258-ce22040507170.pdf\" tabindex=\"-1\"><img decoding=\"async\" width=\"934\" height=\"1318\" src=\"https:\/\/new.cetris.cz\/wp-content\/uploads\/2025\/07\/Screenshot-2025-07-30-at-20.23.46.png\" class=\"attachment-full size-full wp-image-51601\" alt=\"\" srcset=\"https:\/\/new.cetris.cz\/wp-content\/uploads\/2025\/07\/Screenshot-2025-07-30-at-20.23.46.png 934w, https:\/\/new.cetris.cz\/wp-content\/uploads\/2025\/07\/Screenshot-2025-07-30-at-20.23.46-213x300.png 213w, https:\/\/new.cetris.cz\/wp-content\/uploads\/2025\/07\/Screenshot-2025-07-30-at-20.23.46-726x1024.png 726w, https:\/\/new.cetris.cz\/wp-content\/uploads\/2025\/07\/Screenshot-2025-07-30-at-20.23.46-768x1084.png 768w, https:\/\/new.cetris.cz\/wp-content\/uploads\/2025\/07\/Screenshot-2025-07-30-at-20.23.46-9x12.png 9w\" sizes=\"(max-width: 934px) 100vw, 934px\" \/><\/a><\/figure><div class=\"elementor-image-box-content\"><h6 class=\"elementor-image-box-title\"><a href=\"https:\/\/new.cetris.cz\/wp-content\/uploads\/2025\/04\/734_sdev-258-ce22040507170.pdf\">Z\u00e1vazek spole\u010dnosti k syst\u00e9mu PEFC CoC<\/a><\/h6><\/div><\/div>\t\t\t\t<\/div>\n\t\t\t\t<\/div>\n\t\t\t\t<div class=\"elementor-element elementor-element-2d352dd elementor-position-top elementor-widget elementor-widget-image-box\" data-id=\"2d352dd\" data-element_type=\"widget\" data-widget_type=\"image-box.default\">\n\t\t\t\t<div class=\"elementor-widget-container\">\n\t\t\t\t\t<div class=\"elementor-image-box-wrapper\"><figure class=\"elementor-image-box-img\"><a href=\"https:\/\/new.cetris.cz\/wp-content\/uploads\/2025\/04\/741_pefc-2022-aj.pdf\" tabindex=\"-1\"><img loading=\"lazy\" decoding=\"async\" width=\"864\" height=\"1226\" src=\"https:\/\/new.cetris.cz\/wp-content\/uploads\/2025\/07\/Screenshot-2025-07-30-at-20.24.07.png\" class=\"attachment-full size-full wp-image-51600\" alt=\"\" srcset=\"https:\/\/new.cetris.cz\/wp-content\/uploads\/2025\/07\/Screenshot-2025-07-30-at-20.24.07.png 864w, https:\/\/new.cetris.cz\/wp-content\/uploads\/2025\/07\/Screenshot-2025-07-30-at-20.24.07-211x300.png 211w, https:\/\/new.cetris.cz\/wp-content\/uploads\/2025\/07\/Screenshot-2025-07-30-at-20.24.07-722x1024.png 722w, https:\/\/new.cetris.cz\/wp-content\/uploads\/2025\/07\/Screenshot-2025-07-30-at-20.24.07-768x1090.png 768w, https:\/\/new.cetris.cz\/wp-content\/uploads\/2025\/07\/Screenshot-2025-07-30-at-20.24.07-8x12.png 8w\" sizes=\"(max-width: 864px) 100vw, 864px\" \/><\/a><\/figure><div class=\"elementor-image-box-content\"><h6 class=\"elementor-image-box-title\"><a href=\"https:\/\/new.cetris.cz\/wp-content\/uploads\/2025\/04\/741_pefc-2022-aj.pdf\">Certifik\u00e1t PEFC<\/a><\/h6><\/div><\/div>\t\t\t\t<\/div>\n\t\t\t\t<\/div>\n\t\t\t\t<div class=\"elementor-element elementor-element-4074ac9 elementor-position-top elementor-widget elementor-widget-image-box\" data-id=\"4074ac9\" data-element_type=\"widget\" data-widget_type=\"image-box.default\">\n\t\t\t\t<div class=\"elementor-widget-container\">\n\t\t\t\t\t<div class=\"elementor-image-box-wrapper\"><figure class=\"elementor-image-box-img\"><a href=\"https:\/\/new.cetris.cz\/wp-content\/uploads\/2025\/04\/814_certifikat-iso-cz.pdf\" tabindex=\"-1\"><img loading=\"lazy\" decoding=\"async\" width=\"870\" height=\"1234\" src=\"https:\/\/new.cetris.cz\/wp-content\/uploads\/2025\/07\/Screenshot-2025-07-30-at-20.24.34.png\" class=\"attachment-full size-full wp-image-51599\" alt=\"\" srcset=\"https:\/\/new.cetris.cz\/wp-content\/uploads\/2025\/07\/Screenshot-2025-07-30-at-20.24.34.png 870w, https:\/\/new.cetris.cz\/wp-content\/uploads\/2025\/07\/Screenshot-2025-07-30-at-20.24.34-212x300.png 212w, https:\/\/new.cetris.cz\/wp-content\/uploads\/2025\/07\/Screenshot-2025-07-30-at-20.24.34-722x1024.png 722w, https:\/\/new.cetris.cz\/wp-content\/uploads\/2025\/07\/Screenshot-2025-07-30-at-20.24.34-768x1089.png 768w, https:\/\/new.cetris.cz\/wp-content\/uploads\/2025\/07\/Screenshot-2025-07-30-at-20.24.34-8x12.png 8w\" sizes=\"(max-width: 870px) 100vw, 870px\" \/><\/a><\/figure><div class=\"elementor-image-box-content\"><h6 class=\"elementor-image-box-title\"><a href=\"https:\/\/new.cetris.cz\/wp-content\/uploads\/2025\/04\/814_certifikat-iso-cz.pdf\">Certifik\u00e1t ISO 9001:2015<\/a><\/h6><\/div><\/div>\t\t\t\t<\/div>\n\t\t\t\t<\/div>\n\t\t\t\t<\/div>\n\t\t\t\t\t<\/div>\n\t\t\t\t<\/div>\n\t\t<div class=\"elementor-element elementor-element-8b7fd72 e-flex e-con-boxed e-con e-parent\" data-id=\"8b7fd72\" data-element_type=\"container\">\n\t\t\t\t\t<div class=\"e-con-inner\">\n\t\t\t\t\t<\/div>\n\t\t\t\t<\/div>\n\t\t\t\t<\/div>","protected":false},"excerpt":{"rendered":"<p>Velkou a neust\u00e1lou pozornost v\u011bnujeme kvalit\u011b vyr\u00e1b\u011bn\u00fdch v\u00fdrobk\u016f. Ji\u017e v roce 1996 jsme z\u00edskali certifik\u00e1t jakosti dle EN ISO 9002 od mezin\u00e1rodn\u00ed akreditovan\u00e9 certifika\u010dn\u00ed spole\u010dnost\u00ed Lloyd\u015b Register Quality Assurance. Po vyd\u00e1n\u00ed nov\u00e9 normy byl tento syst\u00e9m v roce 2003 recertifikov\u00e1n dle ISO 9001. V\u00fdroba cementot\u0159\u00edskov\u00fdch desek CETRIS\u00ae je d\u00e1le dozorov\u00e1na autorizovan\u00fdmi a notifikovan\u00fdmi osobami. Jeliko\u017e&hellip;<\/p>","protected":false},"author":1,"featured_media":0,"parent":0,"menu_order":0,"comment_status":"closed","ping_status":"closed","template":"","meta":{"_acf_changed":false,"footnotes":""},"class_list":["post-49184","page","type-page","status-publish","hentry"],"acf":[],"_links":{"self":[{"href":"https:\/\/new.cetris.cz\/de\/wp-json\/wp\/v2\/pages\/49184","targetHints":{"allow":["GET"]}}],"collection":[{"href":"https:\/\/new.cetris.cz\/de\/wp-json\/wp\/v2\/pages"}],"about":[{"href":"https:\/\/new.cetris.cz\/de\/wp-json\/wp\/v2\/types\/page"}],"author":[{"embeddable":true,"href":"https:\/\/new.cetris.cz\/de\/wp-json\/wp\/v2\/users\/1"}],"replies":[{"embeddable":true,"href":"https:\/\/new.cetris.cz\/de\/wp-json\/wp\/v2\/comments?post=49184"}],"version-history":[{"count":28,"href":"https:\/\/new.cetris.cz\/de\/wp-json\/wp\/v2\/pages\/49184\/revisions"}],"predecessor-version":[{"id":54461,"href":"https:\/\/new.cetris.cz\/de\/wp-json\/wp\/v2\/pages\/49184\/revisions\/54461"}],"wp:attachment":[{"href":"https:\/\/new.cetris.cz\/de\/wp-json\/wp\/v2\/media?parent=49184"}],"curies":[{"name":"wp","href":"https:\/\/api.w.org\/{rel}","templated":true}]}}