{"id":49163,"date":"2025-03-11T13:13:40","date_gmt":"2025-03-11T12:13:40","guid":{"rendered":"https:\/\/new.cetris.cz\/?page_id=49163"},"modified":"2025-08-27T15:22:11","modified_gmt":"2025-08-27T13:22:11","slug":"o-nas","status":"publish","type":"page","link":"https:\/\/new.cetris.cz\/de\/skoleni\/o-nas\/","title":{"rendered":"\u00dcber uns"},"content":{"rendered":"<div data-elementor-type=\"wp-page\" data-elementor-id=\"49163\" class=\"elementor elementor-49163\" data-elementor-post-type=\"page\">\n\t\t\t\t<div class=\"elementor-element elementor-element-9472623 e-flex e-con-boxed e-con e-parent\" data-id=\"9472623\" data-element_type=\"container\">\n\t\t\t\t\t<div class=\"e-con-inner\">\n\t\t<div class=\"elementor-element elementor-element-561c9f8 e-con-full elementor-hidden-tablet elementor-hidden-mobile e-flex e-con e-child\" data-id=\"561c9f8\" data-element_type=\"container\">\n\t\t\t\t<div class=\"elementor-element elementor-element-5c6ed9e elementor-hidden-tablet elementor-hidden-mobile elementor-widget elementor-widget-heading\" data-id=\"5c6ed9e\" data-element_type=\"widget\" data-widget_type=\"heading.default\">\n\t\t\t\t<div class=\"elementor-widget-container\">\n\t\t\t\t\t<h2 class=\"elementor-heading-title elementor-size-default\">Informationen <\/h2>\t\t\t\t<\/div>\n\t\t\t\t<\/div>\n\t\t\t\t<div class=\"elementor-element elementor-element-5e9b3f8 widget-divider-yes elementor-widget-tablet__width-inherit elementor-hidden-tablet elementor-hidden-mobile dt-nav-menu_align-left dt-sub-menu_align-left elementor-widget elementor-widget-the7_nav-menu\" data-id=\"5e9b3f8\" data-element_type=\"widget\" data-settings=\"{&quot;submenu_display&quot;:&quot;always&quot;}\" data-widget_type=\"the7_nav-menu.default\">\n\t\t\t\t<div class=\"elementor-widget-container\">\n\t\t\t\t\t<nav class=\"dt-nav-menu--main dt-nav-menu__container dt-sub-menu-display-always dt-icon-align- dt-icon-position- dt-sub-icon-position- dt-sub-icon-align-\"><ul class=\"dt-nav-menu\"><li class=\"menu-item menu-item-type-post_type menu-item-object-page menu-item-50636 first depth-0\"><a href='https:\/\/new.cetris.cz\/de\/skoleni\/o-nas\/' data-level='1'><span class=\"item-content\"><span class=\"menu-item-text\"><span class=\"menu-text\">\u00dcber uns<\/span><\/span><\/span><span class=\"\" data-icon = \"\"> <\/span><\/a><\/li> <li class=\"menu-item menu-item-type-post_type menu-item-object-page menu-item-50637 last depth-0\"><a href='https:\/\/new.cetris.cz\/de\/vyzkum-a-vyvoj\/' data-level='1'><span class=\"item-content\"><span class=\"menu-item-text\"><span class=\"menu-text\">Forschung und Entwicklung<\/span><\/span><\/span><span class=\"\" data-icon = \"\"> <\/span><\/a><\/li> <\/ul><\/nav>\t\t\t\t<\/div>\n\t\t\t\t<\/div>\n\t\t\t\t<div class=\"elementor-element elementor-element-435b50c elementor-hidden-tablet elementor-hidden-mobile elementor-widget elementor-widget-heading\" data-id=\"435b50c\" data-element_type=\"widget\" data-widget_type=\"heading.default\">\n\t\t\t\t<div class=\"elementor-widget-container\">\n\t\t\t\t\t<h2 class=\"elementor-heading-title elementor-size-default\">Schulungen<\/h2>\t\t\t\t<\/div>\n\t\t\t\t<\/div>\n\t\t\t\t<div class=\"elementor-element elementor-element-20c03cd widget-divider-yes elementor-widget-tablet__width-inherit elementor-hidden-tablet elementor-hidden-mobile dt-nav-menu_align-left dt-sub-menu_align-left elementor-widget elementor-widget-the7_nav-menu\" data-id=\"20c03cd\" data-element_type=\"widget\" data-settings=\"{&quot;submenu_display&quot;:&quot;always&quot;}\" data-widget_type=\"the7_nav-menu.default\">\n\t\t\t\t<div class=\"elementor-widget-container\">\n\t\t\t\t\t<nav class=\"dt-nav-menu--main dt-nav-menu__container dt-sub-menu-display-always dt-icon-align- dt-icon-position- dt-sub-icon-position- dt-sub-icon-align-\"><ul class=\"dt-nav-menu\"><li class=\"menu-item menu-item-type-post_type menu-item-object-page menu-item-49618 first depth-0\"><a href='https:\/\/new.cetris.cz\/de\/skoleni\/skoleni-architekti-projektanti-studenti\/' data-level='1'><span class=\"item-content\"><span class=\"menu-item-text\"><span class=\"menu-text\">Architekten, Planer, Studenten<\/span><\/span><\/span><span class=\"\" data-icon = \"\"> <\/span><\/a><\/li> <li class=\"menu-item menu-item-type-post_type menu-item-object-page menu-item-49619 depth-0\"><a href='https:\/\/new.cetris.cz\/de\/skoleni\/skoleni-obchodni-firmy\/' data-level='1'><span class=\"item-content\"><span class=\"menu-item-text\"><span class=\"menu-text\">Handelsunternehmen<\/span><\/span><\/span><span class=\"\" data-icon = \"\"> <\/span><\/a><\/li> <li class=\"menu-item menu-item-type-post_type menu-item-object-page menu-item-49620 last depth-0\"><a href='https:\/\/new.cetris.cz\/de\/skoleni\/skoleni-stavebni-firmy\/' data-level='1'><span class=\"item-content\"><span class=\"menu-item-text\"><span class=\"menu-text\">Bauunternehmen<\/span><\/span><\/span><span class=\"\" data-icon = \"\"> <\/span><\/a><\/li> <\/ul><\/nav>\t\t\t\t<\/div>\n\t\t\t\t<\/div>\n\t\t\t\t<\/div>\n\t\t<div class=\"elementor-element elementor-element-2696022 e-con-full e-flex e-con e-child\" data-id=\"2696022\" data-element_type=\"container\">\n\t\t\t\t<div class=\"elementor-element elementor-element-8a2447b elementor-widget elementor-widget-heading\" data-id=\"8a2447b\" data-element_type=\"widget\" data-widget_type=\"heading.default\">\n\t\t\t\t<div class=\"elementor-widget-container\">\n\t\t\t\t\t<h2 class=\"elementor-heading-title elementor-size-default\">Division CETRIS<\/h2>\t\t\t\t<\/div>\n\t\t\t\t<\/div>\n\t\t<div class=\"elementor-element elementor-element-4249b65 e-con-full e-flex e-con e-child\" data-id=\"4249b65\" data-element_type=\"container\">\n\t\t<div class=\"elementor-element elementor-element-9ca6c0f e-con-full e-flex e-con e-child\" data-id=\"9ca6c0f\" data-element_type=\"container\">\n\t\t\t\t<div class=\"elementor-element elementor-element-5cd8373 elementor-widget elementor-widget-text-editor\" data-id=\"5cd8373\" data-element_type=\"widget\" data-widget_type=\"text-editor.default\">\n\t\t\t\t<div class=\"elementor-widget-container\">\n\t\t\t\t\t\t\t\t\t<h5 class=\" translation-block\">Akciov\u00e1 spole\u010dnost CIDEM Hranice, divize CETRIS je v\u00fdrobcem deskov\u00e9ho materi\u00e1lu, kter\u00fd uv\u00e1d\u00ed na trh pod ochrannou zna\u010dkou cementot\u0159\u00edskov\u00e1 deska CETRIS<sup class=\"reg\">\u00ae<\/sup>.<\/h5>\t\t\t\t\t\t\t\t<\/div>\n\t\t\t\t<\/div>\n\t\t\t\t<div class=\"elementor-element elementor-element-4384f1d elementor-widget elementor-widget-text-editor\" data-id=\"4384f1d\" data-element_type=\"widget\" data-widget_type=\"text-editor.default\">\n\t\t\t\t<div class=\"elementor-widget-container\">\n\t\t\t\t\t\t\t\t\t<p>Das Jahr 1987 markiert den Beginn des Aufbaus der Anlage f\u00fcr die Herstellung von zementgebundenen Spanplatten in der Tschechischen Republik. 1991 folgte die Inbetriebnahme des Anlage.<\/p><p class=\" translation-block\">V prvn\u00edch letech v\u00fdroby byl sortiment omezen v podstat\u011b pouze na z\u00e1kladn\u00ed desku CETRIS<sup class=\"reg\">\u00ae<\/sup> BASIC bez povrchov\u00e9 \u00fapravy. Postupn\u011b se nab\u00eddka roz\u0161i\u0159ovala, p\u0159ibylo mno\u017estv\u00ed slu\u017eeb jako nap\u0159. \u0159ez\u00e1n\u00ed, fr\u00e9zov\u00e1n\u00ed, brou\u0161en\u00ed, vrt\u00e1n\u00ed, nan\u00e1\u0161en\u00ed povrchov\u00fdch \u00faprav a dal\u0161\u00ed. V sou\u010dasn\u00e9 dob\u011b nab\u00edz\u00edme celkem 14 druh\u016f cementot\u0159\u00edskov\u00fdch desek a st\u00e1le vyv\u00edj\u00edme nov\u00e9 druhy, abychom uspokojili pot\u0159eby a p\u0159\u00e1n\u00ed na\u0161ich z\u00e1kazn\u00edk\u016f.<\/p><p class=\" translation-block\"><strong>Spole\u010dnost CIDEM Hranice, a.s. \u2013 divize CETRIS je v sou\u010dasnosti nejv\u011bt\u0161\u00edm v\u00fdrobcem cementot\u0159\u00edskov\u00fdch desek v Evrop\u011b. V\u00fdrobn\u00ed kapacita linky je 55 000 m<sup>3<\/sup> ro\u010dn\u011b.<\/strong><\/p><p class=\" translation-block\">O roz\u0161i\u0159uj\u00edc\u00ed se oblib\u011b a mnohostrann\u00e9m pou\u017eit\u00ed desek CETRIS<sup class=\"reg\">\u00ae<\/sup> sv\u011bd\u010d\u00ed i to, \u017ee jsou v sou\u010dasn\u00e9 dob\u011b vyv\u00e1\u017eeny do tak\u0159ka cel\u00e9 Evropy, ale tak\u00e9 do zem\u00ed Afriky, Asie a Ji\u017en\u00ed Ameriky.<\/p><p class=\" translation-block\">Cementot\u0159\u00edskov\u00e9 desky CETRIS<sup class=\"reg\">\u00ae<\/sup> jsou vyr\u00e1b\u011bny technologick\u00fdm za\u0159\u00edzen\u00edm dodan\u00fdm n\u011bmeckou firmou BISON. V roce 2010 pro\u0161la v\u00fdrobn\u00ed linka celkovou <strong>rozs\u00e1hlou rekonstrukc\u00ed s c\u00edlem zkvalitnit a zv\u00fd\u0161it objem v\u00fdroby<\/strong>. Nov\u011b je ve v\u00fdrobn\u00ed lince osazeno \u010dist\u00edc\u00ed a brous\u00edc\u00ed za\u0159\u00edzen\u00ed, kter\u00e9 dokonale \u010dist\u00ed v\u00fdrobn\u00ed plechy a t\u00edm zlep\u0161uje kvalitu povrchu desek. Byla zrekonstruov\u00e1na a prodlou\u017eena su\u0161\u00e1rna, byla po\u0159\u00edzena <strong>nov\u00e1 form\u00e1tovac\u00ed pila<\/strong>. P\u0159i form\u00e1tov\u00e1n\u00ed vyroben\u00fdch desek lze nyn\u00ed deklarovat ni\u017e\u0161\u00ed hodnoty toleranc\u00ed p\u0159\u00edpustn\u00fdch odchylek rozm\u011br\u016f a tvar\u016f, kter\u00e9 jsou v\u00fdrazn\u011b pod normov\u00fdmi hodnotami. Velk\u00fdch zm\u011bn dost\u00e1la <strong>linka na nan\u00e1\u0161en\u00ed povrchov\u00fdch \u00faprav<\/strong>. Byla po\u0159\u00edzena pln\u011b automatizovan\u00e1 linka se st\u0159\u00edkac\u00edm strojem KRONOS od italsk\u00e9ho v\u00fdrobce MAKOR, kter\u00e1 dokonale povrchov\u011b o\u0161et\u0159uje nejen l\u00edcovou pohledovou stranu desek, ale i jej\u00ed hrany. Ve vylep\u0161en\u00e9m a roz\u0161\u00ed\u0159en\u00e9m postupu nan\u00e1\u0161en\u00ed povrchov\u00fdch \u00faprav nechyb\u00ed na za\u010d\u00e1tku cel\u00e9ho procesu \u010dist\u00edc\u00ed a brous\u00edc\u00ed za\u0159\u00edzen\u00ed pro p\u0159\u00edpravu l\u00edcov\u00e9 plochy a v\u00fdkonn\u00e9 su\u0161\u00edc\u00ed a chlad\u00edc\u00ed za\u0159\u00edzen\u00ed. Modernizac\u00ed pro\u0161la i kompresorovna, prob\u011bhlo roz\u0161\u00ed\u0159en\u00ed expedi\u010dn\u00ed haly a i do budoucna po\u010d\u00edt\u00e1me s investicemi vedouc\u00edmi k modernizaci a roz\u0161\u00ed\u0159ov\u00e1n\u00ed na\u0161eho z\u00e1vodu.<\/p><p class=\" translation-block\">Velkou a neust\u00e1lou pozornost v\u011bnujeme kvalit\u011b vyr\u00e1b\u011bn\u00fdch v\u00fdrobk\u016f. Ji\u017e v roce 1996 jsme z\u00edskali certifik\u00e1t jakosti dle EN ISO 9002 od mezin\u00e1rodn\u00ed akreditovan\u00e9 certifika\u010dn\u00ed spole\u010dnost\u00ed Lloyd\u015b Register Quality Assurance. Po vyd\u00e1n\u00ed nov\u00e9 normy byl tento syst\u00e9m v roce 2003 recertifikov\u00e1n dle ISO 9001.V\u00fdroba cementot\u0159\u00edskov\u00fdch desek CETRIS<sup class=\"reg\">\u00ae<\/sup> je d\u00e1le dozorov\u00e1na autorizovan\u00fdmi a notifikovan\u00fdmi osobami. Jeliko\u017e spole\u010dnost vyv\u00e1\u017e\u00ed sv\u00e9 v\u00fdrobky po cel\u00e9 Evrop\u011b, jsou cementot\u0159\u00edskov\u00e9 desky certifikov\u00e1ny nejen dle evropsk\u00fdch harmonizovan\u00fdch norem, ale i dle norem n\u00e1rodn\u00edch.<\/p>\t\t\t\t\t\t\t\t<\/div>\n\t\t\t\t<\/div>\n\t\t\t\t<\/div>\n\t\t<div class=\"elementor-element elementor-element-787b0d2 e-con-full e-flex e-con e-child\" data-id=\"787b0d2\" data-element_type=\"container\">\n\t\t\t\t<div class=\"elementor-element elementor-element-e4fdcbe elementor-widget elementor-widget-image\" data-id=\"e4fdcbe\" data-element_type=\"widget\" data-widget_type=\"image.default\">\n\t\t\t\t<div class=\"elementor-widget-container\">\n\t\t\t\t\t\t\t\t\t\t\t\t\t\t\t<img decoding=\"async\" width=\"220\" height=\"220\" src=\"https:\/\/new.cetris.cz\/wp-content\/uploads\/2025\/05\/letecky-sminek-preview_220x220.jpg\" class=\"attachment-large size-large wp-image-49828\" alt=\"\" srcset=\"https:\/\/new.cetris.cz\/wp-content\/uploads\/2025\/05\/letecky-sminek-preview_220x220.jpg 220w, https:\/\/new.cetris.cz\/wp-content\/uploads\/2025\/05\/letecky-sminek-preview_220x220-150x150.jpg 150w, https:\/\/new.cetris.cz\/wp-content\/uploads\/2025\/05\/letecky-sminek-preview_220x220-200x200.jpg 200w\" sizes=\"(max-width: 220px) 100vw, 220px\" \/>\t\t\t\t\t\t\t\t\t\t\t\t\t\t\t<\/div>\n\t\t\t\t<\/div>\n\t\t\t\t<div class=\"elementor-element elementor-element-cb141dc elementor-widget elementor-widget-spacer\" data-id=\"cb141dc\" data-element_type=\"widget\" data-widget_type=\"spacer.default\">\n\t\t\t\t<div class=\"elementor-widget-container\">\n\t\t\t\t\t\t\t<div class=\"elementor-spacer\">\n\t\t\t<div class=\"elementor-spacer-inner\"><\/div>\n\t\t<\/div>\n\t\t\t\t\t\t<\/div>\n\t\t\t\t<\/div>\n\t\t\t\t<div class=\"elementor-element elementor-element-8d3ee44 elementor-widget elementor-widget-image\" data-id=\"8d3ee44\" data-element_type=\"widget\" data-widget_type=\"image.default\">\n\t\t\t\t<div class=\"elementor-widget-container\">\n\t\t\t\t\t\t\t\t\t\t\t\t\t\t\t<img decoding=\"async\" width=\"220\" height=\"220\" src=\"https:\/\/new.cetris.cz\/wp-content\/uploads\/2025\/05\/nanaseci-linka-preview_220x220.jpg\" class=\"attachment-large size-large wp-image-49827\" alt=\"\" srcset=\"https:\/\/new.cetris.cz\/wp-content\/uploads\/2025\/05\/nanaseci-linka-preview_220x220.jpg 220w, https:\/\/new.cetris.cz\/wp-content\/uploads\/2025\/05\/nanaseci-linka-preview_220x220-150x150.jpg 150w, https:\/\/new.cetris.cz\/wp-content\/uploads\/2025\/05\/nanaseci-linka-preview_220x220-200x200.jpg 200w\" sizes=\"(max-width: 220px) 100vw, 220px\" \/>\t\t\t\t\t\t\t\t\t\t\t\t\t\t\t<\/div>\n\t\t\t\t<\/div>\n\t\t\t\t<\/div>\n\t\t\t\t<\/div>\n\t\t\t\t<\/div>\n\t\t\t\t\t<\/div>\n\t\t\t\t<\/div>\n\t\t\t\t<\/div>","protected":false},"excerpt":{"rendered":"<p>Informace \u0160kolen\u00ed Divize CETRIS Akciov\u00e1 spole\u010dnost CIDEM Hranice, divize CETRIS je v\u00fdrobcem deskov\u00e9ho materi\u00e1lu, kter\u00fd uv\u00e1d\u00ed na trh pod ochrannou zna\u010dkou cementot\u0159\u00edskov\u00e1 deska CETRIS\u00ae. V\u00fdstavba z\u00e1vodu na v\u00fdrobu cementot\u0159\u00edskov\u00fdch desek v \u010cesk\u00e9 republice byla zah\u00e1jena v roce 1987, do provozu byl pak z\u00e1vod uveden v roce 1991. V prvn\u00edch letech v\u00fdroby byl sortiment omezen v&hellip;<\/p>","protected":false},"author":1,"featured_media":0,"parent":49155,"menu_order":0,"comment_status":"closed","ping_status":"closed","template":"","meta":{"_acf_changed":false,"footnotes":""},"class_list":["post-49163","page","type-page","status-publish","hentry"],"acf":[],"_links":{"self":[{"href":"https:\/\/new.cetris.cz\/de\/wp-json\/wp\/v2\/pages\/49163","targetHints":{"allow":["GET"]}}],"collection":[{"href":"https:\/\/new.cetris.cz\/de\/wp-json\/wp\/v2\/pages"}],"about":[{"href":"https:\/\/new.cetris.cz\/de\/wp-json\/wp\/v2\/types\/page"}],"author":[{"embeddable":true,"href":"https:\/\/new.cetris.cz\/de\/wp-json\/wp\/v2\/users\/1"}],"replies":[{"embeddable":true,"href":"https:\/\/new.cetris.cz\/de\/wp-json\/wp\/v2\/comments?post=49163"}],"version-history":[{"count":13,"href":"https:\/\/new.cetris.cz\/de\/wp-json\/wp\/v2\/pages\/49163\/revisions"}],"predecessor-version":[{"id":51632,"href":"https:\/\/new.cetris.cz\/de\/wp-json\/wp\/v2\/pages\/49163\/revisions\/51632"}],"up":[{"embeddable":true,"href":"https:\/\/new.cetris.cz\/de\/wp-json\/wp\/v2\/pages\/49155"}],"wp:attachment":[{"href":"https:\/\/new.cetris.cz\/de\/wp-json\/wp\/v2\/media?parent=49163"}],"curies":[{"name":"wp","href":"https:\/\/api.w.org\/{rel}","templated":true}]}}