{"id":49159,"date":"2025-03-11T13:13:13","date_gmt":"2025-03-11T12:13:13","guid":{"rendered":"https:\/\/new.cetris.cz\/?page_id=49159"},"modified":"2025-08-27T15:20:19","modified_gmt":"2025-08-27T13:20:19","slug":"skoleni-obchodni-firmy","status":"publish","type":"page","link":"https:\/\/new.cetris.cz\/de\/skoleni\/skoleni-obchodni-firmy\/","title":{"rendered":"\u0160kolen\u00ed &#8211; Obchodn\u00ed firmy"},"content":{"rendered":"<div data-elementor-type=\"wp-page\" data-elementor-id=\"49159\" class=\"elementor elementor-49159\" data-elementor-post-type=\"page\">\n\t\t\t\t<div class=\"elementor-element elementor-element-458f454 e-flex e-con-boxed e-con e-parent\" data-id=\"458f454\" data-element_type=\"container\">\n\t\t\t\t\t<div class=\"e-con-inner\">\n\t\t<div class=\"elementor-element elementor-element-1d54295 e-con-full elementor-hidden-tablet elementor-hidden-mobile e-flex e-con e-child\" data-id=\"1d54295\" data-element_type=\"container\">\n\t\t\t\t<div class=\"elementor-element elementor-element-32d3762 elementor-hidden-tablet elementor-hidden-mobile elementor-widget elementor-widget-heading\" data-id=\"32d3762\" data-element_type=\"widget\" data-widget_type=\"heading.default\">\n\t\t\t\t<div class=\"elementor-widget-container\">\n\t\t\t\t\t<h2 class=\"elementor-heading-title elementor-size-default\">Informationen<\/h2>\t\t\t\t<\/div>\n\t\t\t\t<\/div>\n\t\t\t\t<div class=\"elementor-element elementor-element-6112eda widget-divider-yes elementor-widget-tablet__width-inherit elementor-hidden-tablet elementor-hidden-mobile dt-nav-menu_align-left dt-sub-menu_align-left elementor-widget elementor-widget-the7_nav-menu\" data-id=\"6112eda\" data-element_type=\"widget\" data-settings=\"{&quot;submenu_display&quot;:&quot;always&quot;}\" data-widget_type=\"the7_nav-menu.default\">\n\t\t\t\t<div class=\"elementor-widget-container\">\n\t\t\t\t\t<nav class=\"dt-nav-menu--main dt-nav-menu__container dt-sub-menu-display-always dt-icon-align- dt-icon-position- dt-sub-icon-position- dt-sub-icon-align-\"><ul class=\"dt-nav-menu\"><li class=\"menu-item menu-item-type-post_type menu-item-object-page menu-item-50636 first depth-0\"><a href='https:\/\/new.cetris.cz\/de\/skoleni\/o-nas\/' data-level='1'><span class=\"item-content\"><span class=\"menu-item-text\"><span class=\"menu-text\">\u00dcber uns<\/span><\/span><\/span><span class=\"\" data-icon = \"\"> <\/span><\/a><\/li> <li class=\"menu-item menu-item-type-post_type menu-item-object-page menu-item-50637 last depth-0\"><a href='https:\/\/new.cetris.cz\/de\/vyzkum-a-vyvoj\/' data-level='1'><span class=\"item-content\"><span class=\"menu-item-text\"><span class=\"menu-text\">Forschung und Entwicklung<\/span><\/span><\/span><span class=\"\" data-icon = \"\"> <\/span><\/a><\/li> <\/ul><\/nav>\t\t\t\t<\/div>\n\t\t\t\t<\/div>\n\t\t\t\t<div class=\"elementor-element elementor-element-d22cb87 elementor-hidden-tablet elementor-hidden-mobile elementor-widget elementor-widget-heading\" data-id=\"d22cb87\" data-element_type=\"widget\" data-widget_type=\"heading.default\">\n\t\t\t\t<div class=\"elementor-widget-container\">\n\t\t\t\t\t<h2 class=\"elementor-heading-title elementor-size-default\">Schulungen<\/h2>\t\t\t\t<\/div>\n\t\t\t\t<\/div>\n\t\t\t\t<div class=\"elementor-element elementor-element-c065947 widget-divider-yes elementor-widget-tablet__width-inherit elementor-hidden-tablet elementor-hidden-mobile dt-nav-menu_align-left dt-sub-menu_align-left elementor-widget elementor-widget-the7_nav-menu\" data-id=\"c065947\" data-element_type=\"widget\" data-settings=\"{&quot;submenu_display&quot;:&quot;always&quot;}\" data-widget_type=\"the7_nav-menu.default\">\n\t\t\t\t<div class=\"elementor-widget-container\">\n\t\t\t\t\t<nav class=\"dt-nav-menu--main dt-nav-menu__container dt-sub-menu-display-always dt-icon-align- dt-icon-position- dt-sub-icon-position- dt-sub-icon-align-\"><ul class=\"dt-nav-menu\"><li class=\"menu-item menu-item-type-post_type menu-item-object-page menu-item-49618 first depth-0\"><a href='https:\/\/new.cetris.cz\/de\/skoleni\/skoleni-architekti-projektanti-studenti\/' data-level='1'><span class=\"item-content\"><span class=\"menu-item-text\"><span class=\"menu-text\">Architekten, Planer, Studenten<\/span><\/span><\/span><span class=\"\" data-icon = \"\"> <\/span><\/a><\/li> <li class=\"menu-item menu-item-type-post_type menu-item-object-page menu-item-49619 depth-0\"><a href='https:\/\/new.cetris.cz\/de\/skoleni\/skoleni-obchodni-firmy\/' data-level='1'><span class=\"item-content\"><span class=\"menu-item-text\"><span class=\"menu-text\">Handelsunternehmen<\/span><\/span><\/span><span class=\"\" data-icon = \"\"> <\/span><\/a><\/li> <li class=\"menu-item menu-item-type-post_type menu-item-object-page menu-item-49620 last depth-0\"><a href='https:\/\/new.cetris.cz\/de\/skoleni\/skoleni-stavebni-firmy\/' data-level='1'><span class=\"item-content\"><span class=\"menu-item-text\"><span class=\"menu-text\">Bauunternehmen<\/span><\/span><\/span><span class=\"\" data-icon = \"\"> <\/span><\/a><\/li> <\/ul><\/nav>\t\t\t\t<\/div>\n\t\t\t\t<\/div>\n\t\t\t\t<\/div>\n\t\t<div class=\"elementor-element elementor-element-423ac89 e-con-full e-flex e-con e-child\" data-id=\"423ac89\" data-element_type=\"container\">\n\t\t\t\t<div class=\"elementor-element elementor-element-2ed93a5 elementor-widget elementor-widget-heading\" data-id=\"2ed93a5\" data-element_type=\"widget\" data-widget_type=\"heading.default\">\n\t\t\t\t<div class=\"elementor-widget-container\">\n\t\t\t\t\t<h2 class=\"elementor-heading-title elementor-size-default\">Handelsunternehmen<\/h2>\t\t\t\t<\/div>\n\t\t\t\t<\/div>\n\t\t<div class=\"elementor-element elementor-element-c760a5a e-con-full e-flex e-con e-child\" data-id=\"c760a5a\" data-element_type=\"container\">\n\t\t<div class=\"elementor-element elementor-element-9f1598b e-con-full e-flex e-con e-child\" data-id=\"9f1598b\" data-element_type=\"container\">\n\t\t\t\t<div class=\"elementor-element elementor-element-f1986ef elementor-widget elementor-widget-text-editor\" data-id=\"f1986ef\" data-element_type=\"widget\" data-widget_type=\"text-editor.default\">\n\t\t\t\t<div class=\"elementor-widget-container\">\n\t\t\t\t\t\t\t\t\t<h5>F\u00fcr unsere Gesch\u00e4ftspartner organisieren wir Schulungen direkt bei uns im Hauptsitz der Division CETRIS.<\/h5>\t\t\t\t\t\t\t\t<\/div>\n\t\t\t\t<\/div>\n\t\t\t\t<div class=\"elementor-element elementor-element-3dd3b2b elementor-widget elementor-widget-text-editor\" data-id=\"3dd3b2b\" data-element_type=\"widget\" data-widget_type=\"text-editor.default\">\n\t\t\t\t<div class=\"elementor-widget-container\">\n\t\t\t\t\t\t\t\t\t<p class=\" translation-block\">C\u00edlem t\u011bchto \u0161kolen\u00ed je podrobn\u011b sezn\u00e1mit pracovn\u00edky jednotliv\u00fdch sklad\u016f a prodejen s na\u0161imi v\u00fdrobky. \u00da\u010dastn\u00edci \u0161kolen\u00ed si prohl\u00e9dnou <strong>v\u00fdrobn\u00ed linku<\/strong>, kter\u00e1 pro\u0161la rozs\u00e1hlou rekonstrukc\u00ed a modernizac\u00ed, novou automatizovanou <strong>linku na nan\u00e1\u0161en\u00ed povrchov\u00fdch \u00faprav,novou form\u00e1tovac\u00ed pilu<\/strong> a samoz\u0159em\u011b dal\u0161\u00ed <strong>obr\u00e1b\u011bc\u00ed stroje<\/strong>. Z\u00edskaj\u00ed tak p\u0159ehled o nab\u00edzen\u00fdch produktech, dozv\u00ed se v\u0161e o pou\u017eit\u00ed a vlastnostech desek CETRIS<sup class=\"reg\">\u00ae<\/sup>. Sezn\u00e1m\u00ed se <strong>s novinkami i se sou\u010dasn\u00fdm v\u00fdvojem ve v\u00fdrob\u011b<\/strong> cementot\u0159\u00edskov\u00fdch desek. Na vlastn\u00ed o\u010di si prohl\u00e9dnou mnoh\u00e9 z aplikac\u00ed fas\u00e1dn\u00edch, podlahov\u00fdch a protipo\u017e\u00e1rn\u00edch syst\u00e9m\u016f. Ned\u00edlnou sou\u010d\u00e1st\u00ed t\u011bchto setk\u00e1n\u00ed s na\u0161imi z\u00e1kazn\u00edky jsou <strong>bohat\u00e9 diskuse, konzultace a v\u00fdm\u011bny z\u00edskan\u00fdch zku\u0161enost\u00ed<\/strong> n\u00e1s v\u00fdrobc\u016f s V\u00e1mi z\u00e1kazn\u00edky.<\/p><p class=\" translation-block\">Pro na\u0161e obchodn\u00ed partnery d\u00e1le zaji\u0161\u0165ujeme pro\u0161kolen\u00ed pracovn\u00edk\u016f firem p\u0159\u00edmo <strong>v s\u00eddle jejich spole\u010dnost\u00ed<\/strong>. Na\u0161i odborn\u00edci a obchodn\u00ed z\u00e1stupci pro\u0161koluj\u00ed person\u00e1l firem p\u0159\u00edmo na prodejn\u00e1ch \u010di skladech. V p\u0159\u00edpad\u011b, \u017ee m\u00e1te z\u00e1jem o \u0161kolen\u00ed a\u0165 u\u017e u n\u00e1s na divizi nebo u V\u00e1s na prodejn\u011b, kontaktujte pros\u00edm pana <strong>Ing. Miroslava Vaculu, tel:&nbsp;724&nbsp;200&nbsp;163 nebo marketingov\u00e9 odd\u011blen\u00ed divize CETRIS<\/strong>.<\/p>\t\t\t\t\t\t\t\t<\/div>\n\t\t\t\t<\/div>\n\t\t\t\t<div class=\"elementor-element elementor-element-ae5d005 elementor-widget elementor-widget-spacer\" data-id=\"ae5d005\" data-element_type=\"widget\" data-widget_type=\"spacer.default\">\n\t\t\t\t<div class=\"elementor-widget-container\">\n\t\t\t\t\t\t\t<div class=\"elementor-spacer\">\n\t\t\t<div class=\"elementor-spacer-inner\"><\/div>\n\t\t<\/div>\n\t\t\t\t\t\t<\/div>\n\t\t\t\t<\/div>\n\t\t\t\t<div class=\"elementor-element elementor-element-30c602d elementor-widget elementor-widget-spacer\" data-id=\"30c602d\" data-element_type=\"widget\" data-widget_type=\"spacer.default\">\n\t\t\t\t<div class=\"elementor-widget-container\">\n\t\t\t\t\t\t\t<div class=\"elementor-spacer\">\n\t\t\t<div class=\"elementor-spacer-inner\"><\/div>\n\t\t<\/div>\n\t\t\t\t\t\t<\/div>\n\t\t\t\t<\/div>\n\t\t\t\t<\/div>\n\t\t<div class=\"elementor-element elementor-element-f288732 e-con-full e-flex e-con e-child\" data-id=\"f288732\" data-element_type=\"container\">\n\t\t\t\t<div class=\"elementor-element elementor-element-159f1c6 elementor-widget elementor-widget-image\" data-id=\"159f1c6\" data-element_type=\"widget\" data-widget_type=\"image.default\">\n\t\t\t\t<div class=\"elementor-widget-container\">\n\t\t\t\t\t\t\t\t\t\t\t\t\t\t\t<img decoding=\"async\" width=\"220\" height=\"220\" src=\"https:\/\/new.cetris.cz\/wp-content\/uploads\/2025\/05\/skoleni-ruce_220x220.png\" class=\"attachment-large size-large wp-image-49916\" alt=\"\" srcset=\"https:\/\/new.cetris.cz\/wp-content\/uploads\/2025\/05\/skoleni-ruce_220x220.png 220w, https:\/\/new.cetris.cz\/wp-content\/uploads\/2025\/05\/skoleni-ruce_220x220-150x150.png 150w, https:\/\/new.cetris.cz\/wp-content\/uploads\/2025\/05\/skoleni-ruce_220x220-200x200.png 200w\" sizes=\"(max-width: 220px) 100vw, 220px\" \/>\t\t\t\t\t\t\t\t\t\t\t\t\t\t\t<\/div>\n\t\t\t\t<\/div>\n\t\t\t\t<div class=\"elementor-element elementor-element-da98186 elementor-widget elementor-widget-spacer\" data-id=\"da98186\" data-element_type=\"widget\" data-widget_type=\"spacer.default\">\n\t\t\t\t<div class=\"elementor-widget-container\">\n\t\t\t\t\t\t\t<div class=\"elementor-spacer\">\n\t\t\t<div class=\"elementor-spacer-inner\"><\/div>\n\t\t<\/div>\n\t\t\t\t\t\t<\/div>\n\t\t\t\t<\/div>\n\t\t\t\t<div class=\"elementor-element elementor-element-9bd81f6 elementor-widget elementor-widget-image\" data-id=\"9bd81f6\" data-element_type=\"widget\" data-widget_type=\"image.default\">\n\t\t\t\t<div class=\"elementor-widget-container\">\n\t\t\t\t\t\t\t\t\t\t\t\t\t\t\t<img decoding=\"async\" width=\"220\" height=\"220\" src=\"https:\/\/new.cetris.cz\/wp-content\/uploads\/2025\/05\/skoleni-lidi_220x220.png\" class=\"attachment-large size-large wp-image-49917\" alt=\"\" srcset=\"https:\/\/new.cetris.cz\/wp-content\/uploads\/2025\/05\/skoleni-lidi_220x220.png 220w, https:\/\/new.cetris.cz\/wp-content\/uploads\/2025\/05\/skoleni-lidi_220x220-150x150.png 150w, https:\/\/new.cetris.cz\/wp-content\/uploads\/2025\/05\/skoleni-lidi_220x220-200x200.png 200w\" sizes=\"(max-width: 220px) 100vw, 220px\" \/>\t\t\t\t\t\t\t\t\t\t\t\t\t\t\t<\/div>\n\t\t\t\t<\/div>\n\t\t\t\t<\/div>\n\t\t\t\t<\/div>\n\t\t\t\t<\/div>\n\t\t\t\t\t<\/div>\n\t\t\t\t<\/div>\n\t\t\t\t<\/div>","protected":false},"excerpt":{"rendered":"<p>Informace \u0160kolen\u00ed Obchodn\u00ed firmy Pro na\u0161e obchodn\u00ed partnery po\u0159\u00e1d\u00e1me \u0161kolen\u00ed p\u0159\u00edmo u n\u00e1s v s\u00eddle divize CETRIS. C\u00edlem t\u011bchto \u0161kolen\u00ed je podrobn\u011b sezn\u00e1mit pracovn\u00edky jednotliv\u00fdch sklad\u016f a prodejen s na\u0161imi v\u00fdrobky. \u00da\u010dastn\u00edci \u0161kolen\u00ed si prohl\u00e9dnou v\u00fdrobn\u00ed linku, kter\u00e1 pro\u0161la rozs\u00e1hlou rekonstrukc\u00ed a modernizac\u00ed, novou automatizovanou linku na nan\u00e1\u0161en\u00ed povrchov\u00fdch \u00faprav,novou form\u00e1tovac\u00ed pilu a samoz\u0159em\u011b dal\u0161\u00ed&hellip;<\/p>","protected":false},"author":1,"featured_media":0,"parent":49155,"menu_order":0,"comment_status":"closed","ping_status":"closed","template":"","meta":{"_acf_changed":false,"footnotes":""},"class_list":["post-49159","page","type-page","status-publish","hentry"],"acf":[],"_links":{"self":[{"href":"https:\/\/new.cetris.cz\/de\/wp-json\/wp\/v2\/pages\/49159","targetHints":{"allow":["GET"]}}],"collection":[{"href":"https:\/\/new.cetris.cz\/de\/wp-json\/wp\/v2\/pages"}],"about":[{"href":"https:\/\/new.cetris.cz\/de\/wp-json\/wp\/v2\/types\/page"}],"author":[{"embeddable":true,"href":"https:\/\/new.cetris.cz\/de\/wp-json\/wp\/v2\/users\/1"}],"replies":[{"embeddable":true,"href":"https:\/\/new.cetris.cz\/de\/wp-json\/wp\/v2\/comments?post=49159"}],"version-history":[{"count":16,"href":"https:\/\/new.cetris.cz\/de\/wp-json\/wp\/v2\/pages\/49159\/revisions"}],"predecessor-version":[{"id":51626,"href":"https:\/\/new.cetris.cz\/de\/wp-json\/wp\/v2\/pages\/49159\/revisions\/51626"}],"up":[{"embeddable":true,"href":"https:\/\/new.cetris.cz\/de\/wp-json\/wp\/v2\/pages\/49155"}],"wp:attachment":[{"href":"https:\/\/new.cetris.cz\/de\/wp-json\/wp\/v2\/media?parent=49159"}],"curies":[{"name":"wp","href":"https:\/\/api.w.org\/{rel}","templated":true}]}}