{"id":49157,"date":"2025-03-11T13:12:56","date_gmt":"2025-03-11T12:12:56","guid":{"rendered":"https:\/\/new.cetris.cz\/?page_id=49157"},"modified":"2025-09-12T12:13:22","modified_gmt":"2025-09-12T10:13:22","slug":"skoleni-architekti-projektanti-studenti","status":"publish","type":"page","link":"https:\/\/new.cetris.cz\/de\/skoleni\/skoleni-architekti-projektanti-studenti\/","title":{"rendered":"\u0160kolen\u00ed &#8211; Architekti, projektanti, studenti"},"content":{"rendered":"<div data-elementor-type=\"wp-page\" data-elementor-id=\"49157\" class=\"elementor elementor-49157\" data-elementor-post-type=\"page\">\n\t\t\t\t<div class=\"elementor-element elementor-element-445f0f7 e-flex e-con-boxed e-con e-parent\" data-id=\"445f0f7\" data-element_type=\"container\">\n\t\t\t\t\t<div class=\"e-con-inner\">\n\t\t<div class=\"elementor-element elementor-element-cc54fe8 e-con-full elementor-hidden-tablet elementor-hidden-mobile e-flex e-con e-child\" data-id=\"cc54fe8\" data-element_type=\"container\">\n\t\t\t\t<div class=\"elementor-element elementor-element-bf8e8fc elementor-hidden-tablet elementor-hidden-mobile elementor-widget elementor-widget-heading\" data-id=\"bf8e8fc\" data-element_type=\"widget\" data-widget_type=\"heading.default\">\n\t\t\t\t<div class=\"elementor-widget-container\">\n\t\t\t\t\t<h2 class=\"elementor-heading-title elementor-size-default\">Informationen <\/h2>\t\t\t\t<\/div>\n\t\t\t\t<\/div>\n\t\t\t\t<div class=\"elementor-element elementor-element-b5f46c9 widget-divider-yes elementor-widget-tablet__width-inherit elementor-hidden-tablet elementor-hidden-mobile dt-nav-menu_align-left dt-sub-menu_align-left elementor-widget elementor-widget-the7_nav-menu\" data-id=\"b5f46c9\" data-element_type=\"widget\" data-settings=\"{&quot;submenu_display&quot;:&quot;always&quot;}\" data-widget_type=\"the7_nav-menu.default\">\n\t\t\t\t<div class=\"elementor-widget-container\">\n\t\t\t\t\t<nav class=\"dt-nav-menu--main dt-nav-menu__container dt-sub-menu-display-always dt-icon-align- dt-icon-position- dt-sub-icon-position- dt-sub-icon-align-\"><ul class=\"dt-nav-menu\"><li class=\"menu-item menu-item-type-post_type menu-item-object-page menu-item-50636 first depth-0\"><a href='https:\/\/new.cetris.cz\/de\/skoleni\/o-nas\/' data-level='1'><span class=\"item-content\"><span class=\"menu-item-text\"><span class=\"menu-text\">\u00dcber uns<\/span><\/span><\/span><span class=\"\" data-icon = \"\"> <\/span><\/a><\/li> <li class=\"menu-item menu-item-type-post_type menu-item-object-page menu-item-50637 last depth-0\"><a href='https:\/\/new.cetris.cz\/de\/vyzkum-a-vyvoj\/' data-level='1'><span class=\"item-content\"><span class=\"menu-item-text\"><span class=\"menu-text\">Forschung und Entwicklung<\/span><\/span><\/span><span class=\"\" data-icon = \"\"> <\/span><\/a><\/li> <\/ul><\/nav>\t\t\t\t<\/div>\n\t\t\t\t<\/div>\n\t\t\t\t<div class=\"elementor-element elementor-element-9b8d629 elementor-hidden-tablet elementor-hidden-mobile elementor-widget elementor-widget-heading\" data-id=\"9b8d629\" data-element_type=\"widget\" data-widget_type=\"heading.default\">\n\t\t\t\t<div class=\"elementor-widget-container\">\n\t\t\t\t\t<h2 class=\"elementor-heading-title elementor-size-default\">Schulungen<\/h2>\t\t\t\t<\/div>\n\t\t\t\t<\/div>\n\t\t\t\t<div class=\"elementor-element elementor-element-b699913 widget-divider-yes elementor-widget-tablet__width-inherit elementor-hidden-tablet elementor-hidden-mobile dt-nav-menu_align-left dt-sub-menu_align-left elementor-widget elementor-widget-the7_nav-menu\" data-id=\"b699913\" data-element_type=\"widget\" data-settings=\"{&quot;submenu_display&quot;:&quot;always&quot;}\" data-widget_type=\"the7_nav-menu.default\">\n\t\t\t\t<div class=\"elementor-widget-container\">\n\t\t\t\t\t<nav class=\"dt-nav-menu--main dt-nav-menu__container dt-sub-menu-display-always dt-icon-align- dt-icon-position- dt-sub-icon-position- dt-sub-icon-align-\"><ul class=\"dt-nav-menu\"><li class=\"menu-item menu-item-type-post_type menu-item-object-page menu-item-49618 first depth-0\"><a href='https:\/\/new.cetris.cz\/de\/skoleni\/skoleni-architekti-projektanti-studenti\/' data-level='1'><span class=\"item-content\"><span class=\"menu-item-text\"><span class=\"menu-text\">Architekten, Planer, Studenten<\/span><\/span><\/span><span class=\"\" data-icon = \"\"> <\/span><\/a><\/li> <li class=\"menu-item menu-item-type-post_type menu-item-object-page menu-item-49619 depth-0\"><a href='https:\/\/new.cetris.cz\/de\/skoleni\/skoleni-obchodni-firmy\/' data-level='1'><span class=\"item-content\"><span class=\"menu-item-text\"><span class=\"menu-text\">Handelsunternehmen<\/span><\/span><\/span><span class=\"\" data-icon = \"\"> <\/span><\/a><\/li> <li class=\"menu-item menu-item-type-post_type menu-item-object-page menu-item-49620 last depth-0\"><a href='https:\/\/new.cetris.cz\/de\/skoleni\/skoleni-stavebni-firmy\/' data-level='1'><span class=\"item-content\"><span class=\"menu-item-text\"><span class=\"menu-text\">Bauunternehmen<\/span><\/span><\/span><span class=\"\" data-icon = \"\"> <\/span><\/a><\/li> <\/ul><\/nav>\t\t\t\t<\/div>\n\t\t\t\t<\/div>\n\t\t\t\t<\/div>\n\t\t<div class=\"elementor-element elementor-element-daa5f17 e-con-full e-flex e-con e-child\" data-id=\"daa5f17\" data-element_type=\"container\">\n\t\t\t\t<div class=\"elementor-element elementor-element-a03b299 elementor-widget elementor-widget-heading\" data-id=\"a03b299\" data-element_type=\"widget\" data-widget_type=\"heading.default\">\n\t\t\t\t<div class=\"elementor-widget-container\">\n\t\t\t\t\t<h2 class=\"elementor-heading-title elementor-size-default\">Architekten, Planer, Studenten<\/h2>\t\t\t\t<\/div>\n\t\t\t\t<\/div>\n\t\t<div class=\"elementor-element elementor-element-037a5c5 e-con-full e-flex e-con e-child\" data-id=\"037a5c5\" data-element_type=\"container\">\n\t\t<div class=\"elementor-element elementor-element-8dab368 e-con-full e-flex e-con e-child\" data-id=\"8dab368\" data-element_type=\"container\">\n\t\t\t\t<div class=\"elementor-element elementor-element-c234432 elementor-widget elementor-widget-text-editor\" data-id=\"c234432\" data-element_type=\"widget\" data-widget_type=\"text-editor.default\">\n\t\t\t\t<div class=\"elementor-widget-container\">\n\t\t\t\t\t\t\t\t\t<h5>F\u00fcr Planer, Architekten, Statiker, Investoren, Bauunternehmer, Bauherren, aber auch f\u00fcr Studenten der Bauingenieurwissenschaften, Sch\u00fcler von Fachoberschulen und alle Interessierten aus der Fachwelt werden Schulungen, Vortr\u00e4ge und Seminare angeboten, die in verschiedenen St\u00e4dten der Tschechischen und Slowakischen Republik stattfinden.<\/h5>\t\t\t\t\t\t\t\t<\/div>\n\t\t\t\t<\/div>\n\t\t\t\t<div class=\"elementor-element elementor-element-136d1f2 elementor-widget elementor-widget-text-editor\" data-id=\"136d1f2\" data-element_type=\"widget\" data-widget_type=\"text-editor.default\">\n\t\t\t\t<div class=\"elementor-widget-container\">\n\t\t\t\t\t\t\t\t\t<p class=\"text-vetsi\">Ziel dieser Schulungen ist es, die Seminarteilnehmer ausf\u00fchrlich mit den Produkten und Dienstleistungen der Division CETRIS, den geplanten Neuheiten sowie den Technologie- und Montageverfahren vertraut zu machen. Ein wichtiger Bestandteil dieser Schulungen ist <strong>Pers\u00f6nliches Treffen mit den Experten unserer Abteilung<\/strong>, die gerne und detailliert bei der L\u00f6sung einer bestimmten Aufgabe oder eines bestimmten Projekts helfen.<\/p>\t\t\t\t\t\t\t\t<\/div>\n\t\t\t\t<\/div>\n\t\t\t\t<div class=\"elementor-element elementor-element-14d6cc1 elementor-widget elementor-widget-spacer\" data-id=\"14d6cc1\" data-element_type=\"widget\" data-widget_type=\"spacer.default\">\n\t\t\t\t<div class=\"elementor-widget-container\">\n\t\t\t\t\t\t\t<div class=\"elementor-spacer\">\n\t\t\t<div class=\"elementor-spacer-inner\"><\/div>\n\t\t<\/div>\n\t\t\t\t\t\t<\/div>\n\t\t\t\t<\/div>\n\t\t\t\t<div class=\"elementor-element elementor-element-1b1ad31 elementor-hidden-desktop elementor-hidden-tablet elementor-hidden-mobile elementor-widget elementor-widget-heading\" data-id=\"1b1ad31\" data-element_type=\"widget\" data-widget_type=\"heading.default\">\n\t\t\t\t<div class=\"elementor-widget-container\">\n\t\t\t\t\t<h4 class=\"elementor-heading-title elementor-size-default\">Letos se budeme \u00fa\u010dastnit t\u011bchto odborn\u00fdch semin\u00e1\u0159\u016f a p\u0159edn\u00e1\u0161ek:<\/h4>\t\t\t\t<\/div>\n\t\t\t\t<\/div>\n\t\t\t\t<div class=\"elementor-element elementor-element-319c861 elementor-widget elementor-widget-spacer\" data-id=\"319c861\" data-element_type=\"widget\" data-widget_type=\"spacer.default\">\n\t\t\t\t<div class=\"elementor-widget-container\">\n\t\t\t\t\t\t\t<div class=\"elementor-spacer\">\n\t\t\t<div class=\"elementor-spacer-inner\"><\/div>\n\t\t<\/div>\n\t\t\t\t\t\t<\/div>\n\t\t\t\t<\/div>\n\t\t\t\t<div class=\"elementor-element elementor-element-2cb1f4d elementor-hidden-desktop elementor-hidden-tablet elementor-hidden-mobile elementor-widget elementor-widget-text-editor\" data-id=\"2cb1f4d\" data-element_type=\"widget\" data-widget_type=\"text-editor.default\">\n\t\t\t\t<div class=\"elementor-widget-container\">\n\t\t\t\t\t\t\t\t\t<table class=\"basic\"><tbody><tr><th><p><strong>Term\u00edn<\/strong><\/p><\/th><th><strong>M\u00edsto<\/strong><\/th><th><strong>Firma<\/strong><\/th><\/tr><\/tbody><\/table>\t\t\t\t\t\t\t\t<\/div>\n\t\t\t\t<\/div>\n\t\t\t\t<\/div>\n\t\t<div class=\"elementor-element elementor-element-5b1eee9 e-con-full e-flex e-con e-child\" data-id=\"5b1eee9\" data-element_type=\"container\">\n\t\t\t\t<div class=\"elementor-element elementor-element-fd2efc0 elementor-widget elementor-widget-image\" data-id=\"fd2efc0\" data-element_type=\"widget\" data-widget_type=\"image.default\">\n\t\t\t\t<div class=\"elementor-widget-container\">\n\t\t\t\t\t\t\t\t\t\t\t\t\t\t\t<img decoding=\"async\" width=\"220\" height=\"220\" src=\"https:\/\/new.cetris.cz\/wp-content\/uploads\/2025\/05\/skoleni-architekt_220x220.png\" class=\"attachment-large size-large wp-image-49912\" alt=\"\" srcset=\"https:\/\/new.cetris.cz\/wp-content\/uploads\/2025\/05\/skoleni-architekt_220x220.png 220w, https:\/\/new.cetris.cz\/wp-content\/uploads\/2025\/05\/skoleni-architekt_220x220-150x150.png 150w, https:\/\/new.cetris.cz\/wp-content\/uploads\/2025\/05\/skoleni-architekt_220x220-200x200.png 200w\" sizes=\"(max-width: 220px) 100vw, 220px\" \/>\t\t\t\t\t\t\t\t\t\t\t\t\t\t\t<\/div>\n\t\t\t\t<\/div>\n\t\t\t\t<\/div>\n\t\t\t\t<\/div>\n\t\t\t\t<\/div>\n\t\t\t\t\t<\/div>\n\t\t\t\t<\/div>\n\t\t\t\t<\/div>","protected":false},"excerpt":{"rendered":"<p>Informace \u0160kolen\u00ed Architekti, projektanti, studenti Pro projektanty, architekty, statiky, investory, stava\u0159e, stavebn\u00edky ale i studenty vysok\u00fdch \u0161kol stavebn\u00edch sm\u011br\u016f, studenty st\u0159edn\u00edch odborn\u00fdch \u0161kol a pro v\u0161echny z\u00e1jemce z \u0159ad odborn\u00e9 ve\u0159ejnosti jsou ur\u010dena \u0161kolen\u00ed, p\u0159edn\u00e1\u0161ky a semin\u00e1\u0159e, kter\u00e1 se konaj\u00ed v r\u016fzn\u00fdch m\u011bstech \u010cesk\u00e9 a Slovensk\u00e9 republiky. C\u00edlem t\u011bchto \u0161kolen\u00ed je podrobn\u011b sezn\u00e1mit \u00fa\u010dastn\u00edky semin\u00e1\u0159\u016f&hellip;<\/p>","protected":false},"author":1,"featured_media":0,"parent":49155,"menu_order":0,"comment_status":"closed","ping_status":"closed","template":"","meta":{"_acf_changed":false,"footnotes":""},"class_list":["post-49157","page","type-page","status-publish","hentry"],"acf":[],"_links":{"self":[{"href":"https:\/\/new.cetris.cz\/de\/wp-json\/wp\/v2\/pages\/49157","targetHints":{"allow":["GET"]}}],"collection":[{"href":"https:\/\/new.cetris.cz\/de\/wp-json\/wp\/v2\/pages"}],"about":[{"href":"https:\/\/new.cetris.cz\/de\/wp-json\/wp\/v2\/types\/page"}],"author":[{"embeddable":true,"href":"https:\/\/new.cetris.cz\/de\/wp-json\/wp\/v2\/users\/1"}],"replies":[{"embeddable":true,"href":"https:\/\/new.cetris.cz\/de\/wp-json\/wp\/v2\/comments?post=49157"}],"version-history":[{"count":22,"href":"https:\/\/new.cetris.cz\/de\/wp-json\/wp\/v2\/pages\/49157\/revisions"}],"predecessor-version":[{"id":52216,"href":"https:\/\/new.cetris.cz\/de\/wp-json\/wp\/v2\/pages\/49157\/revisions\/52216"}],"up":[{"embeddable":true,"href":"https:\/\/new.cetris.cz\/de\/wp-json\/wp\/v2\/pages\/49155"}],"wp:attachment":[{"href":"https:\/\/new.cetris.cz\/de\/wp-json\/wp\/v2\/media?parent=49157"}],"curies":[{"name":"wp","href":"https:\/\/api.w.org\/{rel}","templated":true}]}}