{"id":49155,"date":"2025-03-11T13:12:24","date_gmt":"2025-03-11T12:12:24","guid":{"rendered":"https:\/\/new.cetris.cz\/?page_id=49155"},"modified":"2025-04-22T11:01:36","modified_gmt":"2025-04-22T09:01:36","slug":"skoleni","status":"publish","type":"page","link":"https:\/\/new.cetris.cz\/de\/skoleni\/","title":{"rendered":"Schulungen"},"content":{"rendered":"<div data-elementor-type=\"wp-page\" data-elementor-id=\"49155\" class=\"elementor elementor-49155\" data-elementor-post-type=\"page\">\n\t\t\t\t<div class=\"elementor-element elementor-element-f6ee4cd e-flex e-con-boxed e-con e-parent\" data-id=\"f6ee4cd\" data-element_type=\"container\">\n\t\t\t\t\t<div class=\"e-con-inner\">\n\t\t<div class=\"elementor-element elementor-element-eef31cb e-con-full elementor-hidden-tablet elementor-hidden-mobile e-flex e-con e-child\" data-id=\"eef31cb\" data-element_type=\"container\">\n\t\t\t\t<div class=\"elementor-element elementor-element-0f425dc elementor-hidden-tablet elementor-hidden-mobile elementor-widget elementor-widget-heading\" data-id=\"0f425dc\" data-element_type=\"widget\" data-widget_type=\"heading.default\">\n\t\t\t\t<div class=\"elementor-widget-container\">\n\t\t\t\t\t<h2 class=\"elementor-heading-title elementor-size-default\">Informace &amp; \u0161kolen\u00ed<\/h2>\t\t\t\t<\/div>\n\t\t\t\t<\/div>\n\t\t\t\t<div class=\"elementor-element elementor-element-c59b6b2 widget-divider-yes elementor-widget-tablet__width-inherit elementor-hidden-tablet elementor-hidden-mobile dt-nav-menu_align-left dt-sub-menu_align-left elementor-widget elementor-widget-the7_nav-menu\" data-id=\"c59b6b2\" data-element_type=\"widget\" data-settings=\"{&quot;submenu_display&quot;:&quot;always&quot;}\" data-widget_type=\"the7_nav-menu.default\">\n\t\t\t\t<div class=\"elementor-widget-container\">\n\t\t\t\t\t<nav class=\"dt-nav-menu--main dt-nav-menu__container dt-sub-menu-display-always dt-icon-align- dt-icon-position- dt-sub-icon-position- dt-sub-icon-align-\"><ul class=\"dt-nav-menu\"><li class=\"menu-item page_item page-item-49143 first\"><a href=\"https:\/\/new.cetris.cz\/de\/baleni-skladovani-manipulace-a-parametry-expedovanych-desek-cetris\/\"><span class=\"item-content\"><span class=\"menu-item-text\"><span class=\"menu-text\">Verpackung, Lagerung, Handhabung und Parameter der expedierten CETRIS\u00ae Platten<\/span><\/span><\/span><span class=\"\" data-icon = \"\"> <\/span><\/a><\/li><li class=\"menu-item page_item page-item-53949\"><a href=\"https:\/\/new.cetris.cz\/de\/bim\/\"><span class=\"item-content\"><span class=\"menu-item-text\"><span class=\"menu-text\">BIM<\/span><\/span><\/span><span class=\"\" data-icon = \"\"> <\/span><\/a><\/li><li class=\"menu-item page_item page-item-49145\"><a href=\"https:\/\/new.cetris.cz\/de\/ceniky-desek-cetris\/\"><span class=\"item-content\"><span class=\"menu-item-text\"><span class=\"menu-text\">Cen\u00edky desek CETRIS<\/span><\/span><\/span><span class=\"\" data-icon = \"\"> <\/span><\/a><\/li><li class=\"menu-item page_item page-item-49184\"><a href=\"https:\/\/new.cetris.cz\/de\/certifikace\/\"><span class=\"item-content\"><span class=\"menu-item-text\"><span class=\"menu-text\">Zertifikate<\/span><\/span><\/span><span class=\"\" data-icon = \"\"> <\/span><\/a><\/li><li class=\"menu-item page_item page-item-49175 page_item_has_children has-children\"><a href=\"https:\/\/new.cetris.cz\/de\/cetis-bim\/\"><span class=\"item-content\"><span class=\"menu-item-text\"><span class=\"menu-text\">CETIS BIM<\/span><\/span><\/span><span class=\"\" data-icon = \"\"> <\/span><\/a><ul class=\"vertical-sub-nav\"><li class=\"menu-item page_item page-item-49177 first\"><a href=\"https:\/\/new.cetris.cz\/de\/cetis-bim\/bim-deksoft\/\"><span class=\"item-content\"><span class=\"menu-item-text\"><span class=\"menu-text\">BIM DEKSOFT<\/span><\/span><\/span><span class=\"\" data-icon = \"\"> <\/span><\/a><\/li><li class=\"menu-item page_item page-item-49179\"><a href=\"https:\/\/new.cetris.cz\/de\/cetis-bim\/bimproject-cloud\/\"><span class=\"item-content\"><span class=\"menu-item-text\"><span class=\"menu-text\">bimproject.cloud<\/span><\/span><\/span><span class=\"\" data-icon = \"\"> <\/span><\/a><\/li><\/ul><\/li><li class=\"menu-item page_item page-item-49147\"><a href=\"https:\/\/new.cetris.cz\/de\/diskuzni-forum\/\"><span class=\"item-content\"><span class=\"menu-item-text\"><span class=\"menu-text\">Diskuzn\u00ed f\u00f3rum<\/span><\/span><\/span><span class=\"\" data-icon = \"\"> <\/span><\/a><\/li><li class=\"menu-item page_item page-item-48325\"><a href=\"https:\/\/new.cetris.cz\/de\/html\/\"><span class=\"item-content\"><span class=\"menu-item-text\"><span class=\"menu-text\">html<\/span><\/span><\/span><span class=\"\" data-icon = \"\"> <\/span><\/a><\/li><li class=\"menu-item page_item page-item-48372\"><a href=\"https:\/\/new.cetris.cz\/de\/html-mb\/\"><span class=\"item-content\"><span class=\"menu-item-text\"><span class=\"menu-text\">html MB<\/span><\/span><\/span><span class=\"\" data-icon = \"\"> <\/span><\/a><\/li><li class=\"menu-item page_item page-item-49171 page_item_has_children has-children\"><a href=\"https:\/\/new.cetris.cz\/de\/interaktivni-pruvodci\/\"><span class=\"item-content\"><span class=\"menu-item-text\"><span class=\"menu-text\">Interaktiver Leitfaden<\/span><\/span><\/span><span class=\"\" data-icon = \"\"> <\/span><\/a><ul class=\"vertical-sub-nav\"><li class=\"menu-item page_item page-item-50445 first\"><a href=\"https:\/\/new.cetris.cz\/de\/interaktivni-pruvodci\/pruvodce-balkony\/\"><span class=\"item-content\"><span class=\"menu-item-text\"><span class=\"menu-text\">Leitfaden \u2013 Balkone<\/span><\/span><\/span><span class=\"\" data-icon = \"\"> <\/span><\/a><\/li><li class=\"menu-item page_item page-item-50443\"><a href=\"https:\/\/new.cetris.cz\/de\/interaktivni-pruvodci\/pruvodce-fasady\/\"><span class=\"item-content\"><span class=\"menu-item-text\"><span class=\"menu-text\">Leitfaden \u2013 Fassaden<\/span><\/span><\/span><span class=\"\" data-icon = \"\"> <\/span><\/a><\/li><li class=\"menu-item page_item page-item-50447\"><a href=\"https:\/\/new.cetris.cz\/de\/interaktivni-pruvodci\/pruvodce-podhledy-a-sokly\/\"><span class=\"item-content\"><span class=\"menu-item-text\"><span class=\"menu-text\">Leitfaden \u2013 Decken und Sockelleisten<\/span><\/span><\/span><span class=\"\" data-icon = \"\"> <\/span><\/a><\/li><li class=\"menu-item page_item page-item-50449\"><a href=\"https:\/\/new.cetris.cz\/de\/interaktivni-pruvodci\/pruvodce-podlahy\/\"><span class=\"item-content\"><span class=\"menu-item-text\"><span class=\"menu-text\">Leitfaden \u2013 Fu\u00dfb\u00f6den<\/span><\/span><\/span><span class=\"\" data-icon = \"\"> <\/span><\/a><\/li><li class=\"menu-item page_item page-item-50451\"><a href=\"https:\/\/new.cetris.cz\/de\/interaktivni-pruvodci\/pruvodce-pozarni-systemy\/\"><span class=\"item-content\"><span class=\"menu-item-text\"><span class=\"menu-text\">Leitfaden \u2013 Brandschutzsysteme<\/span><\/span><\/span><span class=\"\" data-icon = \"\"> <\/span><\/a><\/li><li class=\"menu-item page_item page-item-50453\"><a href=\"https:\/\/new.cetris.cz\/de\/interaktivni-pruvodci\/pruvodce-steny\/\"><span class=\"item-content\"><span class=\"menu-item-text\"><span class=\"menu-text\">Leitfaden \u2013 W\u00e4nde<\/span><\/span><\/span><span class=\"\" data-icon = \"\"> <\/span><\/a><\/li><li class=\"menu-item page_item page-item-50425\"><a href=\"https:\/\/new.cetris.cz\/de\/interaktivni-pruvodci\/pruvodce-strechy\/\"><span class=\"item-content\"><span class=\"menu-item-text\"><span class=\"menu-text\">Leitfaden \u2013 D\u00e4cher<\/span><\/span><\/span><span class=\"\" data-icon = \"\"> <\/span><\/a><\/li><\/ul><\/li><li class=\"menu-item page_item page-item-49151\"><a href=\"https:\/\/new.cetris.cz\/de\/ke-stazeni\/\"><span class=\"item-content\"><span class=\"menu-item-text\"><span class=\"menu-text\">Herunterladen<\/span><\/span><\/span><span class=\"\" data-icon = \"\"> <\/span><\/a><\/li><li class=\"menu-item page_item page-item-49795 page_item_has_children has-children\"><a href=\"https:\/\/new.cetris.cz\/de\/kontakty\/\"><span class=\"item-content\"><span class=\"menu-item-text\"><span class=\"menu-text\">Kontakte<\/span><\/span><\/span><span class=\"\" data-icon = \"\"> <\/span><\/a><ul class=\"vertical-sub-nav\"><li class=\"menu-item page_item page-item-49165 first\"><a href=\"https:\/\/new.cetris.cz\/de\/kontakty\/kontaktni-osoby\/\"><span class=\"item-content\"><span class=\"menu-item-text\"><span class=\"menu-text\">Ansprechpartner<\/span><\/span><\/span><span class=\"\" data-icon = \"\"> <\/span><\/a><\/li><li class=\"menu-item page_item page-item-49169 page_item_has_children has-children\"><a href=\"https:\/\/new.cetris.cz\/de\/kontakty\/montazni-firmy\/\"><span class=\"item-content\"><span class=\"menu-item-text\"><span class=\"menu-text\">Montagefirmen<\/span><\/span><\/span><span class=\"\" data-icon = \"\"> <\/span><\/a><ul class=\"vertical-sub-nav\"><li class=\"menu-item page_item page-item-51074 first\"><a href=\"https:\/\/new.cetris.cz\/de\/kontakty\/montazni-firmy\/montazni-firmy-ceska-republika\/\"><span class=\"item-content\"><span class=\"menu-item-text\"><span class=\"menu-text\">Mont\u00e1\u017en\u00ed firmy &#8211; \u010cesk\u00e1 republika<\/span><\/span><\/span><span class=\"\" data-icon = \"\"> <\/span><\/a><\/li><li class=\"menu-item page_item page-item-51080\"><a href=\"https:\/\/new.cetris.cz\/de\/kontakty\/montazni-firmy\/montazni-firmy-slovensko\/\"><span class=\"item-content\"><span class=\"menu-item-text\"><span class=\"menu-text\">Mont\u00e1\u017en\u00ed firmy &#8211; Slovensko<\/span><\/span><\/span><span class=\"\" data-icon = \"\"> <\/span><\/a><\/li><li class=\"menu-item page_item page-item-51862\"><a href=\"https:\/\/new.cetris.cz\/de\/kontakty\/montazni-firmy\/montazni-firmy-slovensko-bratislavsky-kraj\/\"><span class=\"item-content\"><span class=\"menu-item-text\"><span class=\"menu-text\">Mont\u00e1\u017en\u00ed firmy &#8211; Slovensko &#8211; Bratislavsk\u00fd kraj<\/span><\/span><\/span><span class=\"\" data-icon = \"\"> <\/span><\/a><\/li><li class=\"menu-item page_item page-item-51871\"><a href=\"https:\/\/new.cetris.cz\/de\/kontakty\/montazni-firmy\/montazni-firmy-slovensko-presovsky-kraj\/\"><span class=\"item-content\"><span class=\"menu-item-text\"><span class=\"menu-text\">Mont\u00e1\u017en\u00ed firmy &#8211; Slovensko &#8211; Pre\u0161ovsk\u00fd kraj<\/span><\/span><\/span><span class=\"\" data-icon = \"\"> <\/span><\/a><\/li><\/ul><\/li><li class=\"menu-item page_item page-item-52401\"><a href=\"https:\/\/new.cetris.cz\/de\/kontakty\/montazni-mista-filtr\/\"><span class=\"item-content\"><span class=\"menu-item-text\"><span class=\"menu-text\">Mont\u00e1\u017en\u00ed m\u00edsta<\/span><\/span><\/span><span class=\"\" data-icon = \"\"> <\/span><\/a><\/li><li class=\"menu-item page_item page-item-49167\"><a href=\"https:\/\/new.cetris.cz\/de\/kontakty\/prodejni-mista\/\"><span class=\"item-content\"><span class=\"menu-item-text\"><span class=\"menu-text\">Standorte<\/span><\/span><\/span><span class=\"\" data-icon = \"\"> <\/span><\/a><\/li><\/ul><\/li><li class=\"menu-item page_item page-item-49149\"><a href=\"https:\/\/new.cetris.cz\/de\/napiste-si-o\/\"><span class=\"item-content\"><span class=\"menu-item-text\"><span class=\"menu-text\">Napi\u0161te si o&#8230;<\/span><\/span><\/span><span class=\"\" data-icon = \"\"> <\/span><\/a><\/li><li class=\"menu-item page_item page-item-50829\"><a href=\"https:\/\/new.cetris.cz\/de\/novinky\/\"><span class=\"item-content\"><span class=\"menu-item-text\"><span class=\"menu-text\">Novinky<\/span><\/span><\/span><span class=\"\" data-icon = \"\"> <\/span><\/a><\/li><li class=\"menu-item page_item page-item-51793\"><a href=\"https:\/\/new.cetris.cz\/de\/prodejni-mista-filtrace\/\"><span class=\"item-content\"><span class=\"menu-item-text\"><span class=\"menu-text\">Prodejn\u00ed m\u00edsta &#8211; filtrace<\/span><\/span><\/span><span class=\"\" data-icon = \"\"> <\/span><\/a><\/li><li class=\"menu-item page_item page-item-48299\"><a href=\"https:\/\/new.cetris.cz\/de\/produkt\/\"><span class=\"item-content\"><span class=\"menu-item-text\"><span class=\"menu-text\">Produkt 02<\/span><\/span><\/span><span class=\"\" data-icon = \"\"> <\/span><\/a><\/li><li class=\"menu-item page_item page-item-48359\"><a href=\"https:\/\/new.cetris.cz\/de\/produkt-page-mb\/\"><span class=\"item-content\"><span class=\"menu-item-text\"><span class=\"menu-text\">Produkt page MB<\/span><\/span><\/span><span class=\"\" data-icon = \"\"> <\/span><\/a><\/li><li class=\"menu-item page_item page-item-49973\"><a href=\"https:\/\/new.cetris.cz\/de\/vsechny-produkty\/\"><span class=\"item-content\"><span class=\"menu-item-text\"><span class=\"menu-text\">Produkte<\/span><\/span><\/span><span class=\"\" data-icon = \"\"> <\/span><\/a><\/li><li class=\"menu-item page_item page-item-49173\"><a href=\"https:\/\/new.cetris.cz\/de\/reference\/\"><span class=\"item-content\"><span class=\"menu-item-text\"><span class=\"menu-text\">Referenzen<\/span><\/span><\/span><span class=\"\" data-icon = \"\"> <\/span><\/a><\/li><li class=\"menu-item page_item page-item-2\"><a href=\"https:\/\/new.cetris.cz\/de\/sample-page\/\"><span class=\"item-content\"><span class=\"menu-item-text\"><span class=\"menu-text\">Sample Page<\/span><\/span><\/span><span class=\"\" data-icon = \"\"> <\/span><\/a><\/li><li class=\"menu-item page_item page-item-49155 page_item_has_children has-children\"><a href=\"https:\/\/new.cetris.cz\/de\/skoleni\/\"><span class=\"item-content\"><span class=\"menu-item-text\"><span class=\"menu-text\">Schulungen<\/span><\/span><\/span><span class=\"\" data-icon = \"\"> <\/span><\/a><ul class=\"vertical-sub-nav\"><li class=\"menu-item page_item page-item-49163 first\"><a href=\"https:\/\/new.cetris.cz\/de\/skoleni\/o-nas\/\"><span class=\"item-content\"><span class=\"menu-item-text\"><span class=\"menu-text\">\u00dcber uns<\/span><\/span><\/span><span class=\"\" data-icon = \"\"> <\/span><\/a><\/li><li class=\"menu-item page_item page-item-49157\"><a href=\"https:\/\/new.cetris.cz\/de\/skoleni\/skoleni-architekti-projektanti-studenti\/\"><span class=\"item-content\"><span class=\"menu-item-text\"><span class=\"menu-text\">\u0160kolen\u00ed &#8211; Architekti, projektanti, studenti<\/span><\/span><\/span><span class=\"\" data-icon = \"\"> <\/span><\/a><\/li><li class=\"menu-item page_item page-item-49159\"><a href=\"https:\/\/new.cetris.cz\/de\/skoleni\/skoleni-obchodni-firmy\/\"><span class=\"item-content\"><span class=\"menu-item-text\"><span class=\"menu-text\">\u0160kolen\u00ed &#8211; Obchodn\u00ed firmy<\/span><\/span><\/span><span class=\"\" data-icon = \"\"> <\/span><\/a><\/li><li class=\"menu-item page_item page-item-49161\"><a href=\"https:\/\/new.cetris.cz\/de\/skoleni\/skoleni-stavebni-firmy\/\"><span class=\"item-content\"><span class=\"menu-item-text\"><span class=\"menu-text\">\u0160kolen\u00ed &#8211; Stavebn\u00ed firmy<\/span><\/span><\/span><span class=\"\" data-icon = \"\"> <\/span><\/a><\/li><li class=\"menu-item page_item page-item-49797\"><a href=\"https:\/\/new.cetris.cz\/de\/skoleni\/verejne-zakazky\/\"><span class=\"item-content\"><span class=\"menu-item-text\"><span class=\"menu-text\">Ve\u0159ejn\u00e9 zak\u00e1zky<\/span><\/span><\/span><span class=\"\" data-icon = \"\"> <\/span><\/a><\/li><\/ul><\/li><li class=\"menu-item page_item page-item-49141\"><a href=\"https:\/\/new.cetris.cz\/de\/sluzby-spojovani-a-povrchove-upravy\/\"><span class=\"item-content\"><span class=\"menu-item-text\"><span class=\"menu-text\">Slu\u017eby, spojov\u00e1n\u00ed a povrchov\u00e9 \u00fapravy<\/span><\/span><\/span><span class=\"\" data-icon = \"\"> <\/span><\/a><\/li><li class=\"menu-item page_item page-item-48991 page_item_has_children has-children\"><a href=\"https:\/\/new.cetris.cz\/de\/systemy\/\"><span class=\"item-content\"><span class=\"menu-item-text\"><span class=\"menu-text\">Anwendungen<\/span><\/span><\/span><span class=\"\" data-icon = \"\"> <\/span><\/a><ul class=\"vertical-sub-nav\"><li class=\"menu-item page_item page-item-49274 first\"><a href=\"https:\/\/new.cetris.cz\/de\/systemy\/balkonove-aplikace\/\"><span class=\"item-content\"><span class=\"menu-item-text\"><span class=\"menu-text\">F\u00fcllungen f\u00fcr Balkone<\/span><\/span><\/span><span class=\"\" data-icon = \"\"> <\/span><\/a><\/li><li class=\"menu-item page_item page-item-49279\"><a href=\"https:\/\/new.cetris.cz\/de\/systemy\/ostatni-systemy\/\"><span class=\"item-content\"><span class=\"menu-item-text\"><span class=\"menu-text\">Transportkonstruktionen<\/span><\/span><\/span><span class=\"\" data-icon = \"\"> <\/span><\/a><\/li><li class=\"menu-item page_item page-item-49029\"><a href=\"https:\/\/new.cetris.cz\/de\/systemy\/fasadni-systemy\/\"><span class=\"item-content\"><span class=\"menu-item-text\"><span class=\"menu-text\">Fassaden<\/span><\/span><\/span><span class=\"\" data-icon = \"\"> <\/span><\/a><\/li><li class=\"menu-item page_item page-item-49284\"><a href=\"https:\/\/new.cetris.cz\/de\/systemy\/vytahove-sachty\/\"><span class=\"item-content\"><span class=\"menu-item-text\"><span class=\"menu-text\">Verkleidung von Aufzugssch\u00e4chten mit CETRIS-Platten<\/span><\/span><\/span><span class=\"\" data-icon = \"\"> <\/span><\/a><\/li><li class=\"menu-item page_item page-item-49269\"><a href=\"https:\/\/new.cetris.cz\/de\/systemy\/podhledy-a-sokly\/\"><span class=\"item-content\"><span class=\"menu-item-text\"><span class=\"menu-text\">Untersichten und Sockel<\/span><\/span><\/span><span class=\"\" data-icon = \"\"> <\/span><\/a><\/li><li class=\"menu-item page_item page-item-49247\"><a href=\"https:\/\/new.cetris.cz\/de\/systemy\/podlahove-systemy\/\"><span class=\"item-content\"><span class=\"menu-item-text\"><span class=\"menu-text\">Fu\u00dfb\u00f6den<\/span><\/span><\/span><span class=\"\" data-icon = \"\"> <\/span><\/a><\/li><li class=\"menu-item page_item page-item-49264\"><a href=\"https:\/\/new.cetris.cz\/de\/systemy\/pozarni-systemy\/\"><span class=\"item-content\"><span class=\"menu-item-text\"><span class=\"menu-text\">Brandschutzanwendungen<\/span><\/span><\/span><span class=\"\" data-icon = \"\"> <\/span><\/a><\/li><li class=\"menu-item page_item page-item-49222\"><a href=\"https:\/\/new.cetris.cz\/de\/systemy\/stenove-systemy\/\"><span class=\"item-content\"><span class=\"menu-item-text\"><span class=\"menu-text\">W\u00e4nde<\/span><\/span><\/span><span class=\"\" data-icon = \"\"> <\/span><\/a><\/li><li class=\"menu-item page_item page-item-49256\"><a href=\"https:\/\/new.cetris.cz\/de\/systemy\/stresni-systemy\/\"><span class=\"item-content\"><span class=\"menu-item-text\"><span class=\"menu-text\">D\u00e4cher<\/span><\/span><\/span><span class=\"\" data-icon = \"\"> <\/span><\/a><\/li><\/ul><\/li><li class=\"menu-item page_item page-item-49627 page_item_has_children has-children\"><a href=\"https:\/\/new.cetris.cz\/de\/videa\/\"><span class=\"item-content\"><span class=\"menu-item-text\"><span class=\"menu-text\">Videos<\/span><\/span><\/span><span class=\"\" data-icon = \"\"> <\/span><\/a><ul class=\"vertical-sub-nav\"><li class=\"menu-item page_item page-item-49632 first\"><a href=\"https:\/\/new.cetris.cz\/de\/videa\/videa-bim-object\/\"><span class=\"item-content\"><span class=\"menu-item-text\"><span class=\"menu-text\">Videa &#8211; BIM Object<\/span><\/span><\/span><span class=\"\" data-icon = \"\"> <\/span><\/a><\/li><li class=\"menu-item page_item page-item-49634\"><a href=\"https:\/\/new.cetris.cz\/de\/videa\/videa-montazni-videa\/\"><span class=\"item-content\"><span class=\"menu-item-text\"><span class=\"menu-text\">Videa &#8211; Mont\u00e1\u017en\u00ed videa<\/span><\/span><\/span><span class=\"\" data-icon = \"\"> <\/span><\/a><\/li><li class=\"menu-item page_item page-item-49636\"><a href=\"https:\/\/new.cetris.cz\/de\/videa\/videa-opracovani-desek\/\"><span class=\"item-content\"><span class=\"menu-item-text\"><span class=\"menu-text\">Videa &#8211; Opracov\u00e1n\u00ed desek<\/span><\/span><\/span><span class=\"\" data-icon = \"\"> <\/span><\/a><\/li><\/ul><\/li><li class=\"menu-item page_item page-item-49139\"><a href=\"https:\/\/new.cetris.cz\/de\/vlastnosti-desek-cetris\/\"><span class=\"item-content\"><span class=\"menu-item-text\"><span class=\"menu-text\">Eigenschaften der CETRIS\u00ae Platten<\/span><\/span><\/span><span class=\"\" data-icon = \"\"> <\/span><\/a><\/li><li class=\"menu-item page_item page-item-49799\"><a href=\"https:\/\/new.cetris.cz\/de\/vyzkum-a-vyvoj\/\"><span class=\"item-content\"><span class=\"menu-item-text\"><span class=\"menu-text\">Forschung und Entwicklung<\/span><\/span><\/span><span class=\"\" data-icon = \"\"> <\/span><\/a><\/li><li class=\"menu-item page_item page-item-52685\"><a href=\"https:\/\/new.cetris.cz\/de\/vzornik-barev-ncs\/\"><span class=\"item-content\"><span class=\"menu-item-text\"><span class=\"menu-text\">Vzorn\u00edk barev NCS<\/span><\/span><\/span><span class=\"\" data-icon = \"\"> <\/span><\/a><\/li><li class=\"menu-item page_item page-item-52679\"><a href=\"https:\/\/new.cetris.cz\/de\/vzornik-barev-ral\/\"><span class=\"item-content\"><span class=\"menu-item-text\"><span class=\"menu-text\">Vzorn\u00edk barev RAL<\/span><\/span><\/span><span class=\"\" data-icon = \"\"> <\/span><\/a><\/li><li class=\"menu-item page_item page-item-49997\"><a href=\"https:\/\/new.cetris.cz\/de\/zasady-ochrany-osobnich-udaju\/\"><span class=\"item-content\"><span class=\"menu-item-text\"><span class=\"menu-text\">Z\u00e1sady ochrany osobn\u00edch \u00fadaj\u016f<\/span><\/span><\/span><span class=\"\" data-icon = \"\"> <\/span><\/a><\/li><li class=\"menu-item page_item page-item-51736\"><a href=\"https:\/\/new.cetris.cz\/de\/\"><span class=\"item-content\"><span class=\"menu-item-text\"><span class=\"menu-text\">CETRIS homepage<\/span><\/span><\/span><span class=\"\" data-icon = \"\"> <\/span><\/a><\/li><li class=\"menu-item page_item page-item-51306\"><a href=\"https:\/\/new.cetris.cz\/de\/homepage-novy-slider\/\"><span class=\"item-content\"><span class=\"menu-item-text\"><span class=\"menu-text\">Homepage nov\u00fd slider<\/span><\/span><\/span><span class=\"\" data-icon = \"\"> <\/span><\/a><\/li><li class=\"menu-item page_item page-item-36483\"><a href=\"https:\/\/new.cetris.cz\/de\/home-03\/\"><span class=\"item-content\"><span class=\"menu-item-text\"><span class=\"menu-text\">Home: category banners<\/span><\/span><\/span><span class=\"\" data-icon = \"\"> <\/span><\/a><\/li><li class=\"menu-item page_item page-item-27131\"><a href=\"https:\/\/new.cetris.cz\/de\/produkty-stare\/\"><span class=\"item-content\"><span class=\"menu-item-text\"><span class=\"menu-text\">Produkte<\/span><\/span><\/span><span class=\"\" data-icon = \"\"> <\/span><\/a><\/li><li class=\"menu-item page_item page-item-33097\"><a href=\"https:\/\/new.cetris.cz\/de\/blog-1-col\/\"><span class=\"item-content\"><span class=\"menu-item-text\"><span class=\"menu-text\">News<\/span><\/span><\/span><span class=\"\" data-icon = \"\"> <\/span><\/a><\/li><li class=\"menu-item page_item page-item-33276\"><a href=\"https:\/\/new.cetris.cz\/de\/news-articles\/\"><span class=\"item-content\"><span class=\"menu-item-text\"><span class=\"menu-text\">News &#038; articles<\/span><\/span><\/span><span class=\"\" data-icon = \"\"> <\/span><\/a><\/li><li class=\"menu-item page_item page-item-45327\"><a href=\"https:\/\/new.cetris.cz\/de\/maintenance-page\/\"><span class=\"item-content\"><span class=\"menu-item-text\"><span class=\"menu-text\">Maintenance page<\/span><\/span><\/span><span class=\"\" data-icon = \"\"> <\/span><\/a><\/li><li class=\"menu-item page_item page-item-44160\"><a href=\"https:\/\/new.cetris.cz\/de\/info\/\"><span class=\"item-content\"><span class=\"menu-item-text\"><span class=\"menu-text\">Info<\/span><\/span><\/span><span class=\"\" data-icon = \"\"> <\/span><\/a><\/li><\/ul><\/nav>\t\t\t\t<\/div>\n\t\t\t\t<\/div>\n\t\t\t\t<\/div>\n\t\t<div class=\"elementor-element elementor-element-e2f4f97 e-con-full e-flex e-con e-child\" data-id=\"e2f4f97\" data-element_type=\"container\">\n\t\t\t\t<\/div>\n\t\t\t\t\t<\/div>\n\t\t\t\t<\/div>\n\t\t\t\t<\/div>","protected":false},"excerpt":{"rendered":"<p>Informationen und Schulungen<\/p>","protected":false},"author":1,"featured_media":0,"parent":0,"menu_order":0,"comment_status":"closed","ping_status":"closed","template":"","meta":{"_acf_changed":false,"footnotes":""},"class_list":["post-49155","page","type-page","status-publish","hentry"],"acf":[],"_links":{"self":[{"href":"https:\/\/new.cetris.cz\/de\/wp-json\/wp\/v2\/pages\/49155","targetHints":{"allow":["GET"]}}],"collection":[{"href":"https:\/\/new.cetris.cz\/de\/wp-json\/wp\/v2\/pages"}],"about":[{"href":"https:\/\/new.cetris.cz\/de\/wp-json\/wp\/v2\/types\/page"}],"author":[{"embeddable":true,"href":"https:\/\/new.cetris.cz\/de\/wp-json\/wp\/v2\/users\/1"}],"replies":[{"embeddable":true,"href":"https:\/\/new.cetris.cz\/de\/wp-json\/wp\/v2\/comments?post=49155"}],"version-history":[{"count":8,"href":"https:\/\/new.cetris.cz\/de\/wp-json\/wp\/v2\/pages\/49155\/revisions"}],"predecessor-version":[{"id":50639,"href":"https:\/\/new.cetris.cz\/de\/wp-json\/wp\/v2\/pages\/49155\/revisions\/50639"}],"wp:attachment":[{"href":"https:\/\/new.cetris.cz\/de\/wp-json\/wp\/v2\/media?parent=49155"}],"curies":[{"name":"wp","href":"https:\/\/api.w.org\/{rel}","templated":true}]}}